{"id":276223,"date":"2025-09-25T18:07:22","date_gmt":"2025-09-25T18:07:22","guid":{"rendered":"https:\/\/royalpeacock.agency\/kk\/vf11\/?page_id=276223"},"modified":"2026-03-25T14:25:17","modified_gmt":"2026-03-25T12:25:17","slug":"fakultetas","status":"publish","type":"page","link":"https:\/\/kaunokolegija.lt\/vf\/fakultetas\/","title":{"rendered":"Fakultetas"},"content":{"rendered":"\n<div class=\"wp-block-columns top-p is-layout-flex wp-container-core-columns-is-layout-0b243bce wp-block-columns-is-layout-flex\" style=\"margin-top:var(--wp--preset--spacing--s);margin-bottom:var(--wp--preset--spacing--s);padding-top:var(--wp--preset--spacing--s);padding-bottom:var(--wp--preset--spacing--s)\">\n<div class=\"wp-block-column has-global-padding is-layout-constrained wp-container-core-column-is-layout-d0f22c05 wp-block-column-is-layout-constrained\">\n<div class=\"wp-block-columns abcd has-background is-layout-flex wp-container-core-columns-is-layout-28f84493 wp-block-columns-is-layout-flex\" style=\"background-color:#f9f9f9\">\n<div class=\"wp-block-column is-layout-flow wp-block-column-is-layout-flow\" style=\"padding-top:0;padding-right:0;padding-bottom:0;padding-left:0\">\n<p style=\"margin-top:8px;margin-bottom:8px\">Kauno kolegijos Verslo fakultetas \u2013 tai vienas did\u017eiausi\u0173 verslo ir vadybos rengimo centr\u0173 Lietuvoje, vienijantis apie 120 d\u0117stytoj\u0173 ir 1200 student\u0173.<\/p>\n\n\n\n<p>Kasmet fakultet\u0105 baigia apie 500 specialist\u0173, kurie s\u0117kmingai \u012fsilieja \u012f \u0161alies ir u\u017esienio darbo rink\u0105. Studij\u0173 procese taikomi \u0161iuolaiki\u0161ki, darbo rinkos poreikius atliepiantys metodai \u2013 projektinis ir probleminis mokymas, tarpdisciplininiai moduliai, realios verslo situacij\u0173 analiz\u0117s. Tokia metodika leid\u017eia ugdyti ne tik profesines, bet ir kritinio m\u0105stymo, k\u016brybi\u0161kumo bei komandinio darbo kompetencijas.<\/p>\n\n\n\n<p style=\"margin-top:8px;margin-bottom:8px\">Fakultetas aktyviai \u012fgyvendina mokslo taikomuosius tyrimus, bendradarbiauja su verslo \u012fmon\u0117mis, dalyvauja tarptautiniuose projektuose ir kuria inovatyvi\u0105, studentams palanki\u0105 studij\u0173 aplink\u0105. \u010cia veikia imitacin\u0117s bendrov\u0117s, skirtos profesini\u0173 \u012fg\u016bd\u017ei\u0173 lavinimui, o studij\u0173 programos da\u017eniausiai grind\u017eiamos moduline sistema, u\u017etikrinan\u010dia sisteming\u0105 ir logi\u0161k\u0105 studij\u0173 strukt\u016br\u0105.<\/p>\n<\/div>\n\n\n\n<div class=\"wp-block-column is-layout-flow wp-block-column-is-layout-flow\" style=\"flex-basis:40%\">\n<figure class=\"wp-block-image aligncenter size-full\" style=\"margin-top:0;margin-bottom:0\"><img loading=\"lazy\" decoding=\"async\" width=\"2560\" height=\"1707\" src=\"https:\/\/kaunokolegija.lt\/vf\/wp-content\/uploads\/sites\/18\/2025\/12\/Kauno_kolegija_II-27-scaled.webp\" alt=\"\" class=\"wp-image-276515\" srcset=\"https:\/\/kaunokolegija.lt\/vf\/wp-content\/uploads\/sites\/18\/2025\/12\/Kauno_kolegija_II-27-scaled.webp 2560w, https:\/\/kaunokolegija.lt\/vf\/wp-content\/uploads\/sites\/18\/2025\/12\/Kauno_kolegija_II-27-300x200.webp 300w, https:\/\/kaunokolegija.lt\/vf\/wp-content\/uploads\/sites\/18\/2025\/12\/Kauno_kolegija_II-27-1024x683.webp 1024w, https:\/\/kaunokolegija.lt\/vf\/wp-content\/uploads\/sites\/18\/2025\/12\/Kauno_kolegija_II-27-768x512.webp 768w, https:\/\/kaunokolegija.lt\/vf\/wp-content\/uploads\/sites\/18\/2025\/12\/Kauno_kolegija_II-27-1536x1024.webp 1536w, https:\/\/kaunokolegija.lt\/vf\/wp-content\/uploads\/sites\/18\/2025\/12\/Kauno_kolegija_II-27-2048x1365.webp 2048w, https:\/\/kaunokolegija.lt\/vf\/wp-content\/uploads\/sites\/18\/2025\/12\/Kauno_kolegija_II-27-600x400.webp 600w\" sizes=\"auto, (max-width: 2560px) 100vw, 2560px\" \/><\/figure>\n<\/div>\n<\/div>\n<\/div>\n<\/div>\n","protected":false},"excerpt":{"rendered":"<p>Kauno kolegijos Verslo fakultetas \u2013 tai vienas did\u017eiausi\u0173 verslo ir vadybos rengimo centr\u0173 Lietuvoje, vienijantis apie 120 d\u0117stytoj\u0173 ir 1200 student\u0173. Kasmet fakultet\u0105 baigia apie 500 specialist\u0173, kurie s\u0117kmingai \u012fsilieja \u012f \u0161alies&hellip;<\/p>\n","protected":false},"author":1,"featured_media":276517,"parent":0,"menu_order":0,"comment_status":"closed","ping_status":"closed","template":"","meta":{"footnotes":""},"class_list":["post-276223","page","type-page","status-publish","has-post-thumbnail","hentry"],"yoast_head":"<!-- This site is optimized with the Yoast SEO plugin v27.4 - https:\/\/yoast.com\/product\/yoast-seo-wordpress\/ -->\n<title>Fakultetas - Verslo fakultetas<\/title>\n<meta name=\"robots\" content=\"index, follow, max-snippet:-1, max-image-preview:large, max-video-preview:-1\" \/>\n<link rel=\"canonical\" href=\"https:\/\/kaunokolegija.lt\/vf\/fakultetas\/\" \/>\n<meta property=\"og:locale\" content=\"lt_LT\" \/>\n<meta property=\"og:type\" content=\"article\" \/>\n<meta property=\"og:title\" content=\"Fakultetas - Verslo fakultetas\" \/>\n<meta property=\"og:description\" content=\"Kauno kolegijos Verslo fakultetas \u2013 tai vienas did\u017eiausi\u0173 verslo ir vadybos rengimo centr\u0173 Lietuvoje, vienijantis apie 120 d\u0117stytoj\u0173 ir 1200 student\u0173. Kasmet fakultet\u0105 baigia apie 500 specialist\u0173, kurie s\u0117kmingai \u012fsilieja \u012f \u0161alies&hellip;\" \/>\n<meta property=\"og:url\" content=\"https:\/\/kaunokolegija.lt\/vf\/fakultetas\/\" \/>\n<meta property=\"og:site_name\" content=\"Verslo fakultetas\" \/>\n<meta property=\"article:publisher\" content=\"https:\/\/www.facebook.com\/Kauno.kolegija\/\" \/>\n<meta property=\"article:modified_time\" content=\"2026-03-25T12:25:17+00:00\" \/>\n<meta property=\"og:image\" content=\"https:\/\/kaunokolegija.lt\/vf\/wp-content\/uploads\/sites\/18\/2025\/12\/Kauno_kolegija_I-116-scaled.webp\" \/>\n\t<meta property=\"og:image:width\" content=\"2560\" \/>\n\t<meta property=\"og:image:height\" content=\"1707\" \/>\n\t<meta property=\"og:image:type\" content=\"image\/webp\" \/>\n<meta name=\"twitter:card\" content=\"summary_large_image\" \/>\n<meta name=\"twitter:label1\" content=\"Est. reading time\" \/>\n\t<meta name=\"twitter:data1\" content=\"2 minut\u0117s\" \/>\n<script type=\"application\/ld+json\" class=\"yoast-schema-graph\">{\"@context\":\"https:\\\/\\\/schema.org\",\"@graph\":[{\"@type\":\"WebPage\",\"@id\":\"https:\\\/\\\/kaunokolegija.lt\\\/vf\\\/fakultetas\\\/\",\"url\":\"https:\\\/\\\/kaunokolegija.lt\\\/vf\\\/fakultetas\\\/\",\"name\":\"Fakultetas - Verslo fakultetas\",\"isPartOf\":{\"@id\":\"https:\\\/\\\/kaunokolegija.lt\\\/vf\\\/#website\"},\"primaryImageOfPage\":{\"@id\":\"https:\\\/\\\/kaunokolegija.lt\\\/vf\\\/fakultetas\\\/#primaryimage\"},\"image\":{\"@id\":\"https:\\\/\\\/kaunokolegija.lt\\\/vf\\\/fakultetas\\\/#primaryimage\"},\"thumbnailUrl\":\"https:\\\/\\\/kaunokolegija.lt\\\/vf\\\/wp-content\\\/uploads\\\/sites\\\/18\\\/2025\\\/12\\\/Kauno_kolegija_I-116-scaled.webp\",\"datePublished\":\"2025-09-25T18:07:22+00:00\",\"dateModified\":\"2026-03-25T12:25:17+00:00\",\"breadcrumb\":{\"@id\":\"https:\\\/\\\/kaunokolegija.lt\\\/vf\\\/fakultetas\\\/#breadcrumb\"},\"inLanguage\":\"lt-LT\",\"potentialAction\":[{\"@type\":\"ReadAction\",\"target\":[\"https:\\\/\\\/kaunokolegija.lt\\\/vf\\\/fakultetas\\\/\"]}]},{\"@type\":\"ImageObject\",\"inLanguage\":\"lt-LT\",\"@id\":\"https:\\\/\\\/kaunokolegija.lt\\\/vf\\\/fakultetas\\\/#primaryimage\",\"url\":\"https:\\\/\\\/kaunokolegija.lt\\\/vf\\\/wp-content\\\/uploads\\\/sites\\\/18\\\/2025\\\/12\\\/Kauno_kolegija_I-116-scaled.webp\",\"contentUrl\":\"https:\\\/\\\/kaunokolegija.lt\\\/vf\\\/wp-content\\\/uploads\\\/sites\\\/18\\\/2025\\\/12\\\/Kauno_kolegija_I-116-scaled.webp\",\"width\":2560,\"height\":1707},{\"@type\":\"BreadcrumbList\",\"@id\":\"https:\\\/\\\/kaunokolegija.lt\\\/vf\\\/fakultetas\\\/#breadcrumb\",\"itemListElement\":[{\"@type\":\"ListItem\",\"position\":1,\"name\":\"Home\",\"item\":\"https:\\\/\\\/kaunokolegija.lt\\\/vf\\\/\"},{\"@type\":\"ListItem\",\"position\":2,\"name\":\"Fakultetas\"}]},{\"@type\":\"WebSite\",\"@id\":\"https:\\\/\\\/kaunokolegija.lt\\\/vf\\\/#website\",\"url\":\"https:\\\/\\\/kaunokolegija.lt\\\/vf\\\/\",\"name\":\"Verslo fakultetas\",\"description\":\"Kauno kolegija\",\"publisher\":{\"@id\":\"https:\\\/\\\/kaunokolegija.lt\\\/vf\\\/#organization\"},\"potentialAction\":[{\"@type\":\"SearchAction\",\"target\":{\"@type\":\"EntryPoint\",\"urlTemplate\":\"https:\\\/\\\/kaunokolegija.lt\\\/vf\\\/?s={search_term_string}\"},\"query-input\":{\"@type\":\"PropertyValueSpecification\",\"valueRequired\":true,\"valueName\":\"search_term_string\"}}],\"inLanguage\":\"lt-LT\"},{\"@type\":\"Organization\",\"@id\":\"https:\\\/\\\/kaunokolegija.lt\\\/vf\\\/#organization\",\"name\":\"Kauno kolegija\",\"url\":\"https:\\\/\\\/kaunokolegija.lt\\\/vf\\\/\",\"logo\":{\"@type\":\"ImageObject\",\"inLanguage\":\"lt-LT\",\"@id\":\"https:\\\/\\\/kaunokolegija.lt\\\/vf\\\/#\\\/schema\\\/logo\\\/image\\\/\",\"url\":\"https:\\\/\\\/kaunokolegija.lt\\\/vf\\\/wp-content\\\/uploads\\\/sites\\\/18\\\/2026\\\/01\\\/cropped-KK_VF_COLOR.png\",\"contentUrl\":\"https:\\\/\\\/kaunokolegija.lt\\\/vf\\\/wp-content\\\/uploads\\\/sites\\\/18\\\/2026\\\/01\\\/cropped-KK_VF_COLOR.png\",\"width\":2084,\"height\":2084,\"caption\":\"Kauno kolegija\"},\"image\":{\"@id\":\"https:\\\/\\\/kaunokolegija.lt\\\/vf\\\/#\\\/schema\\\/logo\\\/image\\\/\"},\"sameAs\":[\"https:\\\/\\\/www.facebook.com\\\/Kauno.kolegija\\\/\"]}]}<\/script>\n<!-- \/ Yoast SEO plugin. -->","yoast_head_json":{"title":"Fakultetas - Verslo fakultetas","robots":{"index":"index","follow":"follow","max-snippet":"max-snippet:-1","max-image-preview":"max-image-preview:large","max-video-preview":"max-video-preview:-1"},"canonical":"https:\/\/kaunokolegija.lt\/vf\/fakultetas\/","og_locale":"lt_LT","og_type":"article","og_title":"Fakultetas - Verslo fakultetas","og_description":"Kauno kolegijos Verslo fakultetas \u2013 tai vienas did\u017eiausi\u0173 verslo ir vadybos rengimo centr\u0173 Lietuvoje, vienijantis apie 120 d\u0117stytoj\u0173 ir 1200 student\u0173. Kasmet fakultet\u0105 baigia apie 500 specialist\u0173, kurie s\u0117kmingai \u012fsilieja \u012f \u0161alies&hellip;","og_url":"https:\/\/kaunokolegija.lt\/vf\/fakultetas\/","og_site_name":"Verslo fakultetas","article_publisher":"https:\/\/www.facebook.com\/Kauno.kolegija\/","article_modified_time":"2026-03-25T12:25:17+00:00","og_image":[{"width":2560,"height":1707,"url":"https:\/\/kaunokolegija.lt\/vf\/wp-content\/uploads\/sites\/18\/2025\/12\/Kauno_kolegija_I-116-scaled.webp","type":"image\/webp"}],"twitter_card":"summary_large_image","twitter_misc":{"Est. reading time":"2 minut\u0117s"},"schema":{"@context":"https:\/\/schema.org","@graph":[{"@type":"WebPage","@id":"https:\/\/kaunokolegija.lt\/vf\/fakultetas\/","url":"https:\/\/kaunokolegija.lt\/vf\/fakultetas\/","name":"Fakultetas - Verslo fakultetas","isPartOf":{"@id":"https:\/\/kaunokolegija.lt\/vf\/#website"},"primaryImageOfPage":{"@id":"https:\/\/kaunokolegija.lt\/vf\/fakultetas\/#primaryimage"},"image":{"@id":"https:\/\/kaunokolegija.lt\/vf\/fakultetas\/#primaryimage"},"thumbnailUrl":"https:\/\/kaunokolegija.lt\/vf\/wp-content\/uploads\/sites\/18\/2025\/12\/Kauno_kolegija_I-116-scaled.webp","datePublished":"2025-09-25T18:07:22+00:00","dateModified":"2026-03-25T12:25:17+00:00","breadcrumb":{"@id":"https:\/\/kaunokolegija.lt\/vf\/fakultetas\/#breadcrumb"},"inLanguage":"lt-LT","potentialAction":[{"@type":"ReadAction","target":["https:\/\/kaunokolegija.lt\/vf\/fakultetas\/"]}]},{"@type":"ImageObject","inLanguage":"lt-LT","@id":"https:\/\/kaunokolegija.lt\/vf\/fakultetas\/#primaryimage","url":"https:\/\/kaunokolegija.lt\/vf\/wp-content\/uploads\/sites\/18\/2025\/12\/Kauno_kolegija_I-116-scaled.webp","contentUrl":"https:\/\/kaunokolegija.lt\/vf\/wp-content\/uploads\/sites\/18\/2025\/12\/Kauno_kolegija_I-116-scaled.webp","width":2560,"height":1707},{"@type":"BreadcrumbList","@id":"https:\/\/kaunokolegija.lt\/vf\/fakultetas\/#breadcrumb","itemListElement":[{"@type":"ListItem","position":1,"name":"Home","item":"https:\/\/kaunokolegija.lt\/vf\/"},{"@type":"ListItem","position":2,"name":"Fakultetas"}]},{"@type":"WebSite","@id":"https:\/\/kaunokolegija.lt\/vf\/#website","url":"https:\/\/kaunokolegija.lt\/vf\/","name":"Verslo fakultetas","description":"Kauno kolegija","publisher":{"@id":"https:\/\/kaunokolegija.lt\/vf\/#organization"},"potentialAction":[{"@type":"SearchAction","target":{"@type":"EntryPoint","urlTemplate":"https:\/\/kaunokolegija.lt\/vf\/?s={search_term_string}"},"query-input":{"@type":"PropertyValueSpecification","valueRequired":true,"valueName":"search_term_string"}}],"inLanguage":"lt-LT"},{"@type":"Organization","@id":"https:\/\/kaunokolegija.lt\/vf\/#organization","name":"Kauno kolegija","url":"https:\/\/kaunokolegija.lt\/vf\/","logo":{"@type":"ImageObject","inLanguage":"lt-LT","@id":"https:\/\/kaunokolegija.lt\/vf\/#\/schema\/logo\/image\/","url":"https:\/\/kaunokolegija.lt\/vf\/wp-content\/uploads\/sites\/18\/2026\/01\/cropped-KK_VF_COLOR.png","contentUrl":"https:\/\/kaunokolegija.lt\/vf\/wp-content\/uploads\/sites\/18\/2026\/01\/cropped-KK_VF_COLOR.png","width":2084,"height":2084,"caption":"Kauno kolegija"},"image":{"@id":"https:\/\/kaunokolegija.lt\/vf\/#\/schema\/logo\/image\/"},"sameAs":["https:\/\/www.facebook.com\/Kauno.kolegija\/"]}]}},"_links":{"self":[{"href":"https:\/\/kaunokolegija.lt\/vf\/wp-json\/wp\/v2\/pages\/276223","targetHints":{"allow":["GET"]}}],"collection":[{"href":"https:\/\/kaunokolegija.lt\/vf\/wp-json\/wp\/v2\/pages"}],"about":[{"href":"https:\/\/kaunokolegija.lt\/vf\/wp-json\/wp\/v2\/types\/page"}],"author":[{"embeddable":true,"href":"https:\/\/kaunokolegija.lt\/vf\/wp-json\/wp\/v2\/users\/1"}],"replies":[{"embeddable":true,"href":"https:\/\/kaunokolegija.lt\/vf\/wp-json\/wp\/v2\/comments?post=276223"}],"version-history":[{"count":7,"href":"https:\/\/kaunokolegija.lt\/vf\/wp-json\/wp\/v2\/pages\/276223\/revisions"}],"predecessor-version":[{"id":276716,"href":"https:\/\/kaunokolegija.lt\/vf\/wp-json\/wp\/v2\/pages\/276223\/revisions\/276716"}],"wp:featuredmedia":[{"embeddable":true,"href":"https:\/\/kaunokolegija.lt\/vf\/wp-json\/wp\/v2\/media\/276517"}],"wp:attachment":[{"href":"https:\/\/kaunokolegija.lt\/vf\/wp-json\/wp\/v2\/media?parent=276223"}],"curies":[{"name":"wp","href":"https:\/\/api.w.org\/{rel}","templated":true}]}}