{"id":276215,"date":"2025-09-25T18:06:08","date_gmt":"2025-09-25T18:06:08","guid":{"rendered":"https:\/\/royalpeacock.agency\/kk\/vf11\/?page_id=276215"},"modified":"2026-02-12T10:07:14","modified_gmt":"2026-02-12T08:07:14","slug":"neformalus-svietimas","status":"publish","type":"page","link":"https:\/\/kaunokolegija.lt\/vf\/neformalus-svietimas\/","title":{"rendered":"Neformalus \u0161vietimas"},"content":{"rendered":"\n<div class=\"wp-block-columns hide-in-phone is-layout-flex wp-container-core-columns-is-layout-28f84493 wp-block-columns-is-layout-flex\">\n<div class=\"wp-block-column is-layout-flow wp-block-column-is-layout-flow\">\n<div class=\"wp-block-columns is-layout-flex wp-container-core-columns-is-layout-28f84493 wp-block-columns-is-layout-flex\">\n<div class=\"wp-block-column has-background is-layout-flow wp-block-column-is-layout-flow\" style=\"border-style:none;border-width:0px;border-radius:0px;background-color:#399e97;padding-top:1.2em;padding-bottom:1.2em\">\n<p class=\"has-base-color has-text-color has-link-color has-l-font-size wp-elements-cd5ceaa443bf5b00cda23c320968e24a\" style=\"padding-right:3.5rem;padding-left:3.5rem\"><strong><strong><strong>Neformaliojo suaugusi\u0173j\u0173 \u0161vietimo programos<\/strong><\/strong><\/strong><\/p>\n<\/div>\n<\/div>\n<\/div>\n<\/div>\n\n\n\n<div class=\"wp-block-columns top-p is-layout-flex wp-container-core-columns-is-layout-28f84493 wp-block-columns-is-layout-flex\">\n<div class=\"wp-block-column has-global-padding is-layout-constrained wp-container-core-column-is-layout-d0f22c05 wp-block-column-is-layout-constrained\">\n<div class=\"wp-block-columns abcd has-background is-layout-flex wp-container-core-columns-is-layout-28f84493 wp-block-columns-is-layout-flex\" style=\"background-color:#f9f9f9\">\n<div class=\"wp-block-column is-layout-flow wp-block-column-is-layout-flow\" style=\"padding-top:0;padding-right:0;padding-bottom:0;padding-left:0\">\n<p class=\"has-contrast-alt-color has-text-color has-link-color has-m-font-size wp-elements-4d5b57d34de503073dae8771c863592b\">\n<div class=\"wpdt-c wdt-skin-material wpTableWCAG\">\n    \n    <input type=\"hidden\" id=\"table_1_desc\"\n           value='{\"tableId\":\"table_1\",\"tableType\":\"google_spreadsheet\",\"selector\":\"#table_1\",\"responsive\":true,\"responsiveAction\":\"row\",\"editable\":false,\"inlineEditing\":false,\"infoBlock\":true,\"pagination_top\":1,\"pagination\":1,\"paginationAlign\":\"right\",\"paginationLayout\":\"full_numbers\",\"paginationLayoutMobile\":\"simple\",\"file_location\":\"wp_media_lib\",\"tableSkin\":\"material\",\"table_wcag\":1,\"simple_template_id\":0,\"scrollable\":false,\"fixedLayout\":true,\"globalSearch\":true,\"showRowsPerPage\":false,\"popoverTools\":false,\"loader\":1,\"showCartInformation\":1,\"hideBeforeLoad\":true,\"number_format\":1,\"decimalPlaces\":2,\"spinnerSrc\":\"https:\\\/\\\/kaunokolegija.lt\\\/vf\\\/wp-content\\\/plugins\\\/wpdatatables\\\/assets\\\/\\\/img\\\/spinner.gif\",\"index_column\":0,\"groupingEnabled\":false,\"tableWpId\":2,\"dataTableParams\":{\"sDom\":\"BT\\u003C\\u0027clear\\u0027\\u003Eftip\",\"bSortCellsTop\":false,\"bFilter\":true,\"bPaginate\":true,\"sPaginationType\":\"full_numbers\",\"aLengthMenu\":[[1,5,10,25,50,100,-1],[1,5,10,25,50,100,\"All\"]],\"iDisplayLength\":10,\"columnDefs\":[{\"sType\":\"string\",\"wdtType\":\"string\",\"bVisible\":true,\"orderable\":true,\"searchable\":true,\"InputType\":\"none\",\"name\":\"Programos pavadinimas\",\"origHeader\":\"Programos pavadinimas\",\"notNull\":false,\"conditionalFormattingRules\":[],\"transformValueRules\":\"\",\"className\":\" column-programos-pavadinimas\",\"aTargets\":[0]},{\"sType\":\"string\",\"wdtType\":\"string\",\"bVisible\":true,\"orderable\":true,\"searchable\":true,\"InputType\":\"none\",\"name\":\"Trukm\\u0117 val.\",\"origHeader\":\"Trukm\\u0117 val.\",\"notNull\":false,\"conditionalFormattingRules\":[],\"transformValueRules\":\"\",\"className\":\" column-trukm-val\",\"aTargets\":[1]},{\"sType\":\"date-custom\",\"wdtType\":\"date\",\"bVisible\":true,\"orderable\":true,\"searchable\":true,\"InputType\":\"none\",\"name\":\"\\u012eregistruota\",\"origHeader\":\"\\u012eregistruota\",\"notNull\":false,\"conditionalFormattingRules\":[],\"transformValueRules\":\"\",\"className\":\" column-registruota\",\"aTargets\":[2]},{\"sType\":\"string\",\"wdtType\":\"string\",\"bVisible\":true,\"orderable\":true,\"searchable\":true,\"InputType\":\"none\",\"name\":\"Kodas Kauno kolegijos registre\",\"origHeader\":\"Kodas Kauno kolegijos registre\",\"notNull\":false,\"conditionalFormattingRules\":[],\"transformValueRules\":\"\",\"className\":\" column-kodas-kauno-kolegijos-registre\",\"aTargets\":[3]}],\"bAutoWidth\":false,\"order\":[[0,\"asc\"]],\"ordering\":false,\"fixedHeader\":{\"header\":false,\"headerOffset\":0},\"fixedColumns\":false,\"oLanguage\":{\"sProcessing\":\"Apdorojama...\",\"sLengthMenu\":\"Rodyti _MENU_ \\u012fra\\u0161us\",\"sZeroRecords\":\"\\u012era\\u0161\\u0173 nerasta\",\"sInfo\":\"Rodomi \\u012fra\\u0161ai nuo _START_ iki _END_ i\\u0161 _TOTAL_ \\u012fra\\u0161\\u0173\",\"sInfoEmpty\":\"Rodomi \\u012fra\\u0161ai nuo 0 iki 0 i\\u0161 0\",\"sInfoFiltered\":\"(atrinkta i\\u0161 _MAX_ \\u012fra\\u0161\\u0173)\",\"sInfoPostFix\":\"\",\"sSearch\":\"Ie\\u0161koti:\",\"sSearchPlaceholder\":\"\",\"sUrl\":\"\",\"oPaginate\":{\"sFirst\":\"Pirmas\",\"sPrevious\":\"Ankstesnis\",\"sNext\":\"Tolimesnis\",\"sLast\":\"Paskutinis\"}},\"buttons\":[],\"bProcessing\":false,\"oSearch\":{\"bSmart\":false,\"bRegex\":false,\"sSearch\":\"\"}},\"customRowDisplay\":\"\",\"tabletWidth\":\"1024\",\"mobileWidth\":\"480\",\"renderFilter\":\"footer\",\"advancedFilterEnabled\":false,\"serverSide\":false,\"columnsFixed\":0,\"sumFunctionsLabel\":\"\",\"avgFunctionsLabel\":\"\",\"minFunctionsLabel\":\"\",\"maxFunctionsLabel\":\"\",\"columnsDecimalPlaces\":{\"Programos pavadinimas\":-1,\"Trukm\\u0117 val.\":-1,\"\\u012eregistruota\":-1,\"Kodas Kauno kolegijos registre\":-1},\"columnsThousandsSeparator\":[],\"sumColumns\":[],\"avgColumns\":[],\"sumAvgColumns\":[],\"timeFormat\":\"h:i A\",\"datepickFormat\":\"dd\\\/mm\\\/yy\"}'\/>\n\n    <table id=\"table_1\"\n           class=\"  responsive display nowrap wdt-no-display data-t data-t wpDataTable wpDataTableID-2 \"\n           style=\"display: none; \"\n           data-described-by='table_1_desc'\n           data-wpdatatable_id=\"2\">\n        \n        <!-- Table header -->\n        \n<thead>\n<tr>\n                    <th\n        data-class=\"expand\"                class=\" wdtheader sort \"\n        style=\"\">        Programos pavadinimas<\/th>        <th\n                data-hide=\"phone,tablet\"        class=\"phone,tablet wdtheader sort \"\n        style=\"\">        Trukm\u0117 val.<\/th>        <th\n                data-hide=\"phone,tablet\"        class=\"phone,tablet wdtheader sort \"\n        style=\"\">        \u012eregistruota<\/th>        <th\n                data-hide=\"phone,tablet\"        class=\"phone,tablet wdtheader sort \"\n        style=\"\">        Kodas Kauno kolegijos registre<\/th>    <\/tr>\n<\/thead>\n        <!-- \/Table header -->\n\n        <!-- Table body -->\n        \n<tbody>\n<!-- Table body -->\n<div data-id=\"2\"\n     class=\"wdt-timeline-item wdt-timeline-table_1\"\n     style=\"\">\n    <div class=\"wdt-table-loader\">\n        <div class=\"wdt-table-loader-row wdt-table-loader-header\">\n            <div class=\"wdt-table-loader-header-cell wdt-animated-background\"><\/div>\n            <div class=\"wdt-table-loader-header-cell wdt-animated-background\"><\/div>\n            <div class=\"wdt-table-loader-header-cell wdt-animated-background\"><\/div>\n        <\/div>\n                    <div class=\"wdt-table-loader-row\">\n                <div class=\"wdt-table-loader-cell wdt-animated-background\"><\/div>\n                <div class=\"wdt-table-loader-cell wdt-animated-background\"><\/div>\n                <div class=\"wdt-table-loader-cell wdt-animated-background\"><\/div>\n            <\/div>\n                    <div class=\"wdt-table-loader-row\">\n                <div class=\"wdt-table-loader-cell wdt-animated-background\"><\/div>\n                <div class=\"wdt-table-loader-cell wdt-animated-background\"><\/div>\n                <div class=\"wdt-table-loader-cell wdt-animated-background\"><\/div>\n            <\/div>\n                    <div class=\"wdt-table-loader-row\">\n                <div class=\"wdt-table-loader-cell wdt-animated-background\"><\/div>\n                <div class=\"wdt-table-loader-cell wdt-animated-background\"><\/div>\n                <div class=\"wdt-table-loader-cell wdt-animated-background\"><\/div>\n            <\/div>\n                    <div class=\"wdt-table-loader-row\">\n                <div class=\"wdt-table-loader-cell wdt-animated-background\"><\/div>\n                <div class=\"wdt-table-loader-cell wdt-animated-background\"><\/div>\n                <div class=\"wdt-table-loader-cell wdt-animated-background\"><\/div>\n            <\/div>\n                    <div class=\"wdt-table-loader-row\">\n                <div class=\"wdt-table-loader-cell wdt-animated-background\"><\/div>\n                <div class=\"wdt-table-loader-cell wdt-animated-background\"><\/div>\n                <div class=\"wdt-table-loader-cell wdt-animated-background\"><\/div>\n            <\/div>\n                    <div class=\"wdt-table-loader-row\">\n                <div class=\"wdt-table-loader-cell wdt-animated-background\"><\/div>\n                <div class=\"wdt-table-loader-cell wdt-animated-background\"><\/div>\n                <div class=\"wdt-table-loader-cell wdt-animated-background\"><\/div>\n            <\/div>\n                    <div class=\"wdt-table-loader-row\">\n                <div class=\"wdt-table-loader-cell wdt-animated-background\"><\/div>\n                <div class=\"wdt-table-loader-cell wdt-animated-background\"><\/div>\n                <div class=\"wdt-table-loader-cell wdt-animated-background\"><\/div>\n            <\/div>\n                    <div class=\"wdt-table-loader-row\">\n                <div class=\"wdt-table-loader-cell wdt-animated-background\"><\/div>\n                <div class=\"wdt-table-loader-cell wdt-animated-background\"><\/div>\n                <div class=\"wdt-table-loader-cell wdt-animated-background\"><\/div>\n            <\/div>\n                    <div class=\"wdt-table-loader-row\">\n                <div class=\"wdt-table-loader-cell wdt-animated-background\"><\/div>\n                <div class=\"wdt-table-loader-cell wdt-animated-background\"><\/div>\n                <div class=\"wdt-table-loader-cell wdt-animated-background\"><\/div>\n            <\/div>\n                    <div class=\"wdt-table-loader-row\">\n                <div class=\"wdt-table-loader-cell wdt-animated-background\"><\/div>\n                <div class=\"wdt-table-loader-cell wdt-animated-background\"><\/div>\n                <div class=\"wdt-table-loader-cell wdt-animated-background\"><\/div>\n            <\/div>\n                    <div class=\"wdt-table-loader-row\">\n                <div class=\"wdt-table-loader-cell wdt-animated-background\"><\/div>\n                <div class=\"wdt-table-loader-cell wdt-animated-background\"><\/div>\n                <div class=\"wdt-table-loader-cell wdt-animated-background\"><\/div>\n            <\/div>\n            <\/div>\n<\/div><!-- \/Table body -->\n                    <tr id=\"table_2_row_0\"\n            data-row-index=\"0\">\n                            <td style=\"\">Deryb\u0173 menas ir finansinio drovumo \u012fveikimas<\/td>\n                            <td style=\"\">7<\/td>\n                            <td style=\"\">29\/10\/2024<\/td>\n                            <td style=\"\">24KM28<\/td>\n                    <\/tr>\n                            <tr id=\"table_2_row_1\"\n            data-row-index=\"1\">\n                            <td style=\"\">Dirbtinio intelekto naudojimas k\u016brybi\u0161kumo ir antrepreneryst\u0117s studij\u0173 dalyko metu sukurtoms id\u0117joms tobulinti ir prototipams kurti <\/td>\n                            <td style=\"\">4<\/td>\n                            <td style=\"\">06\/11\/2024<\/td>\n                            <td style=\"\">24VKC33<\/td>\n                    <\/tr>\n                            <tr id=\"table_2_row_2\"\n            data-row-index=\"2\">\n                            <td style=\"\">K\u016brybi\u0161kumo ir inovacij\u0173 ugdymo praktika<\/td>\n                            <td style=\"\">6<\/td>\n                            <td style=\"\">18\/11\/2024<\/td>\n                            <td style=\"\">24VKC38<\/td>\n                    <\/tr>\n                            <tr id=\"table_2_row_3\"\n            data-row-index=\"3\">\n                            <td style=\"\">Vie\u0161\u0173j\u0173 pirkim\u0173 iniciatoriaus funkcij\u0173 \u012fgyvendinimas praktikoje<\/td>\n                            <td style=\"\">27<\/td>\n                            <td style=\"\">20\/11\/2024<\/td>\n                            <td style=\"\">24VT39<\/td>\n                    <\/tr>\n                            <tr id=\"table_2_row_4\"\n            data-row-index=\"4\">\n                            <td style=\"\">\u201eIdeaPoint\u201c pre-akceleratorius<\/td>\n                            <td style=\"\">81<\/td>\n                            <td style=\"\">23\/09\/2025<\/td>\n                            <td style=\"\">25VKC27<\/td>\n                    <\/tr>\n                            <tr id=\"table_2_row_5\"\n            data-row-index=\"5\">\n                            <td style=\"\">\u017diedin\u0117s ekonomikos id\u0117j\u0173 konkursas \u201ereHack\u201c<\/td>\n                            <td style=\"\">20<\/td>\n                            <td style=\"\">09\/10\/2025<\/td>\n                            <td style=\"\">25VK29<\/td>\n                    <\/tr>\n                            <tr id=\"table_2_row_6\"\n            data-row-index=\"6\">\n                            <td style=\"\">\u012emon\u0117s veiklos kompiuterizuota finansin\u0117 apskaita<\/td>\n                            <td style=\"\">110<\/td>\n                            <td style=\"\">09\/10\/2025<\/td>\n                            <td style=\"\">25VK30<\/td>\n                    <\/tr>\n                            <tr id=\"table_2_row_7\"\n            data-row-index=\"7\">\n                            <td style=\"\">Vadybin\u0117s kompetencijos pradedan\u010diajam \u016bkio vadovui<\/td>\n                            <td style=\"\">6<\/td>\n                            <td style=\"\">30\/10\/2025<\/td>\n                            <td style=\"\">25VKC40<\/td>\n                    <\/tr>\n                            <tr id=\"table_2_row_8\"\n            data-row-index=\"8\">\n                            <td style=\"\">Darbo santyki\u0173 teisinis reguliavimas: darbuotoj\u0173 darbo teisi\u0173 gynimas, aktuali teism\u0173 praktika<\/td>\n                            <td style=\"\">3<\/td>\n                            <td style=\"\">23\/12\/2025<\/td>\n                            <td style=\"\">25VKC50<\/td>\n                    <\/tr>\n                            <tr id=\"table_2_row_9\"\n            data-row-index=\"9\">\n                            <td style=\"\"> Praktinis verslumo ugdymas: id\u0117jos vystymas, verslo planavimas ir rinkodara<\/td>\n                            <td style=\"\">6<\/td>\n                            <td style=\"\">11\/02\/2026<\/td>\n                            <td style=\"\">26VKC04<\/td>\n                    <\/tr>\n            <\/tbody>        <!-- \/Table body -->\n\n        <!-- Table footer -->\n        \n        <!-- \/Table footer -->\n    <\/table>\n\n<\/div><style>\ntable.wpDataTable { table-layout: fixed !important; }\ntable.wpDataTable td, table.wpDataTable th { white-space: normal !important; }\ntable.wpDataTable td.numdata { text-align: right !important; }\n<\/style>\n<style>\n<\/style>\n<\/p>\n\n\n\n<p><strong>I\u0161samesn\u0117 informacija teikiama:<\/strong><\/p>\n\n\n\n<p><em>Verslumo ir k\u016brybi\u0161kumo centras \u201eideaPoint\u201c<\/em><br>el. p. <a href=\"mailto:vef@go.kauko.lt\">ideapoint@go.kauko.lt<\/a> | <em>Gedimino g. 41, Kaunas<\/em><\/p>\n<\/div>\n<\/div>\n<\/div>\n<\/div>\n\n\n\n<p><\/p>\n","protected":false},"excerpt":{"rendered":"<p>Neformaliojo suaugusi\u0173j\u0173 \u0161vietimo programos I\u0161samesn\u0117 informacija teikiama: Verslumo ir k\u016brybi\u0161kumo centras \u201eideaPoint\u201cel. p. ideapoint@go.kauko.lt | Gedimino g. 41, Kaunas<\/p>\n","protected":false},"author":1,"featured_media":276761,"parent":0,"menu_order":0,"comment_status":"closed","ping_status":"closed","template":"","meta":{"footnotes":""},"class_list":["post-276215","page","type-page","status-publish","has-post-thumbnail","hentry"],"yoast_head":"<!-- This site is optimized with the Yoast SEO plugin v27.4 - https:\/\/yoast.com\/product\/yoast-seo-wordpress\/ -->\n<title>Neformalus \u0161vietimas - Verslo fakultetas<\/title>\n<meta name=\"robots\" content=\"index, follow, max-snippet:-1, max-image-preview:large, max-video-preview:-1\" \/>\n<link rel=\"canonical\" href=\"https:\/\/kaunokolegija.lt\/vf\/neformalus-svietimas\/\" \/>\n<meta property=\"og:locale\" content=\"lt_LT\" \/>\n<meta property=\"og:type\" content=\"article\" \/>\n<meta property=\"og:title\" content=\"Neformalus \u0161vietimas - Verslo fakultetas\" \/>\n<meta property=\"og:description\" content=\"Neformaliojo suaugusi\u0173j\u0173 \u0161vietimo programos I\u0161samesn\u0117 informacija teikiama: Verslumo ir k\u016brybi\u0161kumo centras \u201eideaPoint\u201cel. p. ideapoint@go.kauko.lt | Gedimino g. 41, Kaunas\" \/>\n<meta property=\"og:url\" content=\"https:\/\/kaunokolegija.lt\/vf\/neformalus-svietimas\/\" \/>\n<meta property=\"og:site_name\" content=\"Verslo fakultetas\" \/>\n<meta property=\"article:publisher\" content=\"https:\/\/www.facebook.com\/Kauno.kolegija\/\" \/>\n<meta property=\"article:modified_time\" content=\"2026-02-12T08:07:14+00:00\" \/>\n<meta property=\"og:image\" content=\"https:\/\/kaunokolegija.lt\/vf\/wp-content\/uploads\/sites\/18\/2026\/01\/KK_Biblioteka_2026-34-scaled.webp\" \/>\n\t<meta property=\"og:image:width\" content=\"2560\" \/>\n\t<meta property=\"og:image:height\" content=\"1706\" \/>\n\t<meta property=\"og:image:type\" content=\"image\/webp\" \/>\n<meta name=\"twitter:card\" content=\"summary_large_image\" \/>\n<meta name=\"twitter:label1\" content=\"Est. reading time\" \/>\n\t<meta name=\"twitter:data1\" content=\"1 minut\u0117\" \/>\n<script type=\"application\/ld+json\" class=\"yoast-schema-graph\">{\"@context\":\"https:\\\/\\\/schema.org\",\"@graph\":[{\"@type\":\"WebPage\",\"@id\":\"https:\\\/\\\/kaunokolegija.lt\\\/vf\\\/neformalus-svietimas\\\/\",\"url\":\"https:\\\/\\\/kaunokolegija.lt\\\/vf\\\/neformalus-svietimas\\\/\",\"name\":\"Neformalus \u0161vietimas - Verslo fakultetas\",\"isPartOf\":{\"@id\":\"https:\\\/\\\/kaunokolegija.lt\\\/vf\\\/#website\"},\"primaryImageOfPage\":{\"@id\":\"https:\\\/\\\/kaunokolegija.lt\\\/vf\\\/neformalus-svietimas\\\/#primaryimage\"},\"image\":{\"@id\":\"https:\\\/\\\/kaunokolegija.lt\\\/vf\\\/neformalus-svietimas\\\/#primaryimage\"},\"thumbnailUrl\":\"https:\\\/\\\/kaunokolegija.lt\\\/vf\\\/wp-content\\\/uploads\\\/sites\\\/18\\\/2026\\\/01\\\/KK_Biblioteka_2026-34-scaled.webp\",\"datePublished\":\"2025-09-25T18:06:08+00:00\",\"dateModified\":\"2026-02-12T08:07:14+00:00\",\"breadcrumb\":{\"@id\":\"https:\\\/\\\/kaunokolegija.lt\\\/vf\\\/neformalus-svietimas\\\/#breadcrumb\"},\"inLanguage\":\"lt-LT\",\"potentialAction\":[{\"@type\":\"ReadAction\",\"target\":[\"https:\\\/\\\/kaunokolegija.lt\\\/vf\\\/neformalus-svietimas\\\/\"]}]},{\"@type\":\"ImageObject\",\"inLanguage\":\"lt-LT\",\"@id\":\"https:\\\/\\\/kaunokolegija.lt\\\/vf\\\/neformalus-svietimas\\\/#primaryimage\",\"url\":\"https:\\\/\\\/kaunokolegija.lt\\\/vf\\\/wp-content\\\/uploads\\\/sites\\\/18\\\/2026\\\/01\\\/KK_Biblioteka_2026-34-scaled.webp\",\"contentUrl\":\"https:\\\/\\\/kaunokolegija.lt\\\/vf\\\/wp-content\\\/uploads\\\/sites\\\/18\\\/2026\\\/01\\\/KK_Biblioteka_2026-34-scaled.webp\",\"width\":2560,\"height\":1706},{\"@type\":\"BreadcrumbList\",\"@id\":\"https:\\\/\\\/kaunokolegija.lt\\\/vf\\\/neformalus-svietimas\\\/#breadcrumb\",\"itemListElement\":[{\"@type\":\"ListItem\",\"position\":1,\"name\":\"Home\",\"item\":\"https:\\\/\\\/kaunokolegija.lt\\\/vf\\\/\"},{\"@type\":\"ListItem\",\"position\":2,\"name\":\"Neformalus \u0161vietimas\"}]},{\"@type\":\"WebSite\",\"@id\":\"https:\\\/\\\/kaunokolegija.lt\\\/vf\\\/#website\",\"url\":\"https:\\\/\\\/kaunokolegija.lt\\\/vf\\\/\",\"name\":\"Verslo fakultetas\",\"description\":\"Kauno kolegija\",\"publisher\":{\"@id\":\"https:\\\/\\\/kaunokolegija.lt\\\/vf\\\/#organization\"},\"potentialAction\":[{\"@type\":\"SearchAction\",\"target\":{\"@type\":\"EntryPoint\",\"urlTemplate\":\"https:\\\/\\\/kaunokolegija.lt\\\/vf\\\/?s={search_term_string}\"},\"query-input\":{\"@type\":\"PropertyValueSpecification\",\"valueRequired\":true,\"valueName\":\"search_term_string\"}}],\"inLanguage\":\"lt-LT\"},{\"@type\":\"Organization\",\"@id\":\"https:\\\/\\\/kaunokolegija.lt\\\/vf\\\/#organization\",\"name\":\"Kauno kolegija\",\"url\":\"https:\\\/\\\/kaunokolegija.lt\\\/vf\\\/\",\"logo\":{\"@type\":\"ImageObject\",\"inLanguage\":\"lt-LT\",\"@id\":\"https:\\\/\\\/kaunokolegija.lt\\\/vf\\\/#\\\/schema\\\/logo\\\/image\\\/\",\"url\":\"https:\\\/\\\/kaunokolegija.lt\\\/vf\\\/wp-content\\\/uploads\\\/sites\\\/18\\\/2026\\\/01\\\/cropped-KK_VF_COLOR.png\",\"contentUrl\":\"https:\\\/\\\/kaunokolegija.lt\\\/vf\\\/wp-content\\\/uploads\\\/sites\\\/18\\\/2026\\\/01\\\/cropped-KK_VF_COLOR.png\",\"width\":2084,\"height\":2084,\"caption\":\"Kauno kolegija\"},\"image\":{\"@id\":\"https:\\\/\\\/kaunokolegija.lt\\\/vf\\\/#\\\/schema\\\/logo\\\/image\\\/\"},\"sameAs\":[\"https:\\\/\\\/www.facebook.com\\\/Kauno.kolegija\\\/\"]}]}<\/script>\n<!-- \/ Yoast SEO plugin. -->","yoast_head_json":{"title":"Neformalus \u0161vietimas - Verslo fakultetas","robots":{"index":"index","follow":"follow","max-snippet":"max-snippet:-1","max-image-preview":"max-image-preview:large","max-video-preview":"max-video-preview:-1"},"canonical":"https:\/\/kaunokolegija.lt\/vf\/neformalus-svietimas\/","og_locale":"lt_LT","og_type":"article","og_title":"Neformalus \u0161vietimas - Verslo fakultetas","og_description":"Neformaliojo suaugusi\u0173j\u0173 \u0161vietimo programos I\u0161samesn\u0117 informacija teikiama: Verslumo ir k\u016brybi\u0161kumo centras \u201eideaPoint\u201cel. p. ideapoint@go.kauko.lt | Gedimino g. 41, Kaunas","og_url":"https:\/\/kaunokolegija.lt\/vf\/neformalus-svietimas\/","og_site_name":"Verslo fakultetas","article_publisher":"https:\/\/www.facebook.com\/Kauno.kolegija\/","article_modified_time":"2026-02-12T08:07:14+00:00","og_image":[{"width":2560,"height":1706,"url":"https:\/\/kaunokolegija.lt\/vf\/wp-content\/uploads\/sites\/18\/2026\/01\/KK_Biblioteka_2026-34-scaled.webp","type":"image\/webp"}],"twitter_card":"summary_large_image","twitter_misc":{"Est. reading time":"1 minut\u0117"},"schema":{"@context":"https:\/\/schema.org","@graph":[{"@type":"WebPage","@id":"https:\/\/kaunokolegija.lt\/vf\/neformalus-svietimas\/","url":"https:\/\/kaunokolegija.lt\/vf\/neformalus-svietimas\/","name":"Neformalus \u0161vietimas - Verslo fakultetas","isPartOf":{"@id":"https:\/\/kaunokolegija.lt\/vf\/#website"},"primaryImageOfPage":{"@id":"https:\/\/kaunokolegija.lt\/vf\/neformalus-svietimas\/#primaryimage"},"image":{"@id":"https:\/\/kaunokolegija.lt\/vf\/neformalus-svietimas\/#primaryimage"},"thumbnailUrl":"https:\/\/kaunokolegija.lt\/vf\/wp-content\/uploads\/sites\/18\/2026\/01\/KK_Biblioteka_2026-34-scaled.webp","datePublished":"2025-09-25T18:06:08+00:00","dateModified":"2026-02-12T08:07:14+00:00","breadcrumb":{"@id":"https:\/\/kaunokolegija.lt\/vf\/neformalus-svietimas\/#breadcrumb"},"inLanguage":"lt-LT","potentialAction":[{"@type":"ReadAction","target":["https:\/\/kaunokolegija.lt\/vf\/neformalus-svietimas\/"]}]},{"@type":"ImageObject","inLanguage":"lt-LT","@id":"https:\/\/kaunokolegija.lt\/vf\/neformalus-svietimas\/#primaryimage","url":"https:\/\/kaunokolegija.lt\/vf\/wp-content\/uploads\/sites\/18\/2026\/01\/KK_Biblioteka_2026-34-scaled.webp","contentUrl":"https:\/\/kaunokolegija.lt\/vf\/wp-content\/uploads\/sites\/18\/2026\/01\/KK_Biblioteka_2026-34-scaled.webp","width":2560,"height":1706},{"@type":"BreadcrumbList","@id":"https:\/\/kaunokolegija.lt\/vf\/neformalus-svietimas\/#breadcrumb","itemListElement":[{"@type":"ListItem","position":1,"name":"Home","item":"https:\/\/kaunokolegija.lt\/vf\/"},{"@type":"ListItem","position":2,"name":"Neformalus \u0161vietimas"}]},{"@type":"WebSite","@id":"https:\/\/kaunokolegija.lt\/vf\/#website","url":"https:\/\/kaunokolegija.lt\/vf\/","name":"Verslo fakultetas","description":"Kauno kolegija","publisher":{"@id":"https:\/\/kaunokolegija.lt\/vf\/#organization"},"potentialAction":[{"@type":"SearchAction","target":{"@type":"EntryPoint","urlTemplate":"https:\/\/kaunokolegija.lt\/vf\/?s={search_term_string}"},"query-input":{"@type":"PropertyValueSpecification","valueRequired":true,"valueName":"search_term_string"}}],"inLanguage":"lt-LT"},{"@type":"Organization","@id":"https:\/\/kaunokolegija.lt\/vf\/#organization","name":"Kauno kolegija","url":"https:\/\/kaunokolegija.lt\/vf\/","logo":{"@type":"ImageObject","inLanguage":"lt-LT","@id":"https:\/\/kaunokolegija.lt\/vf\/#\/schema\/logo\/image\/","url":"https:\/\/kaunokolegija.lt\/vf\/wp-content\/uploads\/sites\/18\/2026\/01\/cropped-KK_VF_COLOR.png","contentUrl":"https:\/\/kaunokolegija.lt\/vf\/wp-content\/uploads\/sites\/18\/2026\/01\/cropped-KK_VF_COLOR.png","width":2084,"height":2084,"caption":"Kauno kolegija"},"image":{"@id":"https:\/\/kaunokolegija.lt\/vf\/#\/schema\/logo\/image\/"},"sameAs":["https:\/\/www.facebook.com\/Kauno.kolegija\/"]}]}},"_links":{"self":[{"href":"https:\/\/kaunokolegija.lt\/vf\/wp-json\/wp\/v2\/pages\/276215","targetHints":{"allow":["GET"]}}],"collection":[{"href":"https:\/\/kaunokolegija.lt\/vf\/wp-json\/wp\/v2\/pages"}],"about":[{"href":"https:\/\/kaunokolegija.lt\/vf\/wp-json\/wp\/v2\/types\/page"}],"author":[{"embeddable":true,"href":"https:\/\/kaunokolegija.lt\/vf\/wp-json\/wp\/v2\/users\/1"}],"replies":[{"embeddable":true,"href":"https:\/\/kaunokolegija.lt\/vf\/wp-json\/wp\/v2\/comments?post=276215"}],"version-history":[{"count":12,"href":"https:\/\/kaunokolegija.lt\/vf\/wp-json\/wp\/v2\/pages\/276215\/revisions"}],"predecessor-version":[{"id":279384,"href":"https:\/\/kaunokolegija.lt\/vf\/wp-json\/wp\/v2\/pages\/276215\/revisions\/279384"}],"wp:featuredmedia":[{"embeddable":true,"href":"https:\/\/kaunokolegija.lt\/vf\/wp-json\/wp\/v2\/media\/276761"}],"wp:attachment":[{"href":"https:\/\/kaunokolegija.lt\/vf\/wp-json\/wp\/v2\/media?parent=276215"}],"curies":[{"name":"wp","href":"https:\/\/api.w.org\/{rel}","templated":true}]}}