{"id":276187,"date":"2025-09-25T17:57:52","date_gmt":"2025-09-25T17:57:52","guid":{"rendered":"https:\/\/royalpeacock.agency\/kk\/vf11\/?page_id=276187"},"modified":"2026-02-05T10:13:54","modified_gmt":"2026-02-05T08:13:54","slug":"imitacines-bendroves","status":"publish","type":"page","link":"https:\/\/kaunokolegija.lt\/vf\/imitacines-bendroves\/","title":{"rendered":"Imitacin\u0117s bendrov\u0117s"},"content":{"rendered":"\n<div class=\"wp-block-columns top-p is-layout-flex wp-container-core-columns-is-layout-28f84493 wp-block-columns-is-layout-flex\">\n<div class=\"wp-block-column has-global-padding is-layout-constrained wp-container-core-column-is-layout-d0f22c05 wp-block-column-is-layout-constrained\">\n<div class=\"wp-block-columns abcd has-background is-layout-flex wp-container-core-columns-is-layout-28f84493 wp-block-columns-is-layout-flex\" style=\"background-color:#f9f9f9\">\n<div class=\"wp-block-column is-layout-flow wp-block-column-is-layout-flow\" style=\"padding-top:0;padding-right:0;padding-bottom:0;padding-left:0\">\n<p class=\"has-m-font-size\"><strong>Imitacin\u0117s bendrov\u0117s (IB) <\/strong>\u2013 tai verslo \u012fmon\u0117s modelis, sukurtas mokymo tikslais verslumui ugdyti, imituojant tikros verslo \u012fmon\u0117s veikl\u0105 darbuotoj\u0173 valdymo, apskaitos, pirkim\u0173, pardavim\u0173 ir rinkodaros srityse bei vykdant verslo veiklos procesus vadovaujantis Lietuvos Respublikos \u012fstatymais, Vyriausyb\u0117s nutarimais ir kitais norminiais dokumentais. IB imituoja tikr\u0173 prekybini\u0173 \/ gamybini\u0173 bendrovi\u0173 veikl\u0105 ir atspindi visus realioje \u012fmon\u0117je vykstan\u010dius procesus. J\u0173 veikloje nenaudojami tikri pinigai bei tikros materialios prek\u0117s.<\/p>\n\n\n\n<p>Imitacini\u0173 bendrovi\u0173 <strong>tikslas<\/strong> \u2013 ugdyti student\u0173 verslum\u0105, praktinius geb\u0117jimus, rengiant k\u016brybi\u0161kas komandines bei individualias u\u017eduotis, sudarant s\u0105lygas veikti savaranki\u0161kai ir iniciatyviai, skatinant bendradarbiavim\u0105 tarp grup\u0117s nari\u0173, aktyviai ie\u0161kant inovatyvi\u0173 sprendim\u0173 realioms verslo situacijoms spr\u0119sti.<\/p>\n\n\n\n<p style=\"margin-top:8px;margin-bottom:8px\">Imitacini\u0173 bendrovi\u0173 veikl\u0105 Lietuvoje koordinuoja \u201eSimuLith\u201c centras, kuris imituoja registro, banko, pa\u0161to, muitin\u0117s, mokes\u010di\u0173 inspekcijos, \u201eSodros\u201c funkcijas. \u201eSimuLith\u201c centras priklauso tarptautiniam EUROPEN imitacini\u0173 bendrovi\u0173 tinklui, kuris apjungia ne tik Lietuvos, bet ir Danijos, Suomijos, Vokietijos, Ispanijos, Italijos ir kit\u0173 pasaulio \u0161ali\u0173 imitacines bendroves.Kauno kolegijoje \u0161is praktin\u0117s veiklos modelis veikia nuo 1994 met\u0173. Kauno kolegijos Verslo fakultete \u0161iuo metu yra keturios IB: <strong>\u201eTalija\u201c, \u201eTuristlandija\u201c, \u201eRa\u0161tmena\u201c, \u201eH&amp;A Export Company\u201c<\/strong>. Nuo 2018 met\u0173 visos IB \u012fsik\u016br\u0117 vienoje Verslo fakulteto vietoje (Gedimino g. 41, Kaunas). Kauno kolegijos imitacini\u0173 bendrovi\u0173 veikl\u0105 koordinuoja Rasa \u0160abrinskien\u0117, el. p. <a href=\"mailto:rasa.sabrinskiene@kaunokolegija.lt\">rasa.sabrinskiene@kaunokolegija.lt<\/a>.<\/p>\n<\/div>\n<\/div>\n<\/div>\n<\/div>\n\n\n\n<div class=\"wp-block-columns is-layout-flex wp-container-core-columns-is-layout-28f84493 wp-block-columns-is-layout-flex\">\n<div class=\"wp-block-column is-layout-flow wp-block-column-is-layout-flow\">\n<div class=\"wp-block-columns is-layout-flex wp-container-core-columns-is-layout-28f84493 wp-block-columns-is-layout-flex\">\n<div class=\"wp-block-column has-background is-layout-flow wp-block-column-is-layout-flow\" style=\"border-style:none;border-width:0px;border-radius:0px;background-color:#399e97;padding-top:1.2em;padding-bottom:1.2em\">\n<p class=\"has-base-color has-text-color has-link-color has-l-font-size wp-elements-9f57dd0935908d1ee87e0a28d1cfd9b2\" style=\"padding-right:3.5rem;padding-left:3.5rem\"><strong><strong>Imitacin\u0117s bendrov\u0117s<\/strong><\/strong><\/p>\n<\/div>\n<\/div>\n<\/div>\n<\/div>\n\n\n\n<div class=\"wp-block-columns has-background is-layout-flex wp-container-core-columns-is-layout-542316ff wp-block-columns-is-layout-flex\" id=\"top-p\" style=\"background-color:#ffffff00;margin-top:var(--wp--preset--spacing--m);margin-bottom:var(--wp--preset--spacing--m);padding-top:var(--wp--preset--spacing--xs);padding-right:var(--wp--preset--spacing--xs);padding-bottom:var(--wp--preset--spacing--xs);padding-left:var(--wp--preset--spacing--xs)\">\n<div class=\"wp-block-column has-global-padding is-content-justification-center is-layout-constrained wp-block-column-is-layout-constrained\">\n<div class=\"wp-block-columns abcd has-background is-layout-flex wp-container-core-columns-is-layout-28f84493 wp-block-columns-is-layout-flex\" style=\"background-color:#f9f9f9\">\n<div class=\"wp-block-column is-layout-flow wp-block-column-is-layout-flow\" style=\"padding-top:0;padding-right:0;padding-bottom:0;padding-left:0\">\n<p class=\"has-contrast-alt-color has-text-color has-link-color has-m-font-size wp-elements-491f42c08f1e12b280436b057651e899\"><strong><strong>\u017died\u016bna<\/strong><\/strong><\/p>\n\n\n\n<figure class=\"wp-block-image aligncenter size-full is-resized\"><img loading=\"lazy\" decoding=\"async\" width=\"1563\" height=\"1563\" src=\"https:\/\/kaunokolegija.lt\/vf\/wp-content\/uploads\/sites\/18\/2026\/02\/H_A-logo.jpg\" alt=\"\" class=\"wp-image-279334\" style=\"width:156px;height:auto\" srcset=\"https:\/\/kaunokolegija.lt\/vf\/wp-content\/uploads\/sites\/18\/2026\/02\/H_A-logo.jpg 1563w, https:\/\/kaunokolegija.lt\/vf\/wp-content\/uploads\/sites\/18\/2026\/02\/H_A-logo-300x300.jpg 300w, https:\/\/kaunokolegija.lt\/vf\/wp-content\/uploads\/sites\/18\/2026\/02\/H_A-logo-1024x1024.jpg 1024w, https:\/\/kaunokolegija.lt\/vf\/wp-content\/uploads\/sites\/18\/2026\/02\/H_A-logo-150x150.jpg 150w, https:\/\/kaunokolegija.lt\/vf\/wp-content\/uploads\/sites\/18\/2026\/02\/H_A-logo-768x768.jpg 768w, https:\/\/kaunokolegija.lt\/vf\/wp-content\/uploads\/sites\/18\/2026\/02\/H_A-logo-1536x1536.jpg 1536w\" sizes=\"auto, (max-width: 1563px) 100vw, 1563px\" \/><\/figure>\n\n\n\n<p style=\"margin-top:8px;margin-bottom:8px\"><strong>IB pavadinimas: <\/strong>\u201eH&amp;A Export Company\u201c<br><strong>\u012esteigimo metai:<\/strong> \u201eSimuLith\u201c tinkle \u012fregistruota 1994 m.<br><strong>Veikla:<\/strong> ma\u017emenin\u0117 prekyba dailinink\u0173 ir amatinink\u0173 darbo dirbiniais<br><strong>Praktik\u0105 atlieka:<\/strong> Organizacij\u0173 vadybos, Pardavim\u0173 ir marketingo, Tarptautinio verslo studij\u0173 program\u0173 studentai<br><strong>Vadovas:<\/strong> Vilija Mieliauskien\u0117<\/p>\n\n\n\n<p class=\"has-text-color has-link-color wp-elements-6e617b7ee9c3565731b9df1d25bf9b31\" style=\"color:#221e1e;margin-top:8px;margin-bottom:8px\"><strong>Adresas:<\/strong> Gedimino g. 41-16, LT-44240 Kaunas; <\/p>\n\n\n\n<p class=\"has-text-color has-link-color wp-elements-fd2dd4df4a45e928188c5f5d84c566aa\" style=\"color:#221e1e;margin-top:8px;margin-bottom:8px\">Student\u0173 g. 17-112, LT-62252 Alytus<br><strong>Kontaktai: <a href=\"mailto:vpmfzieduna@gmail.com\">hax@go.kauko.lt<\/a><\/strong><\/p>\n<\/div>\n<\/div>\n<\/div>\n\n\n\n<div class=\"wp-block-column has-global-padding is-content-justification-center is-layout-constrained wp-block-column-is-layout-constrained\">\n<div class=\"wp-block-columns abcd has-background is-layout-flex wp-container-core-columns-is-layout-28f84493 wp-block-columns-is-layout-flex\" style=\"background-color:#f9f9f9\">\n<div class=\"wp-block-column is-layout-flow wp-block-column-is-layout-flow\" style=\"padding-top:0;padding-right:0;padding-bottom:0;padding-left:0\">\n<p class=\"has-contrast-alt-color has-text-color has-link-color has-m-font-size wp-elements-f0087ccc85122efe528ded53d61de70b\"><strong><strong>Talija<\/strong><\/strong><\/p>\n\n\n\n<figure class=\"wp-block-image aligncenter size-full is-resized\"><img loading=\"lazy\" decoding=\"async\" width=\"149\" height=\"104\" src=\"https:\/\/kaunokolegija.lt\/vf\/wp-content\/uploads\/sites\/18\/2026\/01\/image-1.png\" alt=\"\" class=\"wp-image-276737\" style=\"width:200px\" \/><\/figure>\n\n\n\n<p style=\"margin-top:8px;margin-bottom:8px\"><strong>IB pavadinimas: <\/strong>\u201eTalija\u201c<br><strong>\u012esteigimo metai:<\/strong> \u201eSimuLith\u201c tinkle \u012fregistruota 2000 m.<br><strong>Veikla:<\/strong> prekyba trikota\u017eo gaminiais<br><strong>Praktik\u0105 atlieka: <\/strong>Tarptautinio verslo, Pardavim\u0173 ir marketingo, Organizacij\u0173 vadybos studij\u0173 program\u0173 studentai<br><strong>Vadov\u0117: <\/strong>Vilija Mieliauskien\u0117<\/p>\n\n\n\n<p style=\"margin-top:8px;margin-bottom:8px\"><strong>Adresas: <\/strong>Gedimino 41 -15, 44240 Kaunas<br><strong>Kontaktai: <a href=\"mailto:vpmftalija@kaunokolegija.lt\">vpmftalija@kaunokolegija.lt<\/a><\/strong><\/p>\n<\/div>\n<\/div>\n<\/div>\n<\/div>\n\n\n\n<div class=\"wp-block-columns has-background is-layout-flex wp-container-core-columns-is-layout-542316ff wp-block-columns-is-layout-flex\" id=\"top-p\" style=\"background-color:#ffffff00;margin-top:var(--wp--preset--spacing--m);margin-bottom:var(--wp--preset--spacing--m);padding-top:var(--wp--preset--spacing--xs);padding-right:var(--wp--preset--spacing--xs);padding-bottom:var(--wp--preset--spacing--xs);padding-left:var(--wp--preset--spacing--xs)\">\n<div class=\"wp-block-column has-global-padding is-content-justification-center is-layout-constrained wp-block-column-is-layout-constrained\">\n<div class=\"wp-block-columns abcd has-background is-layout-flex wp-container-core-columns-is-layout-28f84493 wp-block-columns-is-layout-flex\" style=\"background-color:#f9f9f9\">\n<div class=\"wp-block-column is-layout-flow wp-block-column-is-layout-flow\" style=\"padding-top:0;padding-right:0;padding-bottom:0;padding-left:0\">\n<p class=\"has-contrast-alt-color has-text-color has-link-color has-m-font-size wp-elements-dc9a9d78d0afe4e656943baed2bdb856\"><strong><strong><strong>Ra\u0161tmena<\/strong><\/strong><\/strong><\/p>\n\n\n\n<figure class=\"wp-block-image aligncenter size-full is-resized\"><img loading=\"lazy\" decoding=\"async\" width=\"200\" height=\"121\" src=\"https:\/\/kaunokolegija.lt\/vf\/wp-content\/uploads\/sites\/18\/2026\/01\/image-2.png\" alt=\"\" class=\"wp-image-276738\" style=\"width:200px\" \/><\/figure>\n\n\n\n<p style=\"margin-top:8px;margin-bottom:8px\"><strong>IIB pavadinimas: <\/strong>\u201eRa\u0161tmena\u201c.<br><strong>\u012esteigimo metai:<\/strong> \u201eSimuLith\u201c tinkle \u012fregistruota 2001 m.<br><strong>Veikla: <\/strong>ma\u017emenin\u0117 prekyba biuro prek\u0117mis, vizitini\u0173 korteli\u0173 gamyba.<br><strong>Praktik\u0105 atlieka: <\/strong>Pardavim\u0173 ir marketingo, Tarptautinio verslo studij\u0173 program\u0173 studentai<br><strong>Vadovas: <\/strong>Rasa \u0160abrinskien\u0117<br><strong>Adresas:<\/strong> Gedimino g. 41-16, LT-44240 Kaunas<br><strong>Kontaktai: <a href=\"mailto:vpmfrastmena@gmail.com\">vpmfrastmena@gmail.com<\/a><\/strong><\/p>\n<\/div>\n<\/div>\n<\/div>\n\n\n\n<div class=\"wp-block-column has-global-padding is-content-justification-center is-layout-constrained wp-block-column-is-layout-constrained\">\n<div class=\"wp-block-columns abcd has-background is-layout-flex wp-container-core-columns-is-layout-28f84493 wp-block-columns-is-layout-flex\" style=\"background-color:#f9f9f9\">\n<div class=\"wp-block-column is-layout-flow wp-block-column-is-layout-flow\" style=\"padding-top:0;padding-right:0;padding-bottom:0;padding-left:0\">\n<p class=\"has-contrast-alt-color has-text-color has-link-color has-m-font-size wp-elements-33f321f07137da08a0f296c1b35ed6ad\"><strong><strong><strong>Turistlandija<\/strong><\/strong><\/strong><\/p>\n\n\n\n<figure class=\"wp-block-image aligncenter size-full is-resized\"><img loading=\"lazy\" decoding=\"async\" width=\"300\" height=\"153\" src=\"https:\/\/kaunokolegija.lt\/vf\/wp-content\/uploads\/sites\/18\/2026\/01\/image-3.png\" alt=\"\" class=\"wp-image-276739\" style=\"width:250px\" \/><\/figure>\n\n\n\n<p style=\"margin-top:8px;margin-bottom:8px\"><strong>IB pavadinimas: <\/strong>\u201eTuristlandija\u201c<br><strong>\u012esteigimo metai: <\/strong>\u201eSimuLith\u201c tinkle \u012fregistruota 2003 m.<br><strong>Veikla: <\/strong>Prekyba turizmo, sporto prek\u0117mis bei apranga<br><strong>Praktik\u0105 atlieka: <\/strong>Tarptautinio verslo, Pardavim\u0173 ir marketingo, Organizacij\u0173 vadybos studentai<br><strong>Vadov\u0117: <\/strong>Rasa \u0160abrinskien\u0117<br><strong>Adresas: <\/strong>Gedimino 41 -13, LT- 44240 Kaunas<br><strong>Kontaktai: <a href=\"mailto:vpmfturistlandija@gmail.com\">vpmfturistlandija@gmail.com<\/a><\/strong><\/p>\n<\/div>\n<\/div>\n<\/div>\n<\/div>\n","protected":false},"excerpt":{"rendered":"<p>Imitacin\u0117s bendrov\u0117s (IB) \u2013 tai verslo \u012fmon\u0117s modelis, sukurtas mokymo tikslais verslumui ugdyti, imituojant tikros verslo \u012fmon\u0117s veikl\u0105 darbuotoj\u0173 valdymo, apskaitos, pirkim\u0173, pardavim\u0173 ir rinkodaros srityse bei vykdant verslo veiklos procesus vadovaujantis&hellip;<\/p>\n","protected":false},"author":1,"featured_media":276744,"parent":0,"menu_order":0,"comment_status":"closed","ping_status":"closed","template":"","meta":{"footnotes":""},"class_list":["post-276187","page","type-page","status-publish","has-post-thumbnail","hentry"],"yoast_head":"<!-- This site is optimized with the Yoast SEO plugin v27.4 - https:\/\/yoast.com\/product\/yoast-seo-wordpress\/ -->\n<title>Imitacin\u0117s bendrov\u0117s - Verslo fakultetas<\/title>\n<meta name=\"robots\" content=\"index, follow, max-snippet:-1, max-image-preview:large, max-video-preview:-1\" \/>\n<link rel=\"canonical\" href=\"https:\/\/kaunokolegija.lt\/vf\/imitacines-bendroves\/\" \/>\n<meta property=\"og:locale\" content=\"lt_LT\" \/>\n<meta property=\"og:type\" content=\"article\" \/>\n<meta property=\"og:title\" content=\"Imitacin\u0117s bendrov\u0117s - Verslo fakultetas\" \/>\n<meta property=\"og:description\" content=\"Imitacin\u0117s bendrov\u0117s (IB) \u2013 tai verslo \u012fmon\u0117s modelis, sukurtas mokymo tikslais verslumui ugdyti, imituojant tikros verslo \u012fmon\u0117s veikl\u0105 darbuotoj\u0173 valdymo, apskaitos, pirkim\u0173, pardavim\u0173 ir rinkodaros srityse bei vykdant verslo veiklos procesus vadovaujantis&hellip;\" \/>\n<meta property=\"og:url\" content=\"https:\/\/kaunokolegija.lt\/vf\/imitacines-bendroves\/\" \/>\n<meta property=\"og:site_name\" content=\"Verslo fakultetas\" \/>\n<meta property=\"article:publisher\" content=\"https:\/\/www.facebook.com\/Kauno.kolegija\/\" \/>\n<meta property=\"article:modified_time\" content=\"2026-02-05T08:13:54+00:00\" \/>\n<meta property=\"og:image\" content=\"https:\/\/kaunokolegija.lt\/vf\/wp-content\/uploads\/sites\/18\/2026\/01\/Kauno_kolegija_63-scaled.webp\" \/>\n\t<meta property=\"og:image:width\" content=\"2560\" \/>\n\t<meta property=\"og:image:height\" content=\"1707\" \/>\n\t<meta property=\"og:image:type\" content=\"image\/webp\" \/>\n<meta name=\"twitter:card\" content=\"summary_large_image\" \/>\n<meta name=\"twitter:label1\" content=\"Est. reading time\" \/>\n\t<meta name=\"twitter:data1\" content=\"3 minut\u0117s\" \/>\n<script type=\"application\/ld+json\" class=\"yoast-schema-graph\">{\"@context\":\"https:\\\/\\\/schema.org\",\"@graph\":[{\"@type\":\"WebPage\",\"@id\":\"https:\\\/\\\/kaunokolegija.lt\\\/vf\\\/imitacines-bendroves\\\/\",\"url\":\"https:\\\/\\\/kaunokolegija.lt\\\/vf\\\/imitacines-bendroves\\\/\",\"name\":\"Imitacin\u0117s bendrov\u0117s - Verslo fakultetas\",\"isPartOf\":{\"@id\":\"https:\\\/\\\/kaunokolegija.lt\\\/vf\\\/#website\"},\"primaryImageOfPage\":{\"@id\":\"https:\\\/\\\/kaunokolegija.lt\\\/vf\\\/imitacines-bendroves\\\/#primaryimage\"},\"image\":{\"@id\":\"https:\\\/\\\/kaunokolegija.lt\\\/vf\\\/imitacines-bendroves\\\/#primaryimage\"},\"thumbnailUrl\":\"https:\\\/\\\/kaunokolegija.lt\\\/vf\\\/wp-content\\\/uploads\\\/sites\\\/18\\\/2026\\\/01\\\/Kauno_kolegija_63-scaled.webp\",\"datePublished\":\"2025-09-25T17:57:52+00:00\",\"dateModified\":\"2026-02-05T08:13:54+00:00\",\"breadcrumb\":{\"@id\":\"https:\\\/\\\/kaunokolegija.lt\\\/vf\\\/imitacines-bendroves\\\/#breadcrumb\"},\"inLanguage\":\"lt-LT\",\"potentialAction\":[{\"@type\":\"ReadAction\",\"target\":[\"https:\\\/\\\/kaunokolegija.lt\\\/vf\\\/imitacines-bendroves\\\/\"]}]},{\"@type\":\"ImageObject\",\"inLanguage\":\"lt-LT\",\"@id\":\"https:\\\/\\\/kaunokolegija.lt\\\/vf\\\/imitacines-bendroves\\\/#primaryimage\",\"url\":\"https:\\\/\\\/kaunokolegija.lt\\\/vf\\\/wp-content\\\/uploads\\\/sites\\\/18\\\/2026\\\/01\\\/Kauno_kolegija_63-scaled.webp\",\"contentUrl\":\"https:\\\/\\\/kaunokolegija.lt\\\/vf\\\/wp-content\\\/uploads\\\/sites\\\/18\\\/2026\\\/01\\\/Kauno_kolegija_63-scaled.webp\",\"width\":2560,\"height\":1707},{\"@type\":\"BreadcrumbList\",\"@id\":\"https:\\\/\\\/kaunokolegija.lt\\\/vf\\\/imitacines-bendroves\\\/#breadcrumb\",\"itemListElement\":[{\"@type\":\"ListItem\",\"position\":1,\"name\":\"Home\",\"item\":\"https:\\\/\\\/kaunokolegija.lt\\\/vf\\\/\"},{\"@type\":\"ListItem\",\"position\":2,\"name\":\"Imitacin\u0117s bendrov\u0117s\"}]},{\"@type\":\"WebSite\",\"@id\":\"https:\\\/\\\/kaunokolegija.lt\\\/vf\\\/#website\",\"url\":\"https:\\\/\\\/kaunokolegija.lt\\\/vf\\\/\",\"name\":\"Verslo fakultetas\",\"description\":\"Kauno kolegija\",\"publisher\":{\"@id\":\"https:\\\/\\\/kaunokolegija.lt\\\/vf\\\/#organization\"},\"potentialAction\":[{\"@type\":\"SearchAction\",\"target\":{\"@type\":\"EntryPoint\",\"urlTemplate\":\"https:\\\/\\\/kaunokolegija.lt\\\/vf\\\/?s={search_term_string}\"},\"query-input\":{\"@type\":\"PropertyValueSpecification\",\"valueRequired\":true,\"valueName\":\"search_term_string\"}}],\"inLanguage\":\"lt-LT\"},{\"@type\":\"Organization\",\"@id\":\"https:\\\/\\\/kaunokolegija.lt\\\/vf\\\/#organization\",\"name\":\"Kauno kolegija\",\"url\":\"https:\\\/\\\/kaunokolegija.lt\\\/vf\\\/\",\"logo\":{\"@type\":\"ImageObject\",\"inLanguage\":\"lt-LT\",\"@id\":\"https:\\\/\\\/kaunokolegija.lt\\\/vf\\\/#\\\/schema\\\/logo\\\/image\\\/\",\"url\":\"https:\\\/\\\/kaunokolegija.lt\\\/vf\\\/wp-content\\\/uploads\\\/sites\\\/18\\\/2026\\\/01\\\/cropped-KK_VF_COLOR.png\",\"contentUrl\":\"https:\\\/\\\/kaunokolegija.lt\\\/vf\\\/wp-content\\\/uploads\\\/sites\\\/18\\\/2026\\\/01\\\/cropped-KK_VF_COLOR.png\",\"width\":2084,\"height\":2084,\"caption\":\"Kauno kolegija\"},\"image\":{\"@id\":\"https:\\\/\\\/kaunokolegija.lt\\\/vf\\\/#\\\/schema\\\/logo\\\/image\\\/\"},\"sameAs\":[\"https:\\\/\\\/www.facebook.com\\\/Kauno.kolegija\\\/\"]}]}<\/script>\n<!-- \/ Yoast SEO plugin. -->","yoast_head_json":{"title":"Imitacin\u0117s bendrov\u0117s - Verslo fakultetas","robots":{"index":"index","follow":"follow","max-snippet":"max-snippet:-1","max-image-preview":"max-image-preview:large","max-video-preview":"max-video-preview:-1"},"canonical":"https:\/\/kaunokolegija.lt\/vf\/imitacines-bendroves\/","og_locale":"lt_LT","og_type":"article","og_title":"Imitacin\u0117s bendrov\u0117s - Verslo fakultetas","og_description":"Imitacin\u0117s bendrov\u0117s (IB) \u2013 tai verslo \u012fmon\u0117s modelis, sukurtas mokymo tikslais verslumui ugdyti, imituojant tikros verslo \u012fmon\u0117s veikl\u0105 darbuotoj\u0173 valdymo, apskaitos, pirkim\u0173, pardavim\u0173 ir rinkodaros srityse bei vykdant verslo veiklos procesus vadovaujantis&hellip;","og_url":"https:\/\/kaunokolegija.lt\/vf\/imitacines-bendroves\/","og_site_name":"Verslo fakultetas","article_publisher":"https:\/\/www.facebook.com\/Kauno.kolegija\/","article_modified_time":"2026-02-05T08:13:54+00:00","og_image":[{"width":2560,"height":1707,"url":"https:\/\/kaunokolegija.lt\/vf\/wp-content\/uploads\/sites\/18\/2026\/01\/Kauno_kolegija_63-scaled.webp","type":"image\/webp"}],"twitter_card":"summary_large_image","twitter_misc":{"Est. reading time":"3 minut\u0117s"},"schema":{"@context":"https:\/\/schema.org","@graph":[{"@type":"WebPage","@id":"https:\/\/kaunokolegija.lt\/vf\/imitacines-bendroves\/","url":"https:\/\/kaunokolegija.lt\/vf\/imitacines-bendroves\/","name":"Imitacin\u0117s bendrov\u0117s - Verslo fakultetas","isPartOf":{"@id":"https:\/\/kaunokolegija.lt\/vf\/#website"},"primaryImageOfPage":{"@id":"https:\/\/kaunokolegija.lt\/vf\/imitacines-bendroves\/#primaryimage"},"image":{"@id":"https:\/\/kaunokolegija.lt\/vf\/imitacines-bendroves\/#primaryimage"},"thumbnailUrl":"https:\/\/kaunokolegija.lt\/vf\/wp-content\/uploads\/sites\/18\/2026\/01\/Kauno_kolegija_63-scaled.webp","datePublished":"2025-09-25T17:57:52+00:00","dateModified":"2026-02-05T08:13:54+00:00","breadcrumb":{"@id":"https:\/\/kaunokolegija.lt\/vf\/imitacines-bendroves\/#breadcrumb"},"inLanguage":"lt-LT","potentialAction":[{"@type":"ReadAction","target":["https:\/\/kaunokolegija.lt\/vf\/imitacines-bendroves\/"]}]},{"@type":"ImageObject","inLanguage":"lt-LT","@id":"https:\/\/kaunokolegija.lt\/vf\/imitacines-bendroves\/#primaryimage","url":"https:\/\/kaunokolegija.lt\/vf\/wp-content\/uploads\/sites\/18\/2026\/01\/Kauno_kolegija_63-scaled.webp","contentUrl":"https:\/\/kaunokolegija.lt\/vf\/wp-content\/uploads\/sites\/18\/2026\/01\/Kauno_kolegija_63-scaled.webp","width":2560,"height":1707},{"@type":"BreadcrumbList","@id":"https:\/\/kaunokolegija.lt\/vf\/imitacines-bendroves\/#breadcrumb","itemListElement":[{"@type":"ListItem","position":1,"name":"Home","item":"https:\/\/kaunokolegija.lt\/vf\/"},{"@type":"ListItem","position":2,"name":"Imitacin\u0117s bendrov\u0117s"}]},{"@type":"WebSite","@id":"https:\/\/kaunokolegija.lt\/vf\/#website","url":"https:\/\/kaunokolegija.lt\/vf\/","name":"Verslo fakultetas","description":"Kauno kolegija","publisher":{"@id":"https:\/\/kaunokolegija.lt\/vf\/#organization"},"potentialAction":[{"@type":"SearchAction","target":{"@type":"EntryPoint","urlTemplate":"https:\/\/kaunokolegija.lt\/vf\/?s={search_term_string}"},"query-input":{"@type":"PropertyValueSpecification","valueRequired":true,"valueName":"search_term_string"}}],"inLanguage":"lt-LT"},{"@type":"Organization","@id":"https:\/\/kaunokolegija.lt\/vf\/#organization","name":"Kauno kolegija","url":"https:\/\/kaunokolegija.lt\/vf\/","logo":{"@type":"ImageObject","inLanguage":"lt-LT","@id":"https:\/\/kaunokolegija.lt\/vf\/#\/schema\/logo\/image\/","url":"https:\/\/kaunokolegija.lt\/vf\/wp-content\/uploads\/sites\/18\/2026\/01\/cropped-KK_VF_COLOR.png","contentUrl":"https:\/\/kaunokolegija.lt\/vf\/wp-content\/uploads\/sites\/18\/2026\/01\/cropped-KK_VF_COLOR.png","width":2084,"height":2084,"caption":"Kauno kolegija"},"image":{"@id":"https:\/\/kaunokolegija.lt\/vf\/#\/schema\/logo\/image\/"},"sameAs":["https:\/\/www.facebook.com\/Kauno.kolegija\/"]}]}},"_links":{"self":[{"href":"https:\/\/kaunokolegija.lt\/vf\/wp-json\/wp\/v2\/pages\/276187","targetHints":{"allow":["GET"]}}],"collection":[{"href":"https:\/\/kaunokolegija.lt\/vf\/wp-json\/wp\/v2\/pages"}],"about":[{"href":"https:\/\/kaunokolegija.lt\/vf\/wp-json\/wp\/v2\/types\/page"}],"author":[{"embeddable":true,"href":"https:\/\/kaunokolegija.lt\/vf\/wp-json\/wp\/v2\/users\/1"}],"replies":[{"embeddable":true,"href":"https:\/\/kaunokolegija.lt\/vf\/wp-json\/wp\/v2\/comments?post=276187"}],"version-history":[{"count":6,"href":"https:\/\/kaunokolegija.lt\/vf\/wp-json\/wp\/v2\/pages\/276187\/revisions"}],"predecessor-version":[{"id":279336,"href":"https:\/\/kaunokolegija.lt\/vf\/wp-json\/wp\/v2\/pages\/276187\/revisions\/279336"}],"wp:featuredmedia":[{"embeddable":true,"href":"https:\/\/kaunokolegija.lt\/vf\/wp-json\/wp\/v2\/media\/276744"}],"wp:attachment":[{"href":"https:\/\/kaunokolegija.lt\/vf\/wp-json\/wp\/v2\/media?parent=276187"}],"curies":[{"name":"wp","href":"https:\/\/api.w.org\/{rel}","templated":true}]}}