{"id":276183,"date":"2025-09-25T17:57:11","date_gmt":"2025-09-25T17:57:11","guid":{"rendered":"https:\/\/royalpeacock.agency\/kk\/vf11\/?page_id=276183"},"modified":"2026-01-23T12:07:50","modified_gmt":"2026-01-23T12:07:50","slug":"mokslas","status":"publish","type":"page","link":"https:\/\/kaunokolegija.lt\/vf\/mokslas\/","title":{"rendered":"Mokslas"},"content":{"rendered":"\n<div class=\"wp-block-columns top-p is-layout-flex wp-container-core-columns-is-layout-28f84493 wp-block-columns-is-layout-flex\">\n<div class=\"wp-block-column has-global-padding is-layout-constrained wp-container-core-column-is-layout-d0f22c05 wp-block-column-is-layout-constrained\">\n<div class=\"wp-block-columns abcd has-background is-layout-flex wp-container-core-columns-is-layout-28f84493 wp-block-columns-is-layout-flex\" style=\"background-color:#f9f9f9\">\n<div class=\"wp-block-column is-layout-flow wp-block-column-is-layout-flow\" style=\"padding-top:0;padding-right:0;padding-bottom:0;padding-left:0\">\n<p class=\"is-style-justify has-m-font-size\">Kauno kolegijos Verslo fakultetas vykdo socialini\u0173 moksl\u0173 srities taikomuosius tyrimus, kurie padeda spr\u0119sti realias verslo, vie\u0161ojo sektoriaus bei visuomen\u0117s problemas. Fakulteto mokslin\u0117 veikla grind\u017eiama praktine nauda, inovacij\u0173 k\u016brimu, taip pat partneryste su verslu bei regionin\u0117mis institucijomis.<\/p>\n\n\n\n<p class=\"is-style-justify has-m-font-size\">Mokslo veikla apima <strong>ekonomikos, finans\u0173, rinkodaros, komunikacijos, vadybos, logistikos, antrepreneryst\u0117s ir tvarumo temas<\/strong>, siekiant kurti atsparius, \u012ftraukius ir inovatyvius sprendimus, paremtus naujausiais moksliniais tyrimais bei duomenimis.<\/p>\n<\/div>\n<\/div>\n<\/div>\n<\/div>\n\n\n\n<div class=\"wp-block-columns is-layout-flex wp-container-core-columns-is-layout-28f84493 wp-block-columns-is-layout-flex\">\n<div class=\"wp-block-column is-layout-flow wp-block-column-is-layout-flow\">\n<div class=\"wp-block-columns is-layout-flex wp-container-core-columns-is-layout-28f84493 wp-block-columns-is-layout-flex\">\n<div class=\"wp-block-column has-background is-layout-flow wp-block-column-is-layout-flow\" style=\"border-style:none;border-width:0px;border-radius:0px;background-color:#399e97;padding-top:1.2em;padding-bottom:1.2em\">\n<p class=\"has-base-color has-text-color has-link-color has-l-font-size wp-elements-50f8767f75f47a1d5b3d7e89021fba06\" style=\"padding-right:3.5rem;padding-left:3.5rem\"><strong>Verslo fakultete veikia dvi aktyvios mokslo grup\u0117s<\/strong><\/p>\n<\/div>\n<\/div>\n<\/div>\n<\/div>\n\n\n\n<div class=\"wp-block-columns has-background is-layout-flex wp-container-core-columns-is-layout-542316ff wp-block-columns-is-layout-flex\" id=\"top-p\" style=\"background-color:#ffffff00;margin-top:var(--wp--preset--spacing--m);margin-bottom:var(--wp--preset--spacing--m);padding-top:var(--wp--preset--spacing--xs);padding-right:var(--wp--preset--spacing--xs);padding-bottom:var(--wp--preset--spacing--xs);padding-left:var(--wp--preset--spacing--xs)\">\n<div class=\"wp-block-column has-global-padding is-content-justification-center is-layout-constrained wp-block-column-is-layout-constrained\">\n<div class=\"wp-block-columns abcd has-background is-layout-flex wp-container-core-columns-is-layout-28f84493 wp-block-columns-is-layout-flex\" style=\"background-color:#f9f9f9\">\n<div class=\"wp-block-column is-layout-flow wp-block-column-is-layout-flow\" style=\"padding-top:0;padding-right:0;padding-bottom:0;padding-left:0\">\n<p class=\"has-text-color has-link-color has-m-font-size wp-elements-bf26fc72424bb47f05937761712233d3\" style=\"color:#399e97\"><strong><strong>Verslo inovacijos ir antrepreneryst\u0117 darniam vystymuisi<\/strong><\/strong><\/p>\n<\/div>\n<\/div>\n<\/div>\n\n\n\n<div class=\"wp-block-column has-global-padding is-content-justification-center is-layout-constrained wp-block-column-is-layout-constrained\">\n<div class=\"wp-block-columns abcd has-background is-layout-flex wp-container-core-columns-is-layout-28f84493 wp-block-columns-is-layout-flex\" style=\"background-color:#f9f9f9\">\n<div class=\"wp-block-column is-layout-flow wp-block-column-is-layout-flow\" style=\"padding-top:0;padding-right:0;padding-bottom:0;padding-left:0\">\n<p class=\"has-text-color has-link-color has-m-font-size wp-elements-41b29f540ef0349eaa01b537416da124\" style=\"color:#399e97\"><strong><strong>Skaitmenin\u0117 transformacija ir komunikacija<\/strong><\/strong><\/p>\n<\/div>\n<\/div>\n<\/div>\n<\/div>\n\n\n\n<div class=\"wp-block-columns top-p is-layout-flex wp-container-core-columns-is-layout-28f84493 wp-block-columns-is-layout-flex\">\n<div class=\"wp-block-column has-global-padding is-layout-constrained wp-container-core-column-is-layout-d0f22c05 wp-block-column-is-layout-constrained\">\n<div class=\"wp-block-columns abcd has-background is-layout-flex wp-container-core-columns-is-layout-28f84493 wp-block-columns-is-layout-flex\" style=\"background-color:#f9f9f9\">\n<div class=\"wp-block-column is-layout-flow wp-block-column-is-layout-flow\" style=\"padding-top:0;padding-right:0;padding-bottom:0;padding-left:0\">\n<p class=\"is-style-justify has-m-font-size\">Fakulteto tyr\u0117jai \u012fsitraukia \u012f regioninius ir tarptautinius projektus, rengia galimybi\u0173 studijas, konsultuoja vie\u0161\u0105sias ir priva\u010dias organizacijas, analizuoja vartotoj\u0173 elgsen\u0105, skaitmenin\u0119 brand\u0105, tiekimo grandines ir kitas \u0161iuolaikiniam verslui aktualias sritis.<\/p>\n\n\n\n<p class=\"is-style-justify has-m-font-size\">Verslo fakulteto mokslinink\u0173 kompetencijos ir glaudus ry\u0161ys su verslo praktika leid\u017eia ne tik generuoti \u017einias, bet ir kurti tvarius sprendimus, kurie prisideda prie regiono konkurencingumo ir pa\u017eangos.<\/p>\n<\/div>\n<\/div>\n<\/div>\n<\/div>\n\n\n\n<div class=\"wp-block-columns is-layout-flex wp-container-core-columns-is-layout-28f84493 wp-block-columns-is-layout-flex\">\n<div class=\"wp-block-column is-layout-flow wp-block-column-is-layout-flow\">\n<div class=\"wp-block-columns is-layout-flex wp-container-core-columns-is-layout-28f84493 wp-block-columns-is-layout-flex\">\n<div class=\"wp-block-column has-background is-layout-flow wp-block-column-is-layout-flow\" style=\"border-style:none;border-width:0px;border-radius:0px;background-color:#399e97;padding-top:1.2em;padding-bottom:1.2em\">\n<p class=\"has-base-color has-text-color has-link-color has-l-font-size wp-elements-57506363f53be0a4e5cd89ce5e7d40bb\" style=\"padding-right:3.5rem;padding-left:3.5rem\"><strong><strong>Mes si\u016blome<\/strong><\/strong><\/p>\n<\/div>\n<\/div>\n<\/div>\n<\/div>\n\n\n\n<div class=\"wp-block-columns top-p is-layout-flex wp-container-core-columns-is-layout-9a5e5583 wp-block-columns-is-layout-flex\" style=\"margin-top:var(--wp--preset--spacing--s);margin-bottom:var(--wp--preset--spacing--s)\">\n<div class=\"wp-block-column has-global-padding is-layout-constrained wp-container-core-column-is-layout-d0f22c05 wp-block-column-is-layout-constrained\">\n<div class=\"wp-block-columns abcd has-background is-layout-flex wp-container-core-columns-is-layout-28f84493 wp-block-columns-is-layout-flex\" style=\"background-color:#f9f9f9\">\n<div class=\"wp-block-column is-layout-flow wp-block-column-is-layout-flow\" style=\"padding-top:0;padding-right:0;padding-bottom:0;padding-left:0\">\n<p class=\"is-style-justify has-m-font-size\"><strong>Atlikti taikomuosius mokslinius tyrimus,<\/strong> galimybi\u0173 studijas, analizes ir konsultacijas jums aktualiose srityse (pvz., rinkodara, vadyba, finansai, komunikacija, tvarumas).<\/p>\n\n\n\n<p class=\"is-style-justify\"><strong>Bendradarbiauti verslo ir mokslo projektuose,<\/strong> kuriant inovatyvius produktus, paslaugas ar proces\u0173 sprendimus, taikant ir komercializuojant tyrim\u0173 rezultatus.<\/p>\n\n\n\n<p class=\"is-style-justify\"><strong>Teikti pagalb\u0105 verslui ir verslo prad\u017eiai <\/strong>\u2013 rengti verslo, rinkodaros ar komunikacijos modelius, kurti strategijas, konsultuoti \u012fmoni\u0173 steigimo klausimais.<\/p>\n\n\n\n<p class=\"is-style-justify\"><strong>Organizuoti mokymus, seminarus ir konferencijas<\/strong> verslo, vie\u0161ojo valdymo, tvarumo, lyderyst\u0117s, skaitmenin\u0117s transformacijos ir kitomis temomis.<\/p>\n\n\n\n<p class=\"is-style-justify\"><strong>Teikti tyrimais pagr\u012fstas rekomendacijas verslo sprendim\u0173 pri\u0117mimui<\/strong> \u2013 nuo vartotoj\u0173 tyrim\u0173 iki konkurencin\u0117s aplinkos analiz\u0117s.<\/p>\n\n\n\n<p class=\"is-style-justify\">Kvie\u010diame bendradarbiauti verslo \u012fmones, organizacijas bei vie\u0161ojo sektoriaus partnerius, kurie siekia kurti pa\u017eangius, tyrimais pagr\u012fstus sprendimus.<\/p>\n\n\n\n<p class=\"is-style-justify\">\u012egyvendinti kitas su taikomaisiais moksliniais tyrimais, eksperimentine pl\u0117tra ir mokymais susijusias veiklas, pagal poreik\u012f pritaikant turimas mokslo grupi\u0173 kompetencijas.<\/p>\n\n\n\n<p><strong>Daugiau informacijos:<\/strong><\/p>\n\n\n\n<p>Verslo fakulteto prodekan\u0117 mokslui<br>Dr. Aist\u0117 Lastauskait\u0117<br>Pramon\u0117s pr. 20, 2-52 kab.<br><a href=\"tel:37060344168\"><span style=\"text-decoration: underline;\">+370 603 44 168<\/span><\/a><br><a href=\"mailto:aiste.lastauskaite@kaunokolegija.lt\">aiste.lastauskaite@kaunokolegija.lt<\/a><\/p>\n<\/div>\n<\/div>\n<\/div>\n<\/div>\n","protected":false},"excerpt":{"rendered":"<p>Kauno kolegijos Verslo fakultetas vykdo socialini\u0173 moksl\u0173 srities taikomuosius tyrimus, kurie padeda spr\u0119sti realias verslo, vie\u0161ojo sektoriaus bei visuomen\u0117s problemas. Fakulteto mokslin\u0117 veikla grind\u017eiama praktine nauda, inovacij\u0173 k\u016brimu, taip pat partneryste su&hellip;<\/p>\n","protected":false},"author":1,"featured_media":276696,"parent":0,"menu_order":0,"comment_status":"closed","ping_status":"closed","template":"","meta":{"footnotes":""},"class_list":["post-276183","page","type-page","status-publish","has-post-thumbnail","hentry"],"yoast_head":"<!-- This site is optimized with the Yoast SEO plugin v27.4 - https:\/\/yoast.com\/product\/yoast-seo-wordpress\/ -->\n<title>Mokslas - Verslo fakultetas<\/title>\n<meta name=\"robots\" content=\"index, follow, max-snippet:-1, max-image-preview:large, max-video-preview:-1\" \/>\n<link rel=\"canonical\" href=\"https:\/\/kaunokolegija.lt\/vf\/mokslas\/\" \/>\n<meta property=\"og:locale\" content=\"lt_LT\" \/>\n<meta property=\"og:type\" content=\"article\" \/>\n<meta property=\"og:title\" content=\"Mokslas - Verslo fakultetas\" \/>\n<meta property=\"og:description\" content=\"Kauno kolegijos Verslo fakultetas vykdo socialini\u0173 moksl\u0173 srities taikomuosius tyrimus, kurie padeda spr\u0119sti realias verslo, vie\u0161ojo sektoriaus bei visuomen\u0117s problemas. Fakulteto mokslin\u0117 veikla grind\u017eiama praktine nauda, inovacij\u0173 k\u016brimu, taip pat partneryste su&hellip;\" \/>\n<meta property=\"og:url\" content=\"https:\/\/kaunokolegija.lt\/vf\/mokslas\/\" \/>\n<meta property=\"og:site_name\" content=\"Verslo fakultetas\" \/>\n<meta property=\"article:publisher\" content=\"https:\/\/www.facebook.com\/Kauno.kolegija\/\" \/>\n<meta property=\"article:modified_time\" content=\"2026-01-23T12:07:50+00:00\" \/>\n<meta property=\"og:image\" content=\"https:\/\/kaunokolegija.lt\/vf\/wp-content\/uploads\/sites\/18\/2025\/12\/Kauno_Kolegija_alumni-scaled.webp\" \/>\n\t<meta property=\"og:image:width\" content=\"2560\" \/>\n\t<meta property=\"og:image:height\" content=\"1707\" \/>\n\t<meta property=\"og:image:type\" content=\"image\/webp\" \/>\n<meta name=\"twitter:card\" content=\"summary_large_image\" \/>\n<meta name=\"twitter:label1\" content=\"Est. reading time\" \/>\n\t<meta name=\"twitter:data1\" content=\"1 minut\u0117\" \/>\n<script type=\"application\/ld+json\" class=\"yoast-schema-graph\">{\"@context\":\"https:\\\/\\\/schema.org\",\"@graph\":[{\"@type\":\"WebPage\",\"@id\":\"https:\\\/\\\/kaunokolegija.lt\\\/vf\\\/mokslas\\\/\",\"url\":\"https:\\\/\\\/kaunokolegija.lt\\\/vf\\\/mokslas\\\/\",\"name\":\"Mokslas - Verslo fakultetas\",\"isPartOf\":{\"@id\":\"https:\\\/\\\/kaunokolegija.lt\\\/vf\\\/#website\"},\"primaryImageOfPage\":{\"@id\":\"https:\\\/\\\/kaunokolegija.lt\\\/vf\\\/mokslas\\\/#primaryimage\"},\"image\":{\"@id\":\"https:\\\/\\\/kaunokolegija.lt\\\/vf\\\/mokslas\\\/#primaryimage\"},\"thumbnailUrl\":\"https:\\\/\\\/kaunokolegija.lt\\\/vf\\\/wp-content\\\/uploads\\\/sites\\\/18\\\/2025\\\/12\\\/Kauno_Kolegija_alumni-scaled.webp\",\"datePublished\":\"2025-09-25T17:57:11+00:00\",\"dateModified\":\"2026-01-23T12:07:50+00:00\",\"breadcrumb\":{\"@id\":\"https:\\\/\\\/kaunokolegija.lt\\\/vf\\\/mokslas\\\/#breadcrumb\"},\"inLanguage\":\"lt-LT\",\"potentialAction\":[{\"@type\":\"ReadAction\",\"target\":[\"https:\\\/\\\/kaunokolegija.lt\\\/vf\\\/mokslas\\\/\"]}]},{\"@type\":\"ImageObject\",\"inLanguage\":\"lt-LT\",\"@id\":\"https:\\\/\\\/kaunokolegija.lt\\\/vf\\\/mokslas\\\/#primaryimage\",\"url\":\"https:\\\/\\\/kaunokolegija.lt\\\/vf\\\/wp-content\\\/uploads\\\/sites\\\/18\\\/2025\\\/12\\\/Kauno_Kolegija_alumni-scaled.webp\",\"contentUrl\":\"https:\\\/\\\/kaunokolegija.lt\\\/vf\\\/wp-content\\\/uploads\\\/sites\\\/18\\\/2025\\\/12\\\/Kauno_Kolegija_alumni-scaled.webp\",\"width\":2560,\"height\":1707},{\"@type\":\"BreadcrumbList\",\"@id\":\"https:\\\/\\\/kaunokolegija.lt\\\/vf\\\/mokslas\\\/#breadcrumb\",\"itemListElement\":[{\"@type\":\"ListItem\",\"position\":1,\"name\":\"Home\",\"item\":\"https:\\\/\\\/kaunokolegija.lt\\\/vf\\\/\"},{\"@type\":\"ListItem\",\"position\":2,\"name\":\"Mokslas\"}]},{\"@type\":\"WebSite\",\"@id\":\"https:\\\/\\\/kaunokolegija.lt\\\/vf\\\/#website\",\"url\":\"https:\\\/\\\/kaunokolegija.lt\\\/vf\\\/\",\"name\":\"Verslo fakultetas\",\"description\":\"Kauno kolegija\",\"publisher\":{\"@id\":\"https:\\\/\\\/kaunokolegija.lt\\\/vf\\\/#organization\"},\"potentialAction\":[{\"@type\":\"SearchAction\",\"target\":{\"@type\":\"EntryPoint\",\"urlTemplate\":\"https:\\\/\\\/kaunokolegija.lt\\\/vf\\\/?s={search_term_string}\"},\"query-input\":{\"@type\":\"PropertyValueSpecification\",\"valueRequired\":true,\"valueName\":\"search_term_string\"}}],\"inLanguage\":\"lt-LT\"},{\"@type\":\"Organization\",\"@id\":\"https:\\\/\\\/kaunokolegija.lt\\\/vf\\\/#organization\",\"name\":\"Kauno kolegija\",\"url\":\"https:\\\/\\\/kaunokolegija.lt\\\/vf\\\/\",\"logo\":{\"@type\":\"ImageObject\",\"inLanguage\":\"lt-LT\",\"@id\":\"https:\\\/\\\/kaunokolegija.lt\\\/vf\\\/#\\\/schema\\\/logo\\\/image\\\/\",\"url\":\"https:\\\/\\\/kaunokolegija.lt\\\/vf\\\/wp-content\\\/uploads\\\/sites\\\/18\\\/2026\\\/01\\\/cropped-KK_VF_COLOR.png\",\"contentUrl\":\"https:\\\/\\\/kaunokolegija.lt\\\/vf\\\/wp-content\\\/uploads\\\/sites\\\/18\\\/2026\\\/01\\\/cropped-KK_VF_COLOR.png\",\"width\":2084,\"height\":2084,\"caption\":\"Kauno kolegija\"},\"image\":{\"@id\":\"https:\\\/\\\/kaunokolegija.lt\\\/vf\\\/#\\\/schema\\\/logo\\\/image\\\/\"},\"sameAs\":[\"https:\\\/\\\/www.facebook.com\\\/Kauno.kolegija\\\/\"]}]}<\/script>\n<!-- \/ Yoast SEO plugin. -->","yoast_head_json":{"title":"Mokslas - Verslo fakultetas","robots":{"index":"index","follow":"follow","max-snippet":"max-snippet:-1","max-image-preview":"max-image-preview:large","max-video-preview":"max-video-preview:-1"},"canonical":"https:\/\/kaunokolegija.lt\/vf\/mokslas\/","og_locale":"lt_LT","og_type":"article","og_title":"Mokslas - Verslo fakultetas","og_description":"Kauno kolegijos Verslo fakultetas vykdo socialini\u0173 moksl\u0173 srities taikomuosius tyrimus, kurie padeda spr\u0119sti realias verslo, vie\u0161ojo sektoriaus bei visuomen\u0117s problemas. Fakulteto mokslin\u0117 veikla grind\u017eiama praktine nauda, inovacij\u0173 k\u016brimu, taip pat partneryste su&hellip;","og_url":"https:\/\/kaunokolegija.lt\/vf\/mokslas\/","og_site_name":"Verslo fakultetas","article_publisher":"https:\/\/www.facebook.com\/Kauno.kolegija\/","article_modified_time":"2026-01-23T12:07:50+00:00","og_image":[{"width":2560,"height":1707,"url":"https:\/\/kaunokolegija.lt\/vf\/wp-content\/uploads\/sites\/18\/2025\/12\/Kauno_Kolegija_alumni-scaled.webp","type":"image\/webp"}],"twitter_card":"summary_large_image","twitter_misc":{"Est. reading time":"1 minut\u0117"},"schema":{"@context":"https:\/\/schema.org","@graph":[{"@type":"WebPage","@id":"https:\/\/kaunokolegija.lt\/vf\/mokslas\/","url":"https:\/\/kaunokolegija.lt\/vf\/mokslas\/","name":"Mokslas - Verslo fakultetas","isPartOf":{"@id":"https:\/\/kaunokolegija.lt\/vf\/#website"},"primaryImageOfPage":{"@id":"https:\/\/kaunokolegija.lt\/vf\/mokslas\/#primaryimage"},"image":{"@id":"https:\/\/kaunokolegija.lt\/vf\/mokslas\/#primaryimage"},"thumbnailUrl":"https:\/\/kaunokolegija.lt\/vf\/wp-content\/uploads\/sites\/18\/2025\/12\/Kauno_Kolegija_alumni-scaled.webp","datePublished":"2025-09-25T17:57:11+00:00","dateModified":"2026-01-23T12:07:50+00:00","breadcrumb":{"@id":"https:\/\/kaunokolegija.lt\/vf\/mokslas\/#breadcrumb"},"inLanguage":"lt-LT","potentialAction":[{"@type":"ReadAction","target":["https:\/\/kaunokolegija.lt\/vf\/mokslas\/"]}]},{"@type":"ImageObject","inLanguage":"lt-LT","@id":"https:\/\/kaunokolegija.lt\/vf\/mokslas\/#primaryimage","url":"https:\/\/kaunokolegija.lt\/vf\/wp-content\/uploads\/sites\/18\/2025\/12\/Kauno_Kolegija_alumni-scaled.webp","contentUrl":"https:\/\/kaunokolegija.lt\/vf\/wp-content\/uploads\/sites\/18\/2025\/12\/Kauno_Kolegija_alumni-scaled.webp","width":2560,"height":1707},{"@type":"BreadcrumbList","@id":"https:\/\/kaunokolegija.lt\/vf\/mokslas\/#breadcrumb","itemListElement":[{"@type":"ListItem","position":1,"name":"Home","item":"https:\/\/kaunokolegija.lt\/vf\/"},{"@type":"ListItem","position":2,"name":"Mokslas"}]},{"@type":"WebSite","@id":"https:\/\/kaunokolegija.lt\/vf\/#website","url":"https:\/\/kaunokolegija.lt\/vf\/","name":"Verslo fakultetas","description":"Kauno kolegija","publisher":{"@id":"https:\/\/kaunokolegija.lt\/vf\/#organization"},"potentialAction":[{"@type":"SearchAction","target":{"@type":"EntryPoint","urlTemplate":"https:\/\/kaunokolegija.lt\/vf\/?s={search_term_string}"},"query-input":{"@type":"PropertyValueSpecification","valueRequired":true,"valueName":"search_term_string"}}],"inLanguage":"lt-LT"},{"@type":"Organization","@id":"https:\/\/kaunokolegija.lt\/vf\/#organization","name":"Kauno kolegija","url":"https:\/\/kaunokolegija.lt\/vf\/","logo":{"@type":"ImageObject","inLanguage":"lt-LT","@id":"https:\/\/kaunokolegija.lt\/vf\/#\/schema\/logo\/image\/","url":"https:\/\/kaunokolegija.lt\/vf\/wp-content\/uploads\/sites\/18\/2026\/01\/cropped-KK_VF_COLOR.png","contentUrl":"https:\/\/kaunokolegija.lt\/vf\/wp-content\/uploads\/sites\/18\/2026\/01\/cropped-KK_VF_COLOR.png","width":2084,"height":2084,"caption":"Kauno kolegija"},"image":{"@id":"https:\/\/kaunokolegija.lt\/vf\/#\/schema\/logo\/image\/"},"sameAs":["https:\/\/www.facebook.com\/Kauno.kolegija\/"]}]}},"_links":{"self":[{"href":"https:\/\/kaunokolegija.lt\/vf\/wp-json\/wp\/v2\/pages\/276183","targetHints":{"allow":["GET"]}}],"collection":[{"href":"https:\/\/kaunokolegija.lt\/vf\/wp-json\/wp\/v2\/pages"}],"about":[{"href":"https:\/\/kaunokolegija.lt\/vf\/wp-json\/wp\/v2\/types\/page"}],"author":[{"embeddable":true,"href":"https:\/\/kaunokolegija.lt\/vf\/wp-json\/wp\/v2\/users\/1"}],"replies":[{"embeddable":true,"href":"https:\/\/kaunokolegija.lt\/vf\/wp-json\/wp\/v2\/comments?post=276183"}],"version-history":[{"count":5,"href":"https:\/\/kaunokolegija.lt\/vf\/wp-json\/wp\/v2\/pages\/276183\/revisions"}],"predecessor-version":[{"id":276745,"href":"https:\/\/kaunokolegija.lt\/vf\/wp-json\/wp\/v2\/pages\/276183\/revisions\/276745"}],"wp:featuredmedia":[{"embeddable":true,"href":"https:\/\/kaunokolegija.lt\/vf\/wp-json\/wp\/v2\/media\/276696"}],"wp:attachment":[{"href":"https:\/\/kaunokolegija.lt\/vf\/wp-json\/wp\/v2\/media?parent=276183"}],"curies":[{"name":"wp","href":"https:\/\/api.w.org\/{rel}","templated":true}]}}