{"id":276333,"date":"2025-11-04T11:57:27","date_gmt":"2025-11-04T11:57:27","guid":{"rendered":"https:\/\/royalpeacock.agency\/kk\/muf\/?page_id=276333"},"modified":"2026-01-23T11:28:38","modified_gmt":"2026-01-23T11:28:38","slug":"mokslo-kryptys-ir-tyrimai","status":"publish","type":"page","link":"https:\/\/kaunokolegija.lt\/muf\/mokslo-kryptys-ir-tyrimai\/","title":{"rendered":"Mokslo kryptys ir tyrimai"},"content":{"rendered":"\n<div class=\"wp-block-columns is-layout-flex wp-container-core-columns-is-layout-28f84493 wp-block-columns-is-layout-flex\">\n<div class=\"wp-block-column is-layout-flow wp-block-column-is-layout-flow\" style=\"flex-basis:100%\">\n<div class=\"wp-block-columns is-layout-flex wp-container-core-columns-is-layout-28f84493 wp-block-columns-is-layout-flex\">\n<div class=\"wp-block-column has-background is-layout-flow wp-block-column-is-layout-flow\" style=\"border-style:none;border-width:0px;border-radius:0px;background-color:#399e97;padding-top:1.2em;padding-bottom:1.2em;flex-basis:100%\">\n<p class=\"has-base-color has-text-color has-link-color has-l-font-size wp-elements-5a2930861cf64ca8ef01a29c568cb405\" style=\"padding-right:3.5rem;padding-left:3.5rem\"><strong><strong>Menas ir kult\u016bra<\/strong><\/strong><\/p>\n<\/div>\n<\/div>\n<\/div>\n<\/div>\n\n\n\n<div class=\"wp-block-columns top-p is-layout-flex wp-container-core-columns-is-layout-28f84493 wp-block-columns-is-layout-flex\">\n<div class=\"wp-block-column has-global-padding is-layout-constrained wp-container-core-column-is-layout-d0f22c05 wp-block-column-is-layout-constrained\">\n<div class=\"wp-block-columns abcd has-background is-layout-flex wp-container-core-columns-is-layout-28f84493 wp-block-columns-is-layout-flex\" style=\"background-color:#f9f9f9\">\n<div class=\"wp-block-column is-layout-flow wp-block-column-is-layout-flow\" style=\"padding-top:0;padding-right:0;padding-bottom:0;padding-left:0\">\n<p class=\"is-style-justify\" style=\"margin-top:8px;margin-bottom:8px\">Tikslas \u2013 skatinti \u012fvairi\u0173 meno kryp\u010di\u0173 veiklos ir k\u016brybi\u0161kumo sklaid\u0105, siekiant stiprinti Lietuvos kult\u016brin\u012f identitet\u0105, tarptautin\u012f pripa\u017einim\u0105 ir prisid\u0117ti prie darnaus visuomen\u0117s vystymosi.<\/p>\n\n\n\n<p style=\"margin-top:8px;margin-bottom:8px\">Tyrim\u0173 kryptys:<\/p>\n\n\n\n<p class=\"is-style-justify\" style=\"margin-top:8px;margin-bottom:8px\">Dail\u0117s k\u016briniai: meno ir kult\u016bros organizacij\u0173 auditorij\u0173 pl\u0117tros tyrimai; medij\u0173 meno archyv\u0173 tyrimai; analogin\u0117s fotografijos tyrimai; menotyros krypties tyrimai; meno rinkos analiz\u0117 ir tyrimai; tvarios kult\u016bros politikos tyrimai; dail\u0117s k\u016brini\u0173 ir medienos dirbini\u0173 restauravimo ir konservavimo tyrimai, kt.<\/p>\n\n\n\n<p class=\"is-style-justify\" style=\"margin-top:8px;margin-bottom:8px\">Dizaino k\u016briniai: tvarus ir \u201ezero waste\u201d mados dizainas; Naujojo Europos Bauhauzo (NEB) dizainas; inovatyvi\u0173 sprendini\u0173 k\u016brimas ir taikymas interjero dizaine; prek\u0117s \u017eenklo, organizacijos vizualinio stiliaus keitimo tyrimai, kt.<\/p>\n<\/div>\n<\/div>\n<\/div>\n<\/div>\n\n\n\n<div class=\"wp-block-columns is-layout-flex wp-container-core-columns-is-layout-28f84493 wp-block-columns-is-layout-flex\">\n<div class=\"wp-block-column is-layout-flow wp-block-column-is-layout-flow\">\n<div class=\"wp-block-columns is-layout-flex wp-container-core-columns-is-layout-28f84493 wp-block-columns-is-layout-flex\">\n<div class=\"wp-block-column has-background is-layout-flow wp-block-column-is-layout-flow\" style=\"border-style:none;border-width:0px;border-radius:0px;background-color:#399e97;padding-top:1.2em;padding-bottom:1.2em\">\n<p class=\"has-base-color has-text-color has-link-color has-l-font-size wp-elements-7cba09183c590d4d5d27acdb8762dec9\" style=\"padding-right:3.5rem;padding-left:3.5rem\"><strong>\u0160vietimas ir socialin\u0117s paslaugos visuomenei<\/strong><\/p>\n<\/div>\n<\/div>\n<\/div>\n<\/div>\n\n\n\n<div class=\"wp-block-columns top-p is-layout-flex wp-container-core-columns-is-layout-e8d40639 wp-block-columns-is-layout-flex\" style=\"padding-top:var(--wp--preset--spacing--s);padding-bottom:var(--wp--preset--spacing--s)\">\n<div class=\"wp-block-column has-global-padding is-layout-constrained wp-container-core-column-is-layout-d0f22c05 wp-block-column-is-layout-constrained\">\n<div class=\"wp-block-columns abcd has-background is-layout-flex wp-container-core-columns-is-layout-28f84493 wp-block-columns-is-layout-flex\" style=\"background-color:#f9f9f9\">\n<div class=\"wp-block-column is-layout-flow wp-block-column-is-layout-flow\" style=\"padding-top:0;padding-right:0;padding-bottom:0;padding-left:0\">\n<p class=\"is-style-justify\" style=\"margin-top:8px;margin-bottom:8px\">Tikslas \u2013 skatinti auk\u0161tos kokyb\u0117s tarpdisciplininius edukologijos, sociologijos ir filologijos taikomuosius mokslinius tyrimus, siekiant tobulinti \u0161vietimo sistem\u0105, kalb\u0173 mokym\u0105si ir gerinti socialini\u0173 paslaug\u0173 kokyb\u0119, prisidedant prie visuomen\u0117s socialin\u0117s gerov\u0117s ir darnaus vystymosi.<\/p>\n\n\n\n<p style=\"margin-top:8px;margin-bottom:8px\">Tyrim\u0173 kryptys:<\/p>\n\n\n\n<p class=\"is-style-justify\" style=\"margin-top:8px;margin-bottom:8px\">Ikimokyklinis ir prie\u0161mokyklinis ugdymas: vaik\u0173 kompetencij\u0173 ugdymas, ugdymo metodai; \u012ftraukusis ugdymas; pedagog\u0173 ir t\u0117v\u0173 bendradarbiavimas, vaik\u0173 adaptacija, ikimokyklinio ugdymo pedagog\u0173 kompetencijos, ikimokyklinio ugdymo \u012fstaig\u0173 veiklos vertinimas, kt.<\/p>\n\n\n\n<p class=\"is-style-justify\" style=\"margin-top:8px;margin-bottom:8px\">Suaugusi\u0173 mokymas ir mokymasis vis\u0105 gyvenim\u0105: student\u0173 kompetencij\u0173 ugdymas; studij\u0173 kokyb\u0117s tyrimai (student\u0173 motyvacija, adaptacija, praktik\u0173 kokyb\u0117, paramos sistema, kt.); u\u017esienio kalb\u0173 mokymasis; IRT taikymas mokymui; mokymo(si) metodai; mokymo(si) turinio projektavimas; d\u0117stytoj\u0173 kompetencijos; specialist\u0173 poreikio tyrimai; \u012ftraukusis ugdymas (ne\u012fgali\u0173j\u0173, pab\u0117g\u0117li\u0173, kitatau\u010di\u0173, kt. integracija); kt.<\/p>\n\n\n\n<p class=\"is-style-justify\" style=\"margin-top:8px;margin-bottom:8px\">Socialinis darbuotojas ir socialin\u0117s paslaugos: socialinio darbuotojo veiklos vietos bendruomen\u0117je tyrimai; socialini\u0173 paslaug\u0173 poreikis socialiai pa\u017eeid\u017eiamiems asmenims; socialinio darbuotojo darbo rizikos veiksni\u0173 vertinimas; globos paslaugos; socialinio darbuotojo tapatyb\u0117 ir \u012fvaizdis; kt.<\/p>\n<\/div>\n<\/div>\n<\/div>\n<\/div>\n","protected":false},"excerpt":{"rendered":"<p>Menas ir kult\u016bra Tikslas \u2013 skatinti \u012fvairi\u0173 meno kryp\u010di\u0173 veiklos ir k\u016brybi\u0161kumo sklaid\u0105, siekiant stiprinti Lietuvos kult\u016brin\u012f identitet\u0105, tarptautin\u012f pripa\u017einim\u0105 ir prisid\u0117ti prie darnaus visuomen\u0117s vystymosi. Tyrim\u0173 kryptys: Dail\u0117s k\u016briniai: meno ir&hellip;<\/p>\n","protected":false},"author":1,"featured_media":276628,"parent":0,"menu_order":0,"comment_status":"closed","ping_status":"closed","template":"","meta":{"footnotes":""},"class_list":["post-276333","page","type-page","status-publish","has-post-thumbnail","hentry"],"yoast_head":"<!-- This site is optimized with the Yoast SEO plugin v27.4 - https:\/\/yoast.com\/product\/yoast-seo-wordpress\/ -->\n<title>Mokslo kryptys ir tyrimai - Men\u0173 ir ugdymo fakultetas<\/title>\n<meta name=\"robots\" content=\"index, follow, max-snippet:-1, max-image-preview:large, max-video-preview:-1\" \/>\n<link rel=\"canonical\" href=\"https:\/\/kaunokolegija.lt\/muf\/mokslo-kryptys-ir-tyrimai\/\" \/>\n<meta property=\"og:locale\" content=\"lt_LT\" \/>\n<meta property=\"og:type\" content=\"article\" \/>\n<meta property=\"og:title\" content=\"Mokslo kryptys ir tyrimai - Men\u0173 ir ugdymo fakultetas\" \/>\n<meta property=\"og:description\" content=\"Menas ir kult\u016bra Tikslas \u2013 skatinti \u012fvairi\u0173 meno kryp\u010di\u0173 veiklos ir k\u016brybi\u0161kumo sklaid\u0105, siekiant stiprinti Lietuvos kult\u016brin\u012f identitet\u0105, tarptautin\u012f pripa\u017einim\u0105 ir prisid\u0117ti prie darnaus visuomen\u0117s vystymosi. Tyrim\u0173 kryptys: Dail\u0117s k\u016briniai: meno ir&hellip;\" \/>\n<meta property=\"og:url\" content=\"https:\/\/kaunokolegija.lt\/muf\/mokslo-kryptys-ir-tyrimai\/\" \/>\n<meta property=\"og:site_name\" content=\"Men\u0173 ir ugdymo fakultetas\" \/>\n<meta property=\"article:publisher\" content=\"https:\/\/www.facebook.com\/Kauno.kolegija\/\" \/>\n<meta property=\"article:modified_time\" content=\"2026-01-23T11:28:38+00:00\" \/>\n<meta property=\"og:image\" content=\"https:\/\/kaunokolegija.lt\/muf\/wp-content\/uploads\/sites\/14\/2026\/01\/MoksloKryotys_muf-scaled.webp\" \/>\n\t<meta property=\"og:image:width\" content=\"2560\" \/>\n\t<meta property=\"og:image:height\" content=\"1707\" \/>\n\t<meta property=\"og:image:type\" content=\"image\/webp\" \/>\n<meta name=\"twitter:card\" content=\"summary_large_image\" \/>\n<meta name=\"twitter:label1\" content=\"Est. reading time\" \/>\n\t<meta name=\"twitter:data1\" content=\"1 minut\u0117\" \/>\n<script type=\"application\/ld+json\" class=\"yoast-schema-graph\">{\"@context\":\"https:\\\/\\\/schema.org\",\"@graph\":[{\"@type\":\"WebPage\",\"@id\":\"https:\\\/\\\/kaunokolegija.lt\\\/muf\\\/mokslo-kryptys-ir-tyrimai\\\/\",\"url\":\"https:\\\/\\\/kaunokolegija.lt\\\/muf\\\/mokslo-kryptys-ir-tyrimai\\\/\",\"name\":\"Mokslo kryptys ir tyrimai - Men\u0173 ir ugdymo fakultetas\",\"isPartOf\":{\"@id\":\"https:\\\/\\\/kaunokolegija.lt\\\/muf\\\/#website\"},\"primaryImageOfPage\":{\"@id\":\"https:\\\/\\\/kaunokolegija.lt\\\/muf\\\/mokslo-kryptys-ir-tyrimai\\\/#primaryimage\"},\"image\":{\"@id\":\"https:\\\/\\\/kaunokolegija.lt\\\/muf\\\/mokslo-kryptys-ir-tyrimai\\\/#primaryimage\"},\"thumbnailUrl\":\"https:\\\/\\\/kaunokolegija.lt\\\/muf\\\/wp-content\\\/uploads\\\/sites\\\/14\\\/2026\\\/01\\\/MoksloKryotys_muf-scaled.webp\",\"datePublished\":\"2025-11-04T11:57:27+00:00\",\"dateModified\":\"2026-01-23T11:28:38+00:00\",\"breadcrumb\":{\"@id\":\"https:\\\/\\\/kaunokolegija.lt\\\/muf\\\/mokslo-kryptys-ir-tyrimai\\\/#breadcrumb\"},\"inLanguage\":\"lt-LT\",\"potentialAction\":[{\"@type\":\"ReadAction\",\"target\":[\"https:\\\/\\\/kaunokolegija.lt\\\/muf\\\/mokslo-kryptys-ir-tyrimai\\\/\"]}]},{\"@type\":\"ImageObject\",\"inLanguage\":\"lt-LT\",\"@id\":\"https:\\\/\\\/kaunokolegija.lt\\\/muf\\\/mokslo-kryptys-ir-tyrimai\\\/#primaryimage\",\"url\":\"https:\\\/\\\/kaunokolegija.lt\\\/muf\\\/wp-content\\\/uploads\\\/sites\\\/14\\\/2026\\\/01\\\/MoksloKryotys_muf-scaled.webp\",\"contentUrl\":\"https:\\\/\\\/kaunokolegija.lt\\\/muf\\\/wp-content\\\/uploads\\\/sites\\\/14\\\/2026\\\/01\\\/MoksloKryotys_muf-scaled.webp\",\"width\":2560,\"height\":1707},{\"@type\":\"BreadcrumbList\",\"@id\":\"https:\\\/\\\/kaunokolegija.lt\\\/muf\\\/mokslo-kryptys-ir-tyrimai\\\/#breadcrumb\",\"itemListElement\":[{\"@type\":\"ListItem\",\"position\":1,\"name\":\"Home\",\"item\":\"https:\\\/\\\/kaunokolegija.lt\\\/muf\\\/\"},{\"@type\":\"ListItem\",\"position\":2,\"name\":\"Mokslo kryptys ir tyrimai\"}]},{\"@type\":\"WebSite\",\"@id\":\"https:\\\/\\\/kaunokolegija.lt\\\/muf\\\/#website\",\"url\":\"https:\\\/\\\/kaunokolegija.lt\\\/muf\\\/\",\"name\":\"Men\u0173 ir ugdymo fakultetas\",\"description\":\"Kauno kolegija\",\"publisher\":{\"@id\":\"https:\\\/\\\/kaunokolegija.lt\\\/muf\\\/#organization\"},\"potentialAction\":[{\"@type\":\"SearchAction\",\"target\":{\"@type\":\"EntryPoint\",\"urlTemplate\":\"https:\\\/\\\/kaunokolegija.lt\\\/muf\\\/?s={search_term_string}\"},\"query-input\":{\"@type\":\"PropertyValueSpecification\",\"valueRequired\":true,\"valueName\":\"search_term_string\"}}],\"inLanguage\":\"lt-LT\"},{\"@type\":\"Organization\",\"@id\":\"https:\\\/\\\/kaunokolegija.lt\\\/muf\\\/#organization\",\"name\":\"Kauno kolegija\",\"url\":\"https:\\\/\\\/kaunokolegija.lt\\\/muf\\\/\",\"logo\":{\"@type\":\"ImageObject\",\"inLanguage\":\"lt-LT\",\"@id\":\"https:\\\/\\\/kaunokolegija.lt\\\/muf\\\/#\\\/schema\\\/logo\\\/image\\\/\",\"url\":\"https:\\\/\\\/kaunokolegija.lt\\\/muf\\\/wp-content\\\/uploads\\\/sites\\\/14\\\/2026\\\/01\\\/cropped-KK_MUF_LOGO_COLOR.png\",\"contentUrl\":\"https:\\\/\\\/kaunokolegija.lt\\\/muf\\\/wp-content\\\/uploads\\\/sites\\\/14\\\/2026\\\/01\\\/cropped-KK_MUF_LOGO_COLOR.png\",\"width\":2084,\"height\":2084,\"caption\":\"Kauno kolegija\"},\"image\":{\"@id\":\"https:\\\/\\\/kaunokolegija.lt\\\/muf\\\/#\\\/schema\\\/logo\\\/image\\\/\"},\"sameAs\":[\"https:\\\/\\\/www.facebook.com\\\/Kauno.kolegija\\\/\"]}]}<\/script>\n<!-- \/ Yoast SEO plugin. -->","yoast_head_json":{"title":"Mokslo kryptys ir tyrimai - Men\u0173 ir ugdymo fakultetas","robots":{"index":"index","follow":"follow","max-snippet":"max-snippet:-1","max-image-preview":"max-image-preview:large","max-video-preview":"max-video-preview:-1"},"canonical":"https:\/\/kaunokolegija.lt\/muf\/mokslo-kryptys-ir-tyrimai\/","og_locale":"lt_LT","og_type":"article","og_title":"Mokslo kryptys ir tyrimai - Men\u0173 ir ugdymo fakultetas","og_description":"Menas ir kult\u016bra Tikslas \u2013 skatinti \u012fvairi\u0173 meno kryp\u010di\u0173 veiklos ir k\u016brybi\u0161kumo sklaid\u0105, siekiant stiprinti Lietuvos kult\u016brin\u012f identitet\u0105, tarptautin\u012f pripa\u017einim\u0105 ir prisid\u0117ti prie darnaus visuomen\u0117s vystymosi. Tyrim\u0173 kryptys: Dail\u0117s k\u016briniai: meno ir&hellip;","og_url":"https:\/\/kaunokolegija.lt\/muf\/mokslo-kryptys-ir-tyrimai\/","og_site_name":"Men\u0173 ir ugdymo fakultetas","article_publisher":"https:\/\/www.facebook.com\/Kauno.kolegija\/","article_modified_time":"2026-01-23T11:28:38+00:00","og_image":[{"width":2560,"height":1707,"url":"https:\/\/kaunokolegija.lt\/muf\/wp-content\/uploads\/sites\/14\/2026\/01\/MoksloKryotys_muf-scaled.webp","type":"image\/webp"}],"twitter_card":"summary_large_image","twitter_misc":{"Est. reading time":"1 minut\u0117"},"schema":{"@context":"https:\/\/schema.org","@graph":[{"@type":"WebPage","@id":"https:\/\/kaunokolegija.lt\/muf\/mokslo-kryptys-ir-tyrimai\/","url":"https:\/\/kaunokolegija.lt\/muf\/mokslo-kryptys-ir-tyrimai\/","name":"Mokslo kryptys ir tyrimai - Men\u0173 ir ugdymo fakultetas","isPartOf":{"@id":"https:\/\/kaunokolegija.lt\/muf\/#website"},"primaryImageOfPage":{"@id":"https:\/\/kaunokolegija.lt\/muf\/mokslo-kryptys-ir-tyrimai\/#primaryimage"},"image":{"@id":"https:\/\/kaunokolegija.lt\/muf\/mokslo-kryptys-ir-tyrimai\/#primaryimage"},"thumbnailUrl":"https:\/\/kaunokolegija.lt\/muf\/wp-content\/uploads\/sites\/14\/2026\/01\/MoksloKryotys_muf-scaled.webp","datePublished":"2025-11-04T11:57:27+00:00","dateModified":"2026-01-23T11:28:38+00:00","breadcrumb":{"@id":"https:\/\/kaunokolegija.lt\/muf\/mokslo-kryptys-ir-tyrimai\/#breadcrumb"},"inLanguage":"lt-LT","potentialAction":[{"@type":"ReadAction","target":["https:\/\/kaunokolegija.lt\/muf\/mokslo-kryptys-ir-tyrimai\/"]}]},{"@type":"ImageObject","inLanguage":"lt-LT","@id":"https:\/\/kaunokolegija.lt\/muf\/mokslo-kryptys-ir-tyrimai\/#primaryimage","url":"https:\/\/kaunokolegija.lt\/muf\/wp-content\/uploads\/sites\/14\/2026\/01\/MoksloKryotys_muf-scaled.webp","contentUrl":"https:\/\/kaunokolegija.lt\/muf\/wp-content\/uploads\/sites\/14\/2026\/01\/MoksloKryotys_muf-scaled.webp","width":2560,"height":1707},{"@type":"BreadcrumbList","@id":"https:\/\/kaunokolegija.lt\/muf\/mokslo-kryptys-ir-tyrimai\/#breadcrumb","itemListElement":[{"@type":"ListItem","position":1,"name":"Home","item":"https:\/\/kaunokolegija.lt\/muf\/"},{"@type":"ListItem","position":2,"name":"Mokslo kryptys ir tyrimai"}]},{"@type":"WebSite","@id":"https:\/\/kaunokolegija.lt\/muf\/#website","url":"https:\/\/kaunokolegija.lt\/muf\/","name":"Men\u0173 ir ugdymo fakultetas","description":"Kauno kolegija","publisher":{"@id":"https:\/\/kaunokolegija.lt\/muf\/#organization"},"potentialAction":[{"@type":"SearchAction","target":{"@type":"EntryPoint","urlTemplate":"https:\/\/kaunokolegija.lt\/muf\/?s={search_term_string}"},"query-input":{"@type":"PropertyValueSpecification","valueRequired":true,"valueName":"search_term_string"}}],"inLanguage":"lt-LT"},{"@type":"Organization","@id":"https:\/\/kaunokolegija.lt\/muf\/#organization","name":"Kauno kolegija","url":"https:\/\/kaunokolegija.lt\/muf\/","logo":{"@type":"ImageObject","inLanguage":"lt-LT","@id":"https:\/\/kaunokolegija.lt\/muf\/#\/schema\/logo\/image\/","url":"https:\/\/kaunokolegija.lt\/muf\/wp-content\/uploads\/sites\/14\/2026\/01\/cropped-KK_MUF_LOGO_COLOR.png","contentUrl":"https:\/\/kaunokolegija.lt\/muf\/wp-content\/uploads\/sites\/14\/2026\/01\/cropped-KK_MUF_LOGO_COLOR.png","width":2084,"height":2084,"caption":"Kauno kolegija"},"image":{"@id":"https:\/\/kaunokolegija.lt\/muf\/#\/schema\/logo\/image\/"},"sameAs":["https:\/\/www.facebook.com\/Kauno.kolegija\/"]}]}},"_links":{"self":[{"href":"https:\/\/kaunokolegija.lt\/muf\/wp-json\/wp\/v2\/pages\/276333","targetHints":{"allow":["GET"]}}],"collection":[{"href":"https:\/\/kaunokolegija.lt\/muf\/wp-json\/wp\/v2\/pages"}],"about":[{"href":"https:\/\/kaunokolegija.lt\/muf\/wp-json\/wp\/v2\/types\/page"}],"author":[{"embeddable":true,"href":"https:\/\/kaunokolegija.lt\/muf\/wp-json\/wp\/v2\/users\/1"}],"replies":[{"embeddable":true,"href":"https:\/\/kaunokolegija.lt\/muf\/wp-json\/wp\/v2\/comments?post=276333"}],"version-history":[{"count":3,"href":"https:\/\/kaunokolegija.lt\/muf\/wp-json\/wp\/v2\/pages\/276333\/revisions"}],"predecessor-version":[{"id":276629,"href":"https:\/\/kaunokolegija.lt\/muf\/wp-json\/wp\/v2\/pages\/276333\/revisions\/276629"}],"wp:featuredmedia":[{"embeddable":true,"href":"https:\/\/kaunokolegija.lt\/muf\/wp-json\/wp\/v2\/media\/276628"}],"wp:attachment":[{"href":"https:\/\/kaunokolegija.lt\/muf\/wp-json\/wp\/v2\/media?parent=276333"}],"curies":[{"name":"wp","href":"https:\/\/api.w.org\/{rel}","templated":true}]}}