{"id":276223,"date":"2025-09-25T18:07:22","date_gmt":"2025-09-25T18:07:22","guid":{"rendered":"https:\/\/royalpeacock.agency\/kk\/muf1\/?page_id=276223"},"modified":"2026-01-26T14:18:45","modified_gmt":"2026-01-26T14:18:45","slug":"ipma","status":"publish","type":"page","link":"https:\/\/kaunokolegija.lt\/muf\/ipma\/","title":{"rendered":"IPMA"},"content":{"rendered":"\n<div class=\"wp-block-columns top-p is-layout-flex wp-container-core-columns-is-layout-9a5e5583 wp-block-columns-is-layout-flex\" style=\"margin-top:var(--wp--preset--spacing--s);margin-bottom:var(--wp--preset--spacing--s)\">\n<div class=\"wp-block-column has-global-padding is-layout-constrained wp-container-core-column-is-layout-d0f22c05 wp-block-column-is-layout-constrained\">\n<div class=\"wp-block-columns abcd has-background is-layout-flex wp-container-core-columns-is-layout-28f84493 wp-block-columns-is-layout-flex\" style=\"background-color:#f9f9f9\">\n<div class=\"wp-block-column is-layout-flow wp-block-column-is-layout-flow\" style=\"padding-top:0;padding-right:0;padding-bottom:0;padding-left:0\">\n<p class=\"is-style-justify has-m-font-size\">Ruden\u012f vykstantis vienintelis tokio pob\u016bd\u017eio renginys Europos regione \u2013 Tarptautinis fotografijos ir medij\u0173 meno (IPMA) festivalis atveria erdv\u0119 \u0161iuolaikiniams menininkams, profesionalams ir studentams keistis patirtimi, u\u017emegzti naujus ry\u0161ius ir kurti bendrus projektus.<\/p>\n\n\n\n<p class=\"is-style-justify\" style=\"margin-top:8px;margin-bottom:8px\">Festivalio sumanytoja ir jo vadov\u0117 Kauno kolegijos Men\u0173 ir ugdymo fakulteto Men\u0173 akademijos Fotografijos studij\u0173 programos lektor\u0117 Svetlana Batura.<\/p>\n\n\n\n<div class=\"wp-block-buttons is-layout-flex wp-block-buttons-is-layout-flex\">\n<div class=\"wp-block-button\"><a class=\"wp-block-button__link has-base-background-color has-text-color has-background has-link-color wp-element-button\" href=\"https:\/\/ipmafestival.lt\/apie\/\" style=\"color:#399e97\">Festivalio interneto svetain\u0117<\/a><\/div>\n<\/div>\n<\/div>\n<\/div>\n<\/div>\n<\/div>\n","protected":false},"excerpt":{"rendered":"<p>Ruden\u012f vykstantis vienintelis tokio pob\u016bd\u017eio renginys Europos regione \u2013 Tarptautinis fotografijos ir medij\u0173 meno (IPMA) festivalis atveria erdv\u0119 \u0161iuolaikiniams menininkams, profesionalams ir studentams keistis patirtimi, u\u017emegzti naujus ry\u0161ius ir kurti bendrus projektus.&hellip;<\/p>\n","protected":false},"author":1,"featured_media":276597,"parent":0,"menu_order":0,"comment_status":"closed","ping_status":"closed","template":"","meta":{"footnotes":""},"class_list":["post-276223","page","type-page","status-publish","has-post-thumbnail","hentry"],"yoast_head":"<!-- This site is optimized with the Yoast SEO plugin v27.4 - https:\/\/yoast.com\/product\/yoast-seo-wordpress\/ -->\n<title>IPMA - Men\u0173 ir ugdymo fakultetas<\/title>\n<meta name=\"robots\" content=\"index, follow, max-snippet:-1, max-image-preview:large, max-video-preview:-1\" \/>\n<link rel=\"canonical\" href=\"https:\/\/kaunokolegija.lt\/muf\/ipma\/\" \/>\n<meta property=\"og:locale\" content=\"lt_LT\" \/>\n<meta property=\"og:type\" content=\"article\" \/>\n<meta property=\"og:title\" content=\"IPMA - Men\u0173 ir ugdymo fakultetas\" \/>\n<meta property=\"og:description\" content=\"Ruden\u012f vykstantis vienintelis tokio pob\u016bd\u017eio renginys Europos regione \u2013 Tarptautinis fotografijos ir medij\u0173 meno (IPMA) festivalis atveria erdv\u0119 \u0161iuolaikiniams menininkams, profesionalams ir studentams keistis patirtimi, u\u017emegzti naujus ry\u0161ius ir kurti bendrus projektus.&hellip;\" \/>\n<meta property=\"og:url\" content=\"https:\/\/kaunokolegija.lt\/muf\/ipma\/\" \/>\n<meta property=\"og:site_name\" content=\"Men\u0173 ir ugdymo fakultetas\" \/>\n<meta property=\"article:publisher\" content=\"https:\/\/www.facebook.com\/Kauno.kolegija\/\" \/>\n<meta property=\"article:modified_time\" content=\"2026-01-26T14:18:45+00:00\" \/>\n<meta property=\"og:image\" content=\"https:\/\/kaunokolegija.lt\/muf\/wp-content\/uploads\/sites\/14\/2025\/12\/ipma.webp\" \/>\n\t<meta property=\"og:image:width\" content=\"1000\" \/>\n\t<meta property=\"og:image:height\" content=\"1000\" \/>\n\t<meta property=\"og:image:type\" content=\"image\/webp\" \/>\n<meta name=\"twitter:card\" content=\"summary_large_image\" \/>\n<script type=\"application\/ld+json\" class=\"yoast-schema-graph\">{\"@context\":\"https:\\\/\\\/schema.org\",\"@graph\":[{\"@type\":\"WebPage\",\"@id\":\"https:\\\/\\\/kaunokolegija.lt\\\/muf\\\/ipma\\\/\",\"url\":\"https:\\\/\\\/kaunokolegija.lt\\\/muf\\\/ipma\\\/\",\"name\":\"IPMA - Men\u0173 ir ugdymo fakultetas\",\"isPartOf\":{\"@id\":\"https:\\\/\\\/kaunokolegija.lt\\\/muf\\\/#website\"},\"primaryImageOfPage\":{\"@id\":\"https:\\\/\\\/kaunokolegija.lt\\\/muf\\\/ipma\\\/#primaryimage\"},\"image\":{\"@id\":\"https:\\\/\\\/kaunokolegija.lt\\\/muf\\\/ipma\\\/#primaryimage\"},\"thumbnailUrl\":\"https:\\\/\\\/kaunokolegija.lt\\\/muf\\\/wp-content\\\/uploads\\\/sites\\\/14\\\/2025\\\/12\\\/ipma.webp\",\"datePublished\":\"2025-09-25T18:07:22+00:00\",\"dateModified\":\"2026-01-26T14:18:45+00:00\",\"breadcrumb\":{\"@id\":\"https:\\\/\\\/kaunokolegija.lt\\\/muf\\\/ipma\\\/#breadcrumb\"},\"inLanguage\":\"lt-LT\",\"potentialAction\":[{\"@type\":\"ReadAction\",\"target\":[\"https:\\\/\\\/kaunokolegija.lt\\\/muf\\\/ipma\\\/\"]}]},{\"@type\":\"ImageObject\",\"inLanguage\":\"lt-LT\",\"@id\":\"https:\\\/\\\/kaunokolegija.lt\\\/muf\\\/ipma\\\/#primaryimage\",\"url\":\"https:\\\/\\\/kaunokolegija.lt\\\/muf\\\/wp-content\\\/uploads\\\/sites\\\/14\\\/2025\\\/12\\\/ipma.webp\",\"contentUrl\":\"https:\\\/\\\/kaunokolegija.lt\\\/muf\\\/wp-content\\\/uploads\\\/sites\\\/14\\\/2025\\\/12\\\/ipma.webp\",\"width\":1000,\"height\":1000},{\"@type\":\"BreadcrumbList\",\"@id\":\"https:\\\/\\\/kaunokolegija.lt\\\/muf\\\/ipma\\\/#breadcrumb\",\"itemListElement\":[{\"@type\":\"ListItem\",\"position\":1,\"name\":\"Home\",\"item\":\"https:\\\/\\\/kaunokolegija.lt\\\/muf\\\/\"},{\"@type\":\"ListItem\",\"position\":2,\"name\":\"IPMA\"}]},{\"@type\":\"WebSite\",\"@id\":\"https:\\\/\\\/kaunokolegija.lt\\\/muf\\\/#website\",\"url\":\"https:\\\/\\\/kaunokolegija.lt\\\/muf\\\/\",\"name\":\"Men\u0173 ir ugdymo fakultetas\",\"description\":\"Kauno kolegija\",\"publisher\":{\"@id\":\"https:\\\/\\\/kaunokolegija.lt\\\/muf\\\/#organization\"},\"potentialAction\":[{\"@type\":\"SearchAction\",\"target\":{\"@type\":\"EntryPoint\",\"urlTemplate\":\"https:\\\/\\\/kaunokolegija.lt\\\/muf\\\/?s={search_term_string}\"},\"query-input\":{\"@type\":\"PropertyValueSpecification\",\"valueRequired\":true,\"valueName\":\"search_term_string\"}}],\"inLanguage\":\"lt-LT\"},{\"@type\":\"Organization\",\"@id\":\"https:\\\/\\\/kaunokolegija.lt\\\/muf\\\/#organization\",\"name\":\"Kauno kolegija\",\"url\":\"https:\\\/\\\/kaunokolegija.lt\\\/muf\\\/\",\"logo\":{\"@type\":\"ImageObject\",\"inLanguage\":\"lt-LT\",\"@id\":\"https:\\\/\\\/kaunokolegija.lt\\\/muf\\\/#\\\/schema\\\/logo\\\/image\\\/\",\"url\":\"https:\\\/\\\/kaunokolegija.lt\\\/muf\\\/wp-content\\\/uploads\\\/sites\\\/14\\\/2026\\\/01\\\/cropped-KK_MUF_LOGO_COLOR.png\",\"contentUrl\":\"https:\\\/\\\/kaunokolegija.lt\\\/muf\\\/wp-content\\\/uploads\\\/sites\\\/14\\\/2026\\\/01\\\/cropped-KK_MUF_LOGO_COLOR.png\",\"width\":2084,\"height\":2084,\"caption\":\"Kauno kolegija\"},\"image\":{\"@id\":\"https:\\\/\\\/kaunokolegija.lt\\\/muf\\\/#\\\/schema\\\/logo\\\/image\\\/\"},\"sameAs\":[\"https:\\\/\\\/www.facebook.com\\\/Kauno.kolegija\\\/\"]}]}<\/script>\n<!-- \/ Yoast SEO plugin. -->","yoast_head_json":{"title":"IPMA - Men\u0173 ir ugdymo fakultetas","robots":{"index":"index","follow":"follow","max-snippet":"max-snippet:-1","max-image-preview":"max-image-preview:large","max-video-preview":"max-video-preview:-1"},"canonical":"https:\/\/kaunokolegija.lt\/muf\/ipma\/","og_locale":"lt_LT","og_type":"article","og_title":"IPMA - Men\u0173 ir ugdymo fakultetas","og_description":"Ruden\u012f vykstantis vienintelis tokio pob\u016bd\u017eio renginys Europos regione \u2013 Tarptautinis fotografijos ir medij\u0173 meno (IPMA) festivalis atveria erdv\u0119 \u0161iuolaikiniams menininkams, profesionalams ir studentams keistis patirtimi, u\u017emegzti naujus ry\u0161ius ir kurti bendrus projektus.&hellip;","og_url":"https:\/\/kaunokolegija.lt\/muf\/ipma\/","og_site_name":"Men\u0173 ir ugdymo fakultetas","article_publisher":"https:\/\/www.facebook.com\/Kauno.kolegija\/","article_modified_time":"2026-01-26T14:18:45+00:00","og_image":[{"width":1000,"height":1000,"url":"https:\/\/kaunokolegija.lt\/muf\/wp-content\/uploads\/sites\/14\/2025\/12\/ipma.webp","type":"image\/webp"}],"twitter_card":"summary_large_image","schema":{"@context":"https:\/\/schema.org","@graph":[{"@type":"WebPage","@id":"https:\/\/kaunokolegija.lt\/muf\/ipma\/","url":"https:\/\/kaunokolegija.lt\/muf\/ipma\/","name":"IPMA - Men\u0173 ir ugdymo fakultetas","isPartOf":{"@id":"https:\/\/kaunokolegija.lt\/muf\/#website"},"primaryImageOfPage":{"@id":"https:\/\/kaunokolegija.lt\/muf\/ipma\/#primaryimage"},"image":{"@id":"https:\/\/kaunokolegija.lt\/muf\/ipma\/#primaryimage"},"thumbnailUrl":"https:\/\/kaunokolegija.lt\/muf\/wp-content\/uploads\/sites\/14\/2025\/12\/ipma.webp","datePublished":"2025-09-25T18:07:22+00:00","dateModified":"2026-01-26T14:18:45+00:00","breadcrumb":{"@id":"https:\/\/kaunokolegija.lt\/muf\/ipma\/#breadcrumb"},"inLanguage":"lt-LT","potentialAction":[{"@type":"ReadAction","target":["https:\/\/kaunokolegija.lt\/muf\/ipma\/"]}]},{"@type":"ImageObject","inLanguage":"lt-LT","@id":"https:\/\/kaunokolegija.lt\/muf\/ipma\/#primaryimage","url":"https:\/\/kaunokolegija.lt\/muf\/wp-content\/uploads\/sites\/14\/2025\/12\/ipma.webp","contentUrl":"https:\/\/kaunokolegija.lt\/muf\/wp-content\/uploads\/sites\/14\/2025\/12\/ipma.webp","width":1000,"height":1000},{"@type":"BreadcrumbList","@id":"https:\/\/kaunokolegija.lt\/muf\/ipma\/#breadcrumb","itemListElement":[{"@type":"ListItem","position":1,"name":"Home","item":"https:\/\/kaunokolegija.lt\/muf\/"},{"@type":"ListItem","position":2,"name":"IPMA"}]},{"@type":"WebSite","@id":"https:\/\/kaunokolegija.lt\/muf\/#website","url":"https:\/\/kaunokolegija.lt\/muf\/","name":"Men\u0173 ir ugdymo fakultetas","description":"Kauno kolegija","publisher":{"@id":"https:\/\/kaunokolegija.lt\/muf\/#organization"},"potentialAction":[{"@type":"SearchAction","target":{"@type":"EntryPoint","urlTemplate":"https:\/\/kaunokolegija.lt\/muf\/?s={search_term_string}"},"query-input":{"@type":"PropertyValueSpecification","valueRequired":true,"valueName":"search_term_string"}}],"inLanguage":"lt-LT"},{"@type":"Organization","@id":"https:\/\/kaunokolegija.lt\/muf\/#organization","name":"Kauno kolegija","url":"https:\/\/kaunokolegija.lt\/muf\/","logo":{"@type":"ImageObject","inLanguage":"lt-LT","@id":"https:\/\/kaunokolegija.lt\/muf\/#\/schema\/logo\/image\/","url":"https:\/\/kaunokolegija.lt\/muf\/wp-content\/uploads\/sites\/14\/2026\/01\/cropped-KK_MUF_LOGO_COLOR.png","contentUrl":"https:\/\/kaunokolegija.lt\/muf\/wp-content\/uploads\/sites\/14\/2026\/01\/cropped-KK_MUF_LOGO_COLOR.png","width":2084,"height":2084,"caption":"Kauno kolegija"},"image":{"@id":"https:\/\/kaunokolegija.lt\/muf\/#\/schema\/logo\/image\/"},"sameAs":["https:\/\/www.facebook.com\/Kauno.kolegija\/"]}]}},"_links":{"self":[{"href":"https:\/\/kaunokolegija.lt\/muf\/wp-json\/wp\/v2\/pages\/276223","targetHints":{"allow":["GET"]}}],"collection":[{"href":"https:\/\/kaunokolegija.lt\/muf\/wp-json\/wp\/v2\/pages"}],"about":[{"href":"https:\/\/kaunokolegija.lt\/muf\/wp-json\/wp\/v2\/types\/page"}],"author":[{"embeddable":true,"href":"https:\/\/kaunokolegija.lt\/muf\/wp-json\/wp\/v2\/users\/1"}],"replies":[{"embeddable":true,"href":"https:\/\/kaunokolegija.lt\/muf\/wp-json\/wp\/v2\/comments?post=276223"}],"version-history":[{"count":6,"href":"https:\/\/kaunokolegija.lt\/muf\/wp-json\/wp\/v2\/pages\/276223\/revisions"}],"predecessor-version":[{"id":276648,"href":"https:\/\/kaunokolegija.lt\/muf\/wp-json\/wp\/v2\/pages\/276223\/revisions\/276648"}],"wp:featuredmedia":[{"embeddable":true,"href":"https:\/\/kaunokolegija.lt\/muf\/wp-json\/wp\/v2\/media\/276597"}],"wp:attachment":[{"href":"https:\/\/kaunokolegija.lt\/muf\/wp-json\/wp\/v2\/media?parent=276223"}],"curies":[{"name":"wp","href":"https:\/\/api.w.org\/{rel}","templated":true}]}}