{"id":276215,"date":"2025-09-25T18:06:08","date_gmt":"2025-09-25T18:06:08","guid":{"rendered":"https:\/\/royalpeacock.agency\/kk\/muf1\/?page_id=276215"},"modified":"2026-03-25T09:18:24","modified_gmt":"2026-03-25T07:18:24","slug":"neformalus-svietimas","status":"publish","type":"page","link":"https:\/\/kaunokolegija.lt\/muf\/neformalus-svietimas\/","title":{"rendered":"Neformalus \u0161vietimas"},"content":{"rendered":"\n<div class=\"wp-block-columns is-layout-flex wp-container-core-columns-is-layout-28f84493 wp-block-columns-is-layout-flex\">\n<div class=\"wp-block-column is-layout-flow wp-block-column-is-layout-flow\" style=\"flex-basis:100%\">\n<div class=\"wp-block-columns is-layout-flex wp-container-core-columns-is-layout-28f84493 wp-block-columns-is-layout-flex\">\n<div class=\"wp-block-column has-background is-layout-flow wp-block-column-is-layout-flow\" style=\"border-style:none;border-width:0px;border-radius:0px;background-color:#399e97;padding-top:1.2em;padding-bottom:1.2em;flex-basis:100%\">\n<p class=\"has-base-color has-text-color has-link-color has-l-font-size wp-elements-20e208d844abda434d988d0dcb9b92dc\" style=\"padding-right:3.5rem;padding-left:3.5rem\"><strong><strong>Dail\u0117s dalyk\u0173 kursai \u201ePie\u0161imas + tapyba + kompozicija\u201c<\/strong><\/strong><\/p>\n<\/div>\n<\/div>\n<\/div>\n<\/div>\n\n\n\n<div class=\"wp-block-columns top-p is-layout-flex wp-container-core-columns-is-layout-28f84493 wp-block-columns-is-layout-flex\">\n<div class=\"wp-block-column has-global-padding is-layout-constrained wp-container-core-column-is-layout-d0f22c05 wp-block-column-is-layout-constrained\">\n<div class=\"wp-block-columns abcd has-background is-layout-flex wp-container-core-columns-is-layout-28f84493 wp-block-columns-is-layout-flex\" style=\"background-color:#f9f9f9\">\n<div class=\"wp-block-column is-layout-flow wp-block-column-is-layout-flow\" style=\"padding-top:0;padding-right:0;padding-bottom:0;padding-left:0\">\n<p class=\"is-style-justify\" style=\"margin-top:8px;margin-bottom:8px\">Kauno kolegijos Men\u0173 ir ugdymo fakulteto Men\u0173 akademija kvie\u010dia \u012f dail\u0117s dalyk\u0173 kursus \u201ePie\u0161imas + tapyba + kompozicija\u201c, kuriuose tiek teori\u0161kai, tiek prakti\u0161kai supa\u017eindinama su pie\u0161imo, tapybos, kompozicijos disciplinomis, atliekamos k\u016brybi\u0161kos u\u017eduotys. Kursams vadovauja didel\u0119 patirt\u012f turintys Men\u0173 akademijos d\u0117stytojai.<\/p>\n\n\n\n<p class=\"is-style-justify\" style=\"margin-top:8px;margin-bottom:8px\">Nuosekliai ai\u0161kindami u\u017eduotis, skirdami individual\u0173 d\u0117mes\u012f, dalindamiesi savo patirtimi, lektoriai skatina kurs\u0173 dalyvius tobul\u0117ti ir siekti u\u017esibr\u0117\u017et\u0173 tiksl\u0173. \u0160ie kursai skirti tiek norintiems pasiruo\u0161ti stojamiesiems egzaminams \u012f dail\u0117s bei dizaino studij\u0173 kryp\u010di\u0173 programas, tiek tiems, kurie nori lavinti geb\u0117jimus pie\u0161imo, tapybos, kompozicijos disciplinose.<\/p>\n\n\n\n<div class=\"wp-block-buttons is-layout-flex wp-block-buttons-is-layout-flex\">\n<div class=\"wp-block-button\"><a class=\"wp-block-button__link has-base-background-color has-text-color has-background has-link-color wp-element-button\" style=\"color:#399e97\">Detalesn\u0117 kurs\u0173 informacija<\/a><\/div>\n<\/div>\n\n\n\n<p>Jei turite klausim\u0173, kreipkit\u0117s \u012f Men\u0173 akademijos studij\u0173 kryp\u010di\u0173 koordinator\u0119 Ain\u0119 Jacyt\u0119: el.p.:\u00a0<a href=\"mailto:aine.jacyte@kaunokolegija.lt\">aine.jacyte@kaunokolegija.lt<\/a><\/p>\n<\/div>\n\n\n\n<div class=\"wp-block-column is-layout-flow wp-block-column-is-layout-flow\" style=\"flex-basis:40%\">\n<figure class=\"wp-block-image aligncenter size-full is-resized\"><img loading=\"lazy\" decoding=\"async\" width=\"768\" height=\"916\" src=\"https:\/\/kaunokolegija.lt\/muf\/wp-content\/uploads\/sites\/14\/2025\/11\/image.png\" alt=\"\" class=\"wp-image-276351\" style=\"aspect-ratio:4\/3;object-fit:cover;width:314px\" srcset=\"https:\/\/kaunokolegija.lt\/muf\/wp-content\/uploads\/sites\/14\/2025\/11\/image.png 768w, https:\/\/kaunokolegija.lt\/muf\/wp-content\/uploads\/sites\/14\/2025\/11\/image-252x300.png 252w\" sizes=\"auto, (max-width: 768px) 100vw, 768px\" \/><\/figure>\n<\/div>\n<\/div>\n<\/div>\n<\/div>\n\n\n\n<div class=\"wp-block-columns is-layout-flex wp-container-core-columns-is-layout-28f84493 wp-block-columns-is-layout-flex\">\n<div class=\"wp-block-column is-layout-flow wp-block-column-is-layout-flow\" style=\"flex-basis:100%\">\n<div class=\"wp-block-columns is-layout-flex wp-container-core-columns-is-layout-28f84493 wp-block-columns-is-layout-flex\">\n<div class=\"wp-block-column has-background is-layout-flow wp-block-column-is-layout-flow\" style=\"border-style:none;border-width:0px;border-radius:0px;background-color:#399e97;padding-top:1.2em;padding-bottom:1.2em;flex-basis:100%\">\n<p class=\"has-base-color has-text-color has-link-color has-l-font-size wp-elements-63c3670a0361248e253c034ac00068f3\" style=\"padding-right:3.5rem;padding-left:3.5rem\"><strong><strong><strong>Kursai \u201eKeramika ant Pel\u0117d\u0173 kalno\u201c<\/strong><\/strong><\/strong><\/p>\n<\/div>\n<\/div>\n<\/div>\n<\/div>\n\n\n\n<div class=\"wp-block-columns top-p is-layout-flex wp-container-core-columns-is-layout-28f84493 wp-block-columns-is-layout-flex\">\n<div class=\"wp-block-column has-global-padding is-layout-constrained wp-container-core-column-is-layout-d0f22c05 wp-block-column-is-layout-constrained\">\n<div class=\"wp-block-columns abcd has-background is-layout-flex wp-container-core-columns-is-layout-28f84493 wp-block-columns-is-layout-flex\" style=\"background-color:#f9f9f9\">\n<div class=\"wp-block-column is-layout-flow wp-block-column-is-layout-flow\" style=\"padding-top:0;padding-right:0;padding-bottom:0;padding-left:0\">\n<p class=\"is-style-justify\" style=\"margin-top:8px;margin-bottom:8px\">Kauno kolegijos Men\u0173 ir ugdymo fakulteto Men\u0173 akademija kvie\u010dia \u012f kursus \u201eKeramika ant Pel\u0117d\u0173 kalno\u201c, kuriuose teorini\u0173 bei praktini\u0173 paskait\u0173 metu supa\u017eindinama su pagrindini\u0173 keramikos med\u017eiag\u0173 savyb\u0117mis, j\u0173 panaudojimo galimyb\u0117mis bei keramikos dirbini\u0173 atlikimo technikomis.<\/p>\n\n\n\n<p class=\"is-style-justify\" style=\"margin-top:8px;margin-bottom:8px\">\u012egijus bazini\u0173 \u017eini\u0173 funkcionaliosios bei menin\u0117s keramikos srityse, ugdomi geb\u0117jimai pasirinkti tinkamas keramikos med\u017eiagas, technikas ir technologijas, valdyti ir derinti vizualios rai\u0161kos b\u016bdus, i\u0161laikyti erdv\u0117s ir objekto santyk\u012f, komponuoti. Keramikos kursuose skatinamas geb\u0117jimas atskleisti individual\u0173 stili\u0173 ugdant ir stiprinant k\u016brybi\u0161kum\u0105, lavinant estetikos jausm\u0105. \u0160ie kursai skirti suaugusi\u0173 asmen\u0173 k\u016brybin\u0117s savirai\u0161kos pl\u0117timui keramikos meno srityje.<\/p>\n\n\n\n<div class=\"wp-block-buttons is-layout-flex wp-block-buttons-is-layout-flex\">\n<div class=\"wp-block-button\"><a class=\"wp-block-button__link has-base-background-color has-text-color has-background has-link-color wp-element-button\" style=\"color:#399e97\">Detalesn\u0117 kurs\u0173 informacija<\/a><\/div>\n<\/div>\n\n\n\n<p>Jei turite klausim\u0173, kreipkit\u0117s \u012f Men\u0173 akademijos studij\u0173 kryp\u010di\u0173 koordinator\u0119 Virginij\u0105 Taparauskien\u0119: el.p.:\u00a0<a href=\"mailto:aine.jacyte@kaunokolegija.lt\">virginija.taparauskiene@kaunokolegija.lt<\/a><\/p>\n<\/div>\n\n\n\n<div class=\"wp-block-column is-layout-flow wp-block-column-is-layout-flow\" style=\"flex-basis:40%\">\n<figure class=\"wp-block-image aligncenter size-full is-resized\"><img loading=\"lazy\" decoding=\"async\" width=\"768\" height=\"421\" src=\"https:\/\/kaunokolegija.lt\/muf\/wp-content\/uploads\/sites\/14\/2025\/11\/image-1.png\" alt=\"\" class=\"wp-image-276352\" style=\"aspect-ratio:4\/3;object-fit:cover;width:314px\" srcset=\"https:\/\/kaunokolegija.lt\/muf\/wp-content\/uploads\/sites\/14\/2025\/11\/image-1.png 768w, https:\/\/kaunokolegija.lt\/muf\/wp-content\/uploads\/sites\/14\/2025\/11\/image-1-300x164.png 300w\" sizes=\"auto, (max-width: 768px) 100vw, 768px\" \/><\/figure>\n<\/div>\n<\/div>\n<\/div>\n<\/div>\n\n\n\n<div class=\"wp-block-columns is-layout-flex wp-container-core-columns-is-layout-28f84493 wp-block-columns-is-layout-flex\">\n<div class=\"wp-block-column is-layout-flow wp-block-column-is-layout-flow\" style=\"flex-basis:100%\">\n<div class=\"wp-block-columns is-layout-flex wp-container-core-columns-is-layout-28f84493 wp-block-columns-is-layout-flex\">\n<div class=\"wp-block-column has-background is-layout-flow wp-block-column-is-layout-flow\" style=\"border-style:none;border-width:0px;border-radius:0px;background-color:#399e97;padding-top:1.2em;padding-bottom:1.2em;flex-basis:100%\">\n<p class=\"has-base-color has-text-color has-link-color has-l-font-size wp-elements-73d79eac9c522eba2abc8d101d1daa81\" style=\"padding-right:3.5rem;padding-left:3.5rem\"><strong><strong><strong>Kursai \u201eArchetip\u0173 pagrindai ir j\u0173 taikymas prek\u0117s \u017eenklo k\u016brimo procese\u201c<\/strong><\/strong><\/strong><\/p>\n<\/div>\n<\/div>\n<\/div>\n<\/div>\n\n\n\n<div class=\"wp-block-columns top-p is-layout-flex wp-container-core-columns-is-layout-28f84493 wp-block-columns-is-layout-flex\">\n<div class=\"wp-block-column has-global-padding is-layout-constrained wp-container-core-column-is-layout-d0f22c05 wp-block-column-is-layout-constrained\">\n<div class=\"wp-block-columns abcd has-background is-layout-flex wp-container-core-columns-is-layout-28f84493 wp-block-columns-is-layout-flex\" style=\"background-color:#f9f9f9\">\n<div class=\"wp-block-column is-layout-flow wp-block-column-is-layout-flow\" style=\"padding-top:0;padding-right:0;padding-bottom:0;padding-left:0\">\n<p class=\"is-style-justify\" style=\"margin-top:8px;margin-bottom:8px\">Kauno kolegijos Men\u0173 ir ugdymo fakulteto Men\u0173 akademija kvie\u010dia \u012f kursus \u201eArchetip\u0173 pagrindai ir j\u0173 taikymas prek\u0117s \u017eenklo k\u016brimo procese\u201c, kuriuose supa\u017eindinama su archetip\u0173 teorija, j\u0173 kilme bei pritaikymo galimyb\u0117mis prek\u0117s \u017eenklo k\u016brimo procese, kartu ugdomi praktiniai \u012fg\u016bd\u017eiai kurti autenti\u0161k\u0105 ir lengvai atpa\u017e\u012fstam\u0105 prek\u0117s \u017eenklo tapatyb\u0119.<\/p>\n\n\n\n<p class=\"is-style-justify\" style=\"margin-top:8px;margin-bottom:8px\">Kursuose ple\u010diamas suvokimas, kaip archetipai formuoja prek\u0117s \u017eenklo vizualin\u0119 kalb\u0105, \u012fskaitant tinkam\u0173 spalv\u0173, \u0161rift\u0173 pasirinkim\u0105, stiprinamas geb\u0117jimas kurti nuosekl\u0173 komunikacijos stili\u0173, kuris atitikt\u0173 pasirinkto archetipo savybes ir potencialiai megzt\u0173 emocin\u012f ry\u0161\u012f su tiksline auditorija. Kurs\u0173 dalyviams rekomenduojama su savimi tur\u0117ti ne\u0161iojam\u0105 kompiuter\u012f.<\/p>\n\n\n\n<div class=\"wp-block-buttons is-layout-flex wp-block-buttons-is-layout-flex\">\n<div class=\"wp-block-button\"><a class=\"wp-block-button__link has-base-background-color has-text-color has-background has-link-color wp-element-button\" style=\"color:#399e97\">Detalesn\u0117 kurs\u0173 informacija<\/a><\/div>\n<\/div>\n\n\n\n<p>Jei turite klausim\u0173, kreipkit\u0117s \u012f Men\u0173 akademijos studij\u0173 kryp\u010di\u0173 koordinator\u0119 Ain\u0119 Jacyt\u0119: el.p.:\u00a0<a href=\"mailto:aine.jacyte@kaunokolegija.lt\">aine.jacyte@kaunokolegija.lt<\/a><\/p>\n<\/div>\n\n\n\n<div class=\"wp-block-column is-layout-flow wp-block-column-is-layout-flow\" style=\"flex-basis:40%\">\n<figure class=\"wp-block-image aligncenter size-full is-resized\"><img loading=\"lazy\" decoding=\"async\" width=\"768\" height=\"768\" src=\"https:\/\/kaunokolegija.lt\/muf\/wp-content\/uploads\/sites\/14\/2025\/11\/image-2.png\" alt=\"\" class=\"wp-image-276353\" style=\"aspect-ratio:4\/3;object-fit:cover;width:314px;height:auto\" srcset=\"https:\/\/kaunokolegija.lt\/muf\/wp-content\/uploads\/sites\/14\/2025\/11\/image-2.png 768w, https:\/\/kaunokolegija.lt\/muf\/wp-content\/uploads\/sites\/14\/2025\/11\/image-2-300x300.png 300w, https:\/\/kaunokolegija.lt\/muf\/wp-content\/uploads\/sites\/14\/2025\/11\/image-2-150x150.png 150w\" sizes=\"auto, (max-width: 768px) 100vw, 768px\" \/><\/figure>\n<\/div>\n<\/div>\n<\/div>\n<\/div>\n\n\n\n<div class=\"wp-block-columns is-layout-flex wp-container-core-columns-is-layout-28f84493 wp-block-columns-is-layout-flex\">\n<div class=\"wp-block-column is-layout-flow wp-block-column-is-layout-flow\" style=\"flex-basis:100%\">\n<div class=\"wp-block-columns is-layout-flex wp-container-core-columns-is-layout-28f84493 wp-block-columns-is-layout-flex\">\n<div class=\"wp-block-column has-background is-layout-flow wp-block-column-is-layout-flow\" style=\"border-style:none;border-width:0px;border-radius:0px;background-color:#399e97;padding-top:1.2em;padding-bottom:1.2em;flex-basis:100%\">\n<p class=\"has-base-color has-text-color has-link-color has-l-font-size wp-elements-0120fb5a51cac5c4f550137173168732\" style=\"padding-right:3.5rem;padding-left:3.5rem\"><strong><strong><strong>Kursai \u201eFotografija\u201c<\/strong><\/strong><\/strong><\/p>\n<\/div>\n<\/div>\n<\/div>\n<\/div>\n\n\n\n<div class=\"wp-block-columns top-p is-layout-flex wp-container-core-columns-is-layout-9a5e5583 wp-block-columns-is-layout-flex\" style=\"margin-top:var(--wp--preset--spacing--s);margin-bottom:var(--wp--preset--spacing--s)\">\n<div class=\"wp-block-column has-global-padding is-layout-constrained wp-container-core-column-is-layout-d0f22c05 wp-block-column-is-layout-constrained\">\n<div class=\"wp-block-columns abcd has-background is-layout-flex wp-container-core-columns-is-layout-28f84493 wp-block-columns-is-layout-flex\" style=\"background-color:#f9f9f9\">\n<div class=\"wp-block-column is-layout-flow wp-block-column-is-layout-flow\" style=\"padding-top:0;padding-right:0;padding-bottom:0;padding-left:0\">\n<p class=\"is-style-justify\" style=\"margin-top:8px;margin-bottom:8px\">Kauno kolegijos Men\u0173 akademija kvie\u010dia \u012f kursus \u201eFotografijos pagrindai\u201c, skirtus pradedantiesiems, kurie nori susipa\u017einti su skaitmenin\u0117s fotografijos pasauliu. \u0160iuose praktiniuose ir teoriniuose u\u017esi\u0117mimuose i\u0161moksite kaip pasirinkti ir naudoti fotoaparat\u0105, gilinsit\u0117s \u012f ap\u0161vietimo, kompozicijos ir spalv\u0173 psichologijos pagrindus, taip pat \u012fgysite praktini\u0173 \u012fg\u016bd\u017ei\u0173 retu\u0161avimo ir nuotrauk\u0173 paruo\u0161imo vie\u0161am demonstravimui. Kurs\u0173 dalyviams rekomenduojama su savimi tur\u0117ti veikiant\u012f skaitmenin\u012f fotoaparat\u0105 ir ne\u0161iojam\u0105 kompiuter\u012f.<\/p>\n\n\n\n<div class=\"wp-block-buttons is-layout-flex wp-block-buttons-is-layout-flex\">\n<div class=\"wp-block-button\"><a class=\"wp-block-button__link has-base-background-color has-text-color has-background has-link-color wp-element-button\" style=\"color:#399e97\">Detalesn\u0117 kurs\u0173 informacija<\/a><\/div>\n<\/div>\n\n\n\n<p>Jei turite klausim\u0173, kreipkit\u0117s \u012f Men\u0173 akademijos studij\u0173 kryp\u010di\u0173 koordinator\u0119 Ain\u0119 Jacyt\u0119: el.p.:\u00a0<a href=\"mailto:aine.jacyte@kaunokolegija.lt\">aine.jacyte@kaunokolegija.lt<\/a><\/p>\n<\/div>\n\n\n\n<div class=\"wp-block-column is-layout-flow wp-block-column-is-layout-flow\" style=\"flex-basis:40%\">\n<figure class=\"wp-block-image aligncenter size-full is-resized\"><img loading=\"lazy\" decoding=\"async\" width=\"768\" height=\"512\" src=\"https:\/\/kaunokolegija.lt\/muf\/wp-content\/uploads\/sites\/14\/2025\/11\/image-3.png\" alt=\"\" class=\"wp-image-276354\" style=\"aspect-ratio:4\/3;object-fit:cover;width:314px\" srcset=\"https:\/\/kaunokolegija.lt\/muf\/wp-content\/uploads\/sites\/14\/2025\/11\/image-3.png 768w, https:\/\/kaunokolegija.lt\/muf\/wp-content\/uploads\/sites\/14\/2025\/11\/image-3-300x200.png 300w, https:\/\/kaunokolegija.lt\/muf\/wp-content\/uploads\/sites\/14\/2025\/11\/image-3-600x400.png 600w\" sizes=\"auto, (max-width: 768px) 100vw, 768px\" \/><\/figure>\n<\/div>\n<\/div>\n<\/div>\n<\/div>\n","protected":false},"excerpt":{"rendered":"<p>Dail\u0117s dalyk\u0173 kursai \u201ePie\u0161imas + tapyba + kompozicija\u201c Kauno kolegijos Men\u0173 ir ugdymo fakulteto Men\u0173 akademija kvie\u010dia \u012f dail\u0117s dalyk\u0173 kursus \u201ePie\u0161imas + tapyba + kompozicija\u201c, kuriuose tiek teori\u0161kai, tiek prakti\u0161kai supa\u017eindinama&hellip;<\/p>\n","protected":false},"author":1,"featured_media":276599,"parent":0,"menu_order":0,"comment_status":"closed","ping_status":"closed","template":"","meta":{"footnotes":""},"class_list":["post-276215","page","type-page","status-publish","has-post-thumbnail","hentry"],"yoast_head":"<!-- This site is optimized with the Yoast SEO plugin v27.4 - https:\/\/yoast.com\/product\/yoast-seo-wordpress\/ -->\n<title>Neformalus \u0161vietimas - Men\u0173 ir ugdymo fakultetas<\/title>\n<meta name=\"robots\" content=\"index, follow, max-snippet:-1, max-image-preview:large, max-video-preview:-1\" \/>\n<link rel=\"canonical\" href=\"https:\/\/kaunokolegija.lt\/muf\/neformalus-svietimas\/\" \/>\n<meta property=\"og:locale\" content=\"lt_LT\" \/>\n<meta property=\"og:type\" content=\"article\" \/>\n<meta property=\"og:title\" content=\"Neformalus \u0161vietimas - Men\u0173 ir ugdymo fakultetas\" \/>\n<meta property=\"og:description\" content=\"Dail\u0117s dalyk\u0173 kursai \u201ePie\u0161imas + tapyba + kompozicija\u201c Kauno kolegijos Men\u0173 ir ugdymo fakulteto Men\u0173 akademija kvie\u010dia \u012f dail\u0117s dalyk\u0173 kursus \u201ePie\u0161imas + tapyba + kompozicija\u201c, kuriuose tiek teori\u0161kai, tiek prakti\u0161kai supa\u017eindinama&hellip;\" \/>\n<meta property=\"og:url\" content=\"https:\/\/kaunokolegija.lt\/muf\/neformalus-svietimas\/\" \/>\n<meta property=\"og:site_name\" content=\"Men\u0173 ir ugdymo fakultetas\" \/>\n<meta property=\"article:publisher\" content=\"https:\/\/www.facebook.com\/Kauno.kolegija\/\" \/>\n<meta property=\"article:modified_time\" content=\"2026-03-25T07:18:24+00:00\" \/>\n<meta property=\"og:image\" content=\"https:\/\/kaunokolegija.lt\/muf\/wp-content\/uploads\/sites\/14\/2025\/12\/Kauno_kolegija_II-34-scaled.webp\" \/>\n\t<meta property=\"og:image:width\" content=\"2560\" \/>\n\t<meta property=\"og:image:height\" content=\"1707\" \/>\n\t<meta property=\"og:image:type\" content=\"image\/webp\" \/>\n<meta name=\"twitter:card\" content=\"summary_large_image\" \/>\n<meta name=\"twitter:label1\" content=\"Est. reading time\" \/>\n\t<meta name=\"twitter:data1\" content=\"4 minut\u0117s\" \/>\n<script type=\"application\/ld+json\" class=\"yoast-schema-graph\">{\"@context\":\"https:\\\/\\\/schema.org\",\"@graph\":[{\"@type\":\"WebPage\",\"@id\":\"https:\\\/\\\/kaunokolegija.lt\\\/muf\\\/neformalus-svietimas\\\/\",\"url\":\"https:\\\/\\\/kaunokolegija.lt\\\/muf\\\/neformalus-svietimas\\\/\",\"name\":\"Neformalus \u0161vietimas - Men\u0173 ir ugdymo fakultetas\",\"isPartOf\":{\"@id\":\"https:\\\/\\\/kaunokolegija.lt\\\/muf\\\/#website\"},\"primaryImageOfPage\":{\"@id\":\"https:\\\/\\\/kaunokolegija.lt\\\/muf\\\/neformalus-svietimas\\\/#primaryimage\"},\"image\":{\"@id\":\"https:\\\/\\\/kaunokolegija.lt\\\/muf\\\/neformalus-svietimas\\\/#primaryimage\"},\"thumbnailUrl\":\"https:\\\/\\\/kaunokolegija.lt\\\/muf\\\/wp-content\\\/uploads\\\/sites\\\/14\\\/2025\\\/12\\\/Kauno_kolegija_II-34-scaled.webp\",\"datePublished\":\"2025-09-25T18:06:08+00:00\",\"dateModified\":\"2026-03-25T07:18:24+00:00\",\"breadcrumb\":{\"@id\":\"https:\\\/\\\/kaunokolegija.lt\\\/muf\\\/neformalus-svietimas\\\/#breadcrumb\"},\"inLanguage\":\"lt-LT\",\"potentialAction\":[{\"@type\":\"ReadAction\",\"target\":[\"https:\\\/\\\/kaunokolegija.lt\\\/muf\\\/neformalus-svietimas\\\/\"]}]},{\"@type\":\"ImageObject\",\"inLanguage\":\"lt-LT\",\"@id\":\"https:\\\/\\\/kaunokolegija.lt\\\/muf\\\/neformalus-svietimas\\\/#primaryimage\",\"url\":\"https:\\\/\\\/kaunokolegija.lt\\\/muf\\\/wp-content\\\/uploads\\\/sites\\\/14\\\/2025\\\/12\\\/Kauno_kolegija_II-34-scaled.webp\",\"contentUrl\":\"https:\\\/\\\/kaunokolegija.lt\\\/muf\\\/wp-content\\\/uploads\\\/sites\\\/14\\\/2025\\\/12\\\/Kauno_kolegija_II-34-scaled.webp\",\"width\":2560,\"height\":1707},{\"@type\":\"BreadcrumbList\",\"@id\":\"https:\\\/\\\/kaunokolegija.lt\\\/muf\\\/neformalus-svietimas\\\/#breadcrumb\",\"itemListElement\":[{\"@type\":\"ListItem\",\"position\":1,\"name\":\"Home\",\"item\":\"https:\\\/\\\/kaunokolegija.lt\\\/muf\\\/\"},{\"@type\":\"ListItem\",\"position\":2,\"name\":\"Neformalus \u0161vietimas\"}]},{\"@type\":\"WebSite\",\"@id\":\"https:\\\/\\\/kaunokolegija.lt\\\/muf\\\/#website\",\"url\":\"https:\\\/\\\/kaunokolegija.lt\\\/muf\\\/\",\"name\":\"Men\u0173 ir ugdymo fakultetas\",\"description\":\"Kauno kolegija\",\"publisher\":{\"@id\":\"https:\\\/\\\/kaunokolegija.lt\\\/muf\\\/#organization\"},\"potentialAction\":[{\"@type\":\"SearchAction\",\"target\":{\"@type\":\"EntryPoint\",\"urlTemplate\":\"https:\\\/\\\/kaunokolegija.lt\\\/muf\\\/?s={search_term_string}\"},\"query-input\":{\"@type\":\"PropertyValueSpecification\",\"valueRequired\":true,\"valueName\":\"search_term_string\"}}],\"inLanguage\":\"lt-LT\"},{\"@type\":\"Organization\",\"@id\":\"https:\\\/\\\/kaunokolegija.lt\\\/muf\\\/#organization\",\"name\":\"Kauno kolegija\",\"url\":\"https:\\\/\\\/kaunokolegija.lt\\\/muf\\\/\",\"logo\":{\"@type\":\"ImageObject\",\"inLanguage\":\"lt-LT\",\"@id\":\"https:\\\/\\\/kaunokolegija.lt\\\/muf\\\/#\\\/schema\\\/logo\\\/image\\\/\",\"url\":\"https:\\\/\\\/kaunokolegija.lt\\\/muf\\\/wp-content\\\/uploads\\\/sites\\\/14\\\/2026\\\/01\\\/cropped-KK_MUF_LOGO_COLOR.png\",\"contentUrl\":\"https:\\\/\\\/kaunokolegija.lt\\\/muf\\\/wp-content\\\/uploads\\\/sites\\\/14\\\/2026\\\/01\\\/cropped-KK_MUF_LOGO_COLOR.png\",\"width\":2084,\"height\":2084,\"caption\":\"Kauno kolegija\"},\"image\":{\"@id\":\"https:\\\/\\\/kaunokolegija.lt\\\/muf\\\/#\\\/schema\\\/logo\\\/image\\\/\"},\"sameAs\":[\"https:\\\/\\\/www.facebook.com\\\/Kauno.kolegija\\\/\"]}]}<\/script>\n<!-- \/ Yoast SEO plugin. -->","yoast_head_json":{"title":"Neformalus \u0161vietimas - Men\u0173 ir ugdymo fakultetas","robots":{"index":"index","follow":"follow","max-snippet":"max-snippet:-1","max-image-preview":"max-image-preview:large","max-video-preview":"max-video-preview:-1"},"canonical":"https:\/\/kaunokolegija.lt\/muf\/neformalus-svietimas\/","og_locale":"lt_LT","og_type":"article","og_title":"Neformalus \u0161vietimas - Men\u0173 ir ugdymo fakultetas","og_description":"Dail\u0117s dalyk\u0173 kursai \u201ePie\u0161imas + tapyba + kompozicija\u201c Kauno kolegijos Men\u0173 ir ugdymo fakulteto Men\u0173 akademija kvie\u010dia \u012f dail\u0117s dalyk\u0173 kursus \u201ePie\u0161imas + tapyba + kompozicija\u201c, kuriuose tiek teori\u0161kai, tiek prakti\u0161kai supa\u017eindinama&hellip;","og_url":"https:\/\/kaunokolegija.lt\/muf\/neformalus-svietimas\/","og_site_name":"Men\u0173 ir ugdymo fakultetas","article_publisher":"https:\/\/www.facebook.com\/Kauno.kolegija\/","article_modified_time":"2026-03-25T07:18:24+00:00","og_image":[{"width":2560,"height":1707,"url":"https:\/\/kaunokolegija.lt\/muf\/wp-content\/uploads\/sites\/14\/2025\/12\/Kauno_kolegija_II-34-scaled.webp","type":"image\/webp"}],"twitter_card":"summary_large_image","twitter_misc":{"Est. reading time":"4 minut\u0117s"},"schema":{"@context":"https:\/\/schema.org","@graph":[{"@type":"WebPage","@id":"https:\/\/kaunokolegija.lt\/muf\/neformalus-svietimas\/","url":"https:\/\/kaunokolegija.lt\/muf\/neformalus-svietimas\/","name":"Neformalus \u0161vietimas - Men\u0173 ir ugdymo fakultetas","isPartOf":{"@id":"https:\/\/kaunokolegija.lt\/muf\/#website"},"primaryImageOfPage":{"@id":"https:\/\/kaunokolegija.lt\/muf\/neformalus-svietimas\/#primaryimage"},"image":{"@id":"https:\/\/kaunokolegija.lt\/muf\/neformalus-svietimas\/#primaryimage"},"thumbnailUrl":"https:\/\/kaunokolegija.lt\/muf\/wp-content\/uploads\/sites\/14\/2025\/12\/Kauno_kolegija_II-34-scaled.webp","datePublished":"2025-09-25T18:06:08+00:00","dateModified":"2026-03-25T07:18:24+00:00","breadcrumb":{"@id":"https:\/\/kaunokolegija.lt\/muf\/neformalus-svietimas\/#breadcrumb"},"inLanguage":"lt-LT","potentialAction":[{"@type":"ReadAction","target":["https:\/\/kaunokolegija.lt\/muf\/neformalus-svietimas\/"]}]},{"@type":"ImageObject","inLanguage":"lt-LT","@id":"https:\/\/kaunokolegija.lt\/muf\/neformalus-svietimas\/#primaryimage","url":"https:\/\/kaunokolegija.lt\/muf\/wp-content\/uploads\/sites\/14\/2025\/12\/Kauno_kolegija_II-34-scaled.webp","contentUrl":"https:\/\/kaunokolegija.lt\/muf\/wp-content\/uploads\/sites\/14\/2025\/12\/Kauno_kolegija_II-34-scaled.webp","width":2560,"height":1707},{"@type":"BreadcrumbList","@id":"https:\/\/kaunokolegija.lt\/muf\/neformalus-svietimas\/#breadcrumb","itemListElement":[{"@type":"ListItem","position":1,"name":"Home","item":"https:\/\/kaunokolegija.lt\/muf\/"},{"@type":"ListItem","position":2,"name":"Neformalus \u0161vietimas"}]},{"@type":"WebSite","@id":"https:\/\/kaunokolegija.lt\/muf\/#website","url":"https:\/\/kaunokolegija.lt\/muf\/","name":"Men\u0173 ir ugdymo fakultetas","description":"Kauno kolegija","publisher":{"@id":"https:\/\/kaunokolegija.lt\/muf\/#organization"},"potentialAction":[{"@type":"SearchAction","target":{"@type":"EntryPoint","urlTemplate":"https:\/\/kaunokolegija.lt\/muf\/?s={search_term_string}"},"query-input":{"@type":"PropertyValueSpecification","valueRequired":true,"valueName":"search_term_string"}}],"inLanguage":"lt-LT"},{"@type":"Organization","@id":"https:\/\/kaunokolegija.lt\/muf\/#organization","name":"Kauno kolegija","url":"https:\/\/kaunokolegija.lt\/muf\/","logo":{"@type":"ImageObject","inLanguage":"lt-LT","@id":"https:\/\/kaunokolegija.lt\/muf\/#\/schema\/logo\/image\/","url":"https:\/\/kaunokolegija.lt\/muf\/wp-content\/uploads\/sites\/14\/2026\/01\/cropped-KK_MUF_LOGO_COLOR.png","contentUrl":"https:\/\/kaunokolegija.lt\/muf\/wp-content\/uploads\/sites\/14\/2026\/01\/cropped-KK_MUF_LOGO_COLOR.png","width":2084,"height":2084,"caption":"Kauno kolegija"},"image":{"@id":"https:\/\/kaunokolegija.lt\/muf\/#\/schema\/logo\/image\/"},"sameAs":["https:\/\/www.facebook.com\/Kauno.kolegija\/"]}]}},"_links":{"self":[{"href":"https:\/\/kaunokolegija.lt\/muf\/wp-json\/wp\/v2\/pages\/276215","targetHints":{"allow":["GET"]}}],"collection":[{"href":"https:\/\/kaunokolegija.lt\/muf\/wp-json\/wp\/v2\/pages"}],"about":[{"href":"https:\/\/kaunokolegija.lt\/muf\/wp-json\/wp\/v2\/types\/page"}],"author":[{"embeddable":true,"href":"https:\/\/kaunokolegija.lt\/muf\/wp-json\/wp\/v2\/users\/1"}],"replies":[{"embeddable":true,"href":"https:\/\/kaunokolegija.lt\/muf\/wp-json\/wp\/v2\/comments?post=276215"}],"version-history":[{"count":5,"href":"https:\/\/kaunokolegija.lt\/muf\/wp-json\/wp\/v2\/pages\/276215\/revisions"}],"predecessor-version":[{"id":279523,"href":"https:\/\/kaunokolegija.lt\/muf\/wp-json\/wp\/v2\/pages\/276215\/revisions\/279523"}],"wp:featuredmedia":[{"embeddable":true,"href":"https:\/\/kaunokolegija.lt\/muf\/wp-json\/wp\/v2\/media\/276599"}],"wp:attachment":[{"href":"https:\/\/kaunokolegija.lt\/muf\/wp-json\/wp\/v2\/media?parent=276215"}],"curies":[{"name":"wp","href":"https:\/\/api.w.org\/{rel}","templated":true}]}}