{"id":276203,"date":"2025-09-25T18:02:17","date_gmt":"2025-09-25T18:02:17","guid":{"rendered":"https:\/\/royalpeacock.agency\/kk\/muf1\/?page_id=276203"},"modified":"2026-02-10T14:08:43","modified_gmt":"2026-02-10T12:08:43","slug":"paslaugos-visuomenei","status":"publish","type":"page","link":"https:\/\/kaunokolegija.lt\/muf\/paslaugos-visuomenei\/","title":{"rendered":"Paslaugos visuomenei"},"content":{"rendered":"\n<div class=\"wp-block-columns abcd vbfd has-background is-layout-flex wp-container-core-columns-is-layout-4cbd7287 wp-block-columns-is-layout-flex\" style=\"background-color:#f9f9f9;margin-top:var(--wp--preset--spacing--s);margin-bottom:var(--wp--preset--spacing--s);padding-top:var(--wp--preset--spacing--l);padding-bottom:var(--wp--preset--spacing--l)\">\n<div class=\"wp-block-column is-layout-flow wp-block-column-is-layout-flow\" style=\"padding-top:0;padding-right:0;padding-bottom:0;padding-left:0;flex-basis:36%\">\n<figure class=\"wp-block-image aligncenter size-full is-resized\"><img loading=\"lazy\" decoding=\"async\" width=\"2560\" height=\"1707\" src=\"https:\/\/kaunokolegija.lt\/muf\/wp-content\/uploads\/sites\/14\/2025\/11\/Kauno_kolegija_I-83-scaled.webp\" alt=\"\" class=\"wp-image-276357\" style=\"width:429px;height:auto\" srcset=\"https:\/\/kaunokolegija.lt\/muf\/wp-content\/uploads\/sites\/14\/2025\/11\/Kauno_kolegija_I-83-scaled.webp 2560w, https:\/\/kaunokolegija.lt\/muf\/wp-content\/uploads\/sites\/14\/2025\/11\/Kauno_kolegija_I-83-300x200.webp 300w, https:\/\/kaunokolegija.lt\/muf\/wp-content\/uploads\/sites\/14\/2025\/11\/Kauno_kolegija_I-83-1024x683.webp 1024w, https:\/\/kaunokolegija.lt\/muf\/wp-content\/uploads\/sites\/14\/2025\/11\/Kauno_kolegija_I-83-768x512.webp 768w, https:\/\/kaunokolegija.lt\/muf\/wp-content\/uploads\/sites\/14\/2025\/11\/Kauno_kolegija_I-83-1536x1024.webp 1536w, https:\/\/kaunokolegija.lt\/muf\/wp-content\/uploads\/sites\/14\/2025\/11\/Kauno_kolegija_I-83-2048x1365.webp 2048w, https:\/\/kaunokolegija.lt\/muf\/wp-content\/uploads\/sites\/14\/2025\/11\/Kauno_kolegija_I-83-600x400.webp 600w\" sizes=\"auto, (max-width: 2560px) 100vw, 2560px\" \/><\/figure>\n<\/div>\n\n\n\n<div class=\"wp-block-column is-layout-flow wp-block-column-is-layout-flow\" style=\"flex-basis:64%\">\n<div class=\"wp-block-group alignfull has-global-padding is-layout-constrained wp-container-core-group-is-layout-36fc67f8 wp-block-group-is-layout-constrained\" style=\"margin-top:0;margin-bottom:0\">\n<div class=\"wp-block-columns alignwide is-layout-flex wp-container-core-columns-is-layout-15c97201 wp-block-columns-is-layout-flex\">\n<div class=\"wp-block-column is-layout-flow wp-container-core-column-is-layout-168482ca wp-block-column-is-layout-flow\">\n<div class=\"wp-block-esab-accordion esab-nc4uce7r\" data-mode=\"global\" data-close=\"true\"><div class=\"esab__container\">\n<div class=\"wp-block-esab-accordion-child\"><div class=\"esab__head\" role=\"button\" aria-expanded=\"false\"><div class=\"esab__heading_txt\"><p class=\"esab__heading_tag\"><strong>U\u017esienio kalb\u0173 kursai<\/strong><\/p><\/div><div class=\"esab__icon\"><div class=\"esab__collapse\">  <\/div><div class=\"esab__expand\">  <\/div><\/div><\/div><div class=\"esab__body\">\n<p><strong>Kalb\u0173 centras si\u016blo:<\/strong><\/p>\n\n\n\n<ul class=\"wp-block-list\">\n<li>\u012fvairaus lygio bendrin\u0117s angl\u0173, vokie\u010di\u0173, pranc\u016bz\u0173, ital\u0173, ispan\u0173 kalbos kursus;<\/li>\n\n\n\n<li>verslo angl\u0173 kalbos kursus;<\/li>\n\n\n\n<li>intensyvius lietuvi\u0173 kalbos kursus u\u017esienie\u010diams;<\/li>\n\n\n\n<li>pagal individual\u0173 poreik\u012f si\u016blome kit\u0173 u\u017esienio kalb\u0173 kursus.<\/li>\n<\/ul>\n\n\n\n<p>Daugiau informacijos el. p. <a href=\"mailto:ieva.brazauskaite@kaunokolegija.lt\">ieva.brazauskaite@kaunokolegija.lt<\/a><\/p>\n<\/div><\/div>\n\n\n\n<div class=\"wp-block-esab-accordion-child\"><div class=\"esab__head\" role=\"button\" aria-expanded=\"false\"><div class=\"esab__heading_txt\"><p class=\"esab__heading_tag\"><strong>Angl\u0173 kalbos lygio nustatymas<\/strong><\/p><\/div><div class=\"esab__icon\"><div class=\"esab__collapse\">  <\/div><div class=\"esab__expand\">  <\/div><\/div><\/div><div class=\"esab__body\">\n<p>Kalb\u0173 centras \u012ftrauktas \u012f VRM kandidat\u0173 \u012f valstyb\u0117s tarnyb\u0105 u\u017esienio kalbos kompetencij\u0173 vertintoj\u0173 s\u0105ra\u0161\u0105, kaip turintis teis\u0119 vykdyti vertinim\u0105, naudojant standartizuot\u0105 Cambridge English Placement test\u0105 (CEPT).<\/p>\n\n\n\n<p>CEPT yra angl\u0173 kalbos diagnostinis testas, kuris padeda \u012fvertinti pretendento pasiekt\u0105 bendrin\u0117s angl\u0173 kalbos lyg\u012f. Papildomai vertinamos pretendento kalbin\u0117s kompetencijos.<\/p>\n\n\n\n<p>Testavimo kaina \u2013 45,00 Eur su PVM.<\/p>\n\n\n\n<p>Testas gali b\u016bti laikomas suderintu laiku darbo dienomis. B\u016btina i\u0161ankstin\u0117 registracija el. p. <a href=\"mailto:ieva.brazauskaite@kaunokolegija.lt\">ieva.brazauskaite@kaunokolegija.lt<\/a><\/p>\n<\/div><\/div>\n\n\n\n<div class=\"wp-block-esab-accordion-child\"><div class=\"esab__head\" role=\"button\" aria-expanded=\"false\"><div class=\"esab__heading_txt\"><p class=\"esab__heading_tag\"><strong>Vertimo paslaugos<\/strong><\/p><\/div><div class=\"esab__icon\"><div class=\"esab__collapse\">  <\/div><div class=\"esab__expand\">  <\/div><\/div><\/div><div class=\"esab__body\">\n<p>Kalb\u0173 centras teikia vertimo (angl\u0173\u2013lietuvi\u0173\u2013angl\u0173, vokie\u010di\u0173\u2013lietuvi\u0173\u2013vokie\u010di\u0173, rus\u0173\u2013lietuvi\u0173\u2013rus\u0173) ir kalbos redagavimo paslaugas.<\/p>\n\n\n\n<p>Daugiau informacijos el. p. <a href=\"mailto:ieva.brazauskaite@kaunokolegija.lt\">ieva.brazauskaite@kaunokolegija.lt<\/a><\/p>\n<\/div><\/div>\n\n\n\n<div class=\"wp-block-esab-accordion-child\"><div class=\"esab__head\" role=\"button\" aria-expanded=\"false\"><div class=\"esab__heading_txt\"><p class=\"esab__heading_tag\"><strong>Dail\u0117s k\u016brini\u0173 krautuv\u0117l\u0117<\/strong><\/p><\/div><div class=\"esab__icon\"><div class=\"esab__collapse\">  <\/div><div class=\"esab__expand\">  <\/div><\/div><\/div><div class=\"esab__body\">\n<p>Jau daugiau nei de\u0161imt\u012f met\u0173 veikia dail\u0117s k\u016brini\u0173 krautuv\u0117l\u0117, kurioje vizualaus meno myl\u0117tojai gali \u012fsigyti originali\u0173 Men\u0173 akademijos student\u0173 darb\u0173.<\/p>\n\n\n\n<p>Stiklo, keramikos, odos, tekstil\u0117s k\u016briniai eksponuojami jaukiose ir \u0161viesiose krautuv\u0117l\u0117s erdv\u0117se, gali tapti gra\u017eia interjero detale, originalia dovana ar siurprizu \u017emogui, kur\u012f norite nustebinti.<\/p>\n\n\n\n<p>Ekspozicija krautuv\u0117l\u0117je yra kei\u010diama kelet\u0105 kart\u0173 per metus, tod\u0117l u\u017esuk\u0119 \u010dia visada atrasite ka\u017ek\u0105 naujo.<\/p>\n\n\n\n<p>Laukiame j\u016bs\u0173: I\u2013IV 8\u201316 val., V 8\u201315 val.<br>\u0160kl\u0117riaus g. 1, Kaunas (\u012f\u0117jimas pro centrin\u012f Men\u0173 ir ugdymo fakulteto pastat\u0105 (A. Mackevi\u010diaus g. 27, Kaunas).<\/p>\n<\/div><\/div>\n<\/div><\/div>\n<\/div>\n<\/div>\n<\/div>\n<\/div>\n<\/div>\n","protected":false},"excerpt":{"rendered":"","protected":false},"author":1,"featured_media":276358,"parent":0,"menu_order":0,"comment_status":"closed","ping_status":"closed","template":"","meta":{"footnotes":""},"class_list":["post-276203","page","type-page","status-publish","has-post-thumbnail","hentry"],"yoast_head":"<!-- This site is optimized with the Yoast SEO plugin v27.4 - https:\/\/yoast.com\/product\/yoast-seo-wordpress\/ -->\n<title>Paslaugos visuomenei - Men\u0173 ir ugdymo fakultetas<\/title>\n<meta name=\"robots\" content=\"index, follow, max-snippet:-1, max-image-preview:large, max-video-preview:-1\" \/>\n<link rel=\"canonical\" href=\"https:\/\/kaunokolegija.lt\/muf\/paslaugos-visuomenei\/\" \/>\n<meta property=\"og:locale\" content=\"lt_LT\" \/>\n<meta property=\"og:type\" content=\"article\" \/>\n<meta property=\"og:title\" content=\"Paslaugos visuomenei - Men\u0173 ir ugdymo fakultetas\" \/>\n<meta property=\"og:url\" content=\"https:\/\/kaunokolegija.lt\/muf\/paslaugos-visuomenei\/\" \/>\n<meta property=\"og:site_name\" content=\"Men\u0173 ir ugdymo fakultetas\" \/>\n<meta property=\"article:publisher\" content=\"https:\/\/www.facebook.com\/Kauno.kolegija\/\" \/>\n<meta property=\"article:modified_time\" content=\"2026-02-10T12:08:43+00:00\" \/>\n<meta property=\"og:image\" content=\"https:\/\/kaunokolegija.lt\/muf\/wp-content\/uploads\/sites\/14\/2025\/11\/Kauno_kolegija_I-116-scaled.webp\" \/>\n\t<meta property=\"og:image:width\" content=\"2560\" \/>\n\t<meta property=\"og:image:height\" content=\"1707\" \/>\n\t<meta property=\"og:image:type\" content=\"image\/webp\" \/>\n<meta name=\"twitter:card\" content=\"summary_large_image\" \/>\n<meta name=\"twitter:label1\" content=\"Est. reading time\" \/>\n\t<meta name=\"twitter:data1\" content=\"2 minut\u0117s\" \/>\n<script type=\"application\/ld+json\" class=\"yoast-schema-graph\">{\"@context\":\"https:\\\/\\\/schema.org\",\"@graph\":[{\"@type\":\"WebPage\",\"@id\":\"https:\\\/\\\/kaunokolegija.lt\\\/muf\\\/paslaugos-visuomenei\\\/\",\"url\":\"https:\\\/\\\/kaunokolegija.lt\\\/muf\\\/paslaugos-visuomenei\\\/\",\"name\":\"Paslaugos visuomenei - Men\u0173 ir ugdymo fakultetas\",\"isPartOf\":{\"@id\":\"https:\\\/\\\/kaunokolegija.lt\\\/muf\\\/#website\"},\"primaryImageOfPage\":{\"@id\":\"https:\\\/\\\/kaunokolegija.lt\\\/muf\\\/paslaugos-visuomenei\\\/#primaryimage\"},\"image\":{\"@id\":\"https:\\\/\\\/kaunokolegija.lt\\\/muf\\\/paslaugos-visuomenei\\\/#primaryimage\"},\"thumbnailUrl\":\"https:\\\/\\\/kaunokolegija.lt\\\/muf\\\/wp-content\\\/uploads\\\/sites\\\/14\\\/2025\\\/11\\\/Kauno_kolegija_I-116-scaled.webp\",\"datePublished\":\"2025-09-25T18:02:17+00:00\",\"dateModified\":\"2026-02-10T12:08:43+00:00\",\"breadcrumb\":{\"@id\":\"https:\\\/\\\/kaunokolegija.lt\\\/muf\\\/paslaugos-visuomenei\\\/#breadcrumb\"},\"inLanguage\":\"lt-LT\",\"potentialAction\":[{\"@type\":\"ReadAction\",\"target\":[\"https:\\\/\\\/kaunokolegija.lt\\\/muf\\\/paslaugos-visuomenei\\\/\"]}]},{\"@type\":\"ImageObject\",\"inLanguage\":\"lt-LT\",\"@id\":\"https:\\\/\\\/kaunokolegija.lt\\\/muf\\\/paslaugos-visuomenei\\\/#primaryimage\",\"url\":\"https:\\\/\\\/kaunokolegija.lt\\\/muf\\\/wp-content\\\/uploads\\\/sites\\\/14\\\/2025\\\/11\\\/Kauno_kolegija_I-116-scaled.webp\",\"contentUrl\":\"https:\\\/\\\/kaunokolegija.lt\\\/muf\\\/wp-content\\\/uploads\\\/sites\\\/14\\\/2025\\\/11\\\/Kauno_kolegija_I-116-scaled.webp\",\"width\":2560,\"height\":1707},{\"@type\":\"BreadcrumbList\",\"@id\":\"https:\\\/\\\/kaunokolegija.lt\\\/muf\\\/paslaugos-visuomenei\\\/#breadcrumb\",\"itemListElement\":[{\"@type\":\"ListItem\",\"position\":1,\"name\":\"Home\",\"item\":\"https:\\\/\\\/kaunokolegija.lt\\\/muf\\\/\"},{\"@type\":\"ListItem\",\"position\":2,\"name\":\"Paslaugos visuomenei\"}]},{\"@type\":\"WebSite\",\"@id\":\"https:\\\/\\\/kaunokolegija.lt\\\/muf\\\/#website\",\"url\":\"https:\\\/\\\/kaunokolegija.lt\\\/muf\\\/\",\"name\":\"Men\u0173 ir ugdymo fakultetas\",\"description\":\"Kauno kolegija\",\"publisher\":{\"@id\":\"https:\\\/\\\/kaunokolegija.lt\\\/muf\\\/#organization\"},\"potentialAction\":[{\"@type\":\"SearchAction\",\"target\":{\"@type\":\"EntryPoint\",\"urlTemplate\":\"https:\\\/\\\/kaunokolegija.lt\\\/muf\\\/?s={search_term_string}\"},\"query-input\":{\"@type\":\"PropertyValueSpecification\",\"valueRequired\":true,\"valueName\":\"search_term_string\"}}],\"inLanguage\":\"lt-LT\"},{\"@type\":\"Organization\",\"@id\":\"https:\\\/\\\/kaunokolegija.lt\\\/muf\\\/#organization\",\"name\":\"Kauno kolegija\",\"url\":\"https:\\\/\\\/kaunokolegija.lt\\\/muf\\\/\",\"logo\":{\"@type\":\"ImageObject\",\"inLanguage\":\"lt-LT\",\"@id\":\"https:\\\/\\\/kaunokolegija.lt\\\/muf\\\/#\\\/schema\\\/logo\\\/image\\\/\",\"url\":\"https:\\\/\\\/kaunokolegija.lt\\\/muf\\\/wp-content\\\/uploads\\\/sites\\\/14\\\/2026\\\/01\\\/cropped-KK_MUF_LOGO_COLOR.png\",\"contentUrl\":\"https:\\\/\\\/kaunokolegija.lt\\\/muf\\\/wp-content\\\/uploads\\\/sites\\\/14\\\/2026\\\/01\\\/cropped-KK_MUF_LOGO_COLOR.png\",\"width\":2084,\"height\":2084,\"caption\":\"Kauno kolegija\"},\"image\":{\"@id\":\"https:\\\/\\\/kaunokolegija.lt\\\/muf\\\/#\\\/schema\\\/logo\\\/image\\\/\"},\"sameAs\":[\"https:\\\/\\\/www.facebook.com\\\/Kauno.kolegija\\\/\"]}]}<\/script>\n<!-- \/ Yoast SEO plugin. -->","yoast_head_json":{"title":"Paslaugos visuomenei - Men\u0173 ir ugdymo fakultetas","robots":{"index":"index","follow":"follow","max-snippet":"max-snippet:-1","max-image-preview":"max-image-preview:large","max-video-preview":"max-video-preview:-1"},"canonical":"https:\/\/kaunokolegija.lt\/muf\/paslaugos-visuomenei\/","og_locale":"lt_LT","og_type":"article","og_title":"Paslaugos visuomenei - Men\u0173 ir ugdymo fakultetas","og_url":"https:\/\/kaunokolegija.lt\/muf\/paslaugos-visuomenei\/","og_site_name":"Men\u0173 ir ugdymo fakultetas","article_publisher":"https:\/\/www.facebook.com\/Kauno.kolegija\/","article_modified_time":"2026-02-10T12:08:43+00:00","og_image":[{"width":2560,"height":1707,"url":"https:\/\/kaunokolegija.lt\/muf\/wp-content\/uploads\/sites\/14\/2025\/11\/Kauno_kolegija_I-116-scaled.webp","type":"image\/webp"}],"twitter_card":"summary_large_image","twitter_misc":{"Est. reading time":"2 minut\u0117s"},"schema":{"@context":"https:\/\/schema.org","@graph":[{"@type":"WebPage","@id":"https:\/\/kaunokolegija.lt\/muf\/paslaugos-visuomenei\/","url":"https:\/\/kaunokolegija.lt\/muf\/paslaugos-visuomenei\/","name":"Paslaugos visuomenei - Men\u0173 ir ugdymo fakultetas","isPartOf":{"@id":"https:\/\/kaunokolegija.lt\/muf\/#website"},"primaryImageOfPage":{"@id":"https:\/\/kaunokolegija.lt\/muf\/paslaugos-visuomenei\/#primaryimage"},"image":{"@id":"https:\/\/kaunokolegija.lt\/muf\/paslaugos-visuomenei\/#primaryimage"},"thumbnailUrl":"https:\/\/kaunokolegija.lt\/muf\/wp-content\/uploads\/sites\/14\/2025\/11\/Kauno_kolegija_I-116-scaled.webp","datePublished":"2025-09-25T18:02:17+00:00","dateModified":"2026-02-10T12:08:43+00:00","breadcrumb":{"@id":"https:\/\/kaunokolegija.lt\/muf\/paslaugos-visuomenei\/#breadcrumb"},"inLanguage":"lt-LT","potentialAction":[{"@type":"ReadAction","target":["https:\/\/kaunokolegija.lt\/muf\/paslaugos-visuomenei\/"]}]},{"@type":"ImageObject","inLanguage":"lt-LT","@id":"https:\/\/kaunokolegija.lt\/muf\/paslaugos-visuomenei\/#primaryimage","url":"https:\/\/kaunokolegija.lt\/muf\/wp-content\/uploads\/sites\/14\/2025\/11\/Kauno_kolegija_I-116-scaled.webp","contentUrl":"https:\/\/kaunokolegija.lt\/muf\/wp-content\/uploads\/sites\/14\/2025\/11\/Kauno_kolegija_I-116-scaled.webp","width":2560,"height":1707},{"@type":"BreadcrumbList","@id":"https:\/\/kaunokolegija.lt\/muf\/paslaugos-visuomenei\/#breadcrumb","itemListElement":[{"@type":"ListItem","position":1,"name":"Home","item":"https:\/\/kaunokolegija.lt\/muf\/"},{"@type":"ListItem","position":2,"name":"Paslaugos visuomenei"}]},{"@type":"WebSite","@id":"https:\/\/kaunokolegija.lt\/muf\/#website","url":"https:\/\/kaunokolegija.lt\/muf\/","name":"Men\u0173 ir ugdymo fakultetas","description":"Kauno kolegija","publisher":{"@id":"https:\/\/kaunokolegija.lt\/muf\/#organization"},"potentialAction":[{"@type":"SearchAction","target":{"@type":"EntryPoint","urlTemplate":"https:\/\/kaunokolegija.lt\/muf\/?s={search_term_string}"},"query-input":{"@type":"PropertyValueSpecification","valueRequired":true,"valueName":"search_term_string"}}],"inLanguage":"lt-LT"},{"@type":"Organization","@id":"https:\/\/kaunokolegija.lt\/muf\/#organization","name":"Kauno kolegija","url":"https:\/\/kaunokolegija.lt\/muf\/","logo":{"@type":"ImageObject","inLanguage":"lt-LT","@id":"https:\/\/kaunokolegija.lt\/muf\/#\/schema\/logo\/image\/","url":"https:\/\/kaunokolegija.lt\/muf\/wp-content\/uploads\/sites\/14\/2026\/01\/cropped-KK_MUF_LOGO_COLOR.png","contentUrl":"https:\/\/kaunokolegija.lt\/muf\/wp-content\/uploads\/sites\/14\/2026\/01\/cropped-KK_MUF_LOGO_COLOR.png","width":2084,"height":2084,"caption":"Kauno kolegija"},"image":{"@id":"https:\/\/kaunokolegija.lt\/muf\/#\/schema\/logo\/image\/"},"sameAs":["https:\/\/www.facebook.com\/Kauno.kolegija\/"]}]}},"_links":{"self":[{"href":"https:\/\/kaunokolegija.lt\/muf\/wp-json\/wp\/v2\/pages\/276203","targetHints":{"allow":["GET"]}}],"collection":[{"href":"https:\/\/kaunokolegija.lt\/muf\/wp-json\/wp\/v2\/pages"}],"about":[{"href":"https:\/\/kaunokolegija.lt\/muf\/wp-json\/wp\/v2\/types\/page"}],"author":[{"embeddable":true,"href":"https:\/\/kaunokolegija.lt\/muf\/wp-json\/wp\/v2\/users\/1"}],"replies":[{"embeddable":true,"href":"https:\/\/kaunokolegija.lt\/muf\/wp-json\/wp\/v2\/comments?post=276203"}],"version-history":[{"count":6,"href":"https:\/\/kaunokolegija.lt\/muf\/wp-json\/wp\/v2\/pages\/276203\/revisions"}],"predecessor-version":[{"id":279296,"href":"https:\/\/kaunokolegija.lt\/muf\/wp-json\/wp\/v2\/pages\/276203\/revisions\/279296"}],"wp:featuredmedia":[{"embeddable":true,"href":"https:\/\/kaunokolegija.lt\/muf\/wp-json\/wp\/v2\/media\/276358"}],"wp:attachment":[{"href":"https:\/\/kaunokolegija.lt\/muf\/wp-json\/wp\/v2\/media?parent=276203"}],"curies":[{"name":"wp","href":"https:\/\/api.w.org\/{rel}","templated":true}]}}