{"id":276171,"date":"2025-09-25T17:46:41","date_gmt":"2025-09-25T17:46:41","guid":{"rendered":"https:\/\/royalpeacock.agency\/kk\/muf1\/?page_id=276171"},"modified":"2026-03-25T09:14:57","modified_gmt":"2026-03-25T07:14:57","slug":"parengiamieji-kursai","status":"publish","type":"page","link":"https:\/\/kaunokolegija.lt\/muf\/parengiamieji-kursai\/","title":{"rendered":"Parengiamieji kursai"},"content":{"rendered":"\n<div class=\"wp-block-columns is-layout-flex wp-container-core-columns-is-layout-28f84493 wp-block-columns-is-layout-flex\">\n<div class=\"wp-block-column is-layout-flow wp-block-column-is-layout-flow\" style=\"flex-basis:100%\">\n<div class=\"wp-block-columns is-layout-flex wp-container-core-columns-is-layout-28f84493 wp-block-columns-is-layout-flex\">\n<div class=\"wp-block-column has-background is-layout-flow wp-block-column-is-layout-flow\" style=\"border-style:none;border-width:0px;border-radius:0px;background-color:#399e97;padding-top:1.2em;padding-bottom:1.2em;flex-basis:100%\">\n<p class=\"has-base-color has-text-color has-link-color has-l-font-size wp-elements-20e208d844abda434d988d0dcb9b92dc\" style=\"padding-right:3.5rem;padding-left:3.5rem\"><strong><strong>Dail\u0117s dalyk\u0173 kursai \u201ePie\u0161imas + tapyba + kompozicija\u201c<\/strong><\/strong><\/p>\n<\/div>\n<\/div>\n<\/div>\n<\/div>\n\n\n\n<div class=\"wp-block-columns top-p is-layout-flex wp-container-core-columns-is-layout-9a5e5583 wp-block-columns-is-layout-flex\" style=\"margin-top:var(--wp--preset--spacing--s);margin-bottom:var(--wp--preset--spacing--s)\">\n<div class=\"wp-block-column has-global-padding is-layout-constrained wp-container-core-column-is-layout-d0f22c05 wp-block-column-is-layout-constrained\">\n<div class=\"wp-block-columns abcd has-background is-layout-flex wp-container-core-columns-is-layout-28f84493 wp-block-columns-is-layout-flex\" style=\"background-color:#f9f9f9\">\n<div class=\"wp-block-column is-layout-flow wp-block-column-is-layout-flow\" style=\"padding-top:0;padding-right:0;padding-bottom:0;padding-left:0\">\n<p style=\"margin-top:8px;margin-bottom:8px\">Kauno kolegijos Men\u0173 ir ugdymo fakulteto Men\u0173 akademija kvie\u010dia \u012f dail\u0117s dalyk\u0173 kursus \u201ePie\u0161imas + tapyba + kompozicija\u201c, kuriuose tiek teori\u0161kai, tiek prakti\u0161kai supa\u017eindinama su pie\u0161imo, tapybos, kompozicijos disciplinomis, atliekamos k\u016brybi\u0161kos u\u017eduotys. Kursams vadovauja didel\u0119 patirt\u012f turintys Men\u0173 akademijos d\u0117stytojai. Nuosekliai ai\u0161kindami u\u017eduotis, skirdami individual\u0173 d\u0117mes\u012f, dalindamiesi savo patirtimi, lektoriai skatina kurs\u0173 dalyvius tobul\u0117ti ir siekti u\u017esibr\u0117\u017et\u0173 tiksl\u0173. \u0160ie kursai skirti tiek norintiems pasiruo\u0161ti stojamiesiems egzaminams \u012f dail\u0117s bei dizaino studij\u0173 kryp\u010di\u0173 programas, tiek tiems, kurie nori lavinti geb\u0117jimus pie\u0161imo, tapybos, kompozicijos disciplinose.<\/p>\n\n\n\n<div class=\"wp-block-buttons is-layout-flex wp-block-buttons-is-layout-flex\">\n<div class=\"wp-block-button\"><a class=\"wp-block-button__link has-base-background-color has-text-color has-background has-link-color wp-element-button\" style=\"color:#399e97\">Detalesn\u0117 kurs\u0173 informacija<\/a><\/div>\n<\/div>\n\n\n\n<p class=\"is-style-justify\">Jei turite klausim\u0173, kreipkit\u0117s \u012f Men\u0173 akademijos studij\u0173 kryp\u010di\u0173 koordinator\u0119 Ain\u0119 Jacyt\u0119: el.p.:\u00a0<a href=\"mailto:aine.jacyte@kaunokolegija.lt\">aine.jacyte@kaunokolegija.lt<\/a><\/p>\n<\/div>\n\n\n\n<div class=\"wp-block-column is-layout-flow wp-block-column-is-layout-flow\" style=\"flex-basis:40%\">\n<figure class=\"wp-block-image aligncenter size-full\" style=\"margin-top:0;margin-bottom:0\"><img loading=\"lazy\" decoding=\"async\" width=\"2560\" height=\"1707\" src=\"https:\/\/kaunokolegija.lt\/muf\/wp-content\/uploads\/sites\/14\/2025\/12\/Kauno_kolegija_piesimas-scaled.webp\" alt=\"\" class=\"wp-image-276576\" srcset=\"https:\/\/kaunokolegija.lt\/muf\/wp-content\/uploads\/sites\/14\/2025\/12\/Kauno_kolegija_piesimas-scaled.webp 2560w, https:\/\/kaunokolegija.lt\/muf\/wp-content\/uploads\/sites\/14\/2025\/12\/Kauno_kolegija_piesimas-300x200.webp 300w, https:\/\/kaunokolegija.lt\/muf\/wp-content\/uploads\/sites\/14\/2025\/12\/Kauno_kolegija_piesimas-1024x683.webp 1024w, https:\/\/kaunokolegija.lt\/muf\/wp-content\/uploads\/sites\/14\/2025\/12\/Kauno_kolegija_piesimas-768x512.webp 768w, https:\/\/kaunokolegija.lt\/muf\/wp-content\/uploads\/sites\/14\/2025\/12\/Kauno_kolegija_piesimas-1536x1024.webp 1536w\" sizes=\"auto, (max-width: 2560px) 100vw, 2560px\" \/><\/figure>\n<\/div>\n<\/div>\n<\/div>\n<\/div>\n","protected":false},"excerpt":{"rendered":"<p>Dail\u0117s dalyk\u0173 kursai \u201ePie\u0161imas + tapyba + kompozicija\u201c Kauno kolegijos Men\u0173 ir ugdymo fakulteto Men\u0173 akademija kvie\u010dia \u012f dail\u0117s dalyk\u0173 kursus \u201ePie\u0161imas + tapyba + kompozicija\u201c, kuriuose tiek teori\u0161kai, tiek prakti\u0161kai supa\u017eindinama&hellip;<\/p>\n","protected":false},"author":1,"featured_media":276578,"parent":0,"menu_order":0,"comment_status":"closed","ping_status":"closed","template":"","meta":{"footnotes":""},"class_list":["post-276171","page","type-page","status-publish","has-post-thumbnail","hentry"],"yoast_head":"<!-- This site is optimized with the Yoast SEO plugin v27.4 - https:\/\/yoast.com\/product\/yoast-seo-wordpress\/ -->\n<title>Parengiamieji kursai - Men\u0173 ir ugdymo fakultetas<\/title>\n<meta name=\"robots\" content=\"index, follow, max-snippet:-1, max-image-preview:large, max-video-preview:-1\" \/>\n<link rel=\"canonical\" href=\"https:\/\/kaunokolegija.lt\/muf\/parengiamieji-kursai\/\" \/>\n<meta property=\"og:locale\" content=\"lt_LT\" \/>\n<meta property=\"og:type\" content=\"article\" \/>\n<meta property=\"og:title\" content=\"Parengiamieji kursai - Men\u0173 ir ugdymo fakultetas\" \/>\n<meta property=\"og:description\" content=\"Dail\u0117s dalyk\u0173 kursai \u201ePie\u0161imas + tapyba + kompozicija\u201c Kauno kolegijos Men\u0173 ir ugdymo fakulteto Men\u0173 akademija kvie\u010dia \u012f dail\u0117s dalyk\u0173 kursus \u201ePie\u0161imas + tapyba + kompozicija\u201c, kuriuose tiek teori\u0161kai, tiek prakti\u0161kai supa\u017eindinama&hellip;\" \/>\n<meta property=\"og:url\" content=\"https:\/\/kaunokolegija.lt\/muf\/parengiamieji-kursai\/\" \/>\n<meta property=\"og:site_name\" content=\"Men\u0173 ir ugdymo fakultetas\" \/>\n<meta property=\"article:publisher\" content=\"https:\/\/www.facebook.com\/Kauno.kolegija\/\" \/>\n<meta property=\"article:modified_time\" content=\"2026-03-25T07:14:57+00:00\" \/>\n<meta property=\"og:image\" content=\"https:\/\/kaunokolegija.lt\/muf\/wp-content\/uploads\/sites\/14\/2025\/12\/Kauno_kolegija_II-119-scaled.webp\" \/>\n\t<meta property=\"og:image:width\" content=\"2560\" \/>\n\t<meta property=\"og:image:height\" content=\"1707\" \/>\n\t<meta property=\"og:image:type\" content=\"image\/webp\" \/>\n<meta name=\"twitter:card\" content=\"summary_large_image\" \/>\n<meta name=\"twitter:label1\" content=\"Est. reading time\" \/>\n\t<meta name=\"twitter:data1\" content=\"1 minut\u0117\" \/>\n<script type=\"application\/ld+json\" class=\"yoast-schema-graph\">{\"@context\":\"https:\\\/\\\/schema.org\",\"@graph\":[{\"@type\":\"WebPage\",\"@id\":\"https:\\\/\\\/kaunokolegija.lt\\\/muf\\\/parengiamieji-kursai\\\/\",\"url\":\"https:\\\/\\\/kaunokolegija.lt\\\/muf\\\/parengiamieji-kursai\\\/\",\"name\":\"Parengiamieji kursai - Men\u0173 ir ugdymo fakultetas\",\"isPartOf\":{\"@id\":\"https:\\\/\\\/kaunokolegija.lt\\\/muf\\\/#website\"},\"primaryImageOfPage\":{\"@id\":\"https:\\\/\\\/kaunokolegija.lt\\\/muf\\\/parengiamieji-kursai\\\/#primaryimage\"},\"image\":{\"@id\":\"https:\\\/\\\/kaunokolegija.lt\\\/muf\\\/parengiamieji-kursai\\\/#primaryimage\"},\"thumbnailUrl\":\"https:\\\/\\\/kaunokolegija.lt\\\/muf\\\/wp-content\\\/uploads\\\/sites\\\/14\\\/2025\\\/12\\\/Kauno_kolegija_II-119-scaled.webp\",\"datePublished\":\"2025-09-25T17:46:41+00:00\",\"dateModified\":\"2026-03-25T07:14:57+00:00\",\"breadcrumb\":{\"@id\":\"https:\\\/\\\/kaunokolegija.lt\\\/muf\\\/parengiamieji-kursai\\\/#breadcrumb\"},\"inLanguage\":\"lt-LT\",\"potentialAction\":[{\"@type\":\"ReadAction\",\"target\":[\"https:\\\/\\\/kaunokolegija.lt\\\/muf\\\/parengiamieji-kursai\\\/\"]}]},{\"@type\":\"ImageObject\",\"inLanguage\":\"lt-LT\",\"@id\":\"https:\\\/\\\/kaunokolegija.lt\\\/muf\\\/parengiamieji-kursai\\\/#primaryimage\",\"url\":\"https:\\\/\\\/kaunokolegija.lt\\\/muf\\\/wp-content\\\/uploads\\\/sites\\\/14\\\/2025\\\/12\\\/Kauno_kolegija_II-119-scaled.webp\",\"contentUrl\":\"https:\\\/\\\/kaunokolegija.lt\\\/muf\\\/wp-content\\\/uploads\\\/sites\\\/14\\\/2025\\\/12\\\/Kauno_kolegija_II-119-scaled.webp\",\"width\":2560,\"height\":1707},{\"@type\":\"BreadcrumbList\",\"@id\":\"https:\\\/\\\/kaunokolegija.lt\\\/muf\\\/parengiamieji-kursai\\\/#breadcrumb\",\"itemListElement\":[{\"@type\":\"ListItem\",\"position\":1,\"name\":\"Home\",\"item\":\"https:\\\/\\\/kaunokolegija.lt\\\/muf\\\/\"},{\"@type\":\"ListItem\",\"position\":2,\"name\":\"Parengiamieji kursai\"}]},{\"@type\":\"WebSite\",\"@id\":\"https:\\\/\\\/kaunokolegija.lt\\\/muf\\\/#website\",\"url\":\"https:\\\/\\\/kaunokolegija.lt\\\/muf\\\/\",\"name\":\"Men\u0173 ir ugdymo fakultetas\",\"description\":\"Kauno kolegija\",\"publisher\":{\"@id\":\"https:\\\/\\\/kaunokolegija.lt\\\/muf\\\/#organization\"},\"potentialAction\":[{\"@type\":\"SearchAction\",\"target\":{\"@type\":\"EntryPoint\",\"urlTemplate\":\"https:\\\/\\\/kaunokolegija.lt\\\/muf\\\/?s={search_term_string}\"},\"query-input\":{\"@type\":\"PropertyValueSpecification\",\"valueRequired\":true,\"valueName\":\"search_term_string\"}}],\"inLanguage\":\"lt-LT\"},{\"@type\":\"Organization\",\"@id\":\"https:\\\/\\\/kaunokolegija.lt\\\/muf\\\/#organization\",\"name\":\"Kauno kolegija\",\"url\":\"https:\\\/\\\/kaunokolegija.lt\\\/muf\\\/\",\"logo\":{\"@type\":\"ImageObject\",\"inLanguage\":\"lt-LT\",\"@id\":\"https:\\\/\\\/kaunokolegija.lt\\\/muf\\\/#\\\/schema\\\/logo\\\/image\\\/\",\"url\":\"https:\\\/\\\/kaunokolegija.lt\\\/muf\\\/wp-content\\\/uploads\\\/sites\\\/14\\\/2026\\\/01\\\/cropped-KK_MUF_LOGO_COLOR.png\",\"contentUrl\":\"https:\\\/\\\/kaunokolegija.lt\\\/muf\\\/wp-content\\\/uploads\\\/sites\\\/14\\\/2026\\\/01\\\/cropped-KK_MUF_LOGO_COLOR.png\",\"width\":2084,\"height\":2084,\"caption\":\"Kauno kolegija\"},\"image\":{\"@id\":\"https:\\\/\\\/kaunokolegija.lt\\\/muf\\\/#\\\/schema\\\/logo\\\/image\\\/\"},\"sameAs\":[\"https:\\\/\\\/www.facebook.com\\\/Kauno.kolegija\\\/\"]}]}<\/script>\n<!-- \/ Yoast SEO plugin. -->","yoast_head_json":{"title":"Parengiamieji kursai - Men\u0173 ir ugdymo fakultetas","robots":{"index":"index","follow":"follow","max-snippet":"max-snippet:-1","max-image-preview":"max-image-preview:large","max-video-preview":"max-video-preview:-1"},"canonical":"https:\/\/kaunokolegija.lt\/muf\/parengiamieji-kursai\/","og_locale":"lt_LT","og_type":"article","og_title":"Parengiamieji kursai - Men\u0173 ir ugdymo fakultetas","og_description":"Dail\u0117s dalyk\u0173 kursai \u201ePie\u0161imas + tapyba + kompozicija\u201c Kauno kolegijos Men\u0173 ir ugdymo fakulteto Men\u0173 akademija kvie\u010dia \u012f dail\u0117s dalyk\u0173 kursus \u201ePie\u0161imas + tapyba + kompozicija\u201c, kuriuose tiek teori\u0161kai, tiek prakti\u0161kai supa\u017eindinama&hellip;","og_url":"https:\/\/kaunokolegija.lt\/muf\/parengiamieji-kursai\/","og_site_name":"Men\u0173 ir ugdymo fakultetas","article_publisher":"https:\/\/www.facebook.com\/Kauno.kolegija\/","article_modified_time":"2026-03-25T07:14:57+00:00","og_image":[{"width":2560,"height":1707,"url":"https:\/\/kaunokolegija.lt\/muf\/wp-content\/uploads\/sites\/14\/2025\/12\/Kauno_kolegija_II-119-scaled.webp","type":"image\/webp"}],"twitter_card":"summary_large_image","twitter_misc":{"Est. reading time":"1 minut\u0117"},"schema":{"@context":"https:\/\/schema.org","@graph":[{"@type":"WebPage","@id":"https:\/\/kaunokolegija.lt\/muf\/parengiamieji-kursai\/","url":"https:\/\/kaunokolegija.lt\/muf\/parengiamieji-kursai\/","name":"Parengiamieji kursai - Men\u0173 ir ugdymo fakultetas","isPartOf":{"@id":"https:\/\/kaunokolegija.lt\/muf\/#website"},"primaryImageOfPage":{"@id":"https:\/\/kaunokolegija.lt\/muf\/parengiamieji-kursai\/#primaryimage"},"image":{"@id":"https:\/\/kaunokolegija.lt\/muf\/parengiamieji-kursai\/#primaryimage"},"thumbnailUrl":"https:\/\/kaunokolegija.lt\/muf\/wp-content\/uploads\/sites\/14\/2025\/12\/Kauno_kolegija_II-119-scaled.webp","datePublished":"2025-09-25T17:46:41+00:00","dateModified":"2026-03-25T07:14:57+00:00","breadcrumb":{"@id":"https:\/\/kaunokolegija.lt\/muf\/parengiamieji-kursai\/#breadcrumb"},"inLanguage":"lt-LT","potentialAction":[{"@type":"ReadAction","target":["https:\/\/kaunokolegija.lt\/muf\/parengiamieji-kursai\/"]}]},{"@type":"ImageObject","inLanguage":"lt-LT","@id":"https:\/\/kaunokolegija.lt\/muf\/parengiamieji-kursai\/#primaryimage","url":"https:\/\/kaunokolegija.lt\/muf\/wp-content\/uploads\/sites\/14\/2025\/12\/Kauno_kolegija_II-119-scaled.webp","contentUrl":"https:\/\/kaunokolegija.lt\/muf\/wp-content\/uploads\/sites\/14\/2025\/12\/Kauno_kolegija_II-119-scaled.webp","width":2560,"height":1707},{"@type":"BreadcrumbList","@id":"https:\/\/kaunokolegija.lt\/muf\/parengiamieji-kursai\/#breadcrumb","itemListElement":[{"@type":"ListItem","position":1,"name":"Home","item":"https:\/\/kaunokolegija.lt\/muf\/"},{"@type":"ListItem","position":2,"name":"Parengiamieji kursai"}]},{"@type":"WebSite","@id":"https:\/\/kaunokolegija.lt\/muf\/#website","url":"https:\/\/kaunokolegija.lt\/muf\/","name":"Men\u0173 ir ugdymo fakultetas","description":"Kauno kolegija","publisher":{"@id":"https:\/\/kaunokolegija.lt\/muf\/#organization"},"potentialAction":[{"@type":"SearchAction","target":{"@type":"EntryPoint","urlTemplate":"https:\/\/kaunokolegija.lt\/muf\/?s={search_term_string}"},"query-input":{"@type":"PropertyValueSpecification","valueRequired":true,"valueName":"search_term_string"}}],"inLanguage":"lt-LT"},{"@type":"Organization","@id":"https:\/\/kaunokolegija.lt\/muf\/#organization","name":"Kauno kolegija","url":"https:\/\/kaunokolegija.lt\/muf\/","logo":{"@type":"ImageObject","inLanguage":"lt-LT","@id":"https:\/\/kaunokolegija.lt\/muf\/#\/schema\/logo\/image\/","url":"https:\/\/kaunokolegija.lt\/muf\/wp-content\/uploads\/sites\/14\/2026\/01\/cropped-KK_MUF_LOGO_COLOR.png","contentUrl":"https:\/\/kaunokolegija.lt\/muf\/wp-content\/uploads\/sites\/14\/2026\/01\/cropped-KK_MUF_LOGO_COLOR.png","width":2084,"height":2084,"caption":"Kauno kolegija"},"image":{"@id":"https:\/\/kaunokolegija.lt\/muf\/#\/schema\/logo\/image\/"},"sameAs":["https:\/\/www.facebook.com\/Kauno.kolegija\/"]}]}},"_links":{"self":[{"href":"https:\/\/kaunokolegija.lt\/muf\/wp-json\/wp\/v2\/pages\/276171","targetHints":{"allow":["GET"]}}],"collection":[{"href":"https:\/\/kaunokolegija.lt\/muf\/wp-json\/wp\/v2\/pages"}],"about":[{"href":"https:\/\/kaunokolegija.lt\/muf\/wp-json\/wp\/v2\/types\/page"}],"author":[{"embeddable":true,"href":"https:\/\/kaunokolegija.lt\/muf\/wp-json\/wp\/v2\/users\/1"}],"replies":[{"embeddable":true,"href":"https:\/\/kaunokolegija.lt\/muf\/wp-json\/wp\/v2\/comments?post=276171"}],"version-history":[{"count":6,"href":"https:\/\/kaunokolegija.lt\/muf\/wp-json\/wp\/v2\/pages\/276171\/revisions"}],"predecessor-version":[{"id":279521,"href":"https:\/\/kaunokolegija.lt\/muf\/wp-json\/wp\/v2\/pages\/276171\/revisions\/279521"}],"wp:featuredmedia":[{"embeddable":true,"href":"https:\/\/kaunokolegija.lt\/muf\/wp-json\/wp\/v2\/media\/276578"}],"wp:attachment":[{"href":"https:\/\/kaunokolegija.lt\/muf\/wp-json\/wp\/v2\/media?parent=276171"}],"curies":[{"name":"wp","href":"https:\/\/api.w.org\/{rel}","templated":true}]}}