{"id":276109,"date":"2025-09-25T16:54:59","date_gmt":"2025-09-25T16:54:59","guid":{"rendered":"https:\/\/royalpeacock.agency\/kk\/muf1\/?page_id=276109"},"modified":"2026-01-23T11:36:43","modified_gmt":"2026-01-23T11:36:43","slug":"apkalbos","status":"publish","type":"page","link":"https:\/\/kaunokolegija.lt\/muf\/apkalbos\/","title":{"rendered":"Apkalbos"},"content":{"rendered":"\n<div class=\"wp-block-columns top-p is-layout-flex wp-container-core-columns-is-layout-28f84493 wp-block-columns-is-layout-flex\">\n<div class=\"wp-block-column has-global-padding is-layout-constrained wp-container-core-column-is-layout-d0f22c05 wp-block-column-is-layout-constrained\">\n<div class=\"wp-block-columns abcd has-background is-layout-flex wp-container-core-columns-is-layout-28f84493 wp-block-columns-is-layout-flex\" style=\"background-color:#f9f9f9\">\n<div class=\"wp-block-column is-layout-flow wp-block-column-is-layout-flow\" style=\"padding-top:0;padding-right:0;padding-bottom:0;padding-left:0\">\n<p class=\"is-style-justify\" style=\"margin-top:8px;margin-bottom:8px\">Kauno kolegijos Men\u0173 ir ugdymo fakulteto Men\u0173 akademijos Mados dizaino studij\u0173 programos lektori\u0173 komanda, vadovaujama Stellos Justinos Kasperavi\u010dien\u0117s, jau daugiau nei 20 met\u0173 organizuoja tarptautin\u012f mados \u0161ou \u201eApkalbos\u201c, kuris kasmet sukvie\u010dia dalyvius i\u0161 Lietuvos bei u\u017esienio \u0161ali\u0173, dovanodamas \u017ei\u016brovams neu\u017emir\u0161tam\u0105 patirt\u012f spalvingoje mados \u0161vent\u0117je.<\/p>\n\n\n\n<p class=\"is-style-justify\" style=\"margin-top:8px;margin-bottom:8px\">U\u017eimdamas tvirt\u0105 pozicij\u0105 \u0161alies mados \u017eem\u0117lapyje, nekonkursinis renginys suteikia galimybes jauniesiems mados dizaineriams pristatyti savo k\u016bryb\u0105 vie\u0161ai, tiek profesionaliems modeliams, tiek asmenims, dar neturintiems modelio patirties, pasirodyti ant did\u017eiojo podiumo, o mados gerb\u0117jams \u2013 atrasti naujus, i\u0161skirtinius k\u016br\u0117jus.<\/p>\n\n\n\n<p class=\"is-style-justify\" style=\"margin-top:8px;margin-bottom:8px\">Reik\u0161mingu kult\u016briniu \u012fvykiu Kauno miesto ir tarptautin\u0117s mados bendruomen\u0117je tap\u0119s renginys bendradarbiauja su ilgame\u010diais fakulteto partneriais, tokiais kaip CASCADA professional, MKAIL cosmetics \u2013 Make-up Atelier Paris Lietuva, KIGSA ir CASCADA akademija, modeli\u0173 agent\u016bros: BMM, CatWalk, Deimant\u0117s modeli\u0173 agent\u016bra, Duo Management ir ECMA, SUN365, DP Acetate ir kt.<\/p>\n\n\n\n<figure class=\"wp-block-embed aligncenter is-type-video is-provider-youtube wp-block-embed-youtube wp-embed-aspect-16-9 wp-has-aspect-ratio is-style-frame\" style=\"margin-top:0;margin-right:0;margin-bottom:0;margin-left:0\"><div class=\"wp-block-embed__wrapper\">\n<iframe loading=\"lazy\" title=\"Tarptautinis mados \u0161ou \u201eApkalbos\u201c | Kauno kolegjia\" width=\"1280\" height=\"720\" src=\"https:\/\/www.youtube.com\/embed\/PwcWdvPtI3I?feature=oembed\" frameborder=\"0\" allow=\"accelerometer; autoplay; clipboard-write; encrypted-media; gyroscope; picture-in-picture; web-share\" referrerpolicy=\"strict-origin-when-cross-origin\" allowfullscreen><\/iframe>\n<\/div><\/figure>\n\n\n\n<p><a href=\"https:\/\/www.youtube.com\/watch?v=oFxwcLzCrfY\">\u201eApkalbos 2024\u201c<\/a><\/p>\n<\/div>\n<\/div>\n<\/div>\n<\/div>\n","protected":false},"excerpt":{"rendered":"<p>Kauno kolegijos Men\u0173 ir ugdymo fakulteto Men\u0173 akademijos Mados dizaino studij\u0173 programos lektori\u0173 komanda, vadovaujama Stellos Justinos Kasperavi\u010dien\u0117s, jau daugiau nei 20 met\u0173 organizuoja tarptautin\u012f mados \u0161ou \u201eApkalbos\u201c, kuris kasmet sukvie\u010dia dalyvius&hellip;<\/p>\n","protected":false},"author":1,"featured_media":276595,"parent":0,"menu_order":0,"comment_status":"closed","ping_status":"closed","template":"","meta":{"footnotes":""},"class_list":["post-276109","page","type-page","status-publish","has-post-thumbnail","hentry"],"yoast_head":"<!-- This site is optimized with the Yoast SEO plugin v27.5 - https:\/\/yoast.com\/product\/yoast-seo-wordpress\/ -->\n<title>Apkalbos - Men\u0173 ir ugdymo fakultetas<\/title>\n<meta name=\"robots\" content=\"index, follow, max-snippet:-1, max-image-preview:large, max-video-preview:-1\" \/>\n<link rel=\"canonical\" href=\"https:\/\/kaunokolegija.lt\/muf\/apkalbos\/\" \/>\n<meta property=\"og:locale\" content=\"lt_LT\" \/>\n<meta property=\"og:type\" content=\"article\" \/>\n<meta property=\"og:title\" content=\"Apkalbos - Men\u0173 ir ugdymo fakultetas\" \/>\n<meta property=\"og:description\" content=\"Kauno kolegijos Men\u0173 ir ugdymo fakulteto Men\u0173 akademijos Mados dizaino studij\u0173 programos lektori\u0173 komanda, vadovaujama Stellos Justinos Kasperavi\u010dien\u0117s, jau daugiau nei 20 met\u0173 organizuoja tarptautin\u012f mados \u0161ou \u201eApkalbos\u201c, kuris kasmet sukvie\u010dia dalyvius&hellip;\" \/>\n<meta property=\"og:url\" content=\"https:\/\/kaunokolegija.lt\/muf\/apkalbos\/\" \/>\n<meta property=\"og:site_name\" content=\"Men\u0173 ir ugdymo fakultetas\" \/>\n<meta property=\"article:publisher\" content=\"https:\/\/www.facebook.com\/Kauno.kolegija\/\" \/>\n<meta property=\"article:modified_time\" content=\"2026-01-23T11:36:43+00:00\" \/>\n<meta property=\"og:image\" content=\"https:\/\/kaunokolegija.lt\/muf\/wp-content\/uploads\/sites\/14\/2025\/12\/KK-apkalbos_2022_MJ-55-scaled.webp\" \/>\n\t<meta property=\"og:image:width\" content=\"1707\" \/>\n\t<meta property=\"og:image:height\" content=\"2560\" \/>\n\t<meta property=\"og:image:type\" content=\"image\/webp\" \/>\n<meta name=\"twitter:card\" content=\"summary_large_image\" \/>\n<meta name=\"twitter:label1\" content=\"Est. reading time\" \/>\n\t<meta name=\"twitter:data1\" content=\"1 minut\u0117\" \/>\n<script type=\"application\/ld+json\" class=\"yoast-schema-graph\">{\"@context\":\"https:\\\/\\\/schema.org\",\"@graph\":[{\"@type\":\"WebPage\",\"@id\":\"https:\\\/\\\/kaunokolegija.lt\\\/muf\\\/apkalbos\\\/\",\"url\":\"https:\\\/\\\/kaunokolegija.lt\\\/muf\\\/apkalbos\\\/\",\"name\":\"Apkalbos - Men\u0173 ir ugdymo fakultetas\",\"isPartOf\":{\"@id\":\"https:\\\/\\\/kaunokolegija.lt\\\/muf\\\/#website\"},\"primaryImageOfPage\":{\"@id\":\"https:\\\/\\\/kaunokolegija.lt\\\/muf\\\/apkalbos\\\/#primaryimage\"},\"image\":{\"@id\":\"https:\\\/\\\/kaunokolegija.lt\\\/muf\\\/apkalbos\\\/#primaryimage\"},\"thumbnailUrl\":\"https:\\\/\\\/kaunokolegija.lt\\\/muf\\\/wp-content\\\/uploads\\\/sites\\\/14\\\/2025\\\/12\\\/KK-apkalbos_2022_MJ-55-scaled.webp\",\"datePublished\":\"2025-09-25T16:54:59+00:00\",\"dateModified\":\"2026-01-23T11:36:43+00:00\",\"breadcrumb\":{\"@id\":\"https:\\\/\\\/kaunokolegija.lt\\\/muf\\\/apkalbos\\\/#breadcrumb\"},\"inLanguage\":\"lt-LT\",\"potentialAction\":[{\"@type\":\"ReadAction\",\"target\":[\"https:\\\/\\\/kaunokolegija.lt\\\/muf\\\/apkalbos\\\/\"]}]},{\"@type\":\"ImageObject\",\"inLanguage\":\"lt-LT\",\"@id\":\"https:\\\/\\\/kaunokolegija.lt\\\/muf\\\/apkalbos\\\/#primaryimage\",\"url\":\"https:\\\/\\\/kaunokolegija.lt\\\/muf\\\/wp-content\\\/uploads\\\/sites\\\/14\\\/2025\\\/12\\\/KK-apkalbos_2022_MJ-55-scaled.webp\",\"contentUrl\":\"https:\\\/\\\/kaunokolegija.lt\\\/muf\\\/wp-content\\\/uploads\\\/sites\\\/14\\\/2025\\\/12\\\/KK-apkalbos_2022_MJ-55-scaled.webp\",\"width\":1707,\"height\":2560},{\"@type\":\"BreadcrumbList\",\"@id\":\"https:\\\/\\\/kaunokolegija.lt\\\/muf\\\/apkalbos\\\/#breadcrumb\",\"itemListElement\":[{\"@type\":\"ListItem\",\"position\":1,\"name\":\"Home\",\"item\":\"https:\\\/\\\/kaunokolegija.lt\\\/muf\\\/\"},{\"@type\":\"ListItem\",\"position\":2,\"name\":\"Apkalbos\"}]},{\"@type\":\"WebSite\",\"@id\":\"https:\\\/\\\/kaunokolegija.lt\\\/muf\\\/#website\",\"url\":\"https:\\\/\\\/kaunokolegija.lt\\\/muf\\\/\",\"name\":\"Men\u0173 ir ugdymo fakultetas\",\"description\":\"Kauno kolegija\",\"publisher\":{\"@id\":\"https:\\\/\\\/kaunokolegija.lt\\\/muf\\\/#organization\"},\"potentialAction\":[{\"@type\":\"SearchAction\",\"target\":{\"@type\":\"EntryPoint\",\"urlTemplate\":\"https:\\\/\\\/kaunokolegija.lt\\\/muf\\\/?s={search_term_string}\"},\"query-input\":{\"@type\":\"PropertyValueSpecification\",\"valueRequired\":true,\"valueName\":\"search_term_string\"}}],\"inLanguage\":\"lt-LT\"},{\"@type\":\"Organization\",\"@id\":\"https:\\\/\\\/kaunokolegija.lt\\\/muf\\\/#organization\",\"name\":\"Kauno kolegija\",\"url\":\"https:\\\/\\\/kaunokolegija.lt\\\/muf\\\/\",\"logo\":{\"@type\":\"ImageObject\",\"inLanguage\":\"lt-LT\",\"@id\":\"https:\\\/\\\/kaunokolegija.lt\\\/muf\\\/#\\\/schema\\\/logo\\\/image\\\/\",\"url\":\"https:\\\/\\\/kaunokolegija.lt\\\/muf\\\/wp-content\\\/uploads\\\/sites\\\/14\\\/2026\\\/01\\\/cropped-KK_MUF_LOGO_COLOR.png\",\"contentUrl\":\"https:\\\/\\\/kaunokolegija.lt\\\/muf\\\/wp-content\\\/uploads\\\/sites\\\/14\\\/2026\\\/01\\\/cropped-KK_MUF_LOGO_COLOR.png\",\"width\":2084,\"height\":2084,\"caption\":\"Kauno kolegija\"},\"image\":{\"@id\":\"https:\\\/\\\/kaunokolegija.lt\\\/muf\\\/#\\\/schema\\\/logo\\\/image\\\/\"},\"sameAs\":[\"https:\\\/\\\/www.facebook.com\\\/Kauno.kolegija\\\/\"]}]}<\/script>\n<!-- \/ Yoast SEO plugin. -->","yoast_head_json":{"title":"Apkalbos - Men\u0173 ir ugdymo fakultetas","robots":{"index":"index","follow":"follow","max-snippet":"max-snippet:-1","max-image-preview":"max-image-preview:large","max-video-preview":"max-video-preview:-1"},"canonical":"https:\/\/kaunokolegija.lt\/muf\/apkalbos\/","og_locale":"lt_LT","og_type":"article","og_title":"Apkalbos - Men\u0173 ir ugdymo fakultetas","og_description":"Kauno kolegijos Men\u0173 ir ugdymo fakulteto Men\u0173 akademijos Mados dizaino studij\u0173 programos lektori\u0173 komanda, vadovaujama Stellos Justinos Kasperavi\u010dien\u0117s, jau daugiau nei 20 met\u0173 organizuoja tarptautin\u012f mados \u0161ou \u201eApkalbos\u201c, kuris kasmet sukvie\u010dia dalyvius&hellip;","og_url":"https:\/\/kaunokolegija.lt\/muf\/apkalbos\/","og_site_name":"Men\u0173 ir ugdymo fakultetas","article_publisher":"https:\/\/www.facebook.com\/Kauno.kolegija\/","article_modified_time":"2026-01-23T11:36:43+00:00","og_image":[{"width":1707,"height":2560,"url":"https:\/\/kaunokolegija.lt\/muf\/wp-content\/uploads\/sites\/14\/2025\/12\/KK-apkalbos_2022_MJ-55-scaled.webp","type":"image\/webp"}],"twitter_card":"summary_large_image","twitter_misc":{"Est. reading time":"1 minut\u0117"},"schema":{"@context":"https:\/\/schema.org","@graph":[{"@type":"WebPage","@id":"https:\/\/kaunokolegija.lt\/muf\/apkalbos\/","url":"https:\/\/kaunokolegija.lt\/muf\/apkalbos\/","name":"Apkalbos - Men\u0173 ir ugdymo fakultetas","isPartOf":{"@id":"https:\/\/kaunokolegija.lt\/muf\/#website"},"primaryImageOfPage":{"@id":"https:\/\/kaunokolegija.lt\/muf\/apkalbos\/#primaryimage"},"image":{"@id":"https:\/\/kaunokolegija.lt\/muf\/apkalbos\/#primaryimage"},"thumbnailUrl":"https:\/\/kaunokolegija.lt\/muf\/wp-content\/uploads\/sites\/14\/2025\/12\/KK-apkalbos_2022_MJ-55-scaled.webp","datePublished":"2025-09-25T16:54:59+00:00","dateModified":"2026-01-23T11:36:43+00:00","breadcrumb":{"@id":"https:\/\/kaunokolegija.lt\/muf\/apkalbos\/#breadcrumb"},"inLanguage":"lt-LT","potentialAction":[{"@type":"ReadAction","target":["https:\/\/kaunokolegija.lt\/muf\/apkalbos\/"]}]},{"@type":"ImageObject","inLanguage":"lt-LT","@id":"https:\/\/kaunokolegija.lt\/muf\/apkalbos\/#primaryimage","url":"https:\/\/kaunokolegija.lt\/muf\/wp-content\/uploads\/sites\/14\/2025\/12\/KK-apkalbos_2022_MJ-55-scaled.webp","contentUrl":"https:\/\/kaunokolegija.lt\/muf\/wp-content\/uploads\/sites\/14\/2025\/12\/KK-apkalbos_2022_MJ-55-scaled.webp","width":1707,"height":2560},{"@type":"BreadcrumbList","@id":"https:\/\/kaunokolegija.lt\/muf\/apkalbos\/#breadcrumb","itemListElement":[{"@type":"ListItem","position":1,"name":"Home","item":"https:\/\/kaunokolegija.lt\/muf\/"},{"@type":"ListItem","position":2,"name":"Apkalbos"}]},{"@type":"WebSite","@id":"https:\/\/kaunokolegija.lt\/muf\/#website","url":"https:\/\/kaunokolegija.lt\/muf\/","name":"Men\u0173 ir ugdymo fakultetas","description":"Kauno kolegija","publisher":{"@id":"https:\/\/kaunokolegija.lt\/muf\/#organization"},"potentialAction":[{"@type":"SearchAction","target":{"@type":"EntryPoint","urlTemplate":"https:\/\/kaunokolegija.lt\/muf\/?s={search_term_string}"},"query-input":{"@type":"PropertyValueSpecification","valueRequired":true,"valueName":"search_term_string"}}],"inLanguage":"lt-LT"},{"@type":"Organization","@id":"https:\/\/kaunokolegija.lt\/muf\/#organization","name":"Kauno kolegija","url":"https:\/\/kaunokolegija.lt\/muf\/","logo":{"@type":"ImageObject","inLanguage":"lt-LT","@id":"https:\/\/kaunokolegija.lt\/muf\/#\/schema\/logo\/image\/","url":"https:\/\/kaunokolegija.lt\/muf\/wp-content\/uploads\/sites\/14\/2026\/01\/cropped-KK_MUF_LOGO_COLOR.png","contentUrl":"https:\/\/kaunokolegija.lt\/muf\/wp-content\/uploads\/sites\/14\/2026\/01\/cropped-KK_MUF_LOGO_COLOR.png","width":2084,"height":2084,"caption":"Kauno kolegija"},"image":{"@id":"https:\/\/kaunokolegija.lt\/muf\/#\/schema\/logo\/image\/"},"sameAs":["https:\/\/www.facebook.com\/Kauno.kolegija\/"]}]}},"_links":{"self":[{"href":"https:\/\/kaunokolegija.lt\/muf\/wp-json\/wp\/v2\/pages\/276109","targetHints":{"allow":["GET"]}}],"collection":[{"href":"https:\/\/kaunokolegija.lt\/muf\/wp-json\/wp\/v2\/pages"}],"about":[{"href":"https:\/\/kaunokolegija.lt\/muf\/wp-json\/wp\/v2\/types\/page"}],"author":[{"embeddable":true,"href":"https:\/\/kaunokolegija.lt\/muf\/wp-json\/wp\/v2\/users\/1"}],"replies":[{"embeddable":true,"href":"https:\/\/kaunokolegija.lt\/muf\/wp-json\/wp\/v2\/comments?post=276109"}],"version-history":[{"count":6,"href":"https:\/\/kaunokolegija.lt\/muf\/wp-json\/wp\/v2\/pages\/276109\/revisions"}],"predecessor-version":[{"id":276638,"href":"https:\/\/kaunokolegija.lt\/muf\/wp-json\/wp\/v2\/pages\/276109\/revisions\/276638"}],"wp:featuredmedia":[{"embeddable":true,"href":"https:\/\/kaunokolegija.lt\/muf\/wp-json\/wp\/v2\/media\/276595"}],"wp:attachment":[{"href":"https:\/\/kaunokolegija.lt\/muf\/wp-json\/wp\/v2\/media?parent=276109"}],"curies":[{"name":"wp","href":"https:\/\/api.w.org\/{rel}","templated":true}]}}