{"id":276079,"date":"2025-09-25T16:33:53","date_gmt":"2025-09-25T16:33:53","guid":{"rendered":"https:\/\/royalpeacock.agency\/kk\/muf1\/?page_id=276079"},"modified":"2026-01-23T11:30:19","modified_gmt":"2026-01-23T11:30:19","slug":"mokslo-tyreju-grupes","status":"publish","type":"page","link":"https:\/\/kaunokolegija.lt\/muf\/mokslo-tyreju-grupes\/","title":{"rendered":"Mokslo tyr\u0117j\u0173 grup\u0117s"},"content":{"rendered":"\n<div class=\"wp-block-columns is-layout-flex wp-container-core-columns-is-layout-28f84493 wp-block-columns-is-layout-flex\">\n<div class=\"wp-block-column is-layout-flow wp-block-column-is-layout-flow\" style=\"flex-basis:100%\">\n<div class=\"wp-block-columns is-layout-flex wp-container-core-columns-is-layout-28f84493 wp-block-columns-is-layout-flex\">\n<div class=\"wp-block-column has-background is-layout-flow wp-block-column-is-layout-flow\" style=\"border-style:none;border-width:0px;border-radius:0px;background-color:#399e97;padding-top:1.2em;padding-bottom:1.2em;flex-basis:100%\">\n<p class=\"has-base-color has-text-color has-link-color has-l-font-size wp-elements-65cc23e8f171df8e8cf74effac36fcaf\" style=\"padding-right:3.5rem;padding-left:3.5rem\"><strong><strong>Kult\u016brin\u0117s ir menin\u0117s rai\u0161kos tyrimai bei menin\u0117s veiklos realizavimas<\/strong><\/strong><\/p>\n<\/div>\n<\/div>\n<\/div>\n<\/div>\n\n\n\n<div class=\"wp-block-columns abcd vbfd has-background is-layout-flex wp-container-core-columns-is-layout-f8284846 wp-block-columns-is-layout-flex\" style=\"background-color:#f9f9f9;padding-top:var(--wp--preset--spacing--l);padding-bottom:var(--wp--preset--spacing--l)\">\n<div class=\"wp-block-column is-layout-flow wp-block-column-is-layout-flow\" style=\"padding-top:0;padding-right:0;padding-bottom:0;padding-left:0;flex-basis:36%\">\n<figure class=\"wp-block-image aligncenter size-full\"><img loading=\"lazy\" decoding=\"async\" width=\"2560\" height=\"1707\" src=\"https:\/\/kaunokolegija.lt\/muf\/wp-content\/uploads\/sites\/14\/2025\/11\/Kauno_kolegija_I-83-scaled.webp\" alt=\"\" class=\"wp-image-276357\" srcset=\"https:\/\/kaunokolegija.lt\/muf\/wp-content\/uploads\/sites\/14\/2025\/11\/Kauno_kolegija_I-83-scaled.webp 2560w, https:\/\/kaunokolegija.lt\/muf\/wp-content\/uploads\/sites\/14\/2025\/11\/Kauno_kolegija_I-83-300x200.webp 300w, https:\/\/kaunokolegija.lt\/muf\/wp-content\/uploads\/sites\/14\/2025\/11\/Kauno_kolegija_I-83-1024x683.webp 1024w, https:\/\/kaunokolegija.lt\/muf\/wp-content\/uploads\/sites\/14\/2025\/11\/Kauno_kolegija_I-83-768x512.webp 768w, https:\/\/kaunokolegija.lt\/muf\/wp-content\/uploads\/sites\/14\/2025\/11\/Kauno_kolegija_I-83-1536x1024.webp 1536w, https:\/\/kaunokolegija.lt\/muf\/wp-content\/uploads\/sites\/14\/2025\/11\/Kauno_kolegija_I-83-2048x1365.webp 2048w, https:\/\/kaunokolegija.lt\/muf\/wp-content\/uploads\/sites\/14\/2025\/11\/Kauno_kolegija_I-83-600x400.webp 600w\" sizes=\"auto, (max-width: 2560px) 100vw, 2560px\" \/><\/figure>\n<\/div>\n\n\n\n<div class=\"wp-block-column is-layout-flow wp-block-column-is-layout-flow\" style=\"flex-basis:64%\">\n<p class=\"has-contrast-alt-color has-text-color has-link-color has-m-font-size wp-elements-3a80c8e70638ed8dfa6cbeec654e1345\" style=\"padding-right:var(--wp--preset--spacing--s);padding-left:var(--wp--preset--spacing--s)\"><strong>Mokslo kryptys:<\/strong><\/p>\n\n\n\n<p class=\"has-contrast-alt-color has-text-color has-link-color has-m-font-size wp-elements-a0954984ef55753db2d04012489a3f58\" style=\"padding-right:var(--wp--preset--spacing--s);padding-left:var(--wp--preset--spacing--s)\">Dizainas V 003<br>Dail\u0117 V 002<\/p>\n\n\n\n<p class=\"has-contrast-alt-color has-text-color has-link-color has-m-font-size wp-elements-8389bb45af594816ead9737d25e8bb49\" style=\"padding-right:var(--wp--preset--spacing--s);padding-left:var(--wp--preset--spacing--s)\">Tyr\u0117j\u0173 grup\u0117s vadovas \u2013 doc. dr. Ram\u016bnas \u010ci\u010delis, Men\u0173 akademija.<\/p>\n\n\n\n<p><\/p>\n\n\n\n<div class=\"wp-block-group alignfull has-global-padding is-layout-constrained wp-container-core-group-is-layout-36fc67f8 wp-block-group-is-layout-constrained\" style=\"margin-top:0;margin-bottom:0\">\n<div class=\"wp-block-columns alignwide is-layout-flex wp-container-core-columns-is-layout-15c97201 wp-block-columns-is-layout-flex\">\n<div class=\"wp-block-column is-layout-flow wp-container-core-column-is-layout-168482ca wp-block-column-is-layout-flow\">\n<div class=\"wp-block-esab-accordion esab-r2hj3i4d\" data-mode=\"global\" data-close=\"true\"><div class=\"esab__container\">\n<div class=\"wp-block-esab-accordion-child\"><div class=\"esab__head\" role=\"button\" aria-expanded=\"false\"><div class=\"esab__heading_txt\"><p class=\"esab__heading_tag\">\u0160iuolaikiniai dail\u0117s ir meno tyrimai<\/p><\/div><div class=\"esab__icon\"><div class=\"esab__collapse\"> <svg xmlns=\"http:\/\/www.w3.org\/2000\/svg\" width=\"24\" height=\"24\" fill=\"currentColor\" viewBox=\"0 0 16 16\"><path fill-rule=\"evenodd\" d=\"M1.646 4.646a.5.5 0 0 1 .708 0L8 10.293l5.646-5.647a.5.5 0 0 1 .708.708l-6 6a.5.5 0 0 1-.708 0l-6-6a.5.5 0 0 1 0-.708\"><\/path><\/svg> <\/div><div class=\"esab__expand\"> <svg xmlns=\"http:\/\/www.w3.org\/2000\/svg\" width=\"24\" height=\"24\" fill=\"currentColor\" viewBox=\"0 0 16 16\"><path fill-rule=\"evenodd\" d=\"M7.646 4.646a.5.5 0 0 1 .708 0l6 6a.5.5 0 0 1-.708.708L8 5.707l-5.646 5.647a.5.5 0 0 1-.708-.708z\"><\/path><\/svg> <\/div><\/div><\/div><div class=\"esab__body\">\n<p class=\"is-style-justify\">Mokslo kryptis: dail\u0117 V 002 dail\u0117.<br>Tyr\u0117j\u0173 pogrupio nariai: doc. dr. Ram\u016bnas \u010ci\u010delis (vadovas), dr. Aist\u0117 Di\u010dkalnyt\u0117, dr. Jovita Dargien\u0117, dr. Raimonda Simanaitien\u0117, Egl\u0117 Aleknait\u0117, Ida Daiva Povilait\u0117.<\/p>\n<\/div><\/div>\n\n\n\n<div class=\"wp-block-esab-accordion-child\"><div class=\"esab__head\" role=\"button\" aria-expanded=\"false\"><div class=\"esab__heading_txt\"><p class=\"esab__heading_tag\">Estetin\u0117s ir funkcionalios dizaino rai\u0161kos tyrimai<\/p><\/div><div class=\"esab__icon\"><div class=\"esab__collapse\"> <svg xmlns=\"http:\/\/www.w3.org\/2000\/svg\" width=\"24\" height=\"24\" fill=\"currentColor\" viewBox=\"0 0 16 16\"><path fill-rule=\"evenodd\" d=\"M1.646 4.646a.5.5 0 0 1 .708 0L8 10.293l5.646-5.647a.5.5 0 0 1 .708.708l-6 6a.5.5 0 0 1-.708 0l-6-6a.5.5 0 0 1 0-.708\"><\/path><\/svg> <\/div><div class=\"esab__expand\"> <svg xmlns=\"http:\/\/www.w3.org\/2000\/svg\" width=\"24\" height=\"24\" fill=\"currentColor\" viewBox=\"0 0 16 16\"><path fill-rule=\"evenodd\" d=\"M7.646 4.646a.5.5 0 0 1 .708 0l6 6a.5.5 0 0 1-.708.708L8 5.707l-5.646 5.647a.5.5 0 0 1-.708-.708z\"><\/path><\/svg> <\/div><\/div><\/div><div class=\"esab__body\">\n<p class=\"is-style-justify\">Mokslo kryptis: dizainas V 003.<br>Tyr\u0117j\u0173 pogrupio nariai: doc. dr. Jeffrey Michael Taylor (vadovas), dr. Viktorija Diak, Indr\u0117 Mikuck\u0117.<\/p>\n<\/div><\/div>\n\n\n\n<div class=\"wp-block-esab-accordion-child\"><div class=\"esab__head\" role=\"button\" aria-expanded=\"false\"><div class=\"esab__heading_txt\"><p class=\"esab__heading_tag\">K\u016brybin\u0117s ir menin\u0117s veiklos vykdymo praktikos<\/p><\/div><div class=\"esab__icon\"><div class=\"esab__collapse\"> <svg xmlns=\"http:\/\/www.w3.org\/2000\/svg\" width=\"24\" height=\"24\" fill=\"currentColor\" viewBox=\"0 0 16 16\"><path fill-rule=\"evenodd\" d=\"M1.646 4.646a.5.5 0 0 1 .708 0L8 10.293l5.646-5.647a.5.5 0 0 1 .708.708l-6 6a.5.5 0 0 1-.708 0l-6-6a.5.5 0 0 1 0-.708\"><\/path><\/svg> <\/div><div class=\"esab__expand\"> <svg xmlns=\"http:\/\/www.w3.org\/2000\/svg\" width=\"24\" height=\"24\" fill=\"currentColor\" viewBox=\"0 0 16 16\"><path fill-rule=\"evenodd\" d=\"M7.646 4.646a.5.5 0 0 1 .708 0l6 6a.5.5 0 0 1-.708.708L8 5.707l-5.646 5.647a.5.5 0 0 1-.708-.708z\"><\/path><\/svg> <\/div><\/div><\/div><div class=\"esab__body\">\n<p class=\"is-style-justify\">Meno kryptys: dail\u0117 V 002, dizainas V 003.<br>Tyr\u0117j\u0173 pogrupio nariai: dr. K\u0119stutis Lekeckas (vadovas), Lolita Grabauskien\u0117, Sigita Grabliauskait\u0117, Milda Grik\u0161ait\u0117 , Svetlana Batura, Alvydas Jonaitis, Gintar\u0117 Jara\u0161ien\u0117, Stella Justina Kasperavi\u010dien\u0117, Laura Slavinskait\u0117, Rolandas Vi\u010dys, Sigut\u0117 Bronickien\u0117 , Birut\u0117 \u0160le\u017eien\u0117, Arvydas Martinaitis, Daina Dauk\u0161ien\u0117, Art\u016bras Rimkevi\u010dius, \u017dilvinas Glu\u0161inskas, Art\u016bras Morozovas.<\/p>\n<\/div><\/div>\n<\/div><\/div>\n<\/div>\n<\/div>\n<\/div>\n<\/div>\n<\/div>\n\n\n\n<div class=\"wp-block-columns is-layout-flex wp-container-core-columns-is-layout-28f84493 wp-block-columns-is-layout-flex\">\n<div class=\"wp-block-column is-layout-flow wp-block-column-is-layout-flow\" style=\"flex-basis:100%\">\n<div class=\"wp-block-columns is-layout-flex wp-container-core-columns-is-layout-28f84493 wp-block-columns-is-layout-flex\">\n<div class=\"wp-block-column has-background is-layout-flow wp-block-column-is-layout-flow\" style=\"border-style:none;border-width:0px;border-radius:0px;background-color:#399e97;padding-top:1.2em;padding-bottom:1.2em;flex-basis:100%\">\n<p class=\"has-base-color has-text-color has-link-color has-l-font-size wp-elements-3e36a931547de3776cbb374a060e5396\" style=\"padding-right:3.5rem;padding-left:3.5rem\"><strong><strong><strong>\u0160vietimo ir socialini\u0173 paslaug\u0173 visuomenei aktualij\u0173 ir inovacij\u0173 tyrimai<\/strong><\/strong><\/strong><\/p>\n<\/div>\n<\/div>\n<\/div>\n<\/div>\n\n\n\n<div class=\"wp-block-columns abcd vbfd has-background is-layout-flex wp-container-core-columns-is-layout-4cbd7287 wp-block-columns-is-layout-flex\" style=\"background-color:#f9f9f9;margin-top:var(--wp--preset--spacing--s);margin-bottom:var(--wp--preset--spacing--s);padding-top:var(--wp--preset--spacing--l);padding-bottom:var(--wp--preset--spacing--l)\">\n<div class=\"wp-block-column is-layout-flow wp-block-column-is-layout-flow\" style=\"padding-top:0;padding-right:0;padding-bottom:0;padding-left:0;flex-basis:36%\">\n<figure class=\"wp-block-image aligncenter size-full\"><img loading=\"lazy\" decoding=\"async\" width=\"2000\" height=\"1333\" src=\"https:\/\/kaunokolegija.lt\/muf\/wp-content\/uploads\/sites\/14\/2025\/09\/DSC09389.jpg\" alt=\"\" class=\"wp-image-276261\" style=\"object-fit:cover\" srcset=\"https:\/\/kaunokolegija.lt\/muf\/wp-content\/uploads\/sites\/14\/2025\/09\/DSC09389.jpg 2000w, https:\/\/kaunokolegija.lt\/muf\/wp-content\/uploads\/sites\/14\/2025\/09\/DSC09389-300x200.jpg 300w, https:\/\/kaunokolegija.lt\/muf\/wp-content\/uploads\/sites\/14\/2025\/09\/DSC09389-1024x682.jpg 1024w, https:\/\/kaunokolegija.lt\/muf\/wp-content\/uploads\/sites\/14\/2025\/09\/DSC09389-768x512.jpg 768w, https:\/\/kaunokolegija.lt\/muf\/wp-content\/uploads\/sites\/14\/2025\/09\/DSC09389-1536x1024.jpg 1536w, https:\/\/kaunokolegija.lt\/muf\/wp-content\/uploads\/sites\/14\/2025\/09\/DSC09389-600x400.jpg 600w\" sizes=\"auto, (max-width: 2000px) 100vw, 2000px\" \/><\/figure>\n<\/div>\n\n\n\n<div class=\"wp-block-column is-layout-flow wp-block-column-is-layout-flow\" style=\"flex-basis:64%\">\n<p class=\"has-m-font-size\" style=\"padding-right:var(--wp--preset--spacing--s);padding-left:var(--wp--preset--spacing--s)\"><strong>Mokslo kryptys:<\/strong><\/p>\n\n\n\n<p class=\"is-style-default\" style=\"padding-right:var(--wp--preset--spacing--s);padding-left:var(--wp--preset--spacing--s)\">Filologija H 004<br>Edukologija S 007<br>Sociologija S 005<\/p>\n\n\n\n<p class=\"has-m-font-size\" style=\"padding-right:var(--wp--preset--spacing--s);padding-left:var(--wp--preset--spacing--s)\">Tyr\u0117j\u0173 grup\u0117s vadov\u0117 \u2013 doc. dr. Marijana Prodanovi\u010d, Kalb\u0173 centras.<\/p>\n\n\n\n<p><\/p>\n\n\n\n<div class=\"wp-block-group alignfull has-global-padding is-layout-constrained wp-container-core-group-is-layout-36fc67f8 wp-block-group-is-layout-constrained\" style=\"margin-top:0;margin-bottom:0\">\n<div class=\"wp-block-columns alignwide is-layout-flex wp-container-core-columns-is-layout-15c97201 wp-block-columns-is-layout-flex\">\n<div class=\"wp-block-column is-layout-flow wp-container-core-column-is-layout-168482ca wp-block-column-is-layout-flow\">\n<div class=\"wp-block-esab-accordion esab-nc4uce7r\" data-mode=\"global\" data-close=\"true\"><div class=\"esab__container\">\n<div class=\"wp-block-esab-accordion-child\"><div class=\"esab__head\" role=\"button\" aria-expanded=\"false\"><div class=\"esab__heading_txt\"><p class=\"esab__heading_tag\">Vertimo ir kalb\u0173 studij\u0173 tyrimai<\/p><\/div><div class=\"esab__icon\"><div class=\"esab__collapse\"> <svg xmlns=\"http:\/\/www.w3.org\/2000\/svg\" width=\"24\" height=\"24\" fill=\"currentColor\" viewBox=\"0 0 16 16\"><path fill-rule=\"evenodd\" d=\"M1.646 4.646a.5.5 0 0 1 .708 0L8 10.293l5.646-5.647a.5.5 0 0 1 .708.708l-6 6a.5.5 0 0 1-.708 0l-6-6a.5.5 0 0 1 0-.708\"><\/path><\/svg> <\/div><div class=\"esab__expand\"> <svg xmlns=\"http:\/\/www.w3.org\/2000\/svg\" width=\"24\" height=\"24\" fill=\"currentColor\" viewBox=\"0 0 16 16\"><path fill-rule=\"evenodd\" d=\"M7.646 4.646a.5.5 0 0 1 .708 0l6 6a.5.5 0 0 1-.708.708L8 5.707l-5.646 5.647a.5.5 0 0 1-.708-.708z\"><\/path><\/svg> <\/div><\/div><\/div><div class=\"esab__body\">\n<p class=\"is-style-justify\">Mokslo kryptis: dail\u0117 V 002 dail\u0117.<br>Mokslo kryptis: filologija H 004.<br>Tyr\u0117j\u0173 pogrupio nariai: dr. Marijana Prodanovi\u010d (vadov\u0117), dr. Au\u0161ra Rimkut\u0117-Ganusauskien\u0117, dr. Audron\u0117 Ra\u0161kauskien\u0117, Ieva Brazauskait\u0117-Zubavi\u010dien\u0117, Asta Pukien\u0117.<\/p>\n<\/div><\/div>\n\n\n\n<div class=\"wp-block-esab-accordion-child\"><div class=\"esab__head\" role=\"button\" aria-expanded=\"false\"><div class=\"esab__heading_txt\"><p class=\"esab__heading_tag\">Socialinio darbo ir pedagogikos profesij\u0173 lauko tyrimai<\/p><\/div><div class=\"esab__icon\"><div class=\"esab__collapse\"> <svg xmlns=\"http:\/\/www.w3.org\/2000\/svg\" width=\"24\" height=\"24\" fill=\"currentColor\" viewBox=\"0 0 16 16\"><path fill-rule=\"evenodd\" d=\"M1.646 4.646a.5.5 0 0 1 .708 0L8 10.293l5.646-5.647a.5.5 0 0 1 .708.708l-6 6a.5.5 0 0 1-.708 0l-6-6a.5.5 0 0 1 0-.708\"><\/path><\/svg> <\/div><div class=\"esab__expand\"> <svg xmlns=\"http:\/\/www.w3.org\/2000\/svg\" width=\"24\" height=\"24\" fill=\"currentColor\" viewBox=\"0 0 16 16\"><path fill-rule=\"evenodd\" d=\"M7.646 4.646a.5.5 0 0 1 .708 0l6 6a.5.5 0 0 1-.708.708L8 5.707l-5.646 5.647a.5.5 0 0 1-.708-.708z\"><\/path><\/svg> <\/div><\/div><\/div><div class=\"esab__body\">\n<p class=\"is-style-justify\">Mokslo kryptys: edukologija S 007, sociologija S 005.<br>Tyr\u0117j\u0173 pogrupio nariai: dr. Valentina Demidenko (vadov\u0117), dr. Salom\u0117ja Karasevi\u010di\u016bt\u0117, dr. Inga Mikutavi\u010dien\u0117, dr. Daiva Bubelien\u0117, dr. Egl\u0117 Ba\u010diausk\u0117, dr. Algimantas Bagdonas, dr. Jovita Starkut\u0117, dr. Laima Abromaitien\u0117, dr. Tomas Butvilas, Kristina \u0160karnulien\u0117.<\/p>\n<\/div><\/div>\n<\/div><\/div>\n<\/div>\n<\/div>\n<\/div>\n<\/div>\n<\/div>\n","protected":false},"excerpt":{"rendered":"<p>Kult\u016brin\u0117s ir menin\u0117s rai\u0161kos tyrimai bei menin\u0117s veiklos realizavimas Mokslo kryptys: Dizainas V 003Dail\u0117 V 002 Tyr\u0117j\u0173 grup\u0117s vadovas \u2013 doc. dr. Ram\u016bnas \u010ci\u010delis, Men\u0173 akademija. \u0160vietimo ir socialini\u0173 paslaug\u0173 visuomenei aktualij\u0173&hellip;<\/p>\n","protected":false},"author":1,"featured_media":276590,"parent":0,"menu_order":0,"comment_status":"closed","ping_status":"closed","template":"","meta":{"footnotes":""},"class_list":["post-276079","page","type-page","status-publish","has-post-thumbnail","hentry"],"yoast_head":"<!-- This site is optimized with the Yoast SEO plugin v27.4 - https:\/\/yoast.com\/product\/yoast-seo-wordpress\/ -->\n<title>Mokslo tyr\u0117j\u0173 grup\u0117s - Men\u0173 ir ugdymo fakultetas<\/title>\n<meta name=\"robots\" content=\"index, follow, max-snippet:-1, max-image-preview:large, max-video-preview:-1\" \/>\n<link rel=\"canonical\" href=\"https:\/\/kaunokolegija.lt\/muf\/mokslo-tyreju-grupes\/\" \/>\n<meta property=\"og:locale\" content=\"lt_LT\" \/>\n<meta property=\"og:type\" content=\"article\" \/>\n<meta property=\"og:title\" content=\"Mokslo tyr\u0117j\u0173 grup\u0117s - Men\u0173 ir ugdymo fakultetas\" \/>\n<meta property=\"og:description\" content=\"Kult\u016brin\u0117s ir menin\u0117s rai\u0161kos tyrimai bei menin\u0117s veiklos realizavimas Mokslo kryptys: Dizainas V 003Dail\u0117 V 002 Tyr\u0117j\u0173 grup\u0117s vadovas \u2013 doc. dr. Ram\u016bnas \u010ci\u010delis, Men\u0173 akademija. \u0160vietimo ir socialini\u0173 paslaug\u0173 visuomenei aktualij\u0173&hellip;\" \/>\n<meta property=\"og:url\" content=\"https:\/\/kaunokolegija.lt\/muf\/mokslo-tyreju-grupes\/\" \/>\n<meta property=\"og:site_name\" content=\"Men\u0173 ir ugdymo fakultetas\" \/>\n<meta property=\"article:publisher\" content=\"https:\/\/www.facebook.com\/Kauno.kolegija\/\" \/>\n<meta property=\"article:modified_time\" content=\"2026-01-23T11:30:19+00:00\" \/>\n<meta property=\"og:image\" content=\"https:\/\/kaunokolegija.lt\/muf\/wp-content\/uploads\/sites\/14\/2025\/12\/Kauno_kolegija_itf_konferencija-scaled.webp\" \/>\n\t<meta property=\"og:image:width\" content=\"2560\" \/>\n\t<meta property=\"og:image:height\" content=\"1707\" \/>\n\t<meta property=\"og:image:type\" content=\"image\/webp\" \/>\n<meta name=\"twitter:card\" content=\"summary_large_image\" \/>\n<meta name=\"twitter:label1\" content=\"Est. reading time\" \/>\n\t<meta name=\"twitter:data1\" content=\"1 minut\u0117\" \/>\n<script type=\"application\/ld+json\" class=\"yoast-schema-graph\">{\"@context\":\"https:\\\/\\\/schema.org\",\"@graph\":[{\"@type\":\"WebPage\",\"@id\":\"https:\\\/\\\/kaunokolegija.lt\\\/muf\\\/mokslo-tyreju-grupes\\\/\",\"url\":\"https:\\\/\\\/kaunokolegija.lt\\\/muf\\\/mokslo-tyreju-grupes\\\/\",\"name\":\"Mokslo tyr\u0117j\u0173 grup\u0117s - Men\u0173 ir ugdymo fakultetas\",\"isPartOf\":{\"@id\":\"https:\\\/\\\/kaunokolegija.lt\\\/muf\\\/#website\"},\"primaryImageOfPage\":{\"@id\":\"https:\\\/\\\/kaunokolegija.lt\\\/muf\\\/mokslo-tyreju-grupes\\\/#primaryimage\"},\"image\":{\"@id\":\"https:\\\/\\\/kaunokolegija.lt\\\/muf\\\/mokslo-tyreju-grupes\\\/#primaryimage\"},\"thumbnailUrl\":\"https:\\\/\\\/kaunokolegija.lt\\\/muf\\\/wp-content\\\/uploads\\\/sites\\\/14\\\/2025\\\/12\\\/Kauno_kolegija_itf_konferencija-scaled.webp\",\"datePublished\":\"2025-09-25T16:33:53+00:00\",\"dateModified\":\"2026-01-23T11:30:19+00:00\",\"breadcrumb\":{\"@id\":\"https:\\\/\\\/kaunokolegija.lt\\\/muf\\\/mokslo-tyreju-grupes\\\/#breadcrumb\"},\"inLanguage\":\"lt-LT\",\"potentialAction\":[{\"@type\":\"ReadAction\",\"target\":[\"https:\\\/\\\/kaunokolegija.lt\\\/muf\\\/mokslo-tyreju-grupes\\\/\"]}]},{\"@type\":\"ImageObject\",\"inLanguage\":\"lt-LT\",\"@id\":\"https:\\\/\\\/kaunokolegija.lt\\\/muf\\\/mokslo-tyreju-grupes\\\/#primaryimage\",\"url\":\"https:\\\/\\\/kaunokolegija.lt\\\/muf\\\/wp-content\\\/uploads\\\/sites\\\/14\\\/2025\\\/12\\\/Kauno_kolegija_itf_konferencija-scaled.webp\",\"contentUrl\":\"https:\\\/\\\/kaunokolegija.lt\\\/muf\\\/wp-content\\\/uploads\\\/sites\\\/14\\\/2025\\\/12\\\/Kauno_kolegija_itf_konferencija-scaled.webp\",\"width\":2560,\"height\":1707},{\"@type\":\"BreadcrumbList\",\"@id\":\"https:\\\/\\\/kaunokolegija.lt\\\/muf\\\/mokslo-tyreju-grupes\\\/#breadcrumb\",\"itemListElement\":[{\"@type\":\"ListItem\",\"position\":1,\"name\":\"Home\",\"item\":\"https:\\\/\\\/kaunokolegija.lt\\\/muf\\\/\"},{\"@type\":\"ListItem\",\"position\":2,\"name\":\"Mokslo tyr\u0117j\u0173 grup\u0117s\"}]},{\"@type\":\"WebSite\",\"@id\":\"https:\\\/\\\/kaunokolegija.lt\\\/muf\\\/#website\",\"url\":\"https:\\\/\\\/kaunokolegija.lt\\\/muf\\\/\",\"name\":\"Men\u0173 ir ugdymo fakultetas\",\"description\":\"Kauno kolegija\",\"publisher\":{\"@id\":\"https:\\\/\\\/kaunokolegija.lt\\\/muf\\\/#organization\"},\"potentialAction\":[{\"@type\":\"SearchAction\",\"target\":{\"@type\":\"EntryPoint\",\"urlTemplate\":\"https:\\\/\\\/kaunokolegija.lt\\\/muf\\\/?s={search_term_string}\"},\"query-input\":{\"@type\":\"PropertyValueSpecification\",\"valueRequired\":true,\"valueName\":\"search_term_string\"}}],\"inLanguage\":\"lt-LT\"},{\"@type\":\"Organization\",\"@id\":\"https:\\\/\\\/kaunokolegija.lt\\\/muf\\\/#organization\",\"name\":\"Kauno kolegija\",\"url\":\"https:\\\/\\\/kaunokolegija.lt\\\/muf\\\/\",\"logo\":{\"@type\":\"ImageObject\",\"inLanguage\":\"lt-LT\",\"@id\":\"https:\\\/\\\/kaunokolegija.lt\\\/muf\\\/#\\\/schema\\\/logo\\\/image\\\/\",\"url\":\"https:\\\/\\\/kaunokolegija.lt\\\/muf\\\/wp-content\\\/uploads\\\/sites\\\/14\\\/2026\\\/01\\\/cropped-KK_MUF_LOGO_COLOR.png\",\"contentUrl\":\"https:\\\/\\\/kaunokolegija.lt\\\/muf\\\/wp-content\\\/uploads\\\/sites\\\/14\\\/2026\\\/01\\\/cropped-KK_MUF_LOGO_COLOR.png\",\"width\":2084,\"height\":2084,\"caption\":\"Kauno kolegija\"},\"image\":{\"@id\":\"https:\\\/\\\/kaunokolegija.lt\\\/muf\\\/#\\\/schema\\\/logo\\\/image\\\/\"},\"sameAs\":[\"https:\\\/\\\/www.facebook.com\\\/Kauno.kolegija\\\/\"]}]}<\/script>\n<!-- \/ Yoast SEO plugin. -->","yoast_head_json":{"title":"Mokslo tyr\u0117j\u0173 grup\u0117s - Men\u0173 ir ugdymo fakultetas","robots":{"index":"index","follow":"follow","max-snippet":"max-snippet:-1","max-image-preview":"max-image-preview:large","max-video-preview":"max-video-preview:-1"},"canonical":"https:\/\/kaunokolegija.lt\/muf\/mokslo-tyreju-grupes\/","og_locale":"lt_LT","og_type":"article","og_title":"Mokslo tyr\u0117j\u0173 grup\u0117s - Men\u0173 ir ugdymo fakultetas","og_description":"Kult\u016brin\u0117s ir menin\u0117s rai\u0161kos tyrimai bei menin\u0117s veiklos realizavimas Mokslo kryptys: Dizainas V 003Dail\u0117 V 002 Tyr\u0117j\u0173 grup\u0117s vadovas \u2013 doc. dr. Ram\u016bnas \u010ci\u010delis, Men\u0173 akademija. \u0160vietimo ir socialini\u0173 paslaug\u0173 visuomenei aktualij\u0173&hellip;","og_url":"https:\/\/kaunokolegija.lt\/muf\/mokslo-tyreju-grupes\/","og_site_name":"Men\u0173 ir ugdymo fakultetas","article_publisher":"https:\/\/www.facebook.com\/Kauno.kolegija\/","article_modified_time":"2026-01-23T11:30:19+00:00","og_image":[{"width":2560,"height":1707,"url":"https:\/\/kaunokolegija.lt\/muf\/wp-content\/uploads\/sites\/14\/2025\/12\/Kauno_kolegija_itf_konferencija-scaled.webp","type":"image\/webp"}],"twitter_card":"summary_large_image","twitter_misc":{"Est. reading time":"1 minut\u0117"},"schema":{"@context":"https:\/\/schema.org","@graph":[{"@type":"WebPage","@id":"https:\/\/kaunokolegija.lt\/muf\/mokslo-tyreju-grupes\/","url":"https:\/\/kaunokolegija.lt\/muf\/mokslo-tyreju-grupes\/","name":"Mokslo tyr\u0117j\u0173 grup\u0117s - Men\u0173 ir ugdymo fakultetas","isPartOf":{"@id":"https:\/\/kaunokolegija.lt\/muf\/#website"},"primaryImageOfPage":{"@id":"https:\/\/kaunokolegija.lt\/muf\/mokslo-tyreju-grupes\/#primaryimage"},"image":{"@id":"https:\/\/kaunokolegija.lt\/muf\/mokslo-tyreju-grupes\/#primaryimage"},"thumbnailUrl":"https:\/\/kaunokolegija.lt\/muf\/wp-content\/uploads\/sites\/14\/2025\/12\/Kauno_kolegija_itf_konferencija-scaled.webp","datePublished":"2025-09-25T16:33:53+00:00","dateModified":"2026-01-23T11:30:19+00:00","breadcrumb":{"@id":"https:\/\/kaunokolegija.lt\/muf\/mokslo-tyreju-grupes\/#breadcrumb"},"inLanguage":"lt-LT","potentialAction":[{"@type":"ReadAction","target":["https:\/\/kaunokolegija.lt\/muf\/mokslo-tyreju-grupes\/"]}]},{"@type":"ImageObject","inLanguage":"lt-LT","@id":"https:\/\/kaunokolegija.lt\/muf\/mokslo-tyreju-grupes\/#primaryimage","url":"https:\/\/kaunokolegija.lt\/muf\/wp-content\/uploads\/sites\/14\/2025\/12\/Kauno_kolegija_itf_konferencija-scaled.webp","contentUrl":"https:\/\/kaunokolegija.lt\/muf\/wp-content\/uploads\/sites\/14\/2025\/12\/Kauno_kolegija_itf_konferencija-scaled.webp","width":2560,"height":1707},{"@type":"BreadcrumbList","@id":"https:\/\/kaunokolegija.lt\/muf\/mokslo-tyreju-grupes\/#breadcrumb","itemListElement":[{"@type":"ListItem","position":1,"name":"Home","item":"https:\/\/kaunokolegija.lt\/muf\/"},{"@type":"ListItem","position":2,"name":"Mokslo tyr\u0117j\u0173 grup\u0117s"}]},{"@type":"WebSite","@id":"https:\/\/kaunokolegija.lt\/muf\/#website","url":"https:\/\/kaunokolegija.lt\/muf\/","name":"Men\u0173 ir ugdymo fakultetas","description":"Kauno kolegija","publisher":{"@id":"https:\/\/kaunokolegija.lt\/muf\/#organization"},"potentialAction":[{"@type":"SearchAction","target":{"@type":"EntryPoint","urlTemplate":"https:\/\/kaunokolegija.lt\/muf\/?s={search_term_string}"},"query-input":{"@type":"PropertyValueSpecification","valueRequired":true,"valueName":"search_term_string"}}],"inLanguage":"lt-LT"},{"@type":"Organization","@id":"https:\/\/kaunokolegija.lt\/muf\/#organization","name":"Kauno kolegija","url":"https:\/\/kaunokolegija.lt\/muf\/","logo":{"@type":"ImageObject","inLanguage":"lt-LT","@id":"https:\/\/kaunokolegija.lt\/muf\/#\/schema\/logo\/image\/","url":"https:\/\/kaunokolegija.lt\/muf\/wp-content\/uploads\/sites\/14\/2026\/01\/cropped-KK_MUF_LOGO_COLOR.png","contentUrl":"https:\/\/kaunokolegija.lt\/muf\/wp-content\/uploads\/sites\/14\/2026\/01\/cropped-KK_MUF_LOGO_COLOR.png","width":2084,"height":2084,"caption":"Kauno kolegija"},"image":{"@id":"https:\/\/kaunokolegija.lt\/muf\/#\/schema\/logo\/image\/"},"sameAs":["https:\/\/www.facebook.com\/Kauno.kolegija\/"]}]}},"_links":{"self":[{"href":"https:\/\/kaunokolegija.lt\/muf\/wp-json\/wp\/v2\/pages\/276079","targetHints":{"allow":["GET"]}}],"collection":[{"href":"https:\/\/kaunokolegija.lt\/muf\/wp-json\/wp\/v2\/pages"}],"about":[{"href":"https:\/\/kaunokolegija.lt\/muf\/wp-json\/wp\/v2\/types\/page"}],"author":[{"embeddable":true,"href":"https:\/\/kaunokolegija.lt\/muf\/wp-json\/wp\/v2\/users\/1"}],"replies":[{"embeddable":true,"href":"https:\/\/kaunokolegija.lt\/muf\/wp-json\/wp\/v2\/comments?post=276079"}],"version-history":[{"count":8,"href":"https:\/\/kaunokolegija.lt\/muf\/wp-json\/wp\/v2\/pages\/276079\/revisions"}],"predecessor-version":[{"id":276632,"href":"https:\/\/kaunokolegija.lt\/muf\/wp-json\/wp\/v2\/pages\/276079\/revisions\/276632"}],"wp:featuredmedia":[{"embeddable":true,"href":"https:\/\/kaunokolegija.lt\/muf\/wp-json\/wp\/v2\/media\/276590"}],"wp:attachment":[{"href":"https:\/\/kaunokolegija.lt\/muf\/wp-json\/wp\/v2\/media?parent=276079"}],"curies":[{"name":"wp","href":"https:\/\/api.w.org\/{rel}","templated":true}]}}