{"id":276069,"date":"2025-09-25T16:27:51","date_gmt":"2025-09-25T16:27:51","guid":{"rendered":"https:\/\/royalpeacock.agency\/kk\/muf1\/?page_id=276069"},"modified":"2026-01-23T11:22:05","modified_gmt":"2026-01-23T11:22:05","slug":"apie-mus","status":"publish","type":"page","link":"https:\/\/kaunokolegija.lt\/muf\/apie-mus\/","title":{"rendered":"Apie mus"},"content":{"rendered":"\n<div class=\"wp-block-columns top-p is-layout-flex wp-container-core-columns-is-layout-28f84493 wp-block-columns-is-layout-flex\">\n<div class=\"wp-block-column has-global-padding is-layout-constrained wp-container-core-column-is-layout-d0f22c05 wp-block-column-is-layout-constrained\">\n<div class=\"wp-block-columns abcd has-background is-layout-flex wp-container-core-columns-is-layout-28f84493 wp-block-columns-is-layout-flex\" style=\"background-color:#f9f9f9\">\n<div class=\"wp-block-column is-layout-flow wp-block-column-is-layout-flow\" style=\"padding-top:0;padding-right:0;padding-bottom:0;padding-left:0\">\n<p class=\"is-style-justify has-m-font-size\">Men\u0173 ir ugdymo fakultetas \u2013 tai erdv\u0117, jungianti tradicij\u0105 ir \u0161iuolaiki\u0161k\u0105 k\u016brybin\u012f ugdym\u0105, skatinanti student\u0173 menin\u012f, kalbin\u012f, pedagogin\u012f bei socialin\u012f potencial\u0105, tarptauti\u0161kum\u0105 ir bendryst\u0119. Fakultetas pabr\u0117\u017eia praktika gr\u012fst\u0105 k\u016brybin\u012f ugdym\u0105, studentams suteikdamas galimybes \u012fgyti realios darbo patirties jau studij\u0173 metu. Kasmet organizuoja tarptautin\u0119 student\u0173 konferencij\u0105 <a href=\"https:\/\/ideasforum.kaunokolegija.lt\/\" data-type=\"link\" data-id=\"https:\/\/ideasforum.kaunokolegija.lt\/\">\u201eId\u0117j\u0173 forumas\u201c<\/a> bei daug susidom\u0117jimo sulaukian\u010di\u0105 tarptautin\u0119 mokslin\u0119 konferencij\u0105 <a href=\"https:\/\/adle.kaunokolegija.lt\/\">\u201eMenas, dizainas, kalbos ir ugdymas: teorijos ir praktikos inovacijos\u201c (ADLES)<\/a>.<\/p>\n<\/div>\n<\/div>\n<\/div>\n<\/div>\n\n\n\n<div class=\"wp-block-columns is-layout-flex wp-container-core-columns-is-layout-28f84493 wp-block-columns-is-layout-flex\">\n<div class=\"wp-block-column is-layout-flow wp-block-column-is-layout-flow\">\n<div class=\"wp-block-columns is-layout-flex wp-container-core-columns-is-layout-28f84493 wp-block-columns-is-layout-flex\">\n<div class=\"wp-block-column has-background is-layout-flow wp-block-column-is-layout-flow\" style=\"border-style:none;border-width:0px;border-radius:0px;background-color:#399e97;padding-top:1.2em;padding-bottom:1.2em\">\n<p class=\"has-base-color has-text-color has-link-color has-l-font-size wp-elements-bca614c58b6a28b508759d15bca4cd70\" style=\"padding-right:3.5rem;padding-left:3.5rem\"><strong>Fakultet\u0105 sudaro keturi pagrindiniai padaliniai<\/strong><\/p>\n<\/div>\n<\/div>\n<\/div>\n<\/div>\n\n\n\n<div class=\"wp-block-columns top-p is-layout-flex wp-container-core-columns-is-layout-e8d40639 wp-block-columns-is-layout-flex\" style=\"padding-top:var(--wp--preset--spacing--s);padding-bottom:var(--wp--preset--spacing--s)\">\n<div class=\"wp-block-column has-global-padding is-layout-constrained wp-container-core-column-is-layout-c720724c wp-block-column-is-layout-constrained\">\n<div class=\"wp-block-columns abcd vbfd has-background is-layout-flex wp-container-core-columns-is-layout-a5331a9e wp-block-columns-is-layout-flex\" style=\"background-color:#f9f9f9;padding-top:0;padding-right:0;padding-bottom:0;padding-left:0\">\n<div class=\"wp-block-column is-layout-flow wp-block-column-is-layout-flow\" style=\"padding-top:0;padding-right:0;padding-bottom:0;padding-left:0\">\n<div class=\"wp-block-gutena-tabs gutena-tabs-block gutena-tabs-block-9db147-63 avc\"><ul class=\"gutena-tabs-tab tab-flex\"><li class=\"gutena-tab-title active\" data-tab=\"1\"><div class=\"gutena-tab-title-content icon-top\"><div class=\"gutena-tab-title-text\"><div><strong>Men\u0173 akademija<\/strong><\/div><\/div><\/div><\/li><li class=\"gutena-tab-title inactive\" data-tab=\"2\"><div class=\"gutena-tab-title-content icon-top\"><div class=\"gutena-tab-title-text\"><div><strong>Pedagogikos katedra<\/strong><\/div><\/div><\/div><\/li><li class=\"gutena-tab-title inactive\" data-tab=\"3\"><div class=\"gutena-tab-title-content icon-top\"><div class=\"gutena-tab-title-text\"><div><strong>Socialinio darbo katedra<\/strong><\/div><\/div><\/div><\/li><li class=\"gutena-tab-title inactive\" data-tab=\"4\"><div class=\"gutena-tab-title-content icon-top\"><div class=\"gutena-tab-title-text\"><div><strong>Kalb\u0173 centras<\/strong><\/div><\/div><\/div><\/li><\/ul><div class=\"gutena-tabs-content is-layout-flow wp-block-gutena-tabs-is-layout-flow\">\n<div class=\"wp-block-gutena-tab gutena-tab-block gutena-tab-block-2f1fa3-21 active\" data-tab=\"1\">\n<p class=\"is-style-justify\" style=\"margin-top:0;margin-bottom:0\">Men\u0173 akademija rengia menininkus, restauratorius ir dizainerius. Aktyviai organizuoja tarptautinius renginius: mados \u0161ou \u201eApkalbos\u201c, <a href=\"https:\/\/ipmafestival.lt\/apie\/\">fotografijos ir medij\u0173 meno festival\u012f IPMA<\/a>, plener\u0105 \u201ePel\u0117d\u0173 kalno paslaptys\u201c bei \u012fsitraukia \u012f tarptautinius \u201eErasmus+\u201c projektus, tokius kaip <a href=\"https:\/\/futures-designed.frederick.ac.cy\/index.php\/en\/\">\u201eFutures Designed\u201c<\/a>. Sudaromos s\u0105lygos student\u0173 k\u016brybai integruotis \u012f rink\u0105 per projektus, praktik\u0105, parodas.<\/p>\n<\/div>\n\n\n\n<div class=\"wp-block-gutena-tab gutena-tab-block gutena-tab-block-3f4cc7-c2 inactive\" data-tab=\"2\">\n<p class=\"is-style-justify\" style=\"margin-top:0;margin-bottom:0\">Pedagogikos katedra paruo\u0161ia ikimokyklinio ir prie\u0161mokyklinio ugdymo pedagogus, geban\u010dius atskleisti vaik\u0173 individualum\u0105, kurti saugi\u0105 ugdom\u0105j\u0105 ir skatinan\u010di\u0105 bendradarbiauti tarpkult\u016brin\u0119 aplink\u0105. Kasmet organizuoja forum\u0105 \u201eNuo \u201ekabliuko\u201c iki pasiekto bendro tikslo\u201c, kuriame studentai, absolventai, d\u0117stytojai dalijasi \u012f\u017evalgomis aktualiomis temomis.<\/p>\n<\/div>\n\n\n\n<div class=\"wp-block-gutena-tab gutena-tab-block gutena-tab-block-4929ec-d5 inactive\" data-tab=\"3\">\n<p class=\"is-style-justify\" style=\"margin-top:0;margin-bottom:0\">Socialinio darbo katedroje rengiami socialinio darbo specialistai, turintys geb\u0117jimus taikyti inovatyvias intervencijas, \u012fvertinti socialinius poreikius, organizuoti socialines paslaugas ir bendradarbiauti sektoriuose bei \u012fstaigose.<\/p>\n<\/div>\n\n\n\n<div class=\"wp-block-gutena-tab gutena-tab-block gutena-tab-block-739d0b-6f inactive\" data-tab=\"4\">\n<p class=\"is-style-justify\" style=\"margin-top:0;margin-bottom:0\">Kalb\u0173 centras ugdo verslo angl\u0173 ir angl\u0173 kalbos ry\u0161iams su visuomene specialistus, teikia u\u017esienio kalb\u0173 kurs\u0173, angl\u0173 kalbos lygio nustatymo (CEPT) ir vertimo paslaugas bei skatina Kauno kolegijos bendruomen\u0119 tobulinti \u012fvairi\u0173 u\u017esienio kalb\u0173 \u2013 nuo vokie\u010di\u0173 iki arab\u0173, suomi\u0173, nyderland\u0173, norveg\u0173 ir kt. \u2013 \u012fg\u016bd\u017eius.<\/p>\n<\/div>\n<\/div><\/div>\n<\/div>\n<\/div>\n<\/div>\n<\/div>\n","protected":false},"excerpt":{"rendered":"<p>Men\u0173 ir ugdymo fakultetas \u2013 tai erdv\u0117, jungianti tradicij\u0105 ir \u0161iuolaiki\u0161k\u0105 k\u016brybin\u012f ugdym\u0105, skatinanti student\u0173 menin\u012f, kalbin\u012f, pedagogin\u012f bei socialin\u012f potencial\u0105, tarptauti\u0161kum\u0105 ir bendryst\u0119. Fakultetas pabr\u0117\u017eia praktika gr\u012fst\u0105 k\u016brybin\u012f ugdym\u0105, studentams suteikdamas&hellip;<\/p>\n","protected":false},"author":1,"featured_media":276364,"parent":0,"menu_order":0,"comment_status":"closed","ping_status":"closed","template":"","meta":{"footnotes":""},"class_list":["post-276069","page","type-page","status-publish","has-post-thumbnail","hentry"],"yoast_head":"<!-- This site is optimized with the Yoast SEO plugin v27.4 - https:\/\/yoast.com\/product\/yoast-seo-wordpress\/ -->\n<title>Apie mus - Men\u0173 ir ugdymo fakultetas<\/title>\n<meta name=\"robots\" content=\"index, follow, max-snippet:-1, max-image-preview:large, max-video-preview:-1\" \/>\n<link rel=\"canonical\" href=\"https:\/\/kaunokolegija.lt\/muf\/apie-mus\/\" \/>\n<meta property=\"og:locale\" content=\"lt_LT\" \/>\n<meta property=\"og:type\" content=\"article\" \/>\n<meta property=\"og:title\" content=\"Apie mus - Men\u0173 ir ugdymo fakultetas\" \/>\n<meta property=\"og:description\" content=\"Men\u0173 ir ugdymo fakultetas \u2013 tai erdv\u0117, jungianti tradicij\u0105 ir \u0161iuolaiki\u0161k\u0105 k\u016brybin\u012f ugdym\u0105, skatinanti student\u0173 menin\u012f, kalbin\u012f, pedagogin\u012f bei socialin\u012f potencial\u0105, tarptauti\u0161kum\u0105 ir bendryst\u0119. Fakultetas pabr\u0117\u017eia praktika gr\u012fst\u0105 k\u016brybin\u012f ugdym\u0105, studentams suteikdamas&hellip;\" \/>\n<meta property=\"og:url\" content=\"https:\/\/kaunokolegija.lt\/muf\/apie-mus\/\" \/>\n<meta property=\"og:site_name\" content=\"Men\u0173 ir ugdymo fakultetas\" \/>\n<meta property=\"article:publisher\" content=\"https:\/\/www.facebook.com\/Kauno.kolegija\/\" \/>\n<meta property=\"article:modified_time\" content=\"2026-01-23T11:22:05+00:00\" \/>\n<meta property=\"og:image\" content=\"https:\/\/kaunokolegija.lt\/muf\/wp-content\/uploads\/sites\/14\/2025\/12\/Kauno_kolegija_fotografija_MuF_apie_mus-scaled.webp\" \/>\n\t<meta property=\"og:image:width\" content=\"2560\" \/>\n\t<meta property=\"og:image:height\" content=\"1707\" \/>\n\t<meta property=\"og:image:type\" content=\"image\/webp\" \/>\n<meta name=\"twitter:card\" content=\"summary_large_image\" \/>\n<meta name=\"twitter:label1\" content=\"Est. reading time\" \/>\n\t<meta name=\"twitter:data1\" content=\"1 minut\u0117\" \/>\n<script type=\"application\/ld+json\" class=\"yoast-schema-graph\">{\"@context\":\"https:\\\/\\\/schema.org\",\"@graph\":[{\"@type\":\"WebPage\",\"@id\":\"https:\\\/\\\/kaunokolegija.lt\\\/muf\\\/apie-mus\\\/\",\"url\":\"https:\\\/\\\/kaunokolegija.lt\\\/muf\\\/apie-mus\\\/\",\"name\":\"Apie mus - Men\u0173 ir ugdymo fakultetas\",\"isPartOf\":{\"@id\":\"https:\\\/\\\/kaunokolegija.lt\\\/muf\\\/#website\"},\"primaryImageOfPage\":{\"@id\":\"https:\\\/\\\/kaunokolegija.lt\\\/muf\\\/apie-mus\\\/#primaryimage\"},\"image\":{\"@id\":\"https:\\\/\\\/kaunokolegija.lt\\\/muf\\\/apie-mus\\\/#primaryimage\"},\"thumbnailUrl\":\"https:\\\/\\\/kaunokolegija.lt\\\/muf\\\/wp-content\\\/uploads\\\/sites\\\/14\\\/2025\\\/12\\\/Kauno_kolegija_fotografija_MuF_apie_mus-scaled.webp\",\"datePublished\":\"2025-09-25T16:27:51+00:00\",\"dateModified\":\"2026-01-23T11:22:05+00:00\",\"breadcrumb\":{\"@id\":\"https:\\\/\\\/kaunokolegija.lt\\\/muf\\\/apie-mus\\\/#breadcrumb\"},\"inLanguage\":\"lt-LT\",\"potentialAction\":[{\"@type\":\"ReadAction\",\"target\":[\"https:\\\/\\\/kaunokolegija.lt\\\/muf\\\/apie-mus\\\/\"]}]},{\"@type\":\"ImageObject\",\"inLanguage\":\"lt-LT\",\"@id\":\"https:\\\/\\\/kaunokolegija.lt\\\/muf\\\/apie-mus\\\/#primaryimage\",\"url\":\"https:\\\/\\\/kaunokolegija.lt\\\/muf\\\/wp-content\\\/uploads\\\/sites\\\/14\\\/2025\\\/12\\\/Kauno_kolegija_fotografija_MuF_apie_mus-scaled.webp\",\"contentUrl\":\"https:\\\/\\\/kaunokolegija.lt\\\/muf\\\/wp-content\\\/uploads\\\/sites\\\/14\\\/2025\\\/12\\\/Kauno_kolegija_fotografija_MuF_apie_mus-scaled.webp\",\"width\":2560,\"height\":1707},{\"@type\":\"BreadcrumbList\",\"@id\":\"https:\\\/\\\/kaunokolegija.lt\\\/muf\\\/apie-mus\\\/#breadcrumb\",\"itemListElement\":[{\"@type\":\"ListItem\",\"position\":1,\"name\":\"Home\",\"item\":\"https:\\\/\\\/kaunokolegija.lt\\\/muf\\\/\"},{\"@type\":\"ListItem\",\"position\":2,\"name\":\"Apie mus\"}]},{\"@type\":\"WebSite\",\"@id\":\"https:\\\/\\\/kaunokolegija.lt\\\/muf\\\/#website\",\"url\":\"https:\\\/\\\/kaunokolegija.lt\\\/muf\\\/\",\"name\":\"Men\u0173 ir ugdymo fakultetas\",\"description\":\"Kauno kolegija\",\"publisher\":{\"@id\":\"https:\\\/\\\/kaunokolegija.lt\\\/muf\\\/#organization\"},\"potentialAction\":[{\"@type\":\"SearchAction\",\"target\":{\"@type\":\"EntryPoint\",\"urlTemplate\":\"https:\\\/\\\/kaunokolegija.lt\\\/muf\\\/?s={search_term_string}\"},\"query-input\":{\"@type\":\"PropertyValueSpecification\",\"valueRequired\":true,\"valueName\":\"search_term_string\"}}],\"inLanguage\":\"lt-LT\"},{\"@type\":\"Organization\",\"@id\":\"https:\\\/\\\/kaunokolegija.lt\\\/muf\\\/#organization\",\"name\":\"Kauno kolegija\",\"url\":\"https:\\\/\\\/kaunokolegija.lt\\\/muf\\\/\",\"logo\":{\"@type\":\"ImageObject\",\"inLanguage\":\"lt-LT\",\"@id\":\"https:\\\/\\\/kaunokolegija.lt\\\/muf\\\/#\\\/schema\\\/logo\\\/image\\\/\",\"url\":\"https:\\\/\\\/kaunokolegija.lt\\\/muf\\\/wp-content\\\/uploads\\\/sites\\\/14\\\/2026\\\/01\\\/cropped-KK_MUF_LOGO_COLOR.png\",\"contentUrl\":\"https:\\\/\\\/kaunokolegija.lt\\\/muf\\\/wp-content\\\/uploads\\\/sites\\\/14\\\/2026\\\/01\\\/cropped-KK_MUF_LOGO_COLOR.png\",\"width\":2084,\"height\":2084,\"caption\":\"Kauno kolegija\"},\"image\":{\"@id\":\"https:\\\/\\\/kaunokolegija.lt\\\/muf\\\/#\\\/schema\\\/logo\\\/image\\\/\"},\"sameAs\":[\"https:\\\/\\\/www.facebook.com\\\/Kauno.kolegija\\\/\"]}]}<\/script>\n<!-- \/ Yoast SEO plugin. -->","yoast_head_json":{"title":"Apie mus - Men\u0173 ir ugdymo fakultetas","robots":{"index":"index","follow":"follow","max-snippet":"max-snippet:-1","max-image-preview":"max-image-preview:large","max-video-preview":"max-video-preview:-1"},"canonical":"https:\/\/kaunokolegija.lt\/muf\/apie-mus\/","og_locale":"lt_LT","og_type":"article","og_title":"Apie mus - Men\u0173 ir ugdymo fakultetas","og_description":"Men\u0173 ir ugdymo fakultetas \u2013 tai erdv\u0117, jungianti tradicij\u0105 ir \u0161iuolaiki\u0161k\u0105 k\u016brybin\u012f ugdym\u0105, skatinanti student\u0173 menin\u012f, kalbin\u012f, pedagogin\u012f bei socialin\u012f potencial\u0105, tarptauti\u0161kum\u0105 ir bendryst\u0119. Fakultetas pabr\u0117\u017eia praktika gr\u012fst\u0105 k\u016brybin\u012f ugdym\u0105, studentams suteikdamas&hellip;","og_url":"https:\/\/kaunokolegija.lt\/muf\/apie-mus\/","og_site_name":"Men\u0173 ir ugdymo fakultetas","article_publisher":"https:\/\/www.facebook.com\/Kauno.kolegija\/","article_modified_time":"2026-01-23T11:22:05+00:00","og_image":[{"width":2560,"height":1707,"url":"https:\/\/kaunokolegija.lt\/muf\/wp-content\/uploads\/sites\/14\/2025\/12\/Kauno_kolegija_fotografija_MuF_apie_mus-scaled.webp","type":"image\/webp"}],"twitter_card":"summary_large_image","twitter_misc":{"Est. reading time":"1 minut\u0117"},"schema":{"@context":"https:\/\/schema.org","@graph":[{"@type":"WebPage","@id":"https:\/\/kaunokolegija.lt\/muf\/apie-mus\/","url":"https:\/\/kaunokolegija.lt\/muf\/apie-mus\/","name":"Apie mus - Men\u0173 ir ugdymo fakultetas","isPartOf":{"@id":"https:\/\/kaunokolegija.lt\/muf\/#website"},"primaryImageOfPage":{"@id":"https:\/\/kaunokolegija.lt\/muf\/apie-mus\/#primaryimage"},"image":{"@id":"https:\/\/kaunokolegija.lt\/muf\/apie-mus\/#primaryimage"},"thumbnailUrl":"https:\/\/kaunokolegija.lt\/muf\/wp-content\/uploads\/sites\/14\/2025\/12\/Kauno_kolegija_fotografija_MuF_apie_mus-scaled.webp","datePublished":"2025-09-25T16:27:51+00:00","dateModified":"2026-01-23T11:22:05+00:00","breadcrumb":{"@id":"https:\/\/kaunokolegija.lt\/muf\/apie-mus\/#breadcrumb"},"inLanguage":"lt-LT","potentialAction":[{"@type":"ReadAction","target":["https:\/\/kaunokolegija.lt\/muf\/apie-mus\/"]}]},{"@type":"ImageObject","inLanguage":"lt-LT","@id":"https:\/\/kaunokolegija.lt\/muf\/apie-mus\/#primaryimage","url":"https:\/\/kaunokolegija.lt\/muf\/wp-content\/uploads\/sites\/14\/2025\/12\/Kauno_kolegija_fotografija_MuF_apie_mus-scaled.webp","contentUrl":"https:\/\/kaunokolegija.lt\/muf\/wp-content\/uploads\/sites\/14\/2025\/12\/Kauno_kolegija_fotografija_MuF_apie_mus-scaled.webp","width":2560,"height":1707},{"@type":"BreadcrumbList","@id":"https:\/\/kaunokolegija.lt\/muf\/apie-mus\/#breadcrumb","itemListElement":[{"@type":"ListItem","position":1,"name":"Home","item":"https:\/\/kaunokolegija.lt\/muf\/"},{"@type":"ListItem","position":2,"name":"Apie mus"}]},{"@type":"WebSite","@id":"https:\/\/kaunokolegija.lt\/muf\/#website","url":"https:\/\/kaunokolegija.lt\/muf\/","name":"Men\u0173 ir ugdymo fakultetas","description":"Kauno kolegija","publisher":{"@id":"https:\/\/kaunokolegija.lt\/muf\/#organization"},"potentialAction":[{"@type":"SearchAction","target":{"@type":"EntryPoint","urlTemplate":"https:\/\/kaunokolegija.lt\/muf\/?s={search_term_string}"},"query-input":{"@type":"PropertyValueSpecification","valueRequired":true,"valueName":"search_term_string"}}],"inLanguage":"lt-LT"},{"@type":"Organization","@id":"https:\/\/kaunokolegija.lt\/muf\/#organization","name":"Kauno kolegija","url":"https:\/\/kaunokolegija.lt\/muf\/","logo":{"@type":"ImageObject","inLanguage":"lt-LT","@id":"https:\/\/kaunokolegija.lt\/muf\/#\/schema\/logo\/image\/","url":"https:\/\/kaunokolegija.lt\/muf\/wp-content\/uploads\/sites\/14\/2026\/01\/cropped-KK_MUF_LOGO_COLOR.png","contentUrl":"https:\/\/kaunokolegija.lt\/muf\/wp-content\/uploads\/sites\/14\/2026\/01\/cropped-KK_MUF_LOGO_COLOR.png","width":2084,"height":2084,"caption":"Kauno kolegija"},"image":{"@id":"https:\/\/kaunokolegija.lt\/muf\/#\/schema\/logo\/image\/"},"sameAs":["https:\/\/www.facebook.com\/Kauno.kolegija\/"]}]}},"_links":{"self":[{"href":"https:\/\/kaunokolegija.lt\/muf\/wp-json\/wp\/v2\/pages\/276069","targetHints":{"allow":["GET"]}}],"collection":[{"href":"https:\/\/kaunokolegija.lt\/muf\/wp-json\/wp\/v2\/pages"}],"about":[{"href":"https:\/\/kaunokolegija.lt\/muf\/wp-json\/wp\/v2\/types\/page"}],"author":[{"embeddable":true,"href":"https:\/\/kaunokolegija.lt\/muf\/wp-json\/wp\/v2\/users\/1"}],"replies":[{"embeddable":true,"href":"https:\/\/kaunokolegija.lt\/muf\/wp-json\/wp\/v2\/comments?post=276069"}],"version-history":[{"count":4,"href":"https:\/\/kaunokolegija.lt\/muf\/wp-json\/wp\/v2\/pages\/276069\/revisions"}],"predecessor-version":[{"id":276620,"href":"https:\/\/kaunokolegija.lt\/muf\/wp-json\/wp\/v2\/pages\/276069\/revisions\/276620"}],"wp:featuredmedia":[{"embeddable":true,"href":"https:\/\/kaunokolegija.lt\/muf\/wp-json\/wp\/v2\/media\/276364"}],"wp:attachment":[{"href":"https:\/\/kaunokolegija.lt\/muf\/wp-json\/wp\/v2\/media?parent=276069"}],"curies":[{"name":"wp","href":"https:\/\/api.w.org\/{rel}","templated":true}]}}