{"id":276223,"date":"2025-09-25T18:07:22","date_gmt":"2025-09-25T18:07:22","guid":{"rendered":"https:\/\/royalpeacock.agency\/kk\/mf1\/?page_id=276223"},"modified":"2026-01-28T13:56:28","modified_gmt":"2026-01-28T13:56:28","slug":"viesieji-pirkimai","status":"publish","type":"page","link":"https:\/\/kaunokolegija.lt\/mf\/viesieji-pirkimai\/","title":{"rendered":"Fakultetas"},"content":{"rendered":"\n<div class=\"wp-block-columns top-p is-layout-flex wp-container-core-columns-is-layout-28f84493 wp-block-columns-is-layout-flex\">\n<div class=\"wp-block-column has-global-padding is-layout-constrained wp-container-core-column-is-layout-d0f22c05 wp-block-column-is-layout-constrained\">\n<div class=\"wp-block-columns abcd has-background is-layout-flex wp-container-core-columns-is-layout-28f84493 wp-block-columns-is-layout-flex\" style=\"background-color:#f9f9f9\">\n<div class=\"wp-block-column is-layout-flow wp-block-column-is-layout-flow\" style=\"padding-top:0;padding-right:0;padding-bottom:0;padding-left:0\">\n<p class=\"is-style-justify\" style=\"margin-top:8px;margin-bottom:8px\">Kauno kolegijos Medicinos fakultetas \u2013 vienas did\u017eiausi\u0173 ir daugiau nei \u0161imto met\u0173 patirtimi i\u0161siskirian\u010di\u0173 sveikatos prie\u017ei\u016bros specialist\u0173 rengimo centr\u0173 Lietuvoje, telkiantis apie 180 d\u0117stytoj\u0173 ir daugiau nei 1200 student\u0173. Kasmet fakultet\u0105 baigia daugiau nei 400 absolvent\u0173, kurie s\u0117kmingai \u012fsilieja \u012f \u0161alies ir u\u017esienio sveikatos prie\u017ei\u016bros bei gro\u017eio paslaug\u0173 sektori\u0173.<\/p>\n\n\n\n<p class=\"is-style-justify\" style=\"margin-top:8px;margin-bottom:8px\">Studij\u0173 procese taikomi \u0161iuolaiki\u0161ki, praktika gr\u012fsti metodai \u2013 probleminis mokymasis, situacij\u0173 modeliavimas, simuliacin\u0117s u\u017eduotys, reali\u0173 klinikini\u0173 situacij\u0173 analiz\u0117. Tokia metodika leid\u017eia ugdyti ne tik profesinius, bet ir kritinio m\u0105stymo, atsakomyb\u0117s, komandinio darbo ir bendradarbiavimo geb\u0117jimus.<\/p>\n<\/div>\n\n\n\n<div class=\"wp-block-column is-layout-flow wp-block-column-is-layout-flow\" style=\"flex-basis:40%\">\n<figure class=\"wp-block-image aligncenter size-full is-resized\" style=\"margin-top:0;margin-bottom:0\"><img loading=\"lazy\" decoding=\"async\" width=\"2560\" height=\"1707\" src=\"https:\/\/kaunokolegija.lt\/mf\/wp-content\/uploads\/sites\/15\/2025\/11\/Dantu_technologijos_1-scaled.webp\" alt=\"\" class=\"wp-image-276334\" style=\"width:369px;height:auto\" srcset=\"https:\/\/kaunokolegija.lt\/mf\/wp-content\/uploads\/sites\/15\/2025\/11\/Dantu_technologijos_1-scaled.webp 2560w, https:\/\/kaunokolegija.lt\/mf\/wp-content\/uploads\/sites\/15\/2025\/11\/Dantu_technologijos_1-300x200.webp 300w, https:\/\/kaunokolegija.lt\/mf\/wp-content\/uploads\/sites\/15\/2025\/11\/Dantu_technologijos_1-1024x683.webp 1024w, https:\/\/kaunokolegija.lt\/mf\/wp-content\/uploads\/sites\/15\/2025\/11\/Dantu_technologijos_1-768x512.webp 768w, https:\/\/kaunokolegija.lt\/mf\/wp-content\/uploads\/sites\/15\/2025\/11\/Dantu_technologijos_1-1536x1024.webp 1536w, https:\/\/kaunokolegija.lt\/mf\/wp-content\/uploads\/sites\/15\/2025\/11\/Dantu_technologijos_1-2048x1365.webp 2048w, https:\/\/kaunokolegija.lt\/mf\/wp-content\/uploads\/sites\/15\/2025\/11\/Dantu_technologijos_1-600x400.webp 600w\" sizes=\"auto, (max-width: 2560px) 100vw, 2560px\" \/><\/figure>\n<\/div>\n<\/div>\n<\/div>\n<\/div>\n\n\n\n<div class=\"wp-block-columns top-p is-layout-flex wp-container-core-columns-is-layout-e8d40639 wp-block-columns-is-layout-flex\" style=\"padding-top:var(--wp--preset--spacing--s);padding-bottom:var(--wp--preset--spacing--s)\">\n<div class=\"wp-block-column has-global-padding is-layout-constrained wp-container-core-column-is-layout-d0f22c05 wp-block-column-is-layout-constrained\">\n<div class=\"wp-block-columns abcd has-background is-layout-flex wp-container-core-columns-is-layout-28f84493 wp-block-columns-is-layout-flex\" style=\"background-color:#f9f9f9\">\n<div class=\"wp-block-column is-layout-flow wp-block-column-is-layout-flow\" style=\"padding-top:0;padding-right:0;padding-bottom:0;padding-left:0\">\n<p class=\"is-style-justify\" style=\"margin-top:8px;margin-bottom:8px\">Svarbi studij\u0173 dalis \u2013 praktika \u012fvairiose sveikatos prie\u017ei\u016bros \u012fstaigose: universitetin\u0117se ir regionin\u0117se ligonin\u0117se, poliklinikose, reabilitacijos centruose, slaugos ligonin\u0117se, priva\u010diose gydymo, sveikatinimo ir gro\u017eio \u012fstaigose. Fakultetas kryptingai pl\u0117toja bendradarbiavim\u0105 su \u0161iais socialiniais partneriais, sudaro galimybes studentams \u012fsitraukti \u012f realius profesin\u0117s veiklos procesus, tiesiogiai bendrauti su pacientais, taikyti studij\u0173 metu \u012fgytas \u017einias ir ugdyti profesin\u012f savaranki\u0161kum\u0105.<\/p>\n\n\n\n<p class=\"is-style-justify\" style=\"margin-top:8px;margin-bottom:8px\">Greta studij\u0173 proceso fakultete kryptingai vykdoma mokslo taikomoji veikla, stiprinama tyrim\u0173 infrastrukt\u016bra, vystomi bendri projektai ir tyrimai su verslo \u012fmon\u0117mis.<\/p>\n<\/div>\n<\/div>\n<\/div>\n<\/div>\n","protected":false},"excerpt":{"rendered":"<p>Kauno kolegijos Medicinos fakultetas \u2013 vienas did\u017eiausi\u0173 ir daugiau nei \u0161imto met\u0173 patirtimi i\u0161siskirian\u010di\u0173 sveikatos prie\u017ei\u016bros specialist\u0173 rengimo centr\u0173 Lietuvoje, telkiantis apie 180 d\u0117stytoj\u0173 ir daugiau nei 1200 student\u0173. Kasmet fakultet\u0105 baigia&hellip;<\/p>\n","protected":false},"author":1,"featured_media":276349,"parent":0,"menu_order":0,"comment_status":"closed","ping_status":"closed","template":"","meta":{"footnotes":""},"class_list":["post-276223","page","type-page","status-publish","has-post-thumbnail","hentry"],"yoast_head":"<!-- This site is optimized with the Yoast SEO plugin v27.4 - https:\/\/yoast.com\/product\/yoast-seo-wordpress\/ -->\n<title>Fakultetas - Medicinos fakultetas<\/title>\n<meta name=\"robots\" content=\"index, follow, max-snippet:-1, max-image-preview:large, max-video-preview:-1\" \/>\n<link rel=\"canonical\" href=\"https:\/\/kaunokolegija.lt\/mf\/viesieji-pirkimai\/\" \/>\n<meta property=\"og:locale\" content=\"lt_LT\" \/>\n<meta property=\"og:type\" content=\"article\" \/>\n<meta property=\"og:title\" content=\"Fakultetas - Medicinos fakultetas\" \/>\n<meta property=\"og:description\" content=\"Kauno kolegijos Medicinos fakultetas \u2013 vienas did\u017eiausi\u0173 ir daugiau nei \u0161imto met\u0173 patirtimi i\u0161siskirian\u010di\u0173 sveikatos prie\u017ei\u016bros specialist\u0173 rengimo centr\u0173 Lietuvoje, telkiantis apie 180 d\u0117stytoj\u0173 ir daugiau nei 1200 student\u0173. Kasmet fakultet\u0105 baigia&hellip;\" \/>\n<meta property=\"og:url\" content=\"https:\/\/kaunokolegija.lt\/mf\/viesieji-pirkimai\/\" \/>\n<meta property=\"og:site_name\" content=\"Medicinos fakultetas\" \/>\n<meta property=\"article:publisher\" content=\"https:\/\/www.facebook.com\/Kauno.kolegija\/\" \/>\n<meta property=\"article:modified_time\" content=\"2026-01-28T13:56:28+00:00\" \/>\n<meta property=\"og:image\" content=\"https:\/\/kaunokolegija.lt\/mf\/wp-content\/uploads\/sites\/15\/2025\/12\/Kauno_kolegija_erasmus_mainai-scaled.webp\" \/>\n\t<meta property=\"og:image:width\" content=\"2560\" \/>\n\t<meta property=\"og:image:height\" content=\"1707\" \/>\n\t<meta property=\"og:image:type\" content=\"image\/webp\" \/>\n<meta name=\"twitter:card\" content=\"summary_large_image\" \/>\n<meta name=\"twitter:label1\" content=\"Est. reading time\" \/>\n\t<meta name=\"twitter:data1\" content=\"1 minut\u0117\" \/>\n<script type=\"application\/ld+json\" class=\"yoast-schema-graph\">{\"@context\":\"https:\\\/\\\/schema.org\",\"@graph\":[{\"@type\":\"WebPage\",\"@id\":\"https:\\\/\\\/kaunokolegija.lt\\\/mf\\\/viesieji-pirkimai\\\/\",\"url\":\"https:\\\/\\\/kaunokolegija.lt\\\/mf\\\/viesieji-pirkimai\\\/\",\"name\":\"Fakultetas - Medicinos fakultetas\",\"isPartOf\":{\"@id\":\"https:\\\/\\\/kaunokolegija.lt\\\/mf\\\/#website\"},\"primaryImageOfPage\":{\"@id\":\"https:\\\/\\\/kaunokolegija.lt\\\/mf\\\/viesieji-pirkimai\\\/#primaryimage\"},\"image\":{\"@id\":\"https:\\\/\\\/kaunokolegija.lt\\\/mf\\\/viesieji-pirkimai\\\/#primaryimage\"},\"thumbnailUrl\":\"https:\\\/\\\/kaunokolegija.lt\\\/mf\\\/wp-content\\\/uploads\\\/sites\\\/15\\\/2025\\\/12\\\/Kauno_kolegija_erasmus_mainai-scaled.webp\",\"datePublished\":\"2025-09-25T18:07:22+00:00\",\"dateModified\":\"2026-01-28T13:56:28+00:00\",\"breadcrumb\":{\"@id\":\"https:\\\/\\\/kaunokolegija.lt\\\/mf\\\/viesieji-pirkimai\\\/#breadcrumb\"},\"inLanguage\":\"lt-LT\",\"potentialAction\":[{\"@type\":\"ReadAction\",\"target\":[\"https:\\\/\\\/kaunokolegija.lt\\\/mf\\\/viesieji-pirkimai\\\/\"]}]},{\"@type\":\"ImageObject\",\"inLanguage\":\"lt-LT\",\"@id\":\"https:\\\/\\\/kaunokolegija.lt\\\/mf\\\/viesieji-pirkimai\\\/#primaryimage\",\"url\":\"https:\\\/\\\/kaunokolegija.lt\\\/mf\\\/wp-content\\\/uploads\\\/sites\\\/15\\\/2025\\\/12\\\/Kauno_kolegija_erasmus_mainai-scaled.webp\",\"contentUrl\":\"https:\\\/\\\/kaunokolegija.lt\\\/mf\\\/wp-content\\\/uploads\\\/sites\\\/15\\\/2025\\\/12\\\/Kauno_kolegija_erasmus_mainai-scaled.webp\",\"width\":2560,\"height\":1707},{\"@type\":\"BreadcrumbList\",\"@id\":\"https:\\\/\\\/kaunokolegija.lt\\\/mf\\\/viesieji-pirkimai\\\/#breadcrumb\",\"itemListElement\":[{\"@type\":\"ListItem\",\"position\":1,\"name\":\"Home\",\"item\":\"https:\\\/\\\/kaunokolegija.lt\\\/mf\\\/\"},{\"@type\":\"ListItem\",\"position\":2,\"name\":\"Fakultetas\"}]},{\"@type\":\"WebSite\",\"@id\":\"https:\\\/\\\/kaunokolegija.lt\\\/mf\\\/#website\",\"url\":\"https:\\\/\\\/kaunokolegija.lt\\\/mf\\\/\",\"name\":\"Medicinos fakultetas\",\"description\":\"Kauno kolegija\",\"publisher\":{\"@id\":\"https:\\\/\\\/kaunokolegija.lt\\\/mf\\\/#organization\"},\"potentialAction\":[{\"@type\":\"SearchAction\",\"target\":{\"@type\":\"EntryPoint\",\"urlTemplate\":\"https:\\\/\\\/kaunokolegija.lt\\\/mf\\\/?s={search_term_string}\"},\"query-input\":{\"@type\":\"PropertyValueSpecification\",\"valueRequired\":true,\"valueName\":\"search_term_string\"}}],\"inLanguage\":\"lt-LT\"},{\"@type\":\"Organization\",\"@id\":\"https:\\\/\\\/kaunokolegija.lt\\\/mf\\\/#organization\",\"name\":\"Kauno kolegija\",\"url\":\"https:\\\/\\\/kaunokolegija.lt\\\/mf\\\/\",\"logo\":{\"@type\":\"ImageObject\",\"inLanguage\":\"lt-LT\",\"@id\":\"https:\\\/\\\/kaunokolegija.lt\\\/mf\\\/#\\\/schema\\\/logo\\\/image\\\/\",\"url\":\"https:\\\/\\\/kaunokolegija.lt\\\/mf\\\/wp-content\\\/uploads\\\/sites\\\/15\\\/2026\\\/01\\\/cropped-KK_MF_LOGO_COLOR.png\",\"contentUrl\":\"https:\\\/\\\/kaunokolegija.lt\\\/mf\\\/wp-content\\\/uploads\\\/sites\\\/15\\\/2026\\\/01\\\/cropped-KK_MF_LOGO_COLOR.png\",\"width\":2084,\"height\":2084,\"caption\":\"Kauno kolegija\"},\"image\":{\"@id\":\"https:\\\/\\\/kaunokolegija.lt\\\/mf\\\/#\\\/schema\\\/logo\\\/image\\\/\"},\"sameAs\":[\"https:\\\/\\\/www.facebook.com\\\/Kauno.kolegija\\\/\"]}]}<\/script>\n<!-- \/ Yoast SEO plugin. -->","yoast_head_json":{"title":"Fakultetas - Medicinos fakultetas","robots":{"index":"index","follow":"follow","max-snippet":"max-snippet:-1","max-image-preview":"max-image-preview:large","max-video-preview":"max-video-preview:-1"},"canonical":"https:\/\/kaunokolegija.lt\/mf\/viesieji-pirkimai\/","og_locale":"lt_LT","og_type":"article","og_title":"Fakultetas - Medicinos fakultetas","og_description":"Kauno kolegijos Medicinos fakultetas \u2013 vienas did\u017eiausi\u0173 ir daugiau nei \u0161imto met\u0173 patirtimi i\u0161siskirian\u010di\u0173 sveikatos prie\u017ei\u016bros specialist\u0173 rengimo centr\u0173 Lietuvoje, telkiantis apie 180 d\u0117stytoj\u0173 ir daugiau nei 1200 student\u0173. Kasmet fakultet\u0105 baigia&hellip;","og_url":"https:\/\/kaunokolegija.lt\/mf\/viesieji-pirkimai\/","og_site_name":"Medicinos fakultetas","article_publisher":"https:\/\/www.facebook.com\/Kauno.kolegija\/","article_modified_time":"2026-01-28T13:56:28+00:00","og_image":[{"width":2560,"height":1707,"url":"https:\/\/kaunokolegija.lt\/mf\/wp-content\/uploads\/sites\/15\/2025\/12\/Kauno_kolegija_erasmus_mainai-scaled.webp","type":"image\/webp"}],"twitter_card":"summary_large_image","twitter_misc":{"Est. reading time":"1 minut\u0117"},"schema":{"@context":"https:\/\/schema.org","@graph":[{"@type":"WebPage","@id":"https:\/\/kaunokolegija.lt\/mf\/viesieji-pirkimai\/","url":"https:\/\/kaunokolegija.lt\/mf\/viesieji-pirkimai\/","name":"Fakultetas - Medicinos fakultetas","isPartOf":{"@id":"https:\/\/kaunokolegija.lt\/mf\/#website"},"primaryImageOfPage":{"@id":"https:\/\/kaunokolegija.lt\/mf\/viesieji-pirkimai\/#primaryimage"},"image":{"@id":"https:\/\/kaunokolegija.lt\/mf\/viesieji-pirkimai\/#primaryimage"},"thumbnailUrl":"https:\/\/kaunokolegija.lt\/mf\/wp-content\/uploads\/sites\/15\/2025\/12\/Kauno_kolegija_erasmus_mainai-scaled.webp","datePublished":"2025-09-25T18:07:22+00:00","dateModified":"2026-01-28T13:56:28+00:00","breadcrumb":{"@id":"https:\/\/kaunokolegija.lt\/mf\/viesieji-pirkimai\/#breadcrumb"},"inLanguage":"lt-LT","potentialAction":[{"@type":"ReadAction","target":["https:\/\/kaunokolegija.lt\/mf\/viesieji-pirkimai\/"]}]},{"@type":"ImageObject","inLanguage":"lt-LT","@id":"https:\/\/kaunokolegija.lt\/mf\/viesieji-pirkimai\/#primaryimage","url":"https:\/\/kaunokolegija.lt\/mf\/wp-content\/uploads\/sites\/15\/2025\/12\/Kauno_kolegija_erasmus_mainai-scaled.webp","contentUrl":"https:\/\/kaunokolegija.lt\/mf\/wp-content\/uploads\/sites\/15\/2025\/12\/Kauno_kolegija_erasmus_mainai-scaled.webp","width":2560,"height":1707},{"@type":"BreadcrumbList","@id":"https:\/\/kaunokolegija.lt\/mf\/viesieji-pirkimai\/#breadcrumb","itemListElement":[{"@type":"ListItem","position":1,"name":"Home","item":"https:\/\/kaunokolegija.lt\/mf\/"},{"@type":"ListItem","position":2,"name":"Fakultetas"}]},{"@type":"WebSite","@id":"https:\/\/kaunokolegija.lt\/mf\/#website","url":"https:\/\/kaunokolegija.lt\/mf\/","name":"Medicinos fakultetas","description":"Kauno kolegija","publisher":{"@id":"https:\/\/kaunokolegija.lt\/mf\/#organization"},"potentialAction":[{"@type":"SearchAction","target":{"@type":"EntryPoint","urlTemplate":"https:\/\/kaunokolegija.lt\/mf\/?s={search_term_string}"},"query-input":{"@type":"PropertyValueSpecification","valueRequired":true,"valueName":"search_term_string"}}],"inLanguage":"lt-LT"},{"@type":"Organization","@id":"https:\/\/kaunokolegija.lt\/mf\/#organization","name":"Kauno kolegija","url":"https:\/\/kaunokolegija.lt\/mf\/","logo":{"@type":"ImageObject","inLanguage":"lt-LT","@id":"https:\/\/kaunokolegija.lt\/mf\/#\/schema\/logo\/image\/","url":"https:\/\/kaunokolegija.lt\/mf\/wp-content\/uploads\/sites\/15\/2026\/01\/cropped-KK_MF_LOGO_COLOR.png","contentUrl":"https:\/\/kaunokolegija.lt\/mf\/wp-content\/uploads\/sites\/15\/2026\/01\/cropped-KK_MF_LOGO_COLOR.png","width":2084,"height":2084,"caption":"Kauno kolegija"},"image":{"@id":"https:\/\/kaunokolegija.lt\/mf\/#\/schema\/logo\/image\/"},"sameAs":["https:\/\/www.facebook.com\/Kauno.kolegija\/"]}]}},"_links":{"self":[{"href":"https:\/\/kaunokolegija.lt\/mf\/wp-json\/wp\/v2\/pages\/276223","targetHints":{"allow":["GET"]}}],"collection":[{"href":"https:\/\/kaunokolegija.lt\/mf\/wp-json\/wp\/v2\/pages"}],"about":[{"href":"https:\/\/kaunokolegija.lt\/mf\/wp-json\/wp\/v2\/types\/page"}],"author":[{"embeddable":true,"href":"https:\/\/kaunokolegija.lt\/mf\/wp-json\/wp\/v2\/users\/1"}],"replies":[{"embeddable":true,"href":"https:\/\/kaunokolegija.lt\/mf\/wp-json\/wp\/v2\/comments?post=276223"}],"version-history":[{"count":6,"href":"https:\/\/kaunokolegija.lt\/mf\/wp-json\/wp\/v2\/pages\/276223\/revisions"}],"predecessor-version":[{"id":276584,"href":"https:\/\/kaunokolegija.lt\/mf\/wp-json\/wp\/v2\/pages\/276223\/revisions\/276584"}],"wp:featuredmedia":[{"embeddable":true,"href":"https:\/\/kaunokolegija.lt\/mf\/wp-json\/wp\/v2\/media\/276349"}],"wp:attachment":[{"href":"https:\/\/kaunokolegija.lt\/mf\/wp-json\/wp\/v2\/media?parent=276223"}],"curies":[{"name":"wp","href":"https:\/\/api.w.org\/{rel}","templated":true}]}}