{"id":276221,"date":"2025-09-25T18:06:59","date_gmt":"2025-09-25T18:06:59","guid":{"rendered":"https:\/\/royalpeacock.agency\/kk\/mf1\/?page_id=276221"},"modified":"2026-01-23T09:27:07","modified_gmt":"2026-01-23T09:27:07","slug":"kita-informacija-stojantiesiems","status":"publish","type":"page","link":"https:\/\/kaunokolegija.lt\/mf\/kita-informacija-stojantiesiems\/","title":{"rendered":"Kita informacija stojantiesiems"},"content":{"rendered":"\n<div class=\"wp-block-columns top-p is-layout-flex wp-container-core-columns-is-layout-9a5e5583 wp-block-columns-is-layout-flex\" style=\"margin-top:var(--wp--preset--spacing--s);margin-bottom:var(--wp--preset--spacing--s)\">\n<div class=\"wp-block-column has-global-padding is-layout-constrained wp-container-core-column-is-layout-d0f22c05 wp-block-column-is-layout-constrained\">\n<div class=\"wp-block-columns abcd has-background is-layout-flex wp-container-core-columns-is-layout-28f84493 wp-block-columns-is-layout-flex\" style=\"background-color:#f9f9f9\">\n<div class=\"wp-block-column is-layout-flow wp-block-column-is-layout-flow\" style=\"padding-top:0;padding-right:0;padding-bottom:0;padding-left:0\">\n<p style=\"margin-top:8px;margin-bottom:8px\">Medicinos fakultete realizuojamos nuolatin\u0117s studijos. Daugumos studij\u0173 program\u0173 trukm\u0117&nbsp; 3 metai, i\u0161skyrus Aku\u0161erijos ir Bendrosios praktikos slaugos studij\u0173 programas, kuri\u0173 trukm\u0117 \u2013 3,5 met\u0173.<\/p>\n\n\n\n<p style=\"margin-top:8px;margin-bottom:8px\">Studij\u0173 met\u0173 u\u017esi\u0117mimai vykdomi tiek kontaktiniu, tiek nuotoliniu, mi\u0161riu ar hibridiniu b\u016bdais.<\/p>\n\n\n\n<p><strong>Turi klausim\u0173 apie studijas Kauno kolegijos Medicinos fakultete? Para\u0161yk mums!<\/strong><\/p>\n\n\n\n<p><strong>Medicinos fakultetas: <\/strong><a href=\"tel:37037330149\"><span style=\"text-decoration: underline;\">+ 370 37 33 01 49<\/span><\/a>, <a href=\"mailto:mf@kaunokolegija.lt\">mf@kaunokolegija.lt<\/a><\/p>\n\n\n\n<p><strong>Bendroji informacija:<\/strong> <a href=\"tel:37037352324\"><span style=\"text-decoration: underline;\">+ 370 37 35 23 24<\/span><\/a>, <a href=\"mailto:info@kaunokolegija.lt\">info@kaunokolegija.lt<\/a><\/p>\n\n\n\n<p><strong>Stojantiesiems:<\/strong> <a href=\"tel:37062052041\"><span style=\"text-decoration: underline;\">+ 370 620 52 041<\/span><\/a>, <a href=\"mailto:priemimas@kaunokolegija.lt\">priemimas@kaunokolegija.lt<\/a><\/p>\n\n\n\n<p><strong>Kvie\u010diame sekti m\u016bs\u0173 <\/strong><a href=\"https:\/\/www.facebook.com\/medicinosfakultetas?locale=lt_LT\"><strong>\u201eFacebook\u201c puslap\u012f<\/strong>.<\/a><\/p>\n<\/div>\n<\/div>\n<\/div>\n<\/div>\n","protected":false},"excerpt":{"rendered":"<p>Medicinos fakultete realizuojamos nuolatin\u0117s studijos. Daugumos studij\u0173 program\u0173 trukm\u0117&nbsp; 3 metai, i\u0161skyrus Aku\u0161erijos ir Bendrosios praktikos slaugos studij\u0173 programas, kuri\u0173 trukm\u0117 \u2013 3,5 met\u0173. Studij\u0173 met\u0173 u\u017esi\u0117mimai vykdomi tiek kontaktiniu, tiek nuotoliniu,&hellip;<\/p>\n","protected":false},"author":1,"featured_media":276508,"parent":0,"menu_order":0,"comment_status":"closed","ping_status":"closed","template":"","meta":{"footnotes":""},"class_list":["post-276221","page","type-page","status-publish","has-post-thumbnail","hentry"],"yoast_head":"<!-- This site is optimized with the Yoast SEO plugin v27.4 - https:\/\/yoast.com\/product\/yoast-seo-wordpress\/ -->\n<title>Kita informacija stojantiesiems - Medicinos fakultetas<\/title>\n<meta name=\"robots\" content=\"index, follow, max-snippet:-1, max-image-preview:large, max-video-preview:-1\" \/>\n<link rel=\"canonical\" href=\"https:\/\/kaunokolegija.lt\/mf\/kita-informacija-stojantiesiems\/\" \/>\n<meta property=\"og:locale\" content=\"lt_LT\" \/>\n<meta property=\"og:type\" content=\"article\" \/>\n<meta property=\"og:title\" content=\"Kita informacija stojantiesiems - Medicinos fakultetas\" \/>\n<meta property=\"og:description\" content=\"Medicinos fakultete realizuojamos nuolatin\u0117s studijos. Daugumos studij\u0173 program\u0173 trukm\u0117&nbsp; 3 metai, i\u0161skyrus Aku\u0161erijos ir Bendrosios praktikos slaugos studij\u0173 programas, kuri\u0173 trukm\u0117 \u2013 3,5 met\u0173. Studij\u0173 met\u0173 u\u017esi\u0117mimai vykdomi tiek kontaktiniu, tiek nuotoliniu,&hellip;\" \/>\n<meta property=\"og:url\" content=\"https:\/\/kaunokolegija.lt\/mf\/kita-informacija-stojantiesiems\/\" \/>\n<meta property=\"og:site_name\" content=\"Medicinos fakultetas\" \/>\n<meta property=\"article:publisher\" content=\"https:\/\/www.facebook.com\/Kauno.kolegija\/\" \/>\n<meta property=\"article:modified_time\" content=\"2026-01-23T09:27:07+00:00\" \/>\n<meta property=\"og:image\" content=\"https:\/\/kaunokolegija.lt\/mf\/wp-content\/uploads\/sites\/15\/2025\/12\/Kauno_kolegija_II-68-scaled.webp\" \/>\n\t<meta property=\"og:image:width\" content=\"2560\" \/>\n\t<meta property=\"og:image:height\" content=\"1707\" \/>\n\t<meta property=\"og:image:type\" content=\"image\/webp\" \/>\n<meta name=\"twitter:card\" content=\"summary_large_image\" \/>\n<script type=\"application\/ld+json\" class=\"yoast-schema-graph\">{\"@context\":\"https:\\\/\\\/schema.org\",\"@graph\":[{\"@type\":\"WebPage\",\"@id\":\"https:\\\/\\\/kaunokolegija.lt\\\/mf\\\/kita-informacija-stojantiesiems\\\/\",\"url\":\"https:\\\/\\\/kaunokolegija.lt\\\/mf\\\/kita-informacija-stojantiesiems\\\/\",\"name\":\"Kita informacija stojantiesiems - Medicinos fakultetas\",\"isPartOf\":{\"@id\":\"https:\\\/\\\/kaunokolegija.lt\\\/mf\\\/#website\"},\"primaryImageOfPage\":{\"@id\":\"https:\\\/\\\/kaunokolegija.lt\\\/mf\\\/kita-informacija-stojantiesiems\\\/#primaryimage\"},\"image\":{\"@id\":\"https:\\\/\\\/kaunokolegija.lt\\\/mf\\\/kita-informacija-stojantiesiems\\\/#primaryimage\"},\"thumbnailUrl\":\"https:\\\/\\\/kaunokolegija.lt\\\/mf\\\/wp-content\\\/uploads\\\/sites\\\/15\\\/2025\\\/12\\\/Kauno_kolegija_II-68-scaled.webp\",\"datePublished\":\"2025-09-25T18:06:59+00:00\",\"dateModified\":\"2026-01-23T09:27:07+00:00\",\"breadcrumb\":{\"@id\":\"https:\\\/\\\/kaunokolegija.lt\\\/mf\\\/kita-informacija-stojantiesiems\\\/#breadcrumb\"},\"inLanguage\":\"lt-LT\",\"potentialAction\":[{\"@type\":\"ReadAction\",\"target\":[\"https:\\\/\\\/kaunokolegija.lt\\\/mf\\\/kita-informacija-stojantiesiems\\\/\"]}]},{\"@type\":\"ImageObject\",\"inLanguage\":\"lt-LT\",\"@id\":\"https:\\\/\\\/kaunokolegija.lt\\\/mf\\\/kita-informacija-stojantiesiems\\\/#primaryimage\",\"url\":\"https:\\\/\\\/kaunokolegija.lt\\\/mf\\\/wp-content\\\/uploads\\\/sites\\\/15\\\/2025\\\/12\\\/Kauno_kolegija_II-68-scaled.webp\",\"contentUrl\":\"https:\\\/\\\/kaunokolegija.lt\\\/mf\\\/wp-content\\\/uploads\\\/sites\\\/15\\\/2025\\\/12\\\/Kauno_kolegija_II-68-scaled.webp\",\"width\":2560,\"height\":1707},{\"@type\":\"BreadcrumbList\",\"@id\":\"https:\\\/\\\/kaunokolegija.lt\\\/mf\\\/kita-informacija-stojantiesiems\\\/#breadcrumb\",\"itemListElement\":[{\"@type\":\"ListItem\",\"position\":1,\"name\":\"Home\",\"item\":\"https:\\\/\\\/kaunokolegija.lt\\\/mf\\\/\"},{\"@type\":\"ListItem\",\"position\":2,\"name\":\"Kita informacija stojantiesiems\"}]},{\"@type\":\"WebSite\",\"@id\":\"https:\\\/\\\/kaunokolegija.lt\\\/mf\\\/#website\",\"url\":\"https:\\\/\\\/kaunokolegija.lt\\\/mf\\\/\",\"name\":\"Medicinos fakultetas\",\"description\":\"Kauno kolegija\",\"publisher\":{\"@id\":\"https:\\\/\\\/kaunokolegija.lt\\\/mf\\\/#organization\"},\"potentialAction\":[{\"@type\":\"SearchAction\",\"target\":{\"@type\":\"EntryPoint\",\"urlTemplate\":\"https:\\\/\\\/kaunokolegija.lt\\\/mf\\\/?s={search_term_string}\"},\"query-input\":{\"@type\":\"PropertyValueSpecification\",\"valueRequired\":true,\"valueName\":\"search_term_string\"}}],\"inLanguage\":\"lt-LT\"},{\"@type\":\"Organization\",\"@id\":\"https:\\\/\\\/kaunokolegija.lt\\\/mf\\\/#organization\",\"name\":\"Kauno kolegija\",\"url\":\"https:\\\/\\\/kaunokolegija.lt\\\/mf\\\/\",\"logo\":{\"@type\":\"ImageObject\",\"inLanguage\":\"lt-LT\",\"@id\":\"https:\\\/\\\/kaunokolegija.lt\\\/mf\\\/#\\\/schema\\\/logo\\\/image\\\/\",\"url\":\"https:\\\/\\\/kaunokolegija.lt\\\/mf\\\/wp-content\\\/uploads\\\/sites\\\/15\\\/2026\\\/01\\\/cropped-KK_MF_LOGO_COLOR.png\",\"contentUrl\":\"https:\\\/\\\/kaunokolegija.lt\\\/mf\\\/wp-content\\\/uploads\\\/sites\\\/15\\\/2026\\\/01\\\/cropped-KK_MF_LOGO_COLOR.png\",\"width\":2084,\"height\":2084,\"caption\":\"Kauno kolegija\"},\"image\":{\"@id\":\"https:\\\/\\\/kaunokolegija.lt\\\/mf\\\/#\\\/schema\\\/logo\\\/image\\\/\"},\"sameAs\":[\"https:\\\/\\\/www.facebook.com\\\/Kauno.kolegija\\\/\"]}]}<\/script>\n<!-- \/ Yoast SEO plugin. -->","yoast_head_json":{"title":"Kita informacija stojantiesiems - Medicinos fakultetas","robots":{"index":"index","follow":"follow","max-snippet":"max-snippet:-1","max-image-preview":"max-image-preview:large","max-video-preview":"max-video-preview:-1"},"canonical":"https:\/\/kaunokolegija.lt\/mf\/kita-informacija-stojantiesiems\/","og_locale":"lt_LT","og_type":"article","og_title":"Kita informacija stojantiesiems - Medicinos fakultetas","og_description":"Medicinos fakultete realizuojamos nuolatin\u0117s studijos. Daugumos studij\u0173 program\u0173 trukm\u0117&nbsp; 3 metai, i\u0161skyrus Aku\u0161erijos ir Bendrosios praktikos slaugos studij\u0173 programas, kuri\u0173 trukm\u0117 \u2013 3,5 met\u0173. Studij\u0173 met\u0173 u\u017esi\u0117mimai vykdomi tiek kontaktiniu, tiek nuotoliniu,&hellip;","og_url":"https:\/\/kaunokolegija.lt\/mf\/kita-informacija-stojantiesiems\/","og_site_name":"Medicinos fakultetas","article_publisher":"https:\/\/www.facebook.com\/Kauno.kolegija\/","article_modified_time":"2026-01-23T09:27:07+00:00","og_image":[{"width":2560,"height":1707,"url":"https:\/\/kaunokolegija.lt\/mf\/wp-content\/uploads\/sites\/15\/2025\/12\/Kauno_kolegija_II-68-scaled.webp","type":"image\/webp"}],"twitter_card":"summary_large_image","schema":{"@context":"https:\/\/schema.org","@graph":[{"@type":"WebPage","@id":"https:\/\/kaunokolegija.lt\/mf\/kita-informacija-stojantiesiems\/","url":"https:\/\/kaunokolegija.lt\/mf\/kita-informacija-stojantiesiems\/","name":"Kita informacija stojantiesiems - Medicinos fakultetas","isPartOf":{"@id":"https:\/\/kaunokolegija.lt\/mf\/#website"},"primaryImageOfPage":{"@id":"https:\/\/kaunokolegija.lt\/mf\/kita-informacija-stojantiesiems\/#primaryimage"},"image":{"@id":"https:\/\/kaunokolegija.lt\/mf\/kita-informacija-stojantiesiems\/#primaryimage"},"thumbnailUrl":"https:\/\/kaunokolegija.lt\/mf\/wp-content\/uploads\/sites\/15\/2025\/12\/Kauno_kolegija_II-68-scaled.webp","datePublished":"2025-09-25T18:06:59+00:00","dateModified":"2026-01-23T09:27:07+00:00","breadcrumb":{"@id":"https:\/\/kaunokolegija.lt\/mf\/kita-informacija-stojantiesiems\/#breadcrumb"},"inLanguage":"lt-LT","potentialAction":[{"@type":"ReadAction","target":["https:\/\/kaunokolegija.lt\/mf\/kita-informacija-stojantiesiems\/"]}]},{"@type":"ImageObject","inLanguage":"lt-LT","@id":"https:\/\/kaunokolegija.lt\/mf\/kita-informacija-stojantiesiems\/#primaryimage","url":"https:\/\/kaunokolegija.lt\/mf\/wp-content\/uploads\/sites\/15\/2025\/12\/Kauno_kolegija_II-68-scaled.webp","contentUrl":"https:\/\/kaunokolegija.lt\/mf\/wp-content\/uploads\/sites\/15\/2025\/12\/Kauno_kolegija_II-68-scaled.webp","width":2560,"height":1707},{"@type":"BreadcrumbList","@id":"https:\/\/kaunokolegija.lt\/mf\/kita-informacija-stojantiesiems\/#breadcrumb","itemListElement":[{"@type":"ListItem","position":1,"name":"Home","item":"https:\/\/kaunokolegija.lt\/mf\/"},{"@type":"ListItem","position":2,"name":"Kita informacija stojantiesiems"}]},{"@type":"WebSite","@id":"https:\/\/kaunokolegija.lt\/mf\/#website","url":"https:\/\/kaunokolegija.lt\/mf\/","name":"Medicinos fakultetas","description":"Kauno kolegija","publisher":{"@id":"https:\/\/kaunokolegija.lt\/mf\/#organization"},"potentialAction":[{"@type":"SearchAction","target":{"@type":"EntryPoint","urlTemplate":"https:\/\/kaunokolegija.lt\/mf\/?s={search_term_string}"},"query-input":{"@type":"PropertyValueSpecification","valueRequired":true,"valueName":"search_term_string"}}],"inLanguage":"lt-LT"},{"@type":"Organization","@id":"https:\/\/kaunokolegija.lt\/mf\/#organization","name":"Kauno kolegija","url":"https:\/\/kaunokolegija.lt\/mf\/","logo":{"@type":"ImageObject","inLanguage":"lt-LT","@id":"https:\/\/kaunokolegija.lt\/mf\/#\/schema\/logo\/image\/","url":"https:\/\/kaunokolegija.lt\/mf\/wp-content\/uploads\/sites\/15\/2026\/01\/cropped-KK_MF_LOGO_COLOR.png","contentUrl":"https:\/\/kaunokolegija.lt\/mf\/wp-content\/uploads\/sites\/15\/2026\/01\/cropped-KK_MF_LOGO_COLOR.png","width":2084,"height":2084,"caption":"Kauno kolegija"},"image":{"@id":"https:\/\/kaunokolegija.lt\/mf\/#\/schema\/logo\/image\/"},"sameAs":["https:\/\/www.facebook.com\/Kauno.kolegija\/"]}]}},"_links":{"self":[{"href":"https:\/\/kaunokolegija.lt\/mf\/wp-json\/wp\/v2\/pages\/276221","targetHints":{"allow":["GET"]}}],"collection":[{"href":"https:\/\/kaunokolegija.lt\/mf\/wp-json\/wp\/v2\/pages"}],"about":[{"href":"https:\/\/kaunokolegija.lt\/mf\/wp-json\/wp\/v2\/types\/page"}],"author":[{"embeddable":true,"href":"https:\/\/kaunokolegija.lt\/mf\/wp-json\/wp\/v2\/users\/1"}],"replies":[{"embeddable":true,"href":"https:\/\/kaunokolegija.lt\/mf\/wp-json\/wp\/v2\/comments?post=276221"}],"version-history":[{"count":4,"href":"https:\/\/kaunokolegija.lt\/mf\/wp-json\/wp\/v2\/pages\/276221\/revisions"}],"predecessor-version":[{"id":276559,"href":"https:\/\/kaunokolegija.lt\/mf\/wp-json\/wp\/v2\/pages\/276221\/revisions\/276559"}],"wp:featuredmedia":[{"embeddable":true,"href":"https:\/\/kaunokolegija.lt\/mf\/wp-json\/wp\/v2\/media\/276508"}],"wp:attachment":[{"href":"https:\/\/kaunokolegija.lt\/mf\/wp-json\/wp\/v2\/media?parent=276221"}],"curies":[{"name":"wp","href":"https:\/\/api.w.org\/{rel}","templated":true}]}}