{"id":276213,"date":"2025-09-25T18:05:48","date_gmt":"2025-09-25T18:05:48","guid":{"rendered":"https:\/\/royalpeacock.agency\/kk\/mf1\/?page_id=276213"},"modified":"2026-01-23T11:15:11","modified_gmt":"2026-01-23T11:15:11","slug":"visuomenei","status":"publish","type":"page","link":"https:\/\/kaunokolegija.lt\/mf\/visuomenei\/","title":{"rendered":"Visuomenei"},"content":{"rendered":"\n<div class=\"wp-block-columns top-p is-layout-flex wp-container-core-columns-is-layout-295b628d wp-block-columns-is-layout-flex\" style=\"margin-top:var(--wp--preset--spacing--s);margin-bottom:var(--wp--preset--spacing--s);padding-top:var(--wp--preset--spacing--xs);padding-bottom:var(--wp--preset--spacing--xs)\">\n<div class=\"wp-block-column has-global-padding is-layout-constrained wp-container-core-column-is-layout-d0f22c05 wp-block-column-is-layout-constrained\">\n<div class=\"wp-block-columns abcd has-background is-layout-flex wp-container-core-columns-is-layout-28f84493 wp-block-columns-is-layout-flex\" style=\"background-color:#f9f9f9\">\n<div class=\"wp-block-column is-layout-flow wp-block-column-is-layout-flow\" style=\"padding-top:0;padding-right:0;padding-bottom:0;padding-left:0\">\n<p class=\"has-text-color has-link-color wp-elements-091e36350c21cbad0665ed0a6e574afe\" style=\"color:#221e1e;margin-top:8px;margin-bottom:8px\">Medicinos fakultetas aktyviai prisideda prie visuomen\u0117s \u0161vietimo ir sveikatos ra\u0161tingumo stiprinimo, organizuodamas \u012fvairius renginius, neformaliojo \u0161vietimo programas bei kitas mokymosi iniciatyvas, skirtas sveikatos prie\u017ei\u016bros specialistams ir pla\u010diajai visuomenei.<\/p>\n\n\n\n<p class=\"has-text-color has-link-color wp-elements-9128c8a7a97d51448fa5f0c35023d4b1\" style=\"color:#221e1e;margin-top:8px;margin-bottom:8px\">Sveikatos prie\u017ei\u016bros specialistams si\u016blomas platus neformaliojo \u0161vietimo program\u0173 spektras, skirtas profesini\u0173 kompetencij\u0173 tobulinimui.<\/p>\n<\/div>\n<\/div>\n<\/div>\n<\/div>\n","protected":false},"excerpt":{"rendered":"<p>Medicinos fakultetas aktyviai prisideda prie visuomen\u0117s \u0161vietimo ir sveikatos ra\u0161tingumo stiprinimo, organizuodamas \u012fvairius renginius, neformaliojo \u0161vietimo programas bei kitas mokymosi iniciatyvas, skirtas sveikatos prie\u017ei\u016bros specialistams ir pla\u010diajai visuomenei. Sveikatos prie\u017ei\u016bros specialistams si\u016blomas&hellip;<\/p>\n","protected":false},"author":1,"featured_media":276538,"parent":0,"menu_order":0,"comment_status":"closed","ping_status":"closed","template":"","meta":{"footnotes":""},"class_list":["post-276213","page","type-page","status-publish","has-post-thumbnail","hentry"],"yoast_head":"<!-- This site is optimized with the Yoast SEO plugin v27.4 - https:\/\/yoast.com\/product\/yoast-seo-wordpress\/ -->\n<title>Visuomenei - Medicinos fakultetas<\/title>\n<meta name=\"robots\" content=\"index, follow, max-snippet:-1, max-image-preview:large, max-video-preview:-1\" \/>\n<link rel=\"canonical\" href=\"https:\/\/kaunokolegija.lt\/mf\/visuomenei\/\" \/>\n<meta property=\"og:locale\" content=\"lt_LT\" \/>\n<meta property=\"og:type\" content=\"article\" \/>\n<meta property=\"og:title\" content=\"Visuomenei - Medicinos fakultetas\" \/>\n<meta property=\"og:description\" content=\"Medicinos fakultetas aktyviai prisideda prie visuomen\u0117s \u0161vietimo ir sveikatos ra\u0161tingumo stiprinimo, organizuodamas \u012fvairius renginius, neformaliojo \u0161vietimo programas bei kitas mokymosi iniciatyvas, skirtas sveikatos prie\u017ei\u016bros specialistams ir pla\u010diajai visuomenei. Sveikatos prie\u017ei\u016bros specialistams si\u016blomas&hellip;\" \/>\n<meta property=\"og:url\" content=\"https:\/\/kaunokolegija.lt\/mf\/visuomenei\/\" \/>\n<meta property=\"og:site_name\" content=\"Medicinos fakultetas\" \/>\n<meta property=\"article:publisher\" content=\"https:\/\/www.facebook.com\/Kauno.kolegija\/\" \/>\n<meta property=\"article:modified_time\" content=\"2026-01-23T11:15:11+00:00\" \/>\n<meta property=\"og:image\" content=\"https:\/\/kaunokolegija.lt\/mf\/wp-content\/uploads\/sites\/15\/2025\/12\/Kauno_kolegija_visuomenei2-scaled.webp\" \/>\n\t<meta property=\"og:image:width\" content=\"2560\" \/>\n\t<meta property=\"og:image:height\" content=\"1707\" \/>\n\t<meta property=\"og:image:type\" content=\"image\/webp\" \/>\n<meta name=\"twitter:card\" content=\"summary_large_image\" \/>\n<script type=\"application\/ld+json\" class=\"yoast-schema-graph\">{\"@context\":\"https:\\\/\\\/schema.org\",\"@graph\":[{\"@type\":\"WebPage\",\"@id\":\"https:\\\/\\\/kaunokolegija.lt\\\/mf\\\/visuomenei\\\/\",\"url\":\"https:\\\/\\\/kaunokolegija.lt\\\/mf\\\/visuomenei\\\/\",\"name\":\"Visuomenei - Medicinos fakultetas\",\"isPartOf\":{\"@id\":\"https:\\\/\\\/kaunokolegija.lt\\\/mf\\\/#website\"},\"primaryImageOfPage\":{\"@id\":\"https:\\\/\\\/kaunokolegija.lt\\\/mf\\\/visuomenei\\\/#primaryimage\"},\"image\":{\"@id\":\"https:\\\/\\\/kaunokolegija.lt\\\/mf\\\/visuomenei\\\/#primaryimage\"},\"thumbnailUrl\":\"https:\\\/\\\/kaunokolegija.lt\\\/mf\\\/wp-content\\\/uploads\\\/sites\\\/15\\\/2025\\\/12\\\/Kauno_kolegija_visuomenei2-scaled.webp\",\"datePublished\":\"2025-09-25T18:05:48+00:00\",\"dateModified\":\"2026-01-23T11:15:11+00:00\",\"breadcrumb\":{\"@id\":\"https:\\\/\\\/kaunokolegija.lt\\\/mf\\\/visuomenei\\\/#breadcrumb\"},\"inLanguage\":\"lt-LT\",\"potentialAction\":[{\"@type\":\"ReadAction\",\"target\":[\"https:\\\/\\\/kaunokolegija.lt\\\/mf\\\/visuomenei\\\/\"]}]},{\"@type\":\"ImageObject\",\"inLanguage\":\"lt-LT\",\"@id\":\"https:\\\/\\\/kaunokolegija.lt\\\/mf\\\/visuomenei\\\/#primaryimage\",\"url\":\"https:\\\/\\\/kaunokolegija.lt\\\/mf\\\/wp-content\\\/uploads\\\/sites\\\/15\\\/2025\\\/12\\\/Kauno_kolegija_visuomenei2-scaled.webp\",\"contentUrl\":\"https:\\\/\\\/kaunokolegija.lt\\\/mf\\\/wp-content\\\/uploads\\\/sites\\\/15\\\/2025\\\/12\\\/Kauno_kolegija_visuomenei2-scaled.webp\",\"width\":2560,\"height\":1707},{\"@type\":\"BreadcrumbList\",\"@id\":\"https:\\\/\\\/kaunokolegija.lt\\\/mf\\\/visuomenei\\\/#breadcrumb\",\"itemListElement\":[{\"@type\":\"ListItem\",\"position\":1,\"name\":\"Home\",\"item\":\"https:\\\/\\\/kaunokolegija.lt\\\/mf\\\/\"},{\"@type\":\"ListItem\",\"position\":2,\"name\":\"Visuomenei\"}]},{\"@type\":\"WebSite\",\"@id\":\"https:\\\/\\\/kaunokolegija.lt\\\/mf\\\/#website\",\"url\":\"https:\\\/\\\/kaunokolegija.lt\\\/mf\\\/\",\"name\":\"Medicinos fakultetas\",\"description\":\"Kauno kolegija\",\"publisher\":{\"@id\":\"https:\\\/\\\/kaunokolegija.lt\\\/mf\\\/#organization\"},\"potentialAction\":[{\"@type\":\"SearchAction\",\"target\":{\"@type\":\"EntryPoint\",\"urlTemplate\":\"https:\\\/\\\/kaunokolegija.lt\\\/mf\\\/?s={search_term_string}\"},\"query-input\":{\"@type\":\"PropertyValueSpecification\",\"valueRequired\":true,\"valueName\":\"search_term_string\"}}],\"inLanguage\":\"lt-LT\"},{\"@type\":\"Organization\",\"@id\":\"https:\\\/\\\/kaunokolegija.lt\\\/mf\\\/#organization\",\"name\":\"Kauno kolegija\",\"url\":\"https:\\\/\\\/kaunokolegija.lt\\\/mf\\\/\",\"logo\":{\"@type\":\"ImageObject\",\"inLanguage\":\"lt-LT\",\"@id\":\"https:\\\/\\\/kaunokolegija.lt\\\/mf\\\/#\\\/schema\\\/logo\\\/image\\\/\",\"url\":\"https:\\\/\\\/kaunokolegija.lt\\\/mf\\\/wp-content\\\/uploads\\\/sites\\\/15\\\/2026\\\/01\\\/cropped-KK_MF_LOGO_COLOR.png\",\"contentUrl\":\"https:\\\/\\\/kaunokolegija.lt\\\/mf\\\/wp-content\\\/uploads\\\/sites\\\/15\\\/2026\\\/01\\\/cropped-KK_MF_LOGO_COLOR.png\",\"width\":2084,\"height\":2084,\"caption\":\"Kauno kolegija\"},\"image\":{\"@id\":\"https:\\\/\\\/kaunokolegija.lt\\\/mf\\\/#\\\/schema\\\/logo\\\/image\\\/\"},\"sameAs\":[\"https:\\\/\\\/www.facebook.com\\\/Kauno.kolegija\\\/\"]}]}<\/script>\n<!-- \/ Yoast SEO plugin. -->","yoast_head_json":{"title":"Visuomenei - Medicinos fakultetas","robots":{"index":"index","follow":"follow","max-snippet":"max-snippet:-1","max-image-preview":"max-image-preview:large","max-video-preview":"max-video-preview:-1"},"canonical":"https:\/\/kaunokolegija.lt\/mf\/visuomenei\/","og_locale":"lt_LT","og_type":"article","og_title":"Visuomenei - Medicinos fakultetas","og_description":"Medicinos fakultetas aktyviai prisideda prie visuomen\u0117s \u0161vietimo ir sveikatos ra\u0161tingumo stiprinimo, organizuodamas \u012fvairius renginius, neformaliojo \u0161vietimo programas bei kitas mokymosi iniciatyvas, skirtas sveikatos prie\u017ei\u016bros specialistams ir pla\u010diajai visuomenei. Sveikatos prie\u017ei\u016bros specialistams si\u016blomas&hellip;","og_url":"https:\/\/kaunokolegija.lt\/mf\/visuomenei\/","og_site_name":"Medicinos fakultetas","article_publisher":"https:\/\/www.facebook.com\/Kauno.kolegija\/","article_modified_time":"2026-01-23T11:15:11+00:00","og_image":[{"width":2560,"height":1707,"url":"https:\/\/kaunokolegija.lt\/mf\/wp-content\/uploads\/sites\/15\/2025\/12\/Kauno_kolegija_visuomenei2-scaled.webp","type":"image\/webp"}],"twitter_card":"summary_large_image","schema":{"@context":"https:\/\/schema.org","@graph":[{"@type":"WebPage","@id":"https:\/\/kaunokolegija.lt\/mf\/visuomenei\/","url":"https:\/\/kaunokolegija.lt\/mf\/visuomenei\/","name":"Visuomenei - Medicinos fakultetas","isPartOf":{"@id":"https:\/\/kaunokolegija.lt\/mf\/#website"},"primaryImageOfPage":{"@id":"https:\/\/kaunokolegija.lt\/mf\/visuomenei\/#primaryimage"},"image":{"@id":"https:\/\/kaunokolegija.lt\/mf\/visuomenei\/#primaryimage"},"thumbnailUrl":"https:\/\/kaunokolegija.lt\/mf\/wp-content\/uploads\/sites\/15\/2025\/12\/Kauno_kolegija_visuomenei2-scaled.webp","datePublished":"2025-09-25T18:05:48+00:00","dateModified":"2026-01-23T11:15:11+00:00","breadcrumb":{"@id":"https:\/\/kaunokolegija.lt\/mf\/visuomenei\/#breadcrumb"},"inLanguage":"lt-LT","potentialAction":[{"@type":"ReadAction","target":["https:\/\/kaunokolegija.lt\/mf\/visuomenei\/"]}]},{"@type":"ImageObject","inLanguage":"lt-LT","@id":"https:\/\/kaunokolegija.lt\/mf\/visuomenei\/#primaryimage","url":"https:\/\/kaunokolegija.lt\/mf\/wp-content\/uploads\/sites\/15\/2025\/12\/Kauno_kolegija_visuomenei2-scaled.webp","contentUrl":"https:\/\/kaunokolegija.lt\/mf\/wp-content\/uploads\/sites\/15\/2025\/12\/Kauno_kolegija_visuomenei2-scaled.webp","width":2560,"height":1707},{"@type":"BreadcrumbList","@id":"https:\/\/kaunokolegija.lt\/mf\/visuomenei\/#breadcrumb","itemListElement":[{"@type":"ListItem","position":1,"name":"Home","item":"https:\/\/kaunokolegija.lt\/mf\/"},{"@type":"ListItem","position":2,"name":"Visuomenei"}]},{"@type":"WebSite","@id":"https:\/\/kaunokolegija.lt\/mf\/#website","url":"https:\/\/kaunokolegija.lt\/mf\/","name":"Medicinos fakultetas","description":"Kauno kolegija","publisher":{"@id":"https:\/\/kaunokolegija.lt\/mf\/#organization"},"potentialAction":[{"@type":"SearchAction","target":{"@type":"EntryPoint","urlTemplate":"https:\/\/kaunokolegija.lt\/mf\/?s={search_term_string}"},"query-input":{"@type":"PropertyValueSpecification","valueRequired":true,"valueName":"search_term_string"}}],"inLanguage":"lt-LT"},{"@type":"Organization","@id":"https:\/\/kaunokolegija.lt\/mf\/#organization","name":"Kauno kolegija","url":"https:\/\/kaunokolegija.lt\/mf\/","logo":{"@type":"ImageObject","inLanguage":"lt-LT","@id":"https:\/\/kaunokolegija.lt\/mf\/#\/schema\/logo\/image\/","url":"https:\/\/kaunokolegija.lt\/mf\/wp-content\/uploads\/sites\/15\/2026\/01\/cropped-KK_MF_LOGO_COLOR.png","contentUrl":"https:\/\/kaunokolegija.lt\/mf\/wp-content\/uploads\/sites\/15\/2026\/01\/cropped-KK_MF_LOGO_COLOR.png","width":2084,"height":2084,"caption":"Kauno kolegija"},"image":{"@id":"https:\/\/kaunokolegija.lt\/mf\/#\/schema\/logo\/image\/"},"sameAs":["https:\/\/www.facebook.com\/Kauno.kolegija\/"]}]}},"_links":{"self":[{"href":"https:\/\/kaunokolegija.lt\/mf\/wp-json\/wp\/v2\/pages\/276213","targetHints":{"allow":["GET"]}}],"collection":[{"href":"https:\/\/kaunokolegija.lt\/mf\/wp-json\/wp\/v2\/pages"}],"about":[{"href":"https:\/\/kaunokolegija.lt\/mf\/wp-json\/wp\/v2\/types\/page"}],"author":[{"embeddable":true,"href":"https:\/\/kaunokolegija.lt\/mf\/wp-json\/wp\/v2\/users\/1"}],"replies":[{"embeddable":true,"href":"https:\/\/kaunokolegija.lt\/mf\/wp-json\/wp\/v2\/comments?post=276213"}],"version-history":[{"count":4,"href":"https:\/\/kaunokolegija.lt\/mf\/wp-json\/wp\/v2\/pages\/276213\/revisions"}],"predecessor-version":[{"id":276573,"href":"https:\/\/kaunokolegija.lt\/mf\/wp-json\/wp\/v2\/pages\/276213\/revisions\/276573"}],"wp:featuredmedia":[{"embeddable":true,"href":"https:\/\/kaunokolegija.lt\/mf\/wp-json\/wp\/v2\/media\/276538"}],"wp:attachment":[{"href":"https:\/\/kaunokolegija.lt\/mf\/wp-json\/wp\/v2\/media?parent=276213"}],"curies":[{"name":"wp","href":"https:\/\/api.w.org\/{rel}","templated":true}]}}