{"id":276205,"date":"2025-09-25T18:02:36","date_gmt":"2025-09-25T18:02:36","guid":{"rendered":"https:\/\/royalpeacock.agency\/kk\/mf1\/?page_id=276205"},"modified":"2026-04-21T10:04:11","modified_gmt":"2026-04-21T08:04:11","slug":"studentu-tiriamuju-darbu-konferencija","status":"publish","type":"page","link":"https:\/\/kaunokolegija.lt\/mf\/studentu-tiriamuju-darbu-konferencija\/","title":{"rendered":"Student\u0173 tiriam\u0173j\u0173 darb\u0173 konferencija"},"content":{"rendered":"\n<div class=\"wp-block-columns top-p is-layout-flex wp-container-core-columns-is-layout-e8d40639 wp-block-columns-is-layout-flex\" style=\"padding-top:var(--wp--preset--spacing--s);padding-bottom:var(--wp--preset--spacing--s)\">\n<div class=\"wp-block-column has-global-padding is-layout-constrained wp-container-core-column-is-layout-d0f22c05 wp-block-column-is-layout-constrained\">\n<div class=\"wp-block-columns abcd has-background is-layout-flex wp-container-core-columns-is-layout-28f84493 wp-block-columns-is-layout-flex\" style=\"background-color:#f9f9f9\">\n<div class=\"wp-block-column is-layout-flow wp-block-column-is-layout-flow\" style=\"padding-top:0;padding-right:0;padding-bottom:0;padding-left:0\">\n<p>Kauno kolegijos Medicinos fakulteto student\u0173 tiriam\u0173j\u0173 darb\u0173 konferencija organizuojama nuo 1983 met\u0173. \u0160is renginys kasmet suburia studentus i\u0161 \u012fvairi\u0173 Lietuvos auk\u0161t\u0173j\u0173 mokykl\u0173, suteikdamas jiems galimyb\u0119 pristatyti savo tyrimus, dalintis patirtimi, u\u017emegzti akademinius kontaktus.<\/p>\n\n\n\n<p>Pastaraisiais metais konferencija \u012fgavo tarptautin\u012f pob\u016bd\u012f, pritraukdama dalyvius i\u0161 u\u017esienio \u0161ali\u0173. Prane\u0161imus konferencijoje taip pat pristatyti kvie\u010diami pagal \u201eErasmus+\u201c program\u0105 atvyk\u0119 u\u017esienio studentai. Tokiu b\u016bdu skatinamas kult\u016br\u0173 dialogas ir tarptautinis bendradarbiavimas.<\/p>\n\n\n\n<p>Jau kelet\u0105 met\u0173 leid\u017eiamas prane\u0161im\u0173 pagrindu parengt\u0173 straipsni\u0173 leidinys, kuris prisideda prie jaun\u0173j\u0173 tyr\u0117j\u0173 akademin\u0117s brandos, skatina j\u0173 \u012fsitraukim\u0105 \u012f tyrimines veiklas.<\/p>\n\n\n\n<p><strong>Konferencijos tematin\u0117s kryptys:<\/strong><\/p>\n\n\n\n<ul class=\"wp-block-list\">\n<li>Fizin\u0117s ir emocin\u0117s sveikatos gerinimas<\/li>\n\n\n\n<li>Sveikatos prie\u017ei\u016bros specialistai: veikla, atsakomyb\u0117s ir kompetencijos<\/li>\n\n\n\n<li>Sveikatinimo paslaugos<\/li>\n\n\n\n<li>Biomedicinos moksl\u0173 inovatyvios technologijos<\/li>\n\n\n\n<li>Gyventoj\u0173 sveikatos ra\u0161tingumas<\/li>\n<\/ul>\n<\/div>\n<\/div>\n<\/div>\n<\/div>\n\n\n\n<hr class=\"wp-block-separator has-alpha-channel-opacity\" \/>\n\n\n\n<h2 class=\"wp-block-heading has-text-align-center has-l-font-size\" style=\"text-transform:uppercase\">Student\u0173 tiriam\u0173j\u0173 darb\u0173 konferencija \u201eMOKSLAS IR STUDIJOS: 2026\u201c<\/h2>\n\n\n\n<h3 class=\"wp-block-heading has-text-align-center has-m-font-size\" style=\"text-transform:uppercase\">Konferencija vyks 2026 m. baland\u017eio 21 d.<\/h3>\n\n\n\n<div class=\"wp-block-buttons is-content-justification-center is-layout-flex wp-container-core-buttons-is-layout-a89b3969 wp-block-buttons-is-layout-flex\">\n<div class=\"wp-block-button\"><a class=\"wp-block-button__link has-base-background-color has-text-color has-background has-link-color wp-element-button\" href=\"https:\/\/kaunokolegija.lt\/mf\/wp-content\/uploads\/sites\/15\/2026\/04\/MF-stud-konferencijos-programa-2026.pdf\" style=\"color:#399e97\" target=\"_blank\" rel=\"noreferrer noopener\">Konferencijos programa<\/a><\/div>\n<\/div>\n\n\n\n<div class=\"wp-block-columns top-p is-layout-flex wp-container-core-columns-is-layout-28f84493 wp-block-columns-is-layout-flex\">\n<div class=\"wp-block-column has-global-padding is-layout-constrained wp-container-core-column-is-layout-d0f22c05 wp-block-column-is-layout-constrained\">\n<div class=\"wp-block-columns abcd has-background is-layout-flex wp-container-core-columns-is-layout-28f84493 wp-block-columns-is-layout-flex\" style=\"background-color:#f9f9f9\">\n<div class=\"wp-block-column is-layout-flow wp-block-column-is-layout-flow\" style=\"padding-top:0;padding-right:0;padding-bottom:0;padding-left:0\">\n<div class=\"wp-block-esab-accordion esab-1o4x9bxe\" data-mode=\"global\"><div class=\"esab__container\">\n<div class=\"wp-block-esab-accordion-child\"><div class=\"esab__head\" role=\"button\" aria-expanded=\"false\"><div class=\"esab__heading_txt\"><p class=\"esab__heading_tag\"><strong>Reikalavimai prane\u0161imams<\/strong><\/p><\/div><div class=\"esab__icon\"><div class=\"esab__collapse\">  <\/div><div class=\"esab__expand\">  <\/div><\/div><\/div><div class=\"esab__body\">\n<p><strong>Konferencijos kalba:<\/strong>&nbsp;lietuvi\u0173 kalba<\/p>\n\n\n\n<p>Prane\u0161imai, atsi\u017evelgiant \u012f konferencijos tematines kryptis, bus skirstomi \u012f&nbsp; sekcijas. <\/p>\n\n\n\n<p>Prane\u0161imus sekcijose skaitys asmuo iki nustatytos datos u\u017esiregistrav\u0119s \u012f konferencij\u0105. <\/p>\n\n\n\n<p>Pristatymui skiriama: 10 min.<\/p>\n<\/div><\/div>\n\n\n\n<div class=\"wp-block-esab-accordion-child\"><div class=\"esab__head\" role=\"button\" aria-expanded=\"false\"><div class=\"esab__heading_txt\"><p class=\"esab__heading_tag\"><strong>Reikalavimai straipsni\u0173 publikavimui <\/strong><\/p><\/div><div class=\"esab__icon\"><div class=\"esab__collapse\">  <\/div><div class=\"esab__expand\">  <\/div><\/div><\/div><div class=\"esab__body\">\n<p>Straipsniai kartu su pasira\u0161ytais dokumentais e-leidiniui pateikiami iki&nbsp;<strong>2026 m. gegu\u017e\u0117s 30 d.<\/strong>&nbsp;(si\u0173sti el.&nbsp;pa\u0161tu&nbsp;<a href=\"mailto:studentukonferencija@go.kauko.lt\">studentukonferencija@go.kauko.lt<\/a>&nbsp;)<\/p>\n\n\n\n<p><a href=\"https:\/\/docs.google.com\/document\/d\/1-YHIpw9SR0eT-DEuft1_GRKsFFfAuqF9\/edit?usp=sharing&amp;ouid=105156553611370913335&amp;rtpof=true&amp;sd=true\" id=\"https:\/\/docs.google.com\/document\/d\/1-YHIpw9SR0eT-DEuft1_GRKsFFfAuqF9\/edit?usp=sharing&amp;ouid=105156553611370913335&amp;rtpof=true&amp;sd=true\" target=\"_blank\" rel=\"noreferrer noopener\">Reikalavimai straipsniams<\/a><\/p>\n\n\n\n<p><a href=\"https:\/\/docs.google.com\/document\/d\/15wWCTMROie5IFB05AhPkK2Fz_zxxaphZ\/edit?usp=sharing&amp;ouid=105156553611370913335&amp;rtpof=true&amp;sd=true\" id=\"https:\/\/docs.google.com\/document\/d\/15wWCTMROie5IFB05AhPkK2Fz_zxxaphZ\/edit?usp=sharing&amp;ouid=105156553611370913335&amp;rtpof=true&amp;sd=true\" target=\"_blank\" rel=\"noreferrer noopener\">Autoriaus (-i\u0173) garantinis ra\u0161tas<\/a><\/p>\n<\/div><\/div>\n\n\n\n<div class=\"wp-block-esab-accordion-child\"><div class=\"esab__head\" role=\"button\" aria-expanded=\"false\"><div class=\"esab__heading_txt\"><p class=\"esab__heading_tag\"><strong>Registracija<\/strong><\/p><\/div><div class=\"esab__icon\"><div class=\"esab__collapse\">  <\/div><div class=\"esab__expand\">  <\/div><\/div><\/div><div class=\"esab__body\">\n<p>Prane\u0161\u0117j\u0173&nbsp;<strong>registracija vyksta iki 2026 m. kovo 20 d.&nbsp;<\/strong><\/p>\n\n\n\n<p>Registracijos form\u0105 rasite&nbsp;<a href=\"https:\/\/docs.google.com\/forms\/d\/e\/1FAIpQLSdPSZN_Va7LcTECEuTDdschc71GgcncvFwmfiZ_qyeIhM6OkA\/viewform\" target=\"_blank\" rel=\"noreferrer noopener\">\u010dia<\/a>.<\/p>\n\n\n\n<p>Konferencijos prane\u0161\u0117jams bus i\u0161duodami&nbsp;<strong>elektroniniai pa\u017eym\u0117jimai&nbsp;<\/strong><em>(i\u0161siun\u010diami registracijos metu pateiktu el. pa\u0161tu).<\/em><\/p>\n<\/div><\/div>\n\n\n\n<div class=\"wp-block-esab-accordion-child\"><div class=\"esab__head\" role=\"button\" aria-expanded=\"false\"><div class=\"esab__heading_txt\"><p class=\"esab__heading_tag\"><strong>Svarbiausios datos<\/strong><\/p><\/div><div class=\"esab__icon\"><div class=\"esab__collapse\">  <\/div><div class=\"esab__expand\">  <\/div><\/div><\/div><div class=\"esab__body\">\n<p>Prane\u0161\u0117j\u0173&nbsp;<strong>registracija iki 2026 m. kovo 20 d.<\/strong>&nbsp;<\/p>\n\n\n\n<p>Registracijos form\u0105 rasite&nbsp;<a href=\"https:\/\/docs.google.com\/forms\/d\/e\/1FAIpQLSdPSZN_Va7LcTECEuTDdschc71GgcncvFwmfiZ_qyeIhM6OkA\/viewform\" id=\"https:\/\/docs.google.com\/forms\/d\/e\/1FAIpQLSdPSZN_Va7LcTECEuTDdschc71GgcncvFwmfiZ_qyeIhM6OkA\/viewform\" target=\"_blank\" rel=\"noreferrer noopener\">\u010dia.<\/a><\/p>\n\n\n\n<p>Straipsniai kartu su pasira\u0161ytais dokumentais e-leidiniui pateikiami iki&nbsp;<strong>2026 m. gegu\u017e\u0117s 30 d.<\/strong>&nbsp;(si\u0173sti el. pa\u0161tu&nbsp;<a href=\"mailto:studentukonferencija@go.kauko.lt\">studentukonferencija@go.kauko.lt<\/a>).<\/p>\n\n\n\n<p>Konferencijos programa skelbiama <strong>baland\u017eio 7 d.<\/strong><\/p>\n<\/div><\/div>\n\n\n\n<div class=\"wp-block-esab-accordion-child\"><div class=\"esab__head\" role=\"button\" aria-expanded=\"false\"><div class=\"esab__heading_txt\"><p class=\"esab__heading_tag\"><strong>Kontaktai<\/strong><\/p><\/div><div class=\"esab__icon\"><div class=\"esab__collapse\">  <\/div><div class=\"esab__expand\">  <\/div><\/div><\/div><div class=\"esab__body\">\n<p>D\u0117l papildomos informacijos kreiptis el. pa\u0161tu:&nbsp;<a href=\"mailto:studentukonferencija@go.kauko.lt\">studentukonferencija@go.kauko.lt<\/a><\/p>\n<\/div><\/div>\n\n\n\n<div class=\"wp-block-esab-accordion-child\"><div class=\"esab__head\" role=\"button\" aria-expanded=\"false\"><div class=\"esab__heading_txt\"><p class=\"esab__heading_tag\"><strong>Mokslinis komitetas<\/strong><\/p><\/div><div class=\"esab__icon\"><div class=\"esab__collapse\">  <\/div><div class=\"esab__expand\">  <\/div><\/div><\/div><div class=\"esab__body\">\n<p>dr. Giedr\u0117 Jarien\u0117, Medicinos fakulteto prodekan\u0117 mokslui;<\/p>\n\n\n\n<p>dr. Lijana Navickien\u0117, Medicinos fakulteto prodekan\u0117 studijoms;<\/p>\n\n\n\n<p>dr. Daiva Baltaduonien\u0117, Medicinos fakulteto Reabilitacijos katedros asistent\u0117;<\/p>\n\n\n\n<p>dr. Vaiva Bal\u010di\u016bnien\u0117, Medicinos fakulteto Medicinos technologij\u0173 ir dietetikos katedros vyr. lektor\u0117;<\/p>\n\n\n\n<p>dr. Vaidas Jotautis, Medicinos fakulteto Slaugos katedros docentas;<\/p>\n\n\n\n<p>dr. Yvonne Buunk-Werkhoven, Medicinos fakulteto Burnos sveikatos katedros docent\u0117;<\/p>\n\n\n\n<p>dr. Rasa Tamulien\u0117, Medicinos fakulteto Burnos sveikatos katedros vyr. lektor\u0117;<\/p>\n\n\n\n<p>dr. Laura \u017dlibinait\u0117 Medicinos fakulteto Reabilitacijos katedros lektor\u0117;<\/p>\n\n\n\n<p>dr. Rasa Volskien\u0117, Medicinos fakulteto Medicinos technologij\u0173 ir dietetikos katedros vyr. lektor\u0117;<\/p>\n\n\n\n<p>Dr. Au\u0161ra Adom\u0117nien\u0117, Medicinos fakulteto Kosmetologijos katedros lektor\u0117.<\/p>\n<\/div><\/div>\n\n\n\n<div class=\"wp-block-esab-accordion-child\"><div class=\"esab__head\" role=\"button\" aria-expanded=\"false\"><div class=\"esab__heading_txt\"><p class=\"esab__heading_tag\"><strong>Organizacinis komitetas<\/strong><\/p><\/div><div class=\"esab__icon\"><div class=\"esab__collapse\">  <\/div><div class=\"esab__expand\">  <\/div><\/div><\/div><div class=\"esab__body\">\n<p>dr. Lijana Navickien\u0117, Medicinos fakulteto prodekan\u0117 studijoms;<\/p>\n\n\n\n<p>Danguol\u0117 Mielda\u017eien\u0117, Medicinos fakulteto studij\u0173 ved\u0117ja;<\/p>\n\n\n\n<p>Dalia Kiverien\u0117, Medicinos fakulteto lektor\u0117;<\/p>\n\n\n\n<p>Saulen\u0117 Piragyt\u0117, Medicinos fakulteto MK-3\/2 gr. student\u0117;<\/p>\n\n\n\n<p>Inesa Skridulyt\u0117, Medicinos fakulteto MK-3\/2 gr. student\u0117;<\/p>\n\n\n\n<p>Neda Davidonyt\u0117, Medicinos fakulteto MK-3\/2 gr. student\u0117;<\/p>\n\n\n\n<p>Sandra Sudeikyt\u0117, Medicinos fakulteto MK-3\/2 gr. student\u0117;<\/p>\n\n\n\n<p>Egl\u0117 \u017dabarauskait\u0117, Medicinos fakulteto MK-3\/2 gr. student\u0117;<\/p>\n\n\n\n<p>Laura Vitunskait\u0117, Medicinos fakulteto MK-3\/2 gr. student\u0117;<\/p>\n\n\n\n<p>Loreta Jur\u0161\u0117nait\u0117, Medicinos fakulteto BPS-3\/1 gr. student\u0117;<\/p>\n\n\n\n<p>\u017daneta Hanta, Medicinos fakulteto DE-4 gr. student\u0117;<\/p>\n\n\n\n<p>Greta Liutkevi\u010di\u016bt\u0117, Medicinos fakulteto KN-4\/2 gr. student\u0117.<\/p>\n<\/div><\/div>\n<\/div><\/div>\n<\/div>\n<\/div>\n<\/div>\n<\/div>\n\n\n\n<p><\/p>\n","protected":false},"excerpt":{"rendered":"<p>Kauno kolegijos Medicinos fakulteto student\u0173 tiriam\u0173j\u0173 darb\u0173 konferencija organizuojama nuo 1983 met\u0173. \u0160is renginys kasmet suburia studentus i\u0161 \u012fvairi\u0173 Lietuvos auk\u0161t\u0173j\u0173 mokykl\u0173, suteikdamas jiems galimyb\u0119 pristatyti savo tyrimus, dalintis patirtimi, u\u017emegzti akademinius&hellip;<\/p>\n","protected":false},"author":1,"featured_media":276529,"parent":0,"menu_order":0,"comment_status":"closed","ping_status":"closed","template":"","meta":{"footnotes":""},"class_list":["post-276205","page","type-page","status-publish","has-post-thumbnail","hentry"],"yoast_head":"<!-- This site is optimized with the Yoast SEO plugin v27.4 - https:\/\/yoast.com\/product\/yoast-seo-wordpress\/ -->\n<title>Student\u0173 tiriam\u0173j\u0173 darb\u0173 konferencija - Medicinos fakultetas<\/title>\n<meta name=\"robots\" content=\"index, follow, max-snippet:-1, max-image-preview:large, max-video-preview:-1\" \/>\n<link rel=\"canonical\" href=\"https:\/\/kaunokolegija.lt\/mf\/studentu-tiriamuju-darbu-konferencija\/\" \/>\n<meta property=\"og:locale\" content=\"lt_LT\" \/>\n<meta property=\"og:type\" content=\"article\" \/>\n<meta property=\"og:title\" content=\"Student\u0173 tiriam\u0173j\u0173 darb\u0173 konferencija - Medicinos fakultetas\" \/>\n<meta property=\"og:description\" content=\"Kauno kolegijos Medicinos fakulteto student\u0173 tiriam\u0173j\u0173 darb\u0173 konferencija organizuojama nuo 1983 met\u0173. \u0160is renginys kasmet suburia studentus i\u0161 \u012fvairi\u0173 Lietuvos auk\u0161t\u0173j\u0173 mokykl\u0173, suteikdamas jiems galimyb\u0119 pristatyti savo tyrimus, dalintis patirtimi, u\u017emegzti akademinius&hellip;\" \/>\n<meta property=\"og:url\" content=\"https:\/\/kaunokolegija.lt\/mf\/studentu-tiriamuju-darbu-konferencija\/\" \/>\n<meta property=\"og:site_name\" content=\"Medicinos fakultetas\" \/>\n<meta property=\"article:publisher\" content=\"https:\/\/www.facebook.com\/Kauno.kolegija\/\" \/>\n<meta property=\"article:modified_time\" content=\"2026-04-21T08:04:11+00:00\" \/>\n<meta property=\"og:image\" content=\"https:\/\/kaunokolegija.lt\/mf\/wp-content\/uploads\/sites\/15\/2025\/12\/Kauno_kolegija_konferencija-scaled.webp\" \/>\n\t<meta property=\"og:image:width\" content=\"2560\" \/>\n\t<meta property=\"og:image:height\" content=\"1707\" \/>\n\t<meta property=\"og:image:type\" content=\"image\/webp\" \/>\n<meta name=\"twitter:card\" content=\"summary_large_image\" \/>\n<meta name=\"twitter:label1\" content=\"Est. reading time\" \/>\n\t<meta name=\"twitter:data1\" content=\"3 minut\u0117s\" \/>\n<script type=\"application\/ld+json\" class=\"yoast-schema-graph\">{\"@context\":\"https:\\\/\\\/schema.org\",\"@graph\":[{\"@type\":\"WebPage\",\"@id\":\"https:\\\/\\\/kaunokolegija.lt\\\/mf\\\/studentu-tiriamuju-darbu-konferencija\\\/\",\"url\":\"https:\\\/\\\/kaunokolegija.lt\\\/mf\\\/studentu-tiriamuju-darbu-konferencija\\\/\",\"name\":\"Student\u0173 tiriam\u0173j\u0173 darb\u0173 konferencija - Medicinos fakultetas\",\"isPartOf\":{\"@id\":\"https:\\\/\\\/kaunokolegija.lt\\\/mf\\\/#website\"},\"primaryImageOfPage\":{\"@id\":\"https:\\\/\\\/kaunokolegija.lt\\\/mf\\\/studentu-tiriamuju-darbu-konferencija\\\/#primaryimage\"},\"image\":{\"@id\":\"https:\\\/\\\/kaunokolegija.lt\\\/mf\\\/studentu-tiriamuju-darbu-konferencija\\\/#primaryimage\"},\"thumbnailUrl\":\"https:\\\/\\\/kaunokolegija.lt\\\/mf\\\/wp-content\\\/uploads\\\/sites\\\/15\\\/2025\\\/12\\\/Kauno_kolegija_konferencija-scaled.webp\",\"datePublished\":\"2025-09-25T18:02:36+00:00\",\"dateModified\":\"2026-04-21T08:04:11+00:00\",\"breadcrumb\":{\"@id\":\"https:\\\/\\\/kaunokolegija.lt\\\/mf\\\/studentu-tiriamuju-darbu-konferencija\\\/#breadcrumb\"},\"inLanguage\":\"lt-LT\",\"potentialAction\":[{\"@type\":\"ReadAction\",\"target\":[\"https:\\\/\\\/kaunokolegija.lt\\\/mf\\\/studentu-tiriamuju-darbu-konferencija\\\/\"]}]},{\"@type\":\"ImageObject\",\"inLanguage\":\"lt-LT\",\"@id\":\"https:\\\/\\\/kaunokolegija.lt\\\/mf\\\/studentu-tiriamuju-darbu-konferencija\\\/#primaryimage\",\"url\":\"https:\\\/\\\/kaunokolegija.lt\\\/mf\\\/wp-content\\\/uploads\\\/sites\\\/15\\\/2025\\\/12\\\/Kauno_kolegija_konferencija-scaled.webp\",\"contentUrl\":\"https:\\\/\\\/kaunokolegija.lt\\\/mf\\\/wp-content\\\/uploads\\\/sites\\\/15\\\/2025\\\/12\\\/Kauno_kolegija_konferencija-scaled.webp\",\"width\":2560,\"height\":1707},{\"@type\":\"BreadcrumbList\",\"@id\":\"https:\\\/\\\/kaunokolegija.lt\\\/mf\\\/studentu-tiriamuju-darbu-konferencija\\\/#breadcrumb\",\"itemListElement\":[{\"@type\":\"ListItem\",\"position\":1,\"name\":\"Home\",\"item\":\"https:\\\/\\\/kaunokolegija.lt\\\/mf\\\/\"},{\"@type\":\"ListItem\",\"position\":2,\"name\":\"Student\u0173 tiriam\u0173j\u0173 darb\u0173 konferencija\"}]},{\"@type\":\"WebSite\",\"@id\":\"https:\\\/\\\/kaunokolegija.lt\\\/mf\\\/#website\",\"url\":\"https:\\\/\\\/kaunokolegija.lt\\\/mf\\\/\",\"name\":\"Medicinos fakultetas\",\"description\":\"Kauno kolegija\",\"publisher\":{\"@id\":\"https:\\\/\\\/kaunokolegija.lt\\\/mf\\\/#organization\"},\"potentialAction\":[{\"@type\":\"SearchAction\",\"target\":{\"@type\":\"EntryPoint\",\"urlTemplate\":\"https:\\\/\\\/kaunokolegija.lt\\\/mf\\\/?s={search_term_string}\"},\"query-input\":{\"@type\":\"PropertyValueSpecification\",\"valueRequired\":true,\"valueName\":\"search_term_string\"}}],\"inLanguage\":\"lt-LT\"},{\"@type\":\"Organization\",\"@id\":\"https:\\\/\\\/kaunokolegija.lt\\\/mf\\\/#organization\",\"name\":\"Kauno kolegija\",\"url\":\"https:\\\/\\\/kaunokolegija.lt\\\/mf\\\/\",\"logo\":{\"@type\":\"ImageObject\",\"inLanguage\":\"lt-LT\",\"@id\":\"https:\\\/\\\/kaunokolegija.lt\\\/mf\\\/#\\\/schema\\\/logo\\\/image\\\/\",\"url\":\"https:\\\/\\\/kaunokolegija.lt\\\/mf\\\/wp-content\\\/uploads\\\/sites\\\/15\\\/2026\\\/01\\\/cropped-KK_MF_LOGO_COLOR.png\",\"contentUrl\":\"https:\\\/\\\/kaunokolegija.lt\\\/mf\\\/wp-content\\\/uploads\\\/sites\\\/15\\\/2026\\\/01\\\/cropped-KK_MF_LOGO_COLOR.png\",\"width\":2084,\"height\":2084,\"caption\":\"Kauno kolegija\"},\"image\":{\"@id\":\"https:\\\/\\\/kaunokolegija.lt\\\/mf\\\/#\\\/schema\\\/logo\\\/image\\\/\"},\"sameAs\":[\"https:\\\/\\\/www.facebook.com\\\/Kauno.kolegija\\\/\"]}]}<\/script>\n<!-- \/ Yoast SEO plugin. -->","yoast_head_json":{"title":"Student\u0173 tiriam\u0173j\u0173 darb\u0173 konferencija - Medicinos fakultetas","robots":{"index":"index","follow":"follow","max-snippet":"max-snippet:-1","max-image-preview":"max-image-preview:large","max-video-preview":"max-video-preview:-1"},"canonical":"https:\/\/kaunokolegija.lt\/mf\/studentu-tiriamuju-darbu-konferencija\/","og_locale":"lt_LT","og_type":"article","og_title":"Student\u0173 tiriam\u0173j\u0173 darb\u0173 konferencija - Medicinos fakultetas","og_description":"Kauno kolegijos Medicinos fakulteto student\u0173 tiriam\u0173j\u0173 darb\u0173 konferencija organizuojama nuo 1983 met\u0173. \u0160is renginys kasmet suburia studentus i\u0161 \u012fvairi\u0173 Lietuvos auk\u0161t\u0173j\u0173 mokykl\u0173, suteikdamas jiems galimyb\u0119 pristatyti savo tyrimus, dalintis patirtimi, u\u017emegzti akademinius&hellip;","og_url":"https:\/\/kaunokolegija.lt\/mf\/studentu-tiriamuju-darbu-konferencija\/","og_site_name":"Medicinos fakultetas","article_publisher":"https:\/\/www.facebook.com\/Kauno.kolegija\/","article_modified_time":"2026-04-21T08:04:11+00:00","og_image":[{"width":2560,"height":1707,"url":"https:\/\/kaunokolegija.lt\/mf\/wp-content\/uploads\/sites\/15\/2025\/12\/Kauno_kolegija_konferencija-scaled.webp","type":"image\/webp"}],"twitter_card":"summary_large_image","twitter_misc":{"Est. reading time":"3 minut\u0117s"},"schema":{"@context":"https:\/\/schema.org","@graph":[{"@type":"WebPage","@id":"https:\/\/kaunokolegija.lt\/mf\/studentu-tiriamuju-darbu-konferencija\/","url":"https:\/\/kaunokolegija.lt\/mf\/studentu-tiriamuju-darbu-konferencija\/","name":"Student\u0173 tiriam\u0173j\u0173 darb\u0173 konferencija - Medicinos fakultetas","isPartOf":{"@id":"https:\/\/kaunokolegija.lt\/mf\/#website"},"primaryImageOfPage":{"@id":"https:\/\/kaunokolegija.lt\/mf\/studentu-tiriamuju-darbu-konferencija\/#primaryimage"},"image":{"@id":"https:\/\/kaunokolegija.lt\/mf\/studentu-tiriamuju-darbu-konferencija\/#primaryimage"},"thumbnailUrl":"https:\/\/kaunokolegija.lt\/mf\/wp-content\/uploads\/sites\/15\/2025\/12\/Kauno_kolegija_konferencija-scaled.webp","datePublished":"2025-09-25T18:02:36+00:00","dateModified":"2026-04-21T08:04:11+00:00","breadcrumb":{"@id":"https:\/\/kaunokolegija.lt\/mf\/studentu-tiriamuju-darbu-konferencija\/#breadcrumb"},"inLanguage":"lt-LT","potentialAction":[{"@type":"ReadAction","target":["https:\/\/kaunokolegija.lt\/mf\/studentu-tiriamuju-darbu-konferencija\/"]}]},{"@type":"ImageObject","inLanguage":"lt-LT","@id":"https:\/\/kaunokolegija.lt\/mf\/studentu-tiriamuju-darbu-konferencija\/#primaryimage","url":"https:\/\/kaunokolegija.lt\/mf\/wp-content\/uploads\/sites\/15\/2025\/12\/Kauno_kolegija_konferencija-scaled.webp","contentUrl":"https:\/\/kaunokolegija.lt\/mf\/wp-content\/uploads\/sites\/15\/2025\/12\/Kauno_kolegija_konferencija-scaled.webp","width":2560,"height":1707},{"@type":"BreadcrumbList","@id":"https:\/\/kaunokolegija.lt\/mf\/studentu-tiriamuju-darbu-konferencija\/#breadcrumb","itemListElement":[{"@type":"ListItem","position":1,"name":"Home","item":"https:\/\/kaunokolegija.lt\/mf\/"},{"@type":"ListItem","position":2,"name":"Student\u0173 tiriam\u0173j\u0173 darb\u0173 konferencija"}]},{"@type":"WebSite","@id":"https:\/\/kaunokolegija.lt\/mf\/#website","url":"https:\/\/kaunokolegija.lt\/mf\/","name":"Medicinos fakultetas","description":"Kauno kolegija","publisher":{"@id":"https:\/\/kaunokolegija.lt\/mf\/#organization"},"potentialAction":[{"@type":"SearchAction","target":{"@type":"EntryPoint","urlTemplate":"https:\/\/kaunokolegija.lt\/mf\/?s={search_term_string}"},"query-input":{"@type":"PropertyValueSpecification","valueRequired":true,"valueName":"search_term_string"}}],"inLanguage":"lt-LT"},{"@type":"Organization","@id":"https:\/\/kaunokolegija.lt\/mf\/#organization","name":"Kauno kolegija","url":"https:\/\/kaunokolegija.lt\/mf\/","logo":{"@type":"ImageObject","inLanguage":"lt-LT","@id":"https:\/\/kaunokolegija.lt\/mf\/#\/schema\/logo\/image\/","url":"https:\/\/kaunokolegija.lt\/mf\/wp-content\/uploads\/sites\/15\/2026\/01\/cropped-KK_MF_LOGO_COLOR.png","contentUrl":"https:\/\/kaunokolegija.lt\/mf\/wp-content\/uploads\/sites\/15\/2026\/01\/cropped-KK_MF_LOGO_COLOR.png","width":2084,"height":2084,"caption":"Kauno kolegija"},"image":{"@id":"https:\/\/kaunokolegija.lt\/mf\/#\/schema\/logo\/image\/"},"sameAs":["https:\/\/www.facebook.com\/Kauno.kolegija\/"]}]}},"_links":{"self":[{"href":"https:\/\/kaunokolegija.lt\/mf\/wp-json\/wp\/v2\/pages\/276205","targetHints":{"allow":["GET"]}}],"collection":[{"href":"https:\/\/kaunokolegija.lt\/mf\/wp-json\/wp\/v2\/pages"}],"about":[{"href":"https:\/\/kaunokolegija.lt\/mf\/wp-json\/wp\/v2\/types\/page"}],"author":[{"embeddable":true,"href":"https:\/\/kaunokolegija.lt\/mf\/wp-json\/wp\/v2\/users\/1"}],"replies":[{"embeddable":true,"href":"https:\/\/kaunokolegija.lt\/mf\/wp-json\/wp\/v2\/comments?post=276205"}],"version-history":[{"count":10,"href":"https:\/\/kaunokolegija.lt\/mf\/wp-json\/wp\/v2\/pages\/276205\/revisions"}],"predecessor-version":[{"id":279534,"href":"https:\/\/kaunokolegija.lt\/mf\/wp-json\/wp\/v2\/pages\/276205\/revisions\/279534"}],"wp:featuredmedia":[{"embeddable":true,"href":"https:\/\/kaunokolegija.lt\/mf\/wp-json\/wp\/v2\/media\/276529"}],"wp:attachment":[{"href":"https:\/\/kaunokolegija.lt\/mf\/wp-json\/wp\/v2\/media?parent=276205"}],"curies":[{"name":"wp","href":"https:\/\/api.w.org\/{rel}","templated":true}]}}