{"id":276203,"date":"2025-09-25T18:02:17","date_gmt":"2025-09-25T18:02:17","guid":{"rendered":"https:\/\/royalpeacock.agency\/kk\/mf1\/?page_id=276203"},"modified":"2026-01-23T11:14:46","modified_gmt":"2026-01-23T11:14:46","slug":"hesdia","status":"publish","type":"page","link":"https:\/\/kaunokolegija.lt\/mf\/hesdia\/","title":{"rendered":"Hesdia"},"content":{"rendered":"\n<div class=\"wp-block-columns top-p is-layout-flex wp-container-core-columns-is-layout-9a5e5583 wp-block-columns-is-layout-flex\" style=\"margin-top:var(--wp--preset--spacing--s);margin-bottom:var(--wp--preset--spacing--s)\">\n<div class=\"wp-block-column has-global-padding is-layout-constrained wp-container-core-column-is-layout-d0f22c05 wp-block-column-is-layout-constrained\">\n<div class=\"wp-block-columns abcd has-background is-layout-flex wp-container-core-columns-is-layout-28f84493 wp-block-columns-is-layout-flex\" style=\"background-color:#f9f9f9\">\n<div class=\"wp-block-column is-layout-flow wp-block-column-is-layout-flow\" style=\"padding-top:0;padding-right:0;padding-bottom:0;padding-left:0\">\n<p class=\"is-style-justify\" style=\"margin-top:8px;margin-bottom:8px\">Kauno kolegijos Medicinos fakultetas nuo 2016 m. organizuoja tarptautin\u0119 mokslin\u0119 konferencij\u0105 \u201eHealth, Environment and Sustainable Development: Interdisciplinary Approach\u201d (HESDIA). Tai tarpdisciplinin\u0117 konferencija, suburianti mokslininkus, tyr\u0117jus ir praktikus, besidomin\u010dius visuomen\u0117s sveikatos, biomedicinos, gamtos ir socialini\u0173 moksl\u0173 bei technologin\u0117s pa\u017eangos tyrimais ir inovacijomis.&nbsp;<\/p>\n\n\n\n<p class=\"is-style-justify\" style=\"margin-top:8px;margin-bottom:8px\">Daugiau informacijos apie konferencij\u0105 <a href=\"http:\/\/hesdia.kaunokolegija.lt\/\">HESDIA<\/a><\/p>\n<\/div>\n\n\n\n<div class=\"wp-block-column is-layout-flow wp-block-column-is-layout-flow\" style=\"flex-basis:40%\">\n<figure class=\"wp-block-image size-full\"><img loading=\"lazy\" decoding=\"async\" width=\"2560\" height=\"1653\" src=\"https:\/\/kaunokolegija.lt\/mf\/wp-content\/uploads\/sites\/15\/2025\/12\/image.png\" alt=\"\" class=\"wp-image-276532\" srcset=\"https:\/\/kaunokolegija.lt\/mf\/wp-content\/uploads\/sites\/15\/2025\/12\/image.png 2560w, https:\/\/kaunokolegija.lt\/mf\/wp-content\/uploads\/sites\/15\/2025\/12\/image-300x194.png 300w, https:\/\/kaunokolegija.lt\/mf\/wp-content\/uploads\/sites\/15\/2025\/12\/image-1024x661.png 1024w, https:\/\/kaunokolegija.lt\/mf\/wp-content\/uploads\/sites\/15\/2025\/12\/image-768x496.png 768w, https:\/\/kaunokolegija.lt\/mf\/wp-content\/uploads\/sites\/15\/2025\/12\/image-1536x992.png 1536w, https:\/\/kaunokolegija.lt\/mf\/wp-content\/uploads\/sites\/15\/2025\/12\/image-2048x1322.png 2048w\" sizes=\"auto, (max-width: 2560px) 100vw, 2560px\" \/><\/figure>\n<\/div>\n<\/div>\n<\/div>\n<\/div>\n","protected":false},"excerpt":{"rendered":"<p>Kauno kolegijos Medicinos fakultetas nuo 2016 m. organizuoja tarptautin\u0119 mokslin\u0119 konferencij\u0105 \u201eHealth, Environment and Sustainable Development: Interdisciplinary Approach\u201d (HESDIA). Tai tarpdisciplinin\u0117 konferencija, suburianti mokslininkus, tyr\u0117jus ir praktikus, besidomin\u010dius visuomen\u0117s sveikatos, biomedicinos, gamtos&hellip;<\/p>\n","protected":false},"author":1,"featured_media":276533,"parent":0,"menu_order":0,"comment_status":"closed","ping_status":"closed","template":"","meta":{"footnotes":""},"class_list":["post-276203","page","type-page","status-publish","has-post-thumbnail","hentry"],"yoast_head":"<!-- This site is optimized with the Yoast SEO plugin v27.4 - https:\/\/yoast.com\/product\/yoast-seo-wordpress\/ -->\n<title>Hesdia - Medicinos fakultetas<\/title>\n<meta name=\"robots\" content=\"index, follow, max-snippet:-1, max-image-preview:large, max-video-preview:-1\" \/>\n<link rel=\"canonical\" href=\"https:\/\/kaunokolegija.lt\/mf\/hesdia\/\" \/>\n<meta property=\"og:locale\" content=\"lt_LT\" \/>\n<meta property=\"og:type\" content=\"article\" \/>\n<meta property=\"og:title\" content=\"Hesdia - Medicinos fakultetas\" \/>\n<meta property=\"og:description\" content=\"Kauno kolegijos Medicinos fakultetas nuo 2016 m. organizuoja tarptautin\u0119 mokslin\u0119 konferencij\u0105 \u201eHealth, Environment and Sustainable Development: Interdisciplinary Approach\u201d (HESDIA). Tai tarpdisciplinin\u0117 konferencija, suburianti mokslininkus, tyr\u0117jus ir praktikus, besidomin\u010dius visuomen\u0117s sveikatos, biomedicinos, gamtos&hellip;\" \/>\n<meta property=\"og:url\" content=\"https:\/\/kaunokolegija.lt\/mf\/hesdia\/\" \/>\n<meta property=\"og:site_name\" content=\"Medicinos fakultetas\" \/>\n<meta property=\"article:publisher\" content=\"https:\/\/www.facebook.com\/Kauno.kolegija\/\" \/>\n<meta property=\"article:modified_time\" content=\"2026-01-23T11:14:46+00:00\" \/>\n<meta property=\"og:image\" content=\"https:\/\/kaunokolegija.lt\/mf\/wp-content\/uploads\/sites\/15\/2025\/12\/Kauno_kolegija_II-230-scaled.webp\" \/>\n\t<meta property=\"og:image:width\" content=\"2560\" \/>\n\t<meta property=\"og:image:height\" content=\"1707\" \/>\n\t<meta property=\"og:image:type\" content=\"image\/webp\" \/>\n<meta name=\"twitter:card\" content=\"summary_large_image\" \/>\n<script type=\"application\/ld+json\" class=\"yoast-schema-graph\">{\"@context\":\"https:\\\/\\\/schema.org\",\"@graph\":[{\"@type\":\"WebPage\",\"@id\":\"https:\\\/\\\/kaunokolegija.lt\\\/mf\\\/hesdia\\\/\",\"url\":\"https:\\\/\\\/kaunokolegija.lt\\\/mf\\\/hesdia\\\/\",\"name\":\"Hesdia - Medicinos fakultetas\",\"isPartOf\":{\"@id\":\"https:\\\/\\\/kaunokolegija.lt\\\/mf\\\/#website\"},\"primaryImageOfPage\":{\"@id\":\"https:\\\/\\\/kaunokolegija.lt\\\/mf\\\/hesdia\\\/#primaryimage\"},\"image\":{\"@id\":\"https:\\\/\\\/kaunokolegija.lt\\\/mf\\\/hesdia\\\/#primaryimage\"},\"thumbnailUrl\":\"https:\\\/\\\/kaunokolegija.lt\\\/mf\\\/wp-content\\\/uploads\\\/sites\\\/15\\\/2025\\\/12\\\/Kauno_kolegija_II-230-scaled.webp\",\"datePublished\":\"2025-09-25T18:02:17+00:00\",\"dateModified\":\"2026-01-23T11:14:46+00:00\",\"breadcrumb\":{\"@id\":\"https:\\\/\\\/kaunokolegija.lt\\\/mf\\\/hesdia\\\/#breadcrumb\"},\"inLanguage\":\"lt-LT\",\"potentialAction\":[{\"@type\":\"ReadAction\",\"target\":[\"https:\\\/\\\/kaunokolegija.lt\\\/mf\\\/hesdia\\\/\"]}]},{\"@type\":\"ImageObject\",\"inLanguage\":\"lt-LT\",\"@id\":\"https:\\\/\\\/kaunokolegija.lt\\\/mf\\\/hesdia\\\/#primaryimage\",\"url\":\"https:\\\/\\\/kaunokolegija.lt\\\/mf\\\/wp-content\\\/uploads\\\/sites\\\/15\\\/2025\\\/12\\\/Kauno_kolegija_II-230-scaled.webp\",\"contentUrl\":\"https:\\\/\\\/kaunokolegija.lt\\\/mf\\\/wp-content\\\/uploads\\\/sites\\\/15\\\/2025\\\/12\\\/Kauno_kolegija_II-230-scaled.webp\",\"width\":2560,\"height\":1707},{\"@type\":\"BreadcrumbList\",\"@id\":\"https:\\\/\\\/kaunokolegija.lt\\\/mf\\\/hesdia\\\/#breadcrumb\",\"itemListElement\":[{\"@type\":\"ListItem\",\"position\":1,\"name\":\"Home\",\"item\":\"https:\\\/\\\/kaunokolegija.lt\\\/mf\\\/\"},{\"@type\":\"ListItem\",\"position\":2,\"name\":\"Hesdia\"}]},{\"@type\":\"WebSite\",\"@id\":\"https:\\\/\\\/kaunokolegija.lt\\\/mf\\\/#website\",\"url\":\"https:\\\/\\\/kaunokolegija.lt\\\/mf\\\/\",\"name\":\"Medicinos fakultetas\",\"description\":\"Kauno kolegija\",\"publisher\":{\"@id\":\"https:\\\/\\\/kaunokolegija.lt\\\/mf\\\/#organization\"},\"potentialAction\":[{\"@type\":\"SearchAction\",\"target\":{\"@type\":\"EntryPoint\",\"urlTemplate\":\"https:\\\/\\\/kaunokolegija.lt\\\/mf\\\/?s={search_term_string}\"},\"query-input\":{\"@type\":\"PropertyValueSpecification\",\"valueRequired\":true,\"valueName\":\"search_term_string\"}}],\"inLanguage\":\"lt-LT\"},{\"@type\":\"Organization\",\"@id\":\"https:\\\/\\\/kaunokolegija.lt\\\/mf\\\/#organization\",\"name\":\"Kauno kolegija\",\"url\":\"https:\\\/\\\/kaunokolegija.lt\\\/mf\\\/\",\"logo\":{\"@type\":\"ImageObject\",\"inLanguage\":\"lt-LT\",\"@id\":\"https:\\\/\\\/kaunokolegija.lt\\\/mf\\\/#\\\/schema\\\/logo\\\/image\\\/\",\"url\":\"https:\\\/\\\/kaunokolegija.lt\\\/mf\\\/wp-content\\\/uploads\\\/sites\\\/15\\\/2026\\\/01\\\/cropped-KK_MF_LOGO_COLOR.png\",\"contentUrl\":\"https:\\\/\\\/kaunokolegija.lt\\\/mf\\\/wp-content\\\/uploads\\\/sites\\\/15\\\/2026\\\/01\\\/cropped-KK_MF_LOGO_COLOR.png\",\"width\":2084,\"height\":2084,\"caption\":\"Kauno kolegija\"},\"image\":{\"@id\":\"https:\\\/\\\/kaunokolegija.lt\\\/mf\\\/#\\\/schema\\\/logo\\\/image\\\/\"},\"sameAs\":[\"https:\\\/\\\/www.facebook.com\\\/Kauno.kolegija\\\/\"]}]}<\/script>\n<!-- \/ Yoast SEO plugin. -->","yoast_head_json":{"title":"Hesdia - Medicinos fakultetas","robots":{"index":"index","follow":"follow","max-snippet":"max-snippet:-1","max-image-preview":"max-image-preview:large","max-video-preview":"max-video-preview:-1"},"canonical":"https:\/\/kaunokolegija.lt\/mf\/hesdia\/","og_locale":"lt_LT","og_type":"article","og_title":"Hesdia - Medicinos fakultetas","og_description":"Kauno kolegijos Medicinos fakultetas nuo 2016 m. organizuoja tarptautin\u0119 mokslin\u0119 konferencij\u0105 \u201eHealth, Environment and Sustainable Development: Interdisciplinary Approach\u201d (HESDIA). Tai tarpdisciplinin\u0117 konferencija, suburianti mokslininkus, tyr\u0117jus ir praktikus, besidomin\u010dius visuomen\u0117s sveikatos, biomedicinos, gamtos&hellip;","og_url":"https:\/\/kaunokolegija.lt\/mf\/hesdia\/","og_site_name":"Medicinos fakultetas","article_publisher":"https:\/\/www.facebook.com\/Kauno.kolegija\/","article_modified_time":"2026-01-23T11:14:46+00:00","og_image":[{"width":2560,"height":1707,"url":"https:\/\/kaunokolegija.lt\/mf\/wp-content\/uploads\/sites\/15\/2025\/12\/Kauno_kolegija_II-230-scaled.webp","type":"image\/webp"}],"twitter_card":"summary_large_image","schema":{"@context":"https:\/\/schema.org","@graph":[{"@type":"WebPage","@id":"https:\/\/kaunokolegija.lt\/mf\/hesdia\/","url":"https:\/\/kaunokolegija.lt\/mf\/hesdia\/","name":"Hesdia - Medicinos fakultetas","isPartOf":{"@id":"https:\/\/kaunokolegija.lt\/mf\/#website"},"primaryImageOfPage":{"@id":"https:\/\/kaunokolegija.lt\/mf\/hesdia\/#primaryimage"},"image":{"@id":"https:\/\/kaunokolegija.lt\/mf\/hesdia\/#primaryimage"},"thumbnailUrl":"https:\/\/kaunokolegija.lt\/mf\/wp-content\/uploads\/sites\/15\/2025\/12\/Kauno_kolegija_II-230-scaled.webp","datePublished":"2025-09-25T18:02:17+00:00","dateModified":"2026-01-23T11:14:46+00:00","breadcrumb":{"@id":"https:\/\/kaunokolegija.lt\/mf\/hesdia\/#breadcrumb"},"inLanguage":"lt-LT","potentialAction":[{"@type":"ReadAction","target":["https:\/\/kaunokolegija.lt\/mf\/hesdia\/"]}]},{"@type":"ImageObject","inLanguage":"lt-LT","@id":"https:\/\/kaunokolegija.lt\/mf\/hesdia\/#primaryimage","url":"https:\/\/kaunokolegija.lt\/mf\/wp-content\/uploads\/sites\/15\/2025\/12\/Kauno_kolegija_II-230-scaled.webp","contentUrl":"https:\/\/kaunokolegija.lt\/mf\/wp-content\/uploads\/sites\/15\/2025\/12\/Kauno_kolegija_II-230-scaled.webp","width":2560,"height":1707},{"@type":"BreadcrumbList","@id":"https:\/\/kaunokolegija.lt\/mf\/hesdia\/#breadcrumb","itemListElement":[{"@type":"ListItem","position":1,"name":"Home","item":"https:\/\/kaunokolegija.lt\/mf\/"},{"@type":"ListItem","position":2,"name":"Hesdia"}]},{"@type":"WebSite","@id":"https:\/\/kaunokolegija.lt\/mf\/#website","url":"https:\/\/kaunokolegija.lt\/mf\/","name":"Medicinos fakultetas","description":"Kauno kolegija","publisher":{"@id":"https:\/\/kaunokolegija.lt\/mf\/#organization"},"potentialAction":[{"@type":"SearchAction","target":{"@type":"EntryPoint","urlTemplate":"https:\/\/kaunokolegija.lt\/mf\/?s={search_term_string}"},"query-input":{"@type":"PropertyValueSpecification","valueRequired":true,"valueName":"search_term_string"}}],"inLanguage":"lt-LT"},{"@type":"Organization","@id":"https:\/\/kaunokolegija.lt\/mf\/#organization","name":"Kauno kolegija","url":"https:\/\/kaunokolegija.lt\/mf\/","logo":{"@type":"ImageObject","inLanguage":"lt-LT","@id":"https:\/\/kaunokolegija.lt\/mf\/#\/schema\/logo\/image\/","url":"https:\/\/kaunokolegija.lt\/mf\/wp-content\/uploads\/sites\/15\/2026\/01\/cropped-KK_MF_LOGO_COLOR.png","contentUrl":"https:\/\/kaunokolegija.lt\/mf\/wp-content\/uploads\/sites\/15\/2026\/01\/cropped-KK_MF_LOGO_COLOR.png","width":2084,"height":2084,"caption":"Kauno kolegija"},"image":{"@id":"https:\/\/kaunokolegija.lt\/mf\/#\/schema\/logo\/image\/"},"sameAs":["https:\/\/www.facebook.com\/Kauno.kolegija\/"]}]}},"_links":{"self":[{"href":"https:\/\/kaunokolegija.lt\/mf\/wp-json\/wp\/v2\/pages\/276203","targetHints":{"allow":["GET"]}}],"collection":[{"href":"https:\/\/kaunokolegija.lt\/mf\/wp-json\/wp\/v2\/pages"}],"about":[{"href":"https:\/\/kaunokolegija.lt\/mf\/wp-json\/wp\/v2\/types\/page"}],"author":[{"embeddable":true,"href":"https:\/\/kaunokolegija.lt\/mf\/wp-json\/wp\/v2\/users\/1"}],"replies":[{"embeddable":true,"href":"https:\/\/kaunokolegija.lt\/mf\/wp-json\/wp\/v2\/comments?post=276203"}],"version-history":[{"count":5,"href":"https:\/\/kaunokolegija.lt\/mf\/wp-json\/wp\/v2\/pages\/276203\/revisions"}],"predecessor-version":[{"id":276572,"href":"https:\/\/kaunokolegija.lt\/mf\/wp-json\/wp\/v2\/pages\/276203\/revisions\/276572"}],"wp:featuredmedia":[{"embeddable":true,"href":"https:\/\/kaunokolegija.lt\/mf\/wp-json\/wp\/v2\/media\/276533"}],"wp:attachment":[{"href":"https:\/\/kaunokolegija.lt\/mf\/wp-json\/wp\/v2\/media?parent=276203"}],"curies":[{"name":"wp","href":"https:\/\/api.w.org\/{rel}","templated":true}]}}