{"id":276183,"date":"2025-09-25T17:57:11","date_gmt":"2025-09-25T17:57:11","guid":{"rendered":"https:\/\/royalpeacock.agency\/kk\/mf1\/?page_id=276183"},"modified":"2026-01-23T09:28:23","modified_gmt":"2026-01-23T09:28:23","slug":"mokslas","status":"publish","type":"page","link":"https:\/\/kaunokolegija.lt\/mf\/mokslas\/","title":{"rendered":"Mokslas"},"content":{"rendered":"\n<div class=\"wp-block-columns top-p is-layout-flex wp-container-core-columns-is-layout-0b243bce wp-block-columns-is-layout-flex\" style=\"margin-top:var(--wp--preset--spacing--s);margin-bottom:var(--wp--preset--spacing--s);padding-top:var(--wp--preset--spacing--s);padding-bottom:var(--wp--preset--spacing--s)\">\n<div class=\"wp-block-column has-global-padding is-layout-constrained wp-container-core-column-is-layout-d0f22c05 wp-block-column-is-layout-constrained\">\n<div class=\"wp-block-columns abcd has-background is-layout-flex wp-container-core-columns-is-layout-28f84493 wp-block-columns-is-layout-flex\" style=\"background-color:#f9f9f9\">\n<div class=\"wp-block-column is-layout-flow wp-block-column-is-layout-flow\" style=\"padding-top:0;padding-right:0;padding-bottom:0;padding-left:0\">\n<p class=\"is-style-justify\" style=\"margin-top:8px;margin-bottom:8px\">Medicinos fakultetas vykdo <strong>medicinos ir sveikatos moksl\u0173<\/strong> srities taikomuosius mokslinius tyrimus, kurie prisideda prie sprendim\u0173 k\u016brimo, padedan\u010di\u0173 efektyviau naudoti maisto papildus, medicinines priemones, atskleisti j\u0173 stipri\u0105sias savybes, gerinti slaugos, reabilitacijos paslaug\u0173 kokyb\u0119. Mokslin\u0117s veiklos siekiami rezultatai yra inovatyv\u016bs sprendimai, praktinis aktualumas, lig\u0173 prevencijos, gyvenimo kokyb\u0117s u\u017etikrinimas.<\/p>\n\n\n\n<p class=\"is-style-justify\" style=\"margin-top:8px;margin-bottom:8px\">2024 m. pabaigoje suformuotas taikom\u0173j\u0173 mokslini\u0173 tyrim\u0173 ir eksperimentin\u0117s pl\u0117tros (TMTEP) vienetas \u2013 <strong>medicinos ir sveikatos mokslai<\/strong>, apimantis 5 mokslo kryptis ir veikiantis kolegijos prioritetin\u0117je taikom\u0173j\u0173 mokslini\u0173 tyrim\u0173 ir eksperimentin\u0117s pl\u0117tros ir meno kryptyje, vykdo \u0161ias veiklas:<\/p>\n\n\n\n<ul style=\"color:#221e1e\" class=\"wp-block-list has-text-color has-link-color wp-elements-ae0a54596f00350b9b162b3f729fe767\">\n<li>rengia ir vykdo tarptautinius ir verslo mokslinius projektus<\/li>\n\n\n\n<li>atlieka taikomuosius mokslinius tyrimus<\/li>\n\n\n\n<li>analizuoja, vertina gautus tyrim\u0173 duomenis ir rengia mokslines rekomendacijas, konferencij\u0173 prane\u0161imus, mokslinius straipsnius<\/li>\n\n\n\n<li>kuria inovacijas<\/li>\n\n\n\n<li>\u012fgyvendina kitas su taikomaisiais moksliniais tyrimais, eksperimentine pl\u0117tra ir mokymais susijusias veiklas, pagal poreik\u012f pritaikant turimas mokslo grupi\u0173 kompetencijas.<\/li>\n<\/ul>\n\n\n\n<p>Esame atviri bendradarbiavimui su verslo \u012fmon\u0117mis, organizacijomis bei vie\u0161ojo sektoriaus atstovais kuriant inovatyvius mokslo \u012frodymais gr\u012fstus sprendimus.<\/p>\n\n\n\n<p><strong>Daugiau informacijos:<\/strong><br>Medicinos fakulteto prodekan\u0117 mokslui<br>dr. <a href=\"mailto:giedre.jariene@go.kauko.lt\">Giedr\u0117 Jarien\u0117<\/a><br>K. Petrausko 15, 203 kab.<br>Tel. <a href=\"tel:37065249277\">+ 370 652 49 277<\/a><br>El. p. <a href=\"mailto:giedre.jariene@kaunokolegija.lt\">giedre.jariene@kaunokolegija.lt<\/a><\/p>\n<\/div>\n<\/div>\n<\/div>\n<\/div>\n","protected":false},"excerpt":{"rendered":"<p>Medicinos fakultetas vykdo medicinos ir sveikatos moksl\u0173 srities taikomuosius mokslinius tyrimus, kurie prisideda prie sprendim\u0173 k\u016brimo, padedan\u010di\u0173 efektyviau naudoti maisto papildus, medicinines priemones, atskleisti j\u0173 stipri\u0105sias savybes, gerinti slaugos, reabilitacijos paslaug\u0173 kokyb\u0119.&hellip;<\/p>\n","protected":false},"author":1,"featured_media":276513,"parent":0,"menu_order":0,"comment_status":"closed","ping_status":"closed","template":"","meta":{"footnotes":""},"class_list":["post-276183","page","type-page","status-publish","has-post-thumbnail","hentry"],"yoast_head":"<!-- This site is optimized with the Yoast SEO plugin v27.4 - https:\/\/yoast.com\/product\/yoast-seo-wordpress\/ -->\n<title>Mokslas - Medicinos fakultetas<\/title>\n<meta name=\"robots\" content=\"index, follow, max-snippet:-1, max-image-preview:large, max-video-preview:-1\" \/>\n<link rel=\"canonical\" href=\"https:\/\/kaunokolegija.lt\/mf\/mokslas\/\" \/>\n<meta property=\"og:locale\" content=\"lt_LT\" \/>\n<meta property=\"og:type\" content=\"article\" \/>\n<meta property=\"og:title\" content=\"Mokslas - Medicinos fakultetas\" \/>\n<meta property=\"og:description\" content=\"Medicinos fakultetas vykdo medicinos ir sveikatos moksl\u0173 srities taikomuosius mokslinius tyrimus, kurie prisideda prie sprendim\u0173 k\u016brimo, padedan\u010di\u0173 efektyviau naudoti maisto papildus, medicinines priemones, atskleisti j\u0173 stipri\u0105sias savybes, gerinti slaugos, reabilitacijos paslaug\u0173 kokyb\u0119.&hellip;\" \/>\n<meta property=\"og:url\" content=\"https:\/\/kaunokolegija.lt\/mf\/mokslas\/\" \/>\n<meta property=\"og:site_name\" content=\"Medicinos fakultetas\" \/>\n<meta property=\"article:publisher\" content=\"https:\/\/www.facebook.com\/Kauno.kolegija\/\" \/>\n<meta property=\"article:modified_time\" content=\"2026-01-23T09:28:23+00:00\" \/>\n<meta property=\"og:image\" content=\"https:\/\/kaunokolegija.lt\/mf\/wp-content\/uploads\/sites\/15\/2025\/12\/DSC06065-3-scaled.webp\" \/>\n\t<meta property=\"og:image:width\" content=\"2560\" \/>\n\t<meta property=\"og:image:height\" content=\"1707\" \/>\n\t<meta property=\"og:image:type\" content=\"image\/webp\" \/>\n<meta name=\"twitter:card\" content=\"summary_large_image\" \/>\n<meta name=\"twitter:label1\" content=\"Est. reading time\" \/>\n\t<meta name=\"twitter:data1\" content=\"1 minut\u0117\" \/>\n<script type=\"application\/ld+json\" class=\"yoast-schema-graph\">{\"@context\":\"https:\\\/\\\/schema.org\",\"@graph\":[{\"@type\":\"WebPage\",\"@id\":\"https:\\\/\\\/kaunokolegija.lt\\\/mf\\\/mokslas\\\/\",\"url\":\"https:\\\/\\\/kaunokolegija.lt\\\/mf\\\/mokslas\\\/\",\"name\":\"Mokslas - Medicinos fakultetas\",\"isPartOf\":{\"@id\":\"https:\\\/\\\/kaunokolegija.lt\\\/mf\\\/#website\"},\"primaryImageOfPage\":{\"@id\":\"https:\\\/\\\/kaunokolegija.lt\\\/mf\\\/mokslas\\\/#primaryimage\"},\"image\":{\"@id\":\"https:\\\/\\\/kaunokolegija.lt\\\/mf\\\/mokslas\\\/#primaryimage\"},\"thumbnailUrl\":\"https:\\\/\\\/kaunokolegija.lt\\\/mf\\\/wp-content\\\/uploads\\\/sites\\\/15\\\/2025\\\/12\\\/DSC06065-3-scaled.webp\",\"datePublished\":\"2025-09-25T17:57:11+00:00\",\"dateModified\":\"2026-01-23T09:28:23+00:00\",\"breadcrumb\":{\"@id\":\"https:\\\/\\\/kaunokolegija.lt\\\/mf\\\/mokslas\\\/#breadcrumb\"},\"inLanguage\":\"lt-LT\",\"potentialAction\":[{\"@type\":\"ReadAction\",\"target\":[\"https:\\\/\\\/kaunokolegija.lt\\\/mf\\\/mokslas\\\/\"]}]},{\"@type\":\"ImageObject\",\"inLanguage\":\"lt-LT\",\"@id\":\"https:\\\/\\\/kaunokolegija.lt\\\/mf\\\/mokslas\\\/#primaryimage\",\"url\":\"https:\\\/\\\/kaunokolegija.lt\\\/mf\\\/wp-content\\\/uploads\\\/sites\\\/15\\\/2025\\\/12\\\/DSC06065-3-scaled.webp\",\"contentUrl\":\"https:\\\/\\\/kaunokolegija.lt\\\/mf\\\/wp-content\\\/uploads\\\/sites\\\/15\\\/2025\\\/12\\\/DSC06065-3-scaled.webp\",\"width\":2560,\"height\":1707},{\"@type\":\"BreadcrumbList\",\"@id\":\"https:\\\/\\\/kaunokolegija.lt\\\/mf\\\/mokslas\\\/#breadcrumb\",\"itemListElement\":[{\"@type\":\"ListItem\",\"position\":1,\"name\":\"Home\",\"item\":\"https:\\\/\\\/kaunokolegija.lt\\\/mf\\\/\"},{\"@type\":\"ListItem\",\"position\":2,\"name\":\"Mokslas\"}]},{\"@type\":\"WebSite\",\"@id\":\"https:\\\/\\\/kaunokolegija.lt\\\/mf\\\/#website\",\"url\":\"https:\\\/\\\/kaunokolegija.lt\\\/mf\\\/\",\"name\":\"Medicinos fakultetas\",\"description\":\"Kauno kolegija\",\"publisher\":{\"@id\":\"https:\\\/\\\/kaunokolegija.lt\\\/mf\\\/#organization\"},\"potentialAction\":[{\"@type\":\"SearchAction\",\"target\":{\"@type\":\"EntryPoint\",\"urlTemplate\":\"https:\\\/\\\/kaunokolegija.lt\\\/mf\\\/?s={search_term_string}\"},\"query-input\":{\"@type\":\"PropertyValueSpecification\",\"valueRequired\":true,\"valueName\":\"search_term_string\"}}],\"inLanguage\":\"lt-LT\"},{\"@type\":\"Organization\",\"@id\":\"https:\\\/\\\/kaunokolegija.lt\\\/mf\\\/#organization\",\"name\":\"Kauno kolegija\",\"url\":\"https:\\\/\\\/kaunokolegija.lt\\\/mf\\\/\",\"logo\":{\"@type\":\"ImageObject\",\"inLanguage\":\"lt-LT\",\"@id\":\"https:\\\/\\\/kaunokolegija.lt\\\/mf\\\/#\\\/schema\\\/logo\\\/image\\\/\",\"url\":\"https:\\\/\\\/kaunokolegija.lt\\\/mf\\\/wp-content\\\/uploads\\\/sites\\\/15\\\/2026\\\/01\\\/cropped-KK_MF_LOGO_COLOR.png\",\"contentUrl\":\"https:\\\/\\\/kaunokolegija.lt\\\/mf\\\/wp-content\\\/uploads\\\/sites\\\/15\\\/2026\\\/01\\\/cropped-KK_MF_LOGO_COLOR.png\",\"width\":2084,\"height\":2084,\"caption\":\"Kauno kolegija\"},\"image\":{\"@id\":\"https:\\\/\\\/kaunokolegija.lt\\\/mf\\\/#\\\/schema\\\/logo\\\/image\\\/\"},\"sameAs\":[\"https:\\\/\\\/www.facebook.com\\\/Kauno.kolegija\\\/\"]}]}<\/script>\n<!-- \/ Yoast SEO plugin. -->","yoast_head_json":{"title":"Mokslas - Medicinos fakultetas","robots":{"index":"index","follow":"follow","max-snippet":"max-snippet:-1","max-image-preview":"max-image-preview:large","max-video-preview":"max-video-preview:-1"},"canonical":"https:\/\/kaunokolegija.lt\/mf\/mokslas\/","og_locale":"lt_LT","og_type":"article","og_title":"Mokslas - Medicinos fakultetas","og_description":"Medicinos fakultetas vykdo medicinos ir sveikatos moksl\u0173 srities taikomuosius mokslinius tyrimus, kurie prisideda prie sprendim\u0173 k\u016brimo, padedan\u010di\u0173 efektyviau naudoti maisto papildus, medicinines priemones, atskleisti j\u0173 stipri\u0105sias savybes, gerinti slaugos, reabilitacijos paslaug\u0173 kokyb\u0119.&hellip;","og_url":"https:\/\/kaunokolegija.lt\/mf\/mokslas\/","og_site_name":"Medicinos fakultetas","article_publisher":"https:\/\/www.facebook.com\/Kauno.kolegija\/","article_modified_time":"2026-01-23T09:28:23+00:00","og_image":[{"width":2560,"height":1707,"url":"https:\/\/kaunokolegija.lt\/mf\/wp-content\/uploads\/sites\/15\/2025\/12\/DSC06065-3-scaled.webp","type":"image\/webp"}],"twitter_card":"summary_large_image","twitter_misc":{"Est. reading time":"1 minut\u0117"},"schema":{"@context":"https:\/\/schema.org","@graph":[{"@type":"WebPage","@id":"https:\/\/kaunokolegija.lt\/mf\/mokslas\/","url":"https:\/\/kaunokolegija.lt\/mf\/mokslas\/","name":"Mokslas - Medicinos fakultetas","isPartOf":{"@id":"https:\/\/kaunokolegija.lt\/mf\/#website"},"primaryImageOfPage":{"@id":"https:\/\/kaunokolegija.lt\/mf\/mokslas\/#primaryimage"},"image":{"@id":"https:\/\/kaunokolegija.lt\/mf\/mokslas\/#primaryimage"},"thumbnailUrl":"https:\/\/kaunokolegija.lt\/mf\/wp-content\/uploads\/sites\/15\/2025\/12\/DSC06065-3-scaled.webp","datePublished":"2025-09-25T17:57:11+00:00","dateModified":"2026-01-23T09:28:23+00:00","breadcrumb":{"@id":"https:\/\/kaunokolegija.lt\/mf\/mokslas\/#breadcrumb"},"inLanguage":"lt-LT","potentialAction":[{"@type":"ReadAction","target":["https:\/\/kaunokolegija.lt\/mf\/mokslas\/"]}]},{"@type":"ImageObject","inLanguage":"lt-LT","@id":"https:\/\/kaunokolegija.lt\/mf\/mokslas\/#primaryimage","url":"https:\/\/kaunokolegija.lt\/mf\/wp-content\/uploads\/sites\/15\/2025\/12\/DSC06065-3-scaled.webp","contentUrl":"https:\/\/kaunokolegija.lt\/mf\/wp-content\/uploads\/sites\/15\/2025\/12\/DSC06065-3-scaled.webp","width":2560,"height":1707},{"@type":"BreadcrumbList","@id":"https:\/\/kaunokolegija.lt\/mf\/mokslas\/#breadcrumb","itemListElement":[{"@type":"ListItem","position":1,"name":"Home","item":"https:\/\/kaunokolegija.lt\/mf\/"},{"@type":"ListItem","position":2,"name":"Mokslas"}]},{"@type":"WebSite","@id":"https:\/\/kaunokolegija.lt\/mf\/#website","url":"https:\/\/kaunokolegija.lt\/mf\/","name":"Medicinos fakultetas","description":"Kauno kolegija","publisher":{"@id":"https:\/\/kaunokolegija.lt\/mf\/#organization"},"potentialAction":[{"@type":"SearchAction","target":{"@type":"EntryPoint","urlTemplate":"https:\/\/kaunokolegija.lt\/mf\/?s={search_term_string}"},"query-input":{"@type":"PropertyValueSpecification","valueRequired":true,"valueName":"search_term_string"}}],"inLanguage":"lt-LT"},{"@type":"Organization","@id":"https:\/\/kaunokolegija.lt\/mf\/#organization","name":"Kauno kolegija","url":"https:\/\/kaunokolegija.lt\/mf\/","logo":{"@type":"ImageObject","inLanguage":"lt-LT","@id":"https:\/\/kaunokolegija.lt\/mf\/#\/schema\/logo\/image\/","url":"https:\/\/kaunokolegija.lt\/mf\/wp-content\/uploads\/sites\/15\/2026\/01\/cropped-KK_MF_LOGO_COLOR.png","contentUrl":"https:\/\/kaunokolegija.lt\/mf\/wp-content\/uploads\/sites\/15\/2026\/01\/cropped-KK_MF_LOGO_COLOR.png","width":2084,"height":2084,"caption":"Kauno kolegija"},"image":{"@id":"https:\/\/kaunokolegija.lt\/mf\/#\/schema\/logo\/image\/"},"sameAs":["https:\/\/www.facebook.com\/Kauno.kolegija\/"]}]}},"_links":{"self":[{"href":"https:\/\/kaunokolegija.lt\/mf\/wp-json\/wp\/v2\/pages\/276183","targetHints":{"allow":["GET"]}}],"collection":[{"href":"https:\/\/kaunokolegija.lt\/mf\/wp-json\/wp\/v2\/pages"}],"about":[{"href":"https:\/\/kaunokolegija.lt\/mf\/wp-json\/wp\/v2\/types\/page"}],"author":[{"embeddable":true,"href":"https:\/\/kaunokolegija.lt\/mf\/wp-json\/wp\/v2\/users\/1"}],"replies":[{"embeddable":true,"href":"https:\/\/kaunokolegija.lt\/mf\/wp-json\/wp\/v2\/comments?post=276183"}],"version-history":[{"count":7,"href":"https:\/\/kaunokolegija.lt\/mf\/wp-json\/wp\/v2\/pages\/276183\/revisions"}],"predecessor-version":[{"id":276562,"href":"https:\/\/kaunokolegija.lt\/mf\/wp-json\/wp\/v2\/pages\/276183\/revisions\/276562"}],"wp:featuredmedia":[{"embeddable":true,"href":"https:\/\/kaunokolegija.lt\/mf\/wp-json\/wp\/v2\/media\/276513"}],"wp:attachment":[{"href":"https:\/\/kaunokolegija.lt\/mf\/wp-json\/wp\/v2\/media?parent=276183"}],"curies":[{"name":"wp","href":"https:\/\/api.w.org\/{rel}","templated":true}]}}