{"id":276179,"date":"2025-09-25T17:56:31","date_gmt":"2025-09-25T17:56:31","guid":{"rendered":"https:\/\/royalpeacock.agency\/kk\/mf1\/?page_id=276179"},"modified":"2026-01-23T09:28:46","modified_gmt":"2026-01-23T09:28:46","slug":"mokslo-kryptys-ir-tyrimai","status":"publish","type":"page","link":"https:\/\/kaunokolegija.lt\/mf\/mokslo-kryptys-ir-tyrimai\/","title":{"rendered":"Mokslo kryptys ir tyrimai"},"content":{"rendered":"\n<div class=\"wp-block-columns top-p is-layout-flex wp-container-core-columns-is-layout-0b243bce wp-block-columns-is-layout-flex\" style=\"margin-top:var(--wp--preset--spacing--s);margin-bottom:var(--wp--preset--spacing--s);padding-top:var(--wp--preset--spacing--s);padding-bottom:var(--wp--preset--spacing--s)\">\n<div class=\"wp-block-column has-global-padding is-layout-constrained wp-container-core-column-is-layout-d0f22c05 wp-block-column-is-layout-constrained\">\n<div class=\"wp-block-columns abcd has-background is-layout-flex wp-container-core-columns-is-layout-28f84493 wp-block-columns-is-layout-flex\" style=\"background-color:#f9f9f9\">\n<div class=\"wp-block-column is-layout-flow wp-block-column-is-layout-flow\" style=\"padding-top:0;padding-right:0;padding-bottom:0;padding-left:0\">\n<p class=\"is-style-justify\" style=\"margin-top:8px;margin-bottom:8px\">Kauno kolegijos Medicinos fakultete mokslininkai ir tyr\u0117jai dirba penkiose tyr\u0117j\u0173 grup\u0117se, kuri\u0173 mokslo veikla vykdoma \u0161iose mokslo kryptyse: <strong>medicinos, odontologijos, farmacijos, visuomen\u0117s sveikatos, slaugos<\/strong>.<\/p>\n\n\n\n<p class=\"is-style-justify\">Medicinos ir sveikatos moksl\u0173 srityje vykdomi taikomieji tyrimai, orientuoti \u012f \u017emogaus sveikatos stiprinim\u0105, gyvenimo kokyb\u0117s gerinim\u0105 ir inovatyvi\u0173 sprendim\u0173 k\u016brim\u0105. Tyrimai apima slaugos ir visuomen\u0117s sveikatos, mitybos ir dietetikos, reabilitacijos ir fizinio aktyvumo, medicinos technologij\u0173 bei sveikatingumo sritis.<\/p>\n\n\n\n<p class=\"is-style-justify\" style=\"margin-top:8px;margin-bottom:8px\">D\u0117mesys skiriamas maisto papild\u0173 ir medicinini\u0173 priemoni\u0173 efektyvumui, sveikos mitybos ir gyvensenos \u012fpro\u010di\u0173 tyrimams, slaugos proces\u0173 optimizavimui, nauj\u0173 sveikatos technologij\u0173 taikymui bei fizin\u0117s gerov\u0117s stiprinimui. Tyrimai da\u017enai atliekami bendradarbiaujant su verslo \u012fmon\u0117mis ir regionin\u0117mis institucijomis, siekiant kurti moksli\u0161kai pagr\u012fstus, prakti\u0161kai pritaikomus sprendimus.<\/p>\n<\/div>\n<\/div>\n<\/div>\n<\/div>\n","protected":false},"excerpt":{"rendered":"<p>Kauno kolegijos Medicinos fakultete mokslininkai ir tyr\u0117jai dirba penkiose tyr\u0117j\u0173 grup\u0117se, kuri\u0173 mokslo veikla vykdoma \u0161iose mokslo kryptyse: medicinos, odontologijos, farmacijos, visuomen\u0117s sveikatos, slaugos. Medicinos ir sveikatos moksl\u0173 srityje vykdomi taikomieji tyrimai,&hellip;<\/p>\n","protected":false},"author":1,"featured_media":276517,"parent":0,"menu_order":0,"comment_status":"closed","ping_status":"closed","template":"","meta":{"footnotes":""},"class_list":["post-276179","page","type-page","status-publish","has-post-thumbnail","hentry"],"yoast_head":"<!-- This site is optimized with the Yoast SEO plugin v27.4 - https:\/\/yoast.com\/product\/yoast-seo-wordpress\/ -->\n<title>Mokslo kryptys ir tyrimai - Medicinos fakultetas<\/title>\n<meta name=\"robots\" content=\"index, follow, max-snippet:-1, max-image-preview:large, max-video-preview:-1\" \/>\n<link rel=\"canonical\" href=\"https:\/\/kaunokolegija.lt\/mf\/mokslo-kryptys-ir-tyrimai\/\" \/>\n<meta property=\"og:locale\" content=\"lt_LT\" \/>\n<meta property=\"og:type\" content=\"article\" \/>\n<meta property=\"og:title\" content=\"Mokslo kryptys ir tyrimai - Medicinos fakultetas\" \/>\n<meta property=\"og:description\" content=\"Kauno kolegijos Medicinos fakultete mokslininkai ir tyr\u0117jai dirba penkiose tyr\u0117j\u0173 grup\u0117se, kuri\u0173 mokslo veikla vykdoma \u0161iose mokslo kryptyse: medicinos, odontologijos, farmacijos, visuomen\u0117s sveikatos, slaugos. Medicinos ir sveikatos moksl\u0173 srityje vykdomi taikomieji tyrimai,&hellip;\" \/>\n<meta property=\"og:url\" content=\"https:\/\/kaunokolegija.lt\/mf\/mokslo-kryptys-ir-tyrimai\/\" \/>\n<meta property=\"og:site_name\" content=\"Medicinos fakultetas\" \/>\n<meta property=\"article:publisher\" content=\"https:\/\/www.facebook.com\/Kauno.kolegija\/\" \/>\n<meta property=\"article:modified_time\" content=\"2026-01-23T09:28:46+00:00\" \/>\n<meta property=\"og:image\" content=\"https:\/\/kaunokolegija.lt\/mf\/wp-content\/uploads\/sites\/15\/2025\/12\/Kauno_kolegija_II-34-2-scaled.webp\" \/>\n\t<meta property=\"og:image:width\" content=\"2560\" \/>\n\t<meta property=\"og:image:height\" content=\"1707\" \/>\n\t<meta property=\"og:image:type\" content=\"image\/webp\" \/>\n<meta name=\"twitter:card\" content=\"summary_large_image\" \/>\n<meta name=\"twitter:label1\" content=\"Est. reading time\" \/>\n\t<meta name=\"twitter:data1\" content=\"1 minut\u0117\" \/>\n<script type=\"application\/ld+json\" class=\"yoast-schema-graph\">{\"@context\":\"https:\\\/\\\/schema.org\",\"@graph\":[{\"@type\":\"WebPage\",\"@id\":\"https:\\\/\\\/kaunokolegija.lt\\\/mf\\\/mokslo-kryptys-ir-tyrimai\\\/\",\"url\":\"https:\\\/\\\/kaunokolegija.lt\\\/mf\\\/mokslo-kryptys-ir-tyrimai\\\/\",\"name\":\"Mokslo kryptys ir tyrimai - Medicinos fakultetas\",\"isPartOf\":{\"@id\":\"https:\\\/\\\/kaunokolegija.lt\\\/mf\\\/#website\"},\"primaryImageOfPage\":{\"@id\":\"https:\\\/\\\/kaunokolegija.lt\\\/mf\\\/mokslo-kryptys-ir-tyrimai\\\/#primaryimage\"},\"image\":{\"@id\":\"https:\\\/\\\/kaunokolegija.lt\\\/mf\\\/mokslo-kryptys-ir-tyrimai\\\/#primaryimage\"},\"thumbnailUrl\":\"https:\\\/\\\/kaunokolegija.lt\\\/mf\\\/wp-content\\\/uploads\\\/sites\\\/15\\\/2025\\\/12\\\/Kauno_kolegija_II-34-2-scaled.webp\",\"datePublished\":\"2025-09-25T17:56:31+00:00\",\"dateModified\":\"2026-01-23T09:28:46+00:00\",\"breadcrumb\":{\"@id\":\"https:\\\/\\\/kaunokolegija.lt\\\/mf\\\/mokslo-kryptys-ir-tyrimai\\\/#breadcrumb\"},\"inLanguage\":\"lt-LT\",\"potentialAction\":[{\"@type\":\"ReadAction\",\"target\":[\"https:\\\/\\\/kaunokolegija.lt\\\/mf\\\/mokslo-kryptys-ir-tyrimai\\\/\"]}]},{\"@type\":\"ImageObject\",\"inLanguage\":\"lt-LT\",\"@id\":\"https:\\\/\\\/kaunokolegija.lt\\\/mf\\\/mokslo-kryptys-ir-tyrimai\\\/#primaryimage\",\"url\":\"https:\\\/\\\/kaunokolegija.lt\\\/mf\\\/wp-content\\\/uploads\\\/sites\\\/15\\\/2025\\\/12\\\/Kauno_kolegija_II-34-2-scaled.webp\",\"contentUrl\":\"https:\\\/\\\/kaunokolegija.lt\\\/mf\\\/wp-content\\\/uploads\\\/sites\\\/15\\\/2025\\\/12\\\/Kauno_kolegija_II-34-2-scaled.webp\",\"width\":2560,\"height\":1707},{\"@type\":\"BreadcrumbList\",\"@id\":\"https:\\\/\\\/kaunokolegija.lt\\\/mf\\\/mokslo-kryptys-ir-tyrimai\\\/#breadcrumb\",\"itemListElement\":[{\"@type\":\"ListItem\",\"position\":1,\"name\":\"Home\",\"item\":\"https:\\\/\\\/kaunokolegija.lt\\\/mf\\\/\"},{\"@type\":\"ListItem\",\"position\":2,\"name\":\"Mokslo kryptys ir tyrimai\"}]},{\"@type\":\"WebSite\",\"@id\":\"https:\\\/\\\/kaunokolegija.lt\\\/mf\\\/#website\",\"url\":\"https:\\\/\\\/kaunokolegija.lt\\\/mf\\\/\",\"name\":\"Medicinos fakultetas\",\"description\":\"Kauno kolegija\",\"publisher\":{\"@id\":\"https:\\\/\\\/kaunokolegija.lt\\\/mf\\\/#organization\"},\"potentialAction\":[{\"@type\":\"SearchAction\",\"target\":{\"@type\":\"EntryPoint\",\"urlTemplate\":\"https:\\\/\\\/kaunokolegija.lt\\\/mf\\\/?s={search_term_string}\"},\"query-input\":{\"@type\":\"PropertyValueSpecification\",\"valueRequired\":true,\"valueName\":\"search_term_string\"}}],\"inLanguage\":\"lt-LT\"},{\"@type\":\"Organization\",\"@id\":\"https:\\\/\\\/kaunokolegija.lt\\\/mf\\\/#organization\",\"name\":\"Kauno kolegija\",\"url\":\"https:\\\/\\\/kaunokolegija.lt\\\/mf\\\/\",\"logo\":{\"@type\":\"ImageObject\",\"inLanguage\":\"lt-LT\",\"@id\":\"https:\\\/\\\/kaunokolegija.lt\\\/mf\\\/#\\\/schema\\\/logo\\\/image\\\/\",\"url\":\"https:\\\/\\\/kaunokolegija.lt\\\/mf\\\/wp-content\\\/uploads\\\/sites\\\/15\\\/2026\\\/01\\\/cropped-KK_MF_LOGO_COLOR.png\",\"contentUrl\":\"https:\\\/\\\/kaunokolegija.lt\\\/mf\\\/wp-content\\\/uploads\\\/sites\\\/15\\\/2026\\\/01\\\/cropped-KK_MF_LOGO_COLOR.png\",\"width\":2084,\"height\":2084,\"caption\":\"Kauno kolegija\"},\"image\":{\"@id\":\"https:\\\/\\\/kaunokolegija.lt\\\/mf\\\/#\\\/schema\\\/logo\\\/image\\\/\"},\"sameAs\":[\"https:\\\/\\\/www.facebook.com\\\/Kauno.kolegija\\\/\"]}]}<\/script>\n<!-- \/ Yoast SEO plugin. -->","yoast_head_json":{"title":"Mokslo kryptys ir tyrimai - Medicinos fakultetas","robots":{"index":"index","follow":"follow","max-snippet":"max-snippet:-1","max-image-preview":"max-image-preview:large","max-video-preview":"max-video-preview:-1"},"canonical":"https:\/\/kaunokolegija.lt\/mf\/mokslo-kryptys-ir-tyrimai\/","og_locale":"lt_LT","og_type":"article","og_title":"Mokslo kryptys ir tyrimai - Medicinos fakultetas","og_description":"Kauno kolegijos Medicinos fakultete mokslininkai ir tyr\u0117jai dirba penkiose tyr\u0117j\u0173 grup\u0117se, kuri\u0173 mokslo veikla vykdoma \u0161iose mokslo kryptyse: medicinos, odontologijos, farmacijos, visuomen\u0117s sveikatos, slaugos. Medicinos ir sveikatos moksl\u0173 srityje vykdomi taikomieji tyrimai,&hellip;","og_url":"https:\/\/kaunokolegija.lt\/mf\/mokslo-kryptys-ir-tyrimai\/","og_site_name":"Medicinos fakultetas","article_publisher":"https:\/\/www.facebook.com\/Kauno.kolegija\/","article_modified_time":"2026-01-23T09:28:46+00:00","og_image":[{"width":2560,"height":1707,"url":"https:\/\/kaunokolegija.lt\/mf\/wp-content\/uploads\/sites\/15\/2025\/12\/Kauno_kolegija_II-34-2-scaled.webp","type":"image\/webp"}],"twitter_card":"summary_large_image","twitter_misc":{"Est. reading time":"1 minut\u0117"},"schema":{"@context":"https:\/\/schema.org","@graph":[{"@type":"WebPage","@id":"https:\/\/kaunokolegija.lt\/mf\/mokslo-kryptys-ir-tyrimai\/","url":"https:\/\/kaunokolegija.lt\/mf\/mokslo-kryptys-ir-tyrimai\/","name":"Mokslo kryptys ir tyrimai - Medicinos fakultetas","isPartOf":{"@id":"https:\/\/kaunokolegija.lt\/mf\/#website"},"primaryImageOfPage":{"@id":"https:\/\/kaunokolegija.lt\/mf\/mokslo-kryptys-ir-tyrimai\/#primaryimage"},"image":{"@id":"https:\/\/kaunokolegija.lt\/mf\/mokslo-kryptys-ir-tyrimai\/#primaryimage"},"thumbnailUrl":"https:\/\/kaunokolegija.lt\/mf\/wp-content\/uploads\/sites\/15\/2025\/12\/Kauno_kolegija_II-34-2-scaled.webp","datePublished":"2025-09-25T17:56:31+00:00","dateModified":"2026-01-23T09:28:46+00:00","breadcrumb":{"@id":"https:\/\/kaunokolegija.lt\/mf\/mokslo-kryptys-ir-tyrimai\/#breadcrumb"},"inLanguage":"lt-LT","potentialAction":[{"@type":"ReadAction","target":["https:\/\/kaunokolegija.lt\/mf\/mokslo-kryptys-ir-tyrimai\/"]}]},{"@type":"ImageObject","inLanguage":"lt-LT","@id":"https:\/\/kaunokolegija.lt\/mf\/mokslo-kryptys-ir-tyrimai\/#primaryimage","url":"https:\/\/kaunokolegija.lt\/mf\/wp-content\/uploads\/sites\/15\/2025\/12\/Kauno_kolegija_II-34-2-scaled.webp","contentUrl":"https:\/\/kaunokolegija.lt\/mf\/wp-content\/uploads\/sites\/15\/2025\/12\/Kauno_kolegija_II-34-2-scaled.webp","width":2560,"height":1707},{"@type":"BreadcrumbList","@id":"https:\/\/kaunokolegija.lt\/mf\/mokslo-kryptys-ir-tyrimai\/#breadcrumb","itemListElement":[{"@type":"ListItem","position":1,"name":"Home","item":"https:\/\/kaunokolegija.lt\/mf\/"},{"@type":"ListItem","position":2,"name":"Mokslo kryptys ir tyrimai"}]},{"@type":"WebSite","@id":"https:\/\/kaunokolegija.lt\/mf\/#website","url":"https:\/\/kaunokolegija.lt\/mf\/","name":"Medicinos fakultetas","description":"Kauno kolegija","publisher":{"@id":"https:\/\/kaunokolegija.lt\/mf\/#organization"},"potentialAction":[{"@type":"SearchAction","target":{"@type":"EntryPoint","urlTemplate":"https:\/\/kaunokolegija.lt\/mf\/?s={search_term_string}"},"query-input":{"@type":"PropertyValueSpecification","valueRequired":true,"valueName":"search_term_string"}}],"inLanguage":"lt-LT"},{"@type":"Organization","@id":"https:\/\/kaunokolegija.lt\/mf\/#organization","name":"Kauno kolegija","url":"https:\/\/kaunokolegija.lt\/mf\/","logo":{"@type":"ImageObject","inLanguage":"lt-LT","@id":"https:\/\/kaunokolegija.lt\/mf\/#\/schema\/logo\/image\/","url":"https:\/\/kaunokolegija.lt\/mf\/wp-content\/uploads\/sites\/15\/2026\/01\/cropped-KK_MF_LOGO_COLOR.png","contentUrl":"https:\/\/kaunokolegija.lt\/mf\/wp-content\/uploads\/sites\/15\/2026\/01\/cropped-KK_MF_LOGO_COLOR.png","width":2084,"height":2084,"caption":"Kauno kolegija"},"image":{"@id":"https:\/\/kaunokolegija.lt\/mf\/#\/schema\/logo\/image\/"},"sameAs":["https:\/\/www.facebook.com\/Kauno.kolegija\/"]}]}},"_links":{"self":[{"href":"https:\/\/kaunokolegija.lt\/mf\/wp-json\/wp\/v2\/pages\/276179","targetHints":{"allow":["GET"]}}],"collection":[{"href":"https:\/\/kaunokolegija.lt\/mf\/wp-json\/wp\/v2\/pages"}],"about":[{"href":"https:\/\/kaunokolegija.lt\/mf\/wp-json\/wp\/v2\/types\/page"}],"author":[{"embeddable":true,"href":"https:\/\/kaunokolegija.lt\/mf\/wp-json\/wp\/v2\/users\/1"}],"replies":[{"embeddable":true,"href":"https:\/\/kaunokolegija.lt\/mf\/wp-json\/wp\/v2\/comments?post=276179"}],"version-history":[{"count":6,"href":"https:\/\/kaunokolegija.lt\/mf\/wp-json\/wp\/v2\/pages\/276179\/revisions"}],"predecessor-version":[{"id":276563,"href":"https:\/\/kaunokolegija.lt\/mf\/wp-json\/wp\/v2\/pages\/276179\/revisions\/276563"}],"wp:featuredmedia":[{"embeddable":true,"href":"https:\/\/kaunokolegija.lt\/mf\/wp-json\/wp\/v2\/media\/276517"}],"wp:attachment":[{"href":"https:\/\/kaunokolegija.lt\/mf\/wp-json\/wp\/v2\/media?parent=276179"}],"curies":[{"name":"wp","href":"https:\/\/api.w.org\/{rel}","templated":true}]}}