{"id":276171,"date":"2025-09-25T17:46:41","date_gmt":"2025-09-25T17:46:41","guid":{"rendered":"https:\/\/royalpeacock.agency\/kk\/mf1\/?page_id=276171"},"modified":"2026-01-23T09:26:40","modified_gmt":"2026-01-23T09:26:40","slug":"stojamieji-egzaminai","status":"publish","type":"page","link":"https:\/\/kaunokolegija.lt\/mf\/stojamieji-egzaminai\/","title":{"rendered":"Stojamieji egzaminai"},"content":{"rendered":"\n<div class=\"wp-block-columns top-p is-layout-flex wp-container-core-columns-is-layout-28f84493 wp-block-columns-is-layout-flex\">\n<div class=\"wp-block-column has-global-padding is-layout-constrained wp-container-core-column-is-layout-d0f22c05 wp-block-column-is-layout-constrained\">\n<div class=\"wp-block-columns abcd has-background is-layout-flex wp-container-core-columns-is-layout-28f84493 wp-block-columns-is-layout-flex\" style=\"background-color:#f9f9f9\">\n<div class=\"wp-block-column is-layout-flow wp-block-column-is-layout-flow\" style=\"padding-top:0;padding-right:0;padding-bottom:0;padding-left:0\">\n<p class=\"has-text-color has-link-color wp-elements-196548178a76d55d81472b5d120e9d6a\" style=\"color:#221e1e;margin-top:8px;margin-bottom:8px\">Asmenims, stojantiems \u012f Dant\u0173 technologijos studij\u0173 program\u0105, privalomas stojamasis manualini\u0173 geb\u0117jim\u0173 patikrinimo testas.<\/p>\n\n\n\n<p class=\"has-text-color has-link-color wp-elements-66529f3685fea4a03c5f70c103021480\" style=\"color:#221e1e;margin-top:8px;margin-bottom:8px\">Pasiruo\u0161ti stojamajam testui asmenys gali savaranki\u0161kai arba lankydami parengiamuosius kursus Medicinos fakultete.<\/p>\n\n\n\n<p class=\"has-text-color has-link-color wp-elements-99c8acf81ae6ca1f3a62579d96fbdd2d\" style=\"color:#221e1e;margin-top:8px;margin-bottom:8px\">Daugiau informacijos apie stojam\u0105j\u012f egzamin\u0105 galite rasti<strong> <a href=\"https:\/\/kaunokolegija.lt\/informacija-apie-priemima\/\" data-type=\"internal\" data-id=\"#Pretenduojant-\u012f-Dant\u0173-technologijos-studij\u0173-program\u0105\" target=\"_blank\" rel=\"noreferrer noopener\">\u010dia<\/a><\/strong>.<\/p>\n<\/div>\n<\/div>\n<\/div>\n<\/div>\n\n\n\n<div class=\"wp-block-columns has-background is-layout-flex wp-container-core-columns-is-layout-542316ff wp-block-columns-is-layout-flex\" id=\"top-p\" style=\"background-color:#ffffff00;margin-top:var(--wp--preset--spacing--m);margin-bottom:var(--wp--preset--spacing--m);padding-top:var(--wp--preset--spacing--xs);padding-right:var(--wp--preset--spacing--xs);padding-bottom:var(--wp--preset--spacing--xs);padding-left:var(--wp--preset--spacing--xs)\">\n<div class=\"wp-block-column has-global-padding is-content-justification-center is-layout-constrained wp-block-column-is-layout-constrained\">\n<div class=\"wp-block-columns abcd has-background is-layout-flex wp-container-core-columns-is-layout-28f84493 wp-block-columns-is-layout-flex\" style=\"background-color:#f9f9f9\">\n<div class=\"wp-block-column is-layout-flow wp-block-column-is-layout-flow\" style=\"padding-top:0;padding-right:0;padding-bottom:0;padding-left:0\">\n<p class=\"has-contrast-alt-color has-text-color has-link-color has-m-font-size wp-elements-fb8953e3a0322c4cca79a1fe0f5b0bae\"><strong>Kontaktiniai asmenys:<\/strong><\/p>\n\n\n\n<p class=\"has-text-color has-link-color wp-elements-9d9054273b35379e0cdc555fe085d59c\" style=\"color:#221e1e;margin-top:8px;margin-bottom:8px\">Burnos sveikatos katedros ved\u0117ja<strong> Daiva Ma\u010diulien\u0117<\/strong><\/p>\n\n\n\n<p class=\"has-text-color has-link-color wp-elements-d43592403d2a07f58dd619a1b3fe5149\" style=\"color:#221e1e;margin-top:8px;margin-bottom:8px\">K. Petrausko g. 15 &#8211; 313 kab., LT-44162, Kaunas<\/p>\n\n\n\n<p style=\"margin-top:8px;margin-bottom:8px\">Tel.:&nbsp; + 370 37 33 09 98, + 370 606 83 264 El. pa\u0161tas: <a href=\"mailto:daiva.maciuliene@kaunokolegija.lt\">daiva.maciuliene@kaunokolegija.lt<\/a><\/p>\n<\/div>\n<\/div>\n<\/div>\n\n\n\n<div class=\"wp-block-column has-global-padding is-content-justification-center is-layout-constrained wp-block-column-is-layout-constrained\">\n<div class=\"wp-block-columns abcd has-background is-layout-flex wp-container-core-columns-is-layout-28f84493 wp-block-columns-is-layout-flex\" style=\"background-color:#f9f9f9\">\n<div class=\"wp-block-column is-layout-flow wp-block-column-is-layout-flow\" style=\"padding-top:0;padding-right:0;padding-bottom:0;padding-left:0\">\n<p class=\"has-contrast-alt-color has-text-color has-link-color has-m-font-size wp-elements-832af5022ba66c31b65e465b3b11769f\"><strong>Neformaliojo \u0161vietimo koordinator\u0117 (<em>konsultavimas d\u0117l registracijos \u012f parengiamuosius kursus<\/em>)<\/strong><\/p>\n\n\n\n<p class=\"has-text-color has-link-color wp-elements-0dbd988b0e5df763954b1ff95be3420a\" style=\"color:#221e1e;margin-top:8px;margin-bottom:8px\"><strong>Violeta Armolaitien\u0117<\/strong><\/p>\n\n\n\n<p class=\"has-text-color has-link-color wp-elements-74a6b0b0a0a10c1f46aebface71c6f81\" style=\"color:#221e1e;margin-top:8px;margin-bottom:8px\">K. Petrausko g. 15 &#8211; 216 kab., LT-44162, Kaunas<\/p>\n\n\n\n<p style=\"margin-top:8px;margin-bottom:8px\">Tel.:&nbsp; + 370 37 33 27 78 El. pa\u0161tas: <a href=\"mailto:violeta.armolaitiene@kaunokolegija.lt\">violeta.armolaitiene@kaunokolegija.lt<\/a><\/p>\n<\/div>\n<\/div>\n<\/div>\n<\/div>\n","protected":false},"excerpt":{"rendered":"<p>Asmenims, stojantiems \u012f Dant\u0173 technologijos studij\u0173 program\u0105, privalomas stojamasis manualini\u0173 geb\u0117jim\u0173 patikrinimo testas. Pasiruo\u0161ti stojamajam testui asmenys gali savaranki\u0161kai arba lankydami parengiamuosius kursus Medicinos fakultete. Daugiau informacijos apie stojam\u0105j\u012f egzamin\u0105 galite rasti&hellip;<\/p>\n","protected":false},"author":1,"featured_media":276334,"parent":0,"menu_order":0,"comment_status":"closed","ping_status":"closed","template":"","meta":{"footnotes":""},"class_list":["post-276171","page","type-page","status-publish","has-post-thumbnail","hentry"],"yoast_head":"<!-- This site is optimized with the Yoast SEO plugin v27.4 - https:\/\/yoast.com\/product\/yoast-seo-wordpress\/ -->\n<title>Stojamieji egzaminai - Medicinos fakultetas<\/title>\n<meta name=\"robots\" content=\"index, follow, max-snippet:-1, max-image-preview:large, max-video-preview:-1\" \/>\n<link rel=\"canonical\" href=\"https:\/\/kaunokolegija.lt\/mf\/stojamieji-egzaminai\/\" \/>\n<meta property=\"og:locale\" content=\"lt_LT\" \/>\n<meta property=\"og:type\" content=\"article\" \/>\n<meta property=\"og:title\" content=\"Stojamieji egzaminai - Medicinos fakultetas\" \/>\n<meta property=\"og:description\" content=\"Asmenims, stojantiems \u012f Dant\u0173 technologijos studij\u0173 program\u0105, privalomas stojamasis manualini\u0173 geb\u0117jim\u0173 patikrinimo testas. Pasiruo\u0161ti stojamajam testui asmenys gali savaranki\u0161kai arba lankydami parengiamuosius kursus Medicinos fakultete. Daugiau informacijos apie stojam\u0105j\u012f egzamin\u0105 galite rasti&hellip;\" \/>\n<meta property=\"og:url\" content=\"https:\/\/kaunokolegija.lt\/mf\/stojamieji-egzaminai\/\" \/>\n<meta property=\"og:site_name\" content=\"Medicinos fakultetas\" \/>\n<meta property=\"article:publisher\" content=\"https:\/\/www.facebook.com\/Kauno.kolegija\/\" \/>\n<meta property=\"article:modified_time\" content=\"2026-01-23T09:26:40+00:00\" \/>\n<meta property=\"og:image\" content=\"https:\/\/kaunokolegija.lt\/mf\/wp-content\/uploads\/sites\/15\/2025\/11\/Dantu_technologijos_1-scaled.webp\" \/>\n\t<meta property=\"og:image:width\" content=\"2560\" \/>\n\t<meta property=\"og:image:height\" content=\"1707\" \/>\n\t<meta property=\"og:image:type\" content=\"image\/webp\" \/>\n<meta name=\"twitter:card\" content=\"summary_large_image\" \/>\n<script type=\"application\/ld+json\" class=\"yoast-schema-graph\">{\"@context\":\"https:\\\/\\\/schema.org\",\"@graph\":[{\"@type\":\"WebPage\",\"@id\":\"https:\\\/\\\/kaunokolegija.lt\\\/mf\\\/stojamieji-egzaminai\\\/\",\"url\":\"https:\\\/\\\/kaunokolegija.lt\\\/mf\\\/stojamieji-egzaminai\\\/\",\"name\":\"Stojamieji egzaminai - Medicinos fakultetas\",\"isPartOf\":{\"@id\":\"https:\\\/\\\/kaunokolegija.lt\\\/mf\\\/#website\"},\"primaryImageOfPage\":{\"@id\":\"https:\\\/\\\/kaunokolegija.lt\\\/mf\\\/stojamieji-egzaminai\\\/#primaryimage\"},\"image\":{\"@id\":\"https:\\\/\\\/kaunokolegija.lt\\\/mf\\\/stojamieji-egzaminai\\\/#primaryimage\"},\"thumbnailUrl\":\"https:\\\/\\\/kaunokolegija.lt\\\/mf\\\/wp-content\\\/uploads\\\/sites\\\/15\\\/2025\\\/11\\\/Dantu_technologijos_1-scaled.webp\",\"datePublished\":\"2025-09-25T17:46:41+00:00\",\"dateModified\":\"2026-01-23T09:26:40+00:00\",\"breadcrumb\":{\"@id\":\"https:\\\/\\\/kaunokolegija.lt\\\/mf\\\/stojamieji-egzaminai\\\/#breadcrumb\"},\"inLanguage\":\"lt-LT\",\"potentialAction\":[{\"@type\":\"ReadAction\",\"target\":[\"https:\\\/\\\/kaunokolegija.lt\\\/mf\\\/stojamieji-egzaminai\\\/\"]}]},{\"@type\":\"ImageObject\",\"inLanguage\":\"lt-LT\",\"@id\":\"https:\\\/\\\/kaunokolegija.lt\\\/mf\\\/stojamieji-egzaminai\\\/#primaryimage\",\"url\":\"https:\\\/\\\/kaunokolegija.lt\\\/mf\\\/wp-content\\\/uploads\\\/sites\\\/15\\\/2025\\\/11\\\/Dantu_technologijos_1-scaled.webp\",\"contentUrl\":\"https:\\\/\\\/kaunokolegija.lt\\\/mf\\\/wp-content\\\/uploads\\\/sites\\\/15\\\/2025\\\/11\\\/Dantu_technologijos_1-scaled.webp\",\"width\":2560,\"height\":1707},{\"@type\":\"BreadcrumbList\",\"@id\":\"https:\\\/\\\/kaunokolegija.lt\\\/mf\\\/stojamieji-egzaminai\\\/#breadcrumb\",\"itemListElement\":[{\"@type\":\"ListItem\",\"position\":1,\"name\":\"Home\",\"item\":\"https:\\\/\\\/kaunokolegija.lt\\\/mf\\\/\"},{\"@type\":\"ListItem\",\"position\":2,\"name\":\"Stojamieji egzaminai\"}]},{\"@type\":\"WebSite\",\"@id\":\"https:\\\/\\\/kaunokolegija.lt\\\/mf\\\/#website\",\"url\":\"https:\\\/\\\/kaunokolegija.lt\\\/mf\\\/\",\"name\":\"Medicinos fakultetas\",\"description\":\"Kauno kolegija\",\"publisher\":{\"@id\":\"https:\\\/\\\/kaunokolegija.lt\\\/mf\\\/#organization\"},\"potentialAction\":[{\"@type\":\"SearchAction\",\"target\":{\"@type\":\"EntryPoint\",\"urlTemplate\":\"https:\\\/\\\/kaunokolegija.lt\\\/mf\\\/?s={search_term_string}\"},\"query-input\":{\"@type\":\"PropertyValueSpecification\",\"valueRequired\":true,\"valueName\":\"search_term_string\"}}],\"inLanguage\":\"lt-LT\"},{\"@type\":\"Organization\",\"@id\":\"https:\\\/\\\/kaunokolegija.lt\\\/mf\\\/#organization\",\"name\":\"Kauno kolegija\",\"url\":\"https:\\\/\\\/kaunokolegija.lt\\\/mf\\\/\",\"logo\":{\"@type\":\"ImageObject\",\"inLanguage\":\"lt-LT\",\"@id\":\"https:\\\/\\\/kaunokolegija.lt\\\/mf\\\/#\\\/schema\\\/logo\\\/image\\\/\",\"url\":\"https:\\\/\\\/kaunokolegija.lt\\\/mf\\\/wp-content\\\/uploads\\\/sites\\\/15\\\/2026\\\/01\\\/cropped-KK_MF_LOGO_COLOR.png\",\"contentUrl\":\"https:\\\/\\\/kaunokolegija.lt\\\/mf\\\/wp-content\\\/uploads\\\/sites\\\/15\\\/2026\\\/01\\\/cropped-KK_MF_LOGO_COLOR.png\",\"width\":2084,\"height\":2084,\"caption\":\"Kauno kolegija\"},\"image\":{\"@id\":\"https:\\\/\\\/kaunokolegija.lt\\\/mf\\\/#\\\/schema\\\/logo\\\/image\\\/\"},\"sameAs\":[\"https:\\\/\\\/www.facebook.com\\\/Kauno.kolegija\\\/\"]}]}<\/script>\n<!-- \/ Yoast SEO plugin. -->","yoast_head_json":{"title":"Stojamieji egzaminai - Medicinos fakultetas","robots":{"index":"index","follow":"follow","max-snippet":"max-snippet:-1","max-image-preview":"max-image-preview:large","max-video-preview":"max-video-preview:-1"},"canonical":"https:\/\/kaunokolegija.lt\/mf\/stojamieji-egzaminai\/","og_locale":"lt_LT","og_type":"article","og_title":"Stojamieji egzaminai - Medicinos fakultetas","og_description":"Asmenims, stojantiems \u012f Dant\u0173 technologijos studij\u0173 program\u0105, privalomas stojamasis manualini\u0173 geb\u0117jim\u0173 patikrinimo testas. Pasiruo\u0161ti stojamajam testui asmenys gali savaranki\u0161kai arba lankydami parengiamuosius kursus Medicinos fakultete. Daugiau informacijos apie stojam\u0105j\u012f egzamin\u0105 galite rasti&hellip;","og_url":"https:\/\/kaunokolegija.lt\/mf\/stojamieji-egzaminai\/","og_site_name":"Medicinos fakultetas","article_publisher":"https:\/\/www.facebook.com\/Kauno.kolegija\/","article_modified_time":"2026-01-23T09:26:40+00:00","og_image":[{"width":2560,"height":1707,"url":"https:\/\/kaunokolegija.lt\/mf\/wp-content\/uploads\/sites\/15\/2025\/11\/Dantu_technologijos_1-scaled.webp","type":"image\/webp"}],"twitter_card":"summary_large_image","schema":{"@context":"https:\/\/schema.org","@graph":[{"@type":"WebPage","@id":"https:\/\/kaunokolegija.lt\/mf\/stojamieji-egzaminai\/","url":"https:\/\/kaunokolegija.lt\/mf\/stojamieji-egzaminai\/","name":"Stojamieji egzaminai - Medicinos fakultetas","isPartOf":{"@id":"https:\/\/kaunokolegija.lt\/mf\/#website"},"primaryImageOfPage":{"@id":"https:\/\/kaunokolegija.lt\/mf\/stojamieji-egzaminai\/#primaryimage"},"image":{"@id":"https:\/\/kaunokolegija.lt\/mf\/stojamieji-egzaminai\/#primaryimage"},"thumbnailUrl":"https:\/\/kaunokolegija.lt\/mf\/wp-content\/uploads\/sites\/15\/2025\/11\/Dantu_technologijos_1-scaled.webp","datePublished":"2025-09-25T17:46:41+00:00","dateModified":"2026-01-23T09:26:40+00:00","breadcrumb":{"@id":"https:\/\/kaunokolegija.lt\/mf\/stojamieji-egzaminai\/#breadcrumb"},"inLanguage":"lt-LT","potentialAction":[{"@type":"ReadAction","target":["https:\/\/kaunokolegija.lt\/mf\/stojamieji-egzaminai\/"]}]},{"@type":"ImageObject","inLanguage":"lt-LT","@id":"https:\/\/kaunokolegija.lt\/mf\/stojamieji-egzaminai\/#primaryimage","url":"https:\/\/kaunokolegija.lt\/mf\/wp-content\/uploads\/sites\/15\/2025\/11\/Dantu_technologijos_1-scaled.webp","contentUrl":"https:\/\/kaunokolegija.lt\/mf\/wp-content\/uploads\/sites\/15\/2025\/11\/Dantu_technologijos_1-scaled.webp","width":2560,"height":1707},{"@type":"BreadcrumbList","@id":"https:\/\/kaunokolegija.lt\/mf\/stojamieji-egzaminai\/#breadcrumb","itemListElement":[{"@type":"ListItem","position":1,"name":"Home","item":"https:\/\/kaunokolegija.lt\/mf\/"},{"@type":"ListItem","position":2,"name":"Stojamieji egzaminai"}]},{"@type":"WebSite","@id":"https:\/\/kaunokolegija.lt\/mf\/#website","url":"https:\/\/kaunokolegija.lt\/mf\/","name":"Medicinos fakultetas","description":"Kauno kolegija","publisher":{"@id":"https:\/\/kaunokolegija.lt\/mf\/#organization"},"potentialAction":[{"@type":"SearchAction","target":{"@type":"EntryPoint","urlTemplate":"https:\/\/kaunokolegija.lt\/mf\/?s={search_term_string}"},"query-input":{"@type":"PropertyValueSpecification","valueRequired":true,"valueName":"search_term_string"}}],"inLanguage":"lt-LT"},{"@type":"Organization","@id":"https:\/\/kaunokolegija.lt\/mf\/#organization","name":"Kauno kolegija","url":"https:\/\/kaunokolegija.lt\/mf\/","logo":{"@type":"ImageObject","inLanguage":"lt-LT","@id":"https:\/\/kaunokolegija.lt\/mf\/#\/schema\/logo\/image\/","url":"https:\/\/kaunokolegija.lt\/mf\/wp-content\/uploads\/sites\/15\/2026\/01\/cropped-KK_MF_LOGO_COLOR.png","contentUrl":"https:\/\/kaunokolegija.lt\/mf\/wp-content\/uploads\/sites\/15\/2026\/01\/cropped-KK_MF_LOGO_COLOR.png","width":2084,"height":2084,"caption":"Kauno kolegija"},"image":{"@id":"https:\/\/kaunokolegija.lt\/mf\/#\/schema\/logo\/image\/"},"sameAs":["https:\/\/www.facebook.com\/Kauno.kolegija\/"]}]}},"_links":{"self":[{"href":"https:\/\/kaunokolegija.lt\/mf\/wp-json\/wp\/v2\/pages\/276171","targetHints":{"allow":["GET"]}}],"collection":[{"href":"https:\/\/kaunokolegija.lt\/mf\/wp-json\/wp\/v2\/pages"}],"about":[{"href":"https:\/\/kaunokolegija.lt\/mf\/wp-json\/wp\/v2\/types\/page"}],"author":[{"embeddable":true,"href":"https:\/\/kaunokolegija.lt\/mf\/wp-json\/wp\/v2\/users\/1"}],"replies":[{"embeddable":true,"href":"https:\/\/kaunokolegija.lt\/mf\/wp-json\/wp\/v2\/comments?post=276171"}],"version-history":[{"count":6,"href":"https:\/\/kaunokolegija.lt\/mf\/wp-json\/wp\/v2\/pages\/276171\/revisions"}],"predecessor-version":[{"id":276558,"href":"https:\/\/kaunokolegija.lt\/mf\/wp-json\/wp\/v2\/pages\/276171\/revisions\/276558"}],"wp:featuredmedia":[{"embeddable":true,"href":"https:\/\/kaunokolegija.lt\/mf\/wp-json\/wp\/v2\/media\/276334"}],"wp:attachment":[{"href":"https:\/\/kaunokolegija.lt\/mf\/wp-json\/wp\/v2\/media?parent=276171"}],"curies":[{"name":"wp","href":"https:\/\/api.w.org\/{rel}","templated":true}]}}