{"id":276158,"date":"2025-09-25T17:44:01","date_gmt":"2025-09-25T17:44:01","guid":{"rendered":"https:\/\/royalpeacock.agency\/kk\/mf1\/?page_id=276158"},"modified":"2026-01-23T09:29:17","modified_gmt":"2026-01-23T09:29:17","slug":"mokslo-tyreju-grupes","status":"publish","type":"page","link":"https:\/\/kaunokolegija.lt\/mf\/mokslo-tyreju-grupes\/","title":{"rendered":"Mokslo tyr\u0117j\u0173 grup\u0117s"},"content":{"rendered":"\n<div class=\"wp-block-columns top-p is-layout-flex wp-container-core-columns-is-layout-28f84493 wp-block-columns-is-layout-flex\">\n<div class=\"wp-block-column has-global-padding is-layout-constrained wp-container-core-column-is-layout-d0f22c05 wp-block-column-is-layout-constrained\">\n<div class=\"wp-block-columns abcd has-background is-layout-flex wp-container-core-columns-is-layout-28f84493 wp-block-columns-is-layout-flex\" style=\"background-color:#f9f9f9\">\n<div class=\"wp-block-column is-layout-flow wp-block-column-is-layout-flow\" style=\"padding-top:0;padding-right:0;padding-bottom:0;padding-left:0\">\n<p class=\"is-style-justify\" style=\"margin-top:8px;margin-bottom:8px\">Medicinos fakultete veikia 5 tyr\u0117j\u0173 grup\u0117s:<br>1. <strong><a href=\"#Visuomen\u0117s-sveikatos-stiprinimo-grup\u0117\">Visuomen\u0117s sveikatos stiprinimas<\/a><\/strong><br>2. <strong><a href=\"#Sveikatos-prie\u017ei\u016bros-paslaug\u0173-tobulinimo-grup\u0117\">Sveikatos prie\u017ei\u016bros paslaug\u0173 tobulinimas<\/a><\/strong><br>3. <strong><a href=\"#Medicinos-technologij\u0173-tyrim\u0173-grup\u0117\">Medicinos technologij\u0173 tyrimai.<\/a><\/strong> Mikrobiologini\u0173, genetini\u0173, fizikini\u0173, chemini\u0173, biochemini\u0173 ir radiologini\u0173 tyrim\u0173 vystymas.<br>4. <strong><a href=\"#Reabilitacija-ir-gyvenimo-kokyb\u0117s-tyr\u0117j\u0173-grup\u0117\" data-type=\"internal\" data-id=\"#Reabilitacija-ir-gyvenimo-kokyb\u0117s-tyr\u0117j\u0173-grup\u0117\">Reabilitacija ir gyvenimo kokyb\u0117<\/a><\/strong><br>5. <strong><a href=\"#Am\u017e\u0117jimo-proces\u0173-valdymo-ir-prevencijos-grup\u0117\" data-type=\"internal\" data-id=\"#Am\u017e\u0117jimo-proces\u0173-valdymo-ir-prevencijos-grup\u0117\">Am\u017e\u0117jimo proces\u0173 valdymas ir prevencija<\/a><\/strong><\/p>\n\n\n\n<p class=\"is-style-justify\" style=\"margin-top:8px;margin-bottom:8px\">Mokslo veikla vykdoma penkiose mokslo srityse: medicinos, odontologijos, farmacijos, visuomen\u0117s sveikatos, slaugos.<\/p>\n<\/div>\n\n\n\n<div class=\"wp-block-column is-layout-flow wp-block-column-is-layout-flow\" style=\"flex-basis:40%\">\n<figure class=\"wp-block-image aligncenter size-full\" style=\"margin-top:0;margin-bottom:0\"><img loading=\"lazy\" decoding=\"async\" width=\"2560\" height=\"1707\" src=\"https:\/\/kaunokolegija.lt\/mf\/wp-content\/uploads\/sites\/15\/2025\/12\/Kauno_kolegija_mikroskopas-1-scaled.webp\" alt=\"\" class=\"wp-image-276524\" srcset=\"https:\/\/kaunokolegija.lt\/mf\/wp-content\/uploads\/sites\/15\/2025\/12\/Kauno_kolegija_mikroskopas-1-scaled.webp 2560w, https:\/\/kaunokolegija.lt\/mf\/wp-content\/uploads\/sites\/15\/2025\/12\/Kauno_kolegija_mikroskopas-1-300x200.webp 300w, https:\/\/kaunokolegija.lt\/mf\/wp-content\/uploads\/sites\/15\/2025\/12\/Kauno_kolegija_mikroskopas-1-1024x683.webp 1024w, https:\/\/kaunokolegija.lt\/mf\/wp-content\/uploads\/sites\/15\/2025\/12\/Kauno_kolegija_mikroskopas-1-768x512.webp 768w, https:\/\/kaunokolegija.lt\/mf\/wp-content\/uploads\/sites\/15\/2025\/12\/Kauno_kolegija_mikroskopas-1-1536x1024.webp 1536w, https:\/\/kaunokolegija.lt\/mf\/wp-content\/uploads\/sites\/15\/2025\/12\/Kauno_kolegija_mikroskopas-1-2048x1365.webp 2048w, https:\/\/kaunokolegija.lt\/mf\/wp-content\/uploads\/sites\/15\/2025\/12\/Kauno_kolegija_mikroskopas-1-600x400.webp 600w\" sizes=\"auto, (max-width: 2560px) 100vw, 2560px\" \/><\/figure>\n<\/div>\n<\/div>\n<\/div>\n<\/div>\n\n\n\n<div class=\"wp-block-columns is-layout-flex wp-container-core-columns-is-layout-28f84493 wp-block-columns-is-layout-flex\">\n<div class=\"wp-block-column is-layout-flow wp-block-column-is-layout-flow\" style=\"flex-basis:100%\">\n<div class=\"wp-block-columns is-layout-flex wp-container-core-columns-is-layout-28f84493 wp-block-columns-is-layout-flex\">\n<div class=\"wp-block-column has-background is-layout-flow wp-block-column-is-layout-flow\" style=\"border-style:none;border-width:0px;border-radius:0px;background-color:#399e97;padding-top:1.2em;padding-bottom:1.2em;flex-basis:100%\">\n<p class=\"has-base-color has-text-color has-link-color has-l-font-size wp-elements-b97b9a4ec380f432483347aa201528cd\" id=\"Visuomen\u0117s-sveikatos-stiprinimo-grup\u0117\" style=\"padding-right:3.5rem;padding-left:3.5rem\"><strong><strong>Visuomen\u0117s sveikatos stiprinimo grup\u0117<\/strong><\/strong><\/p>\n<\/div>\n<\/div>\n<\/div>\n<\/div>\n\n\n\n<div class=\"wp-block-columns top-p is-layout-flex wp-container-core-columns-is-layout-28f84493 wp-block-columns-is-layout-flex\">\n<div class=\"wp-block-column has-global-padding is-layout-constrained wp-container-core-column-is-layout-d0f22c05 wp-block-column-is-layout-constrained\">\n<div class=\"wp-block-columns abcd has-background is-layout-flex wp-container-core-columns-is-layout-28f84493 wp-block-columns-is-layout-flex\" style=\"background-color:#f9f9f9\">\n<div class=\"wp-block-column is-layout-flow wp-block-column-is-layout-flow\" style=\"padding-top:0;padding-right:0;padding-bottom:0;padding-left:0\">\n<p><strong>Visuomen\u0117s sveikatos stiprinimo grup\u0117s<\/strong> vadov\u0117<strong> doc<\/strong>. <strong>dr. Yvonne Andrea Bern Werkhoven<\/strong> (el. p.: <a href=\"mailto:yvonne.werhoven@kaunokolegija.lt\">yvonne.werhoven@kaunokolegija.lt<\/a>).<\/p>\n\n\n\n<p class=\"is-style-justify\">\u0160i tyr\u0117j\u0173 grup\u0117 aktyviai dalyvauja visuomen\u0117s sveikatos, burnos sveikatos tyrimuose. Grup\u0117 atliepia socialini\u0173 partneri\u0173, vie\u0161\u0173j\u0173 organizacij\u0173, verslo poreikius.<\/p>\n\n\n\n<p class=\"is-style-justify\" style=\"margin-top:8px;margin-bottom:8px\">\u0160iuo metu atliekami MTEP tyrimai atliepiantys vyresnio am\u017eiaus asmen\u0173 gyvensenos ir gyvenimo kokyb\u0117s gerinim\u0105 taikant kaniterapij\u0105. Taip pat dirbama su hidroksiapatitu siekiant \u012frodyti jo poveik\u012f dant\u0173 emaliui.<\/p>\n<\/div>\n<\/div>\n<\/div>\n<\/div>\n\n\n\n<div class=\"wp-block-columns is-layout-flex wp-container-core-columns-is-layout-28f84493 wp-block-columns-is-layout-flex\">\n<div class=\"wp-block-column is-layout-flow wp-block-column-is-layout-flow\">\n<div class=\"wp-block-columns is-layout-flex wp-container-core-columns-is-layout-28f84493 wp-block-columns-is-layout-flex\">\n<div class=\"wp-block-column has-background is-layout-flow wp-block-column-is-layout-flow\" style=\"border-style:none;border-width:0px;border-radius:0px;background-color:#399e97;padding-top:1.2em;padding-bottom:1.2em\">\n<p class=\"has-base-color has-text-color has-link-color has-l-font-size wp-elements-15afc1b7d8eb9e7c9a948200a241402a\" id=\"Sveikatos-prie\u017ei\u016bros-paslaug\u0173-tobulinimo-grup\u0117\" style=\"padding-right:3.5rem;padding-left:3.5rem\"><strong>Sveikatos prie\u017ei\u016bros paslaug\u0173 tobulinimo grup\u0117<\/strong><\/p>\n<\/div>\n<\/div>\n<\/div>\n<\/div>\n\n\n\n<div class=\"wp-block-columns top-p is-layout-flex wp-container-core-columns-is-layout-28f84493 wp-block-columns-is-layout-flex\">\n<div class=\"wp-block-column has-global-padding is-layout-constrained wp-container-core-column-is-layout-d0f22c05 wp-block-column-is-layout-constrained\">\n<div class=\"wp-block-columns abcd has-background is-layout-flex wp-container-core-columns-is-layout-28f84493 wp-block-columns-is-layout-flex\" style=\"background-color:#f9f9f9\">\n<div class=\"wp-block-column is-layout-flow wp-block-column-is-layout-flow\" style=\"padding-top:0;padding-right:0;padding-bottom:0;padding-left:0\">\n<p class=\"is-style-justify\"><strong>Sveikatos prie\u017ei\u016bros paslaug\u0173 tobulinimo grup\u0117s<\/strong> vadov\u0117 <strong>doc. dr. Viktorija Pi\u0161\u010dalkien\u0117<\/strong> (el. p.: <a href=\"mailto:viktorija.piscalkiene@kaunokolegija.lt\">viktorija.piscalkiene@kaunokolegija.lt<\/a>) sub\u016br\u0117 profesionali\u0105, itin reikli\u0105 mokslinink\u0173 komand\u0105. \u0160i tyr\u0117j\u0173 grup\u0117 intensyviai dirba atliepiant slaugos priemoni\u0173 naudojimo efektyvumo optimali\u0173 algoritm\u0173 sudarym\u0105, \u012fvertinant slaugytoj\u0173 darbo, pacient\u0173 gyvenimo kokyb\u0119. Taip pat atliekami tyrimai aku\u0161erijos srityje.<\/p>\n\n\n\n<p class=\"is-style-justify\" style=\"margin-top:8px;margin-bottom:8px\">\u0160iuo metu atliekami MTEP tyrimai su \u017eaizd\u0173 u\u017edarymo priemon\u0117mis, inovatyviais pleistrais.<\/p>\n<\/div>\n<\/div>\n<\/div>\n<\/div>\n\n\n\n<div class=\"wp-block-columns is-layout-flex wp-container-core-columns-is-layout-28f84493 wp-block-columns-is-layout-flex\">\n<div class=\"wp-block-column is-layout-flow wp-block-column-is-layout-flow\">\n<div class=\"wp-block-columns is-layout-flex wp-container-core-columns-is-layout-28f84493 wp-block-columns-is-layout-flex\">\n<div class=\"wp-block-column has-background is-layout-flow wp-block-column-is-layout-flow\" style=\"border-style:none;border-width:0px;border-radius:0px;background-color:#399e97;padding-top:1.2em;padding-bottom:1.2em\">\n<p class=\"has-base-color has-text-color has-link-color has-l-font-size wp-elements-8962e58d6a3b4ed1de011ef613a790da\" id=\"Medicinos-technologij\u0173-tyrim\u0173-grup\u0117\" style=\"padding-right:3.5rem;padding-left:3.5rem\"><strong>Medicinos technologij\u0173 tyrim\u0173<\/strong> <strong>grup\u0117<\/strong><\/p>\n<\/div>\n<\/div>\n<\/div>\n<\/div>\n\n\n\n<div class=\"wp-block-columns top-p is-layout-flex wp-container-core-columns-is-layout-28f84493 wp-block-columns-is-layout-flex\">\n<div class=\"wp-block-column has-global-padding is-layout-constrained wp-container-core-column-is-layout-d0f22c05 wp-block-column-is-layout-constrained\">\n<div class=\"wp-block-columns abcd has-background is-layout-flex wp-container-core-columns-is-layout-28f84493 wp-block-columns-is-layout-flex\" style=\"background-color:#f9f9f9\">\n<div class=\"wp-block-column is-layout-flow wp-block-column-is-layout-flow\" style=\"padding-top:0;padding-right:0;padding-bottom:0;padding-left:0\">\n<p class=\"is-style-justify\"><strong>Medicinos technologij\u0173 tyrim\u0173: mikrobiologini\u0173, genetini\u0173, fizikini\u0173, chemini\u0173, biochemini\u0173 ir radiologini\u0173 tyrim\u0173 vystymo grup\u0117s<\/strong> vadov\u0117 <strong>doc. dr. Asta Aleksandravi\u010dien\u0117<\/strong> (el. p.: <a href=\"mailto:asta.aleksandraviciene@kaunokolegija.lt\">asta.aleksandraviciene@kaunokolegija.lt<\/a>) suformavo jaun\u0173, ambicing\u0173, daugiaprofilini\u0173 mokslinink\u0173 komand\u0105, kurie jungiasi ir \u012f kit\u0173 grupi\u0173 atliekamus MTEP tyrimus.<\/p>\n\n\n\n<p class=\"is-style-justify\" style=\"margin-top:8px;margin-bottom:8px\">\u0160iuo metu atliekami MTEP tyrimai nustatant mikrobin\u0119 tar\u0161\u0105 aplinkoje, ant \u012fvairi\u0173 pavir\u0161i\u0173, priemoni\u0173 naudojam\u0173 valymui efektyvum\u0105.<\/p>\n<\/div>\n<\/div>\n<\/div>\n<\/div>\n\n\n\n<div class=\"wp-block-columns is-layout-flex wp-container-core-columns-is-layout-28f84493 wp-block-columns-is-layout-flex\">\n<div class=\"wp-block-column is-layout-flow wp-block-column-is-layout-flow\">\n<div class=\"wp-block-columns is-layout-flex wp-container-core-columns-is-layout-28f84493 wp-block-columns-is-layout-flex\">\n<div class=\"wp-block-column has-background is-layout-flow wp-block-column-is-layout-flow\" style=\"border-style:none;border-width:0px;border-radius:0px;background-color:#399e97;padding-top:1.2em;padding-bottom:1.2em\">\n<p class=\"has-base-color has-text-color has-link-color has-l-font-size wp-elements-28869b6202a58a4c3ca9c0e8449b32f3\" id=\"Reabilitacija-ir-gyvenimo-kokyb\u0117s-tyr\u0117j\u0173-grup\u0117\" style=\"padding-right:3.5rem;padding-left:3.5rem\"><strong>Reabilitacija ir gyvenimo kokyb\u0117s tyr\u0117j\u0173 grup\u0117<\/strong><\/p>\n<\/div>\n<\/div>\n<\/div>\n<\/div>\n\n\n\n<div class=\"wp-block-columns top-p is-layout-flex wp-container-core-columns-is-layout-28f84493 wp-block-columns-is-layout-flex\">\n<div class=\"wp-block-column has-global-padding is-layout-constrained wp-container-core-column-is-layout-d0f22c05 wp-block-column-is-layout-constrained\">\n<div class=\"wp-block-columns abcd has-background is-layout-flex wp-container-core-columns-is-layout-28f84493 wp-block-columns-is-layout-flex\" style=\"background-color:#f9f9f9\">\n<div class=\"wp-block-column is-layout-flow wp-block-column-is-layout-flow\" style=\"padding-top:0;padding-right:0;padding-bottom:0;padding-left:0\">\n<p class=\"is-style-justify\"><strong>Reabilitacija ir gyvenimo kokyb\u0117s tyr\u0117j\u0173 grup\u0117s<\/strong> vadov\u0117 asist. dr. Vaida Borkertien\u0117 (el. p.: <a href=\"mailto:vaida.borkertiene@kaunokolegija.lt\">vaida.borkertiene@kaunokolegija.lt<\/a>) jungia patyrusi\u0173, motyvuot\u0173 tyr\u0117j\u0173 komand\u0105. \u0160i tyr\u0117j\u0173 grup\u0117 specializuojasi reabilitacijos priemoni\u0173 tikslinio pritaikomumo moduli\u0173 k\u016brime, individualizuot\u0173 proced\u016br\u0173 aktualumo, lig\u0173 prevencijos, gyvenimo kokyb\u0117s gerinimo algoritm\u0173 rengime.<\/p>\n\n\n\n<p class=\"is-style-justify\" style=\"margin-top:8px;margin-bottom:8px\">\u0160iuo metu atliekami MTEP tyrimai atliekami atliepiant vyresnio am\u017eiaus asmen\u0173 raumen\u0173 j\u0117gos didinimo ir sarkopenijos prevencijos poreikius.<\/p>\n<\/div>\n<\/div>\n<\/div>\n<\/div>\n\n\n\n<div class=\"wp-block-columns is-layout-flex wp-container-core-columns-is-layout-28f84493 wp-block-columns-is-layout-flex\">\n<div class=\"wp-block-column is-layout-flow wp-block-column-is-layout-flow\">\n<div class=\"wp-block-columns is-layout-flex wp-container-core-columns-is-layout-28f84493 wp-block-columns-is-layout-flex\">\n<div class=\"wp-block-column has-background is-layout-flow wp-block-column-is-layout-flow\" style=\"border-style:none;border-width:0px;border-radius:0px;background-color:#399e97;padding-top:1.2em;padding-bottom:1.2em\">\n<p class=\"has-base-color has-text-color has-link-color has-l-font-size wp-elements-59a20fecad57880c2e31035a7f1a5c6c\" id=\"Am\u017e\u0117jimo-proces\u0173-valdymo-ir-prevencijos-grup\u0117\" style=\"padding-right:3.5rem;padding-left:3.5rem\"><strong><strong>Am\u017e\u0117jimo proces\u0173 valdymo ir prevencijos grup\u0117<\/strong><\/strong><\/p>\n<\/div>\n<\/div>\n<\/div>\n<\/div>\n\n\n\n<div class=\"wp-block-columns top-p is-layout-flex wp-container-core-columns-is-layout-0b243bce wp-block-columns-is-layout-flex\" style=\"margin-top:var(--wp--preset--spacing--s);margin-bottom:var(--wp--preset--spacing--s);padding-top:var(--wp--preset--spacing--s);padding-bottom:var(--wp--preset--spacing--s)\">\n<div class=\"wp-block-column has-global-padding is-layout-constrained wp-container-core-column-is-layout-d0f22c05 wp-block-column-is-layout-constrained\">\n<div class=\"wp-block-columns abcd has-background is-layout-flex wp-container-core-columns-is-layout-28f84493 wp-block-columns-is-layout-flex\" style=\"background-color:#f9f9f9\">\n<div class=\"wp-block-column is-layout-flow wp-block-column-is-layout-flow\" style=\"padding-top:0;padding-right:0;padding-bottom:0;padding-left:0\">\n<p class=\"is-style-justify\"><strong>Am\u017e\u0117jimo proces\u0173 valdymo ir prevencijos grup\u0117s<\/strong> vadov\u0117 <strong>doc. dr. Diana Barragan Ferrer<\/strong> (el. p.: <a href=\"mailto:diana.barragan.ferrer@kaunokolegija.lt\">diana.barragan.ferrer@kaunokolegija.lt<\/a>) stipriausios ir efektyviausiai Medicinos fakultete dirban\u010dios tyr\u0117j\u0173 grup\u0117s vadov\u0117. \u0160i grup\u0117 atliepia aktualius verslo \u012fmoni\u0173 poreikius, kosmetikos, maisto papild\u0173, skirt\u0173 gro\u017eiui ir sveikam am\u017e\u0117jimui puosel\u0117ti, srityse.<\/p>\n\n\n\n<p class=\"is-style-justify\" style=\"margin-top:8px;margin-bottom:8px\">\u0160iuo metu yra laim\u0117jusi ir pradeda vykdyti kartu su verslo \u012fmon\u0117mis 2 InoStarto projektus ir eil\u0119 MTEP tyrim\u0173 vertinan\u010di\u0173, analizuojan\u010di\u0173 papild\u0173, ekstrakt\u0173, krem\u0173 bei serum\u0173, \u0161amp\u016bn\u0173 poveik\u012f odos, plauk\u0173 rodikliams.<\/p>\n<\/div>\n<\/div>\n<\/div>\n<\/div>\n","protected":false},"excerpt":{"rendered":"<p>Medicinos fakultete veikia 5 tyr\u0117j\u0173 grup\u0117s:1. Visuomen\u0117s sveikatos stiprinimas2. Sveikatos prie\u017ei\u016bros paslaug\u0173 tobulinimas3. Medicinos technologij\u0173 tyrimai. Mikrobiologini\u0173, genetini\u0173, fizikini\u0173, chemini\u0173, biochemini\u0173 ir radiologini\u0173 tyrim\u0173 vystymas.4. Reabilitacija ir gyvenimo kokyb\u01175. Am\u017e\u0117jimo proces\u0173 valdymas&hellip;<\/p>\n","protected":false},"author":1,"featured_media":276525,"parent":0,"menu_order":0,"comment_status":"closed","ping_status":"closed","template":"","meta":{"footnotes":""},"class_list":["post-276158","page","type-page","status-publish","has-post-thumbnail","hentry"],"yoast_head":"<!-- This site is optimized with the Yoast SEO plugin v27.4 - https:\/\/yoast.com\/product\/yoast-seo-wordpress\/ -->\n<title>Mokslo tyr\u0117j\u0173 grup\u0117s - Medicinos fakultetas<\/title>\n<meta name=\"robots\" content=\"index, follow, max-snippet:-1, max-image-preview:large, max-video-preview:-1\" \/>\n<link rel=\"canonical\" href=\"https:\/\/kaunokolegija.lt\/mf\/mokslo-tyreju-grupes\/\" \/>\n<meta property=\"og:locale\" content=\"lt_LT\" \/>\n<meta property=\"og:type\" content=\"article\" \/>\n<meta property=\"og:title\" content=\"Mokslo tyr\u0117j\u0173 grup\u0117s - Medicinos fakultetas\" \/>\n<meta property=\"og:description\" content=\"Medicinos fakultete veikia 5 tyr\u0117j\u0173 grup\u0117s:1. Visuomen\u0117s sveikatos stiprinimas2. Sveikatos prie\u017ei\u016bros paslaug\u0173 tobulinimas3. Medicinos technologij\u0173 tyrimai. Mikrobiologini\u0173, genetini\u0173, fizikini\u0173, chemini\u0173, biochemini\u0173 ir radiologini\u0173 tyrim\u0173 vystymas.4. Reabilitacija ir gyvenimo kokyb\u01175. Am\u017e\u0117jimo proces\u0173 valdymas&hellip;\" \/>\n<meta property=\"og:url\" content=\"https:\/\/kaunokolegija.lt\/mf\/mokslo-tyreju-grupes\/\" \/>\n<meta property=\"og:site_name\" content=\"Medicinos fakultetas\" \/>\n<meta property=\"article:publisher\" content=\"https:\/\/www.facebook.com\/Kauno.kolegija\/\" \/>\n<meta property=\"article:modified_time\" content=\"2026-01-23T09:29:17+00:00\" \/>\n<meta property=\"og:image\" content=\"https:\/\/kaunokolegija.lt\/mf\/wp-content\/uploads\/sites\/15\/2025\/12\/Kauno_kolegija_dantu_technologai-scaled.webp\" \/>\n\t<meta property=\"og:image:width\" content=\"2560\" \/>\n\t<meta property=\"og:image:height\" content=\"1707\" \/>\n\t<meta property=\"og:image:type\" content=\"image\/webp\" \/>\n<meta name=\"twitter:card\" content=\"summary_large_image\" \/>\n<meta name=\"twitter:label1\" content=\"Est. reading time\" \/>\n\t<meta name=\"twitter:data1\" content=\"2 minut\u0117s\" \/>\n<script type=\"application\/ld+json\" class=\"yoast-schema-graph\">{\"@context\":\"https:\\\/\\\/schema.org\",\"@graph\":[{\"@type\":\"WebPage\",\"@id\":\"https:\\\/\\\/kaunokolegija.lt\\\/mf\\\/mokslo-tyreju-grupes\\\/\",\"url\":\"https:\\\/\\\/kaunokolegija.lt\\\/mf\\\/mokslo-tyreju-grupes\\\/\",\"name\":\"Mokslo tyr\u0117j\u0173 grup\u0117s - Medicinos fakultetas\",\"isPartOf\":{\"@id\":\"https:\\\/\\\/kaunokolegija.lt\\\/mf\\\/#website\"},\"primaryImageOfPage\":{\"@id\":\"https:\\\/\\\/kaunokolegija.lt\\\/mf\\\/mokslo-tyreju-grupes\\\/#primaryimage\"},\"image\":{\"@id\":\"https:\\\/\\\/kaunokolegija.lt\\\/mf\\\/mokslo-tyreju-grupes\\\/#primaryimage\"},\"thumbnailUrl\":\"https:\\\/\\\/kaunokolegija.lt\\\/mf\\\/wp-content\\\/uploads\\\/sites\\\/15\\\/2025\\\/12\\\/Kauno_kolegija_dantu_technologai-scaled.webp\",\"datePublished\":\"2025-09-25T17:44:01+00:00\",\"dateModified\":\"2026-01-23T09:29:17+00:00\",\"breadcrumb\":{\"@id\":\"https:\\\/\\\/kaunokolegija.lt\\\/mf\\\/mokslo-tyreju-grupes\\\/#breadcrumb\"},\"inLanguage\":\"lt-LT\",\"potentialAction\":[{\"@type\":\"ReadAction\",\"target\":[\"https:\\\/\\\/kaunokolegija.lt\\\/mf\\\/mokslo-tyreju-grupes\\\/\"]}]},{\"@type\":\"ImageObject\",\"inLanguage\":\"lt-LT\",\"@id\":\"https:\\\/\\\/kaunokolegija.lt\\\/mf\\\/mokslo-tyreju-grupes\\\/#primaryimage\",\"url\":\"https:\\\/\\\/kaunokolegija.lt\\\/mf\\\/wp-content\\\/uploads\\\/sites\\\/15\\\/2025\\\/12\\\/Kauno_kolegija_dantu_technologai-scaled.webp\",\"contentUrl\":\"https:\\\/\\\/kaunokolegija.lt\\\/mf\\\/wp-content\\\/uploads\\\/sites\\\/15\\\/2025\\\/12\\\/Kauno_kolegija_dantu_technologai-scaled.webp\",\"width\":2560,\"height\":1707},{\"@type\":\"BreadcrumbList\",\"@id\":\"https:\\\/\\\/kaunokolegija.lt\\\/mf\\\/mokslo-tyreju-grupes\\\/#breadcrumb\",\"itemListElement\":[{\"@type\":\"ListItem\",\"position\":1,\"name\":\"Home\",\"item\":\"https:\\\/\\\/kaunokolegija.lt\\\/mf\\\/\"},{\"@type\":\"ListItem\",\"position\":2,\"name\":\"Mokslo tyr\u0117j\u0173 grup\u0117s\"}]},{\"@type\":\"WebSite\",\"@id\":\"https:\\\/\\\/kaunokolegija.lt\\\/mf\\\/#website\",\"url\":\"https:\\\/\\\/kaunokolegija.lt\\\/mf\\\/\",\"name\":\"Medicinos fakultetas\",\"description\":\"Kauno kolegija\",\"publisher\":{\"@id\":\"https:\\\/\\\/kaunokolegija.lt\\\/mf\\\/#organization\"},\"potentialAction\":[{\"@type\":\"SearchAction\",\"target\":{\"@type\":\"EntryPoint\",\"urlTemplate\":\"https:\\\/\\\/kaunokolegija.lt\\\/mf\\\/?s={search_term_string}\"},\"query-input\":{\"@type\":\"PropertyValueSpecification\",\"valueRequired\":true,\"valueName\":\"search_term_string\"}}],\"inLanguage\":\"lt-LT\"},{\"@type\":\"Organization\",\"@id\":\"https:\\\/\\\/kaunokolegija.lt\\\/mf\\\/#organization\",\"name\":\"Kauno kolegija\",\"url\":\"https:\\\/\\\/kaunokolegija.lt\\\/mf\\\/\",\"logo\":{\"@type\":\"ImageObject\",\"inLanguage\":\"lt-LT\",\"@id\":\"https:\\\/\\\/kaunokolegija.lt\\\/mf\\\/#\\\/schema\\\/logo\\\/image\\\/\",\"url\":\"https:\\\/\\\/kaunokolegija.lt\\\/mf\\\/wp-content\\\/uploads\\\/sites\\\/15\\\/2026\\\/01\\\/cropped-KK_MF_LOGO_COLOR.png\",\"contentUrl\":\"https:\\\/\\\/kaunokolegija.lt\\\/mf\\\/wp-content\\\/uploads\\\/sites\\\/15\\\/2026\\\/01\\\/cropped-KK_MF_LOGO_COLOR.png\",\"width\":2084,\"height\":2084,\"caption\":\"Kauno kolegija\"},\"image\":{\"@id\":\"https:\\\/\\\/kaunokolegija.lt\\\/mf\\\/#\\\/schema\\\/logo\\\/image\\\/\"},\"sameAs\":[\"https:\\\/\\\/www.facebook.com\\\/Kauno.kolegija\\\/\"]}]}<\/script>\n<!-- \/ Yoast SEO plugin. -->","yoast_head_json":{"title":"Mokslo tyr\u0117j\u0173 grup\u0117s - Medicinos fakultetas","robots":{"index":"index","follow":"follow","max-snippet":"max-snippet:-1","max-image-preview":"max-image-preview:large","max-video-preview":"max-video-preview:-1"},"canonical":"https:\/\/kaunokolegija.lt\/mf\/mokslo-tyreju-grupes\/","og_locale":"lt_LT","og_type":"article","og_title":"Mokslo tyr\u0117j\u0173 grup\u0117s - Medicinos fakultetas","og_description":"Medicinos fakultete veikia 5 tyr\u0117j\u0173 grup\u0117s:1. Visuomen\u0117s sveikatos stiprinimas2. Sveikatos prie\u017ei\u016bros paslaug\u0173 tobulinimas3. Medicinos technologij\u0173 tyrimai. Mikrobiologini\u0173, genetini\u0173, fizikini\u0173, chemini\u0173, biochemini\u0173 ir radiologini\u0173 tyrim\u0173 vystymas.4. Reabilitacija ir gyvenimo kokyb\u01175. Am\u017e\u0117jimo proces\u0173 valdymas&hellip;","og_url":"https:\/\/kaunokolegija.lt\/mf\/mokslo-tyreju-grupes\/","og_site_name":"Medicinos fakultetas","article_publisher":"https:\/\/www.facebook.com\/Kauno.kolegija\/","article_modified_time":"2026-01-23T09:29:17+00:00","og_image":[{"width":2560,"height":1707,"url":"https:\/\/kaunokolegija.lt\/mf\/wp-content\/uploads\/sites\/15\/2025\/12\/Kauno_kolegija_dantu_technologai-scaled.webp","type":"image\/webp"}],"twitter_card":"summary_large_image","twitter_misc":{"Est. reading time":"2 minut\u0117s"},"schema":{"@context":"https:\/\/schema.org","@graph":[{"@type":"WebPage","@id":"https:\/\/kaunokolegija.lt\/mf\/mokslo-tyreju-grupes\/","url":"https:\/\/kaunokolegija.lt\/mf\/mokslo-tyreju-grupes\/","name":"Mokslo tyr\u0117j\u0173 grup\u0117s - Medicinos fakultetas","isPartOf":{"@id":"https:\/\/kaunokolegija.lt\/mf\/#website"},"primaryImageOfPage":{"@id":"https:\/\/kaunokolegija.lt\/mf\/mokslo-tyreju-grupes\/#primaryimage"},"image":{"@id":"https:\/\/kaunokolegija.lt\/mf\/mokslo-tyreju-grupes\/#primaryimage"},"thumbnailUrl":"https:\/\/kaunokolegija.lt\/mf\/wp-content\/uploads\/sites\/15\/2025\/12\/Kauno_kolegija_dantu_technologai-scaled.webp","datePublished":"2025-09-25T17:44:01+00:00","dateModified":"2026-01-23T09:29:17+00:00","breadcrumb":{"@id":"https:\/\/kaunokolegija.lt\/mf\/mokslo-tyreju-grupes\/#breadcrumb"},"inLanguage":"lt-LT","potentialAction":[{"@type":"ReadAction","target":["https:\/\/kaunokolegija.lt\/mf\/mokslo-tyreju-grupes\/"]}]},{"@type":"ImageObject","inLanguage":"lt-LT","@id":"https:\/\/kaunokolegija.lt\/mf\/mokslo-tyreju-grupes\/#primaryimage","url":"https:\/\/kaunokolegija.lt\/mf\/wp-content\/uploads\/sites\/15\/2025\/12\/Kauno_kolegija_dantu_technologai-scaled.webp","contentUrl":"https:\/\/kaunokolegija.lt\/mf\/wp-content\/uploads\/sites\/15\/2025\/12\/Kauno_kolegija_dantu_technologai-scaled.webp","width":2560,"height":1707},{"@type":"BreadcrumbList","@id":"https:\/\/kaunokolegija.lt\/mf\/mokslo-tyreju-grupes\/#breadcrumb","itemListElement":[{"@type":"ListItem","position":1,"name":"Home","item":"https:\/\/kaunokolegija.lt\/mf\/"},{"@type":"ListItem","position":2,"name":"Mokslo tyr\u0117j\u0173 grup\u0117s"}]},{"@type":"WebSite","@id":"https:\/\/kaunokolegija.lt\/mf\/#website","url":"https:\/\/kaunokolegija.lt\/mf\/","name":"Medicinos fakultetas","description":"Kauno kolegija","publisher":{"@id":"https:\/\/kaunokolegija.lt\/mf\/#organization"},"potentialAction":[{"@type":"SearchAction","target":{"@type":"EntryPoint","urlTemplate":"https:\/\/kaunokolegija.lt\/mf\/?s={search_term_string}"},"query-input":{"@type":"PropertyValueSpecification","valueRequired":true,"valueName":"search_term_string"}}],"inLanguage":"lt-LT"},{"@type":"Organization","@id":"https:\/\/kaunokolegija.lt\/mf\/#organization","name":"Kauno kolegija","url":"https:\/\/kaunokolegija.lt\/mf\/","logo":{"@type":"ImageObject","inLanguage":"lt-LT","@id":"https:\/\/kaunokolegija.lt\/mf\/#\/schema\/logo\/image\/","url":"https:\/\/kaunokolegija.lt\/mf\/wp-content\/uploads\/sites\/15\/2026\/01\/cropped-KK_MF_LOGO_COLOR.png","contentUrl":"https:\/\/kaunokolegija.lt\/mf\/wp-content\/uploads\/sites\/15\/2026\/01\/cropped-KK_MF_LOGO_COLOR.png","width":2084,"height":2084,"caption":"Kauno kolegija"},"image":{"@id":"https:\/\/kaunokolegija.lt\/mf\/#\/schema\/logo\/image\/"},"sameAs":["https:\/\/www.facebook.com\/Kauno.kolegija\/"]}]}},"_links":{"self":[{"href":"https:\/\/kaunokolegija.lt\/mf\/wp-json\/wp\/v2\/pages\/276158","targetHints":{"allow":["GET"]}}],"collection":[{"href":"https:\/\/kaunokolegija.lt\/mf\/wp-json\/wp\/v2\/pages"}],"about":[{"href":"https:\/\/kaunokolegija.lt\/mf\/wp-json\/wp\/v2\/types\/page"}],"author":[{"embeddable":true,"href":"https:\/\/kaunokolegija.lt\/mf\/wp-json\/wp\/v2\/users\/1"}],"replies":[{"embeddable":true,"href":"https:\/\/kaunokolegija.lt\/mf\/wp-json\/wp\/v2\/comments?post=276158"}],"version-history":[{"count":5,"href":"https:\/\/kaunokolegija.lt\/mf\/wp-json\/wp\/v2\/pages\/276158\/revisions"}],"predecessor-version":[{"id":276564,"href":"https:\/\/kaunokolegija.lt\/mf\/wp-json\/wp\/v2\/pages\/276158\/revisions\/276564"}],"wp:featuredmedia":[{"embeddable":true,"href":"https:\/\/kaunokolegija.lt\/mf\/wp-json\/wp\/v2\/media\/276525"}],"wp:attachment":[{"href":"https:\/\/kaunokolegija.lt\/mf\/wp-json\/wp\/v2\/media?parent=276158"}],"curies":[{"name":"wp","href":"https:\/\/api.w.org\/{rel}","templated":true}]}}