{"id":276158,"date":"2025-09-25T17:44:01","date_gmt":"2025-09-25T17:44:01","guid":{"rendered":"https:\/\/royalpeacock.agency\/kk\/itf1\/?page_id=276158"},"modified":"2026-01-23T09:06:21","modified_gmt":"2026-01-23T09:06:21","slug":"studijos","status":"publish","type":"page","link":"https:\/\/kaunokolegija.lt\/itf\/studijos\/","title":{"rendered":"Studijos"},"content":{"rendered":"\n<div class=\"wp-block-columns top-p is-layout-flex wp-container-core-columns-is-layout-9a5e5583 wp-block-columns-is-layout-flex\" style=\"margin-top:var(--wp--preset--spacing--s);margin-bottom:var(--wp--preset--spacing--s)\">\n<div class=\"wp-block-column has-global-padding is-layout-constrained wp-container-core-column-is-layout-d0f22c05 wp-block-column-is-layout-constrained\">\n<div class=\"wp-block-columns abcd has-background is-layout-flex wp-container-core-columns-is-layout-28f84493 wp-block-columns-is-layout-flex\" style=\"background-color:#f9f9f9\">\n<div class=\"wp-block-column is-layout-flow wp-block-column-is-layout-flow\" style=\"padding-top:0;padding-right:0;padding-bottom:0;padding-left:0\">\n<p class=\"is-style-justify\" style=\"margin-top:8px;margin-bottom:8px\">Kauno kolegijos Informatikos, in\u017einerijos ir technologij\u0173 fakultetas (ITF) \u2013 tai auk\u0161tojo mokslo institucija, kuri nuo 2000 met\u0173 rengia auk\u0161tos kvalifikacijos specialistus, geban\u010dius prisitaikyti prie spar\u010diai besikei\u010dian\u010dios technologij\u0173 rinkos. \u0160iandien fakultetas si\u016blo \u012fvairiapusi\u0161kas studij\u0173 programas, apiman\u010dias informatikos, in\u017einerijos, dizaino, maisto bei \u017eem\u0117s \u016bkio sritis:<\/p>\n\n\n\n<p class=\"has-m-font-size\"><strong>Studij\u0173 programos: <\/strong><\/p>\n\n\n\n<p style=\"margin-top:8px;margin-bottom:8px\"><a href=\"https:\/\/kaunokolegija.lt\/studiju-programos\/programu-sistemos\/\" target=\"_blank\" rel=\"noreferrer noopener\">Program\u0173 sistemos<\/a><br><a href=\"https:\/\/kaunokolegija.lt\/studiju-programos\/kibernetines-sistemos-ir-sauga\/\" target=\"_blank\" rel=\"noreferrer noopener\">Kibernetin\u0117s sistemos ir sauga<\/a><br><a href=\"https:\/\/kaunokolegija.lt\/studiju-programos\/multimedijos-technologija\/\" target=\"_blank\" rel=\"noreferrer noopener\">Multimedijos technologija<\/a><br><a href=\"https:\/\/kaunokolegija.lt\/studiju-programos\/automatika-ir-robotika\/\" target=\"_blank\" rel=\"noreferrer noopener\">Automatika ir robotika<br><\/a><a href=\"https:\/\/kaunokolegija.lt\/studiju-programos\/baldu-inzinerija\/\" target=\"_blank\" rel=\"noreferrer noopener\">Bald\u0173 in\u017einerija<\/a><br><a href=\"https:\/\/kaunokolegija.lt\/studiju-programos\/geodezija\/\" target=\"_blank\" rel=\"noreferrer noopener\">Geodezija<\/a><br><a href=\"https:\/\/kaunokolegija.lt\/studiju-programos\/pramoninio-dizaino-inzinerija\/\" target=\"_blank\" rel=\"noreferrer noopener\">Pramoninio dizaino in\u017einerija<\/a><br><a href=\"https:\/\/kaunokolegija.lt\/studiju-programos\/zaliosios-energetikos-inzinerija\/\" target=\"_blank\" rel=\"noreferrer noopener\">\u017daliosios energetikos in\u017einerija<\/a><br><a href=\"https:\/\/kaunokolegija.lt\/studiju-programos\/agroverslu-technologijos\/\" target=\"_blank\" rel=\"noreferrer noopener\">Agroversl\u0173 technologijos<\/a><br><a href=\"https:\/\/kaunokolegija.lt\/studiju-programos\/maisto-technologija\/\" target=\"_blank\" rel=\"noreferrer noopener\">Maisto technologijos<\/a><\/p>\n<\/div>\n<\/div>\n<\/div>\n<\/div>\n","protected":false},"excerpt":{"rendered":"<p>Kauno kolegijos Informatikos, in\u017einerijos ir technologij\u0173 fakultetas (ITF) \u2013 tai auk\u0161tojo mokslo institucija, kuri nuo 2000 met\u0173 rengia auk\u0161tos kvalifikacijos specialistus, geban\u010dius prisitaikyti prie spar\u010diai besikei\u010dian\u010dios technologij\u0173 rinkos. \u0160iandien fakultetas si\u016blo \u012fvairiapusi\u0161kas&hellip;<\/p>\n","protected":false},"author":1,"featured_media":276350,"parent":0,"menu_order":0,"comment_status":"closed","ping_status":"closed","template":"","meta":{"footnotes":""},"class_list":["post-276158","page","type-page","status-publish","has-post-thumbnail","hentry"],"yoast_head":"<!-- This site is optimized with the Yoast SEO plugin v27.4 - https:\/\/yoast.com\/product\/yoast-seo-wordpress\/ -->\n<title>Studijos - Informatikos, in\u017einerijos ir technologij\u0173 fakultetas<\/title>\n<meta name=\"robots\" content=\"index, follow, max-snippet:-1, max-image-preview:large, max-video-preview:-1\" \/>\n<link rel=\"canonical\" href=\"https:\/\/kaunokolegija.lt\/itf\/studijos\/\" \/>\n<meta property=\"og:locale\" content=\"lt_LT\" \/>\n<meta property=\"og:type\" content=\"article\" \/>\n<meta property=\"og:title\" content=\"Studijos - Informatikos, in\u017einerijos ir technologij\u0173 fakultetas\" \/>\n<meta property=\"og:description\" content=\"Kauno kolegijos Informatikos, in\u017einerijos ir technologij\u0173 fakultetas (ITF) \u2013 tai auk\u0161tojo mokslo institucija, kuri nuo 2000 met\u0173 rengia auk\u0161tos kvalifikacijos specialistus, geban\u010dius prisitaikyti prie spar\u010diai besikei\u010dian\u010dios technologij\u0173 rinkos. \u0160iandien fakultetas si\u016blo \u012fvairiapusi\u0161kas&hellip;\" \/>\n<meta property=\"og:url\" content=\"https:\/\/kaunokolegija.lt\/itf\/studijos\/\" \/>\n<meta property=\"og:site_name\" content=\"Informatikos, in\u017einerijos ir technologij\u0173 fakultetas\" \/>\n<meta property=\"article:publisher\" content=\"https:\/\/www.facebook.com\/Kauno.kolegija\/\" \/>\n<meta property=\"article:modified_time\" content=\"2026-01-23T09:06:21+00:00\" \/>\n<meta property=\"og:image\" content=\"https:\/\/kaunokolegija.lt\/itf\/wp-content\/uploads\/sites\/16\/2025\/10\/Kauno_kolegija_studentai-scaled.webp\" \/>\n\t<meta property=\"og:image:width\" content=\"2560\" \/>\n\t<meta property=\"og:image:height\" content=\"1707\" \/>\n\t<meta property=\"og:image:type\" content=\"image\/webp\" \/>\n<meta name=\"twitter:card\" content=\"summary_large_image\" \/>\n<script type=\"application\/ld+json\" class=\"yoast-schema-graph\">{\"@context\":\"https:\\\/\\\/schema.org\",\"@graph\":[{\"@type\":\"WebPage\",\"@id\":\"https:\\\/\\\/kaunokolegija.lt\\\/itf\\\/studijos\\\/\",\"url\":\"https:\\\/\\\/kaunokolegija.lt\\\/itf\\\/studijos\\\/\",\"name\":\"Studijos - Informatikos, in\u017einerijos ir technologij\u0173 fakultetas\",\"isPartOf\":{\"@id\":\"https:\\\/\\\/kaunokolegija.lt\\\/itf\\\/#website\"},\"primaryImageOfPage\":{\"@id\":\"https:\\\/\\\/kaunokolegija.lt\\\/itf\\\/studijos\\\/#primaryimage\"},\"image\":{\"@id\":\"https:\\\/\\\/kaunokolegija.lt\\\/itf\\\/studijos\\\/#primaryimage\"},\"thumbnailUrl\":\"https:\\\/\\\/kaunokolegija.lt\\\/itf\\\/wp-content\\\/uploads\\\/sites\\\/16\\\/2025\\\/10\\\/Kauno_kolegija_studentai-scaled.webp\",\"datePublished\":\"2025-09-25T17:44:01+00:00\",\"dateModified\":\"2026-01-23T09:06:21+00:00\",\"breadcrumb\":{\"@id\":\"https:\\\/\\\/kaunokolegija.lt\\\/itf\\\/studijos\\\/#breadcrumb\"},\"inLanguage\":\"lt-LT\",\"potentialAction\":[{\"@type\":\"ReadAction\",\"target\":[\"https:\\\/\\\/kaunokolegija.lt\\\/itf\\\/studijos\\\/\"]}]},{\"@type\":\"ImageObject\",\"inLanguage\":\"lt-LT\",\"@id\":\"https:\\\/\\\/kaunokolegija.lt\\\/itf\\\/studijos\\\/#primaryimage\",\"url\":\"https:\\\/\\\/kaunokolegija.lt\\\/itf\\\/wp-content\\\/uploads\\\/sites\\\/16\\\/2025\\\/10\\\/Kauno_kolegija_studentai-scaled.webp\",\"contentUrl\":\"https:\\\/\\\/kaunokolegija.lt\\\/itf\\\/wp-content\\\/uploads\\\/sites\\\/16\\\/2025\\\/10\\\/Kauno_kolegija_studentai-scaled.webp\",\"width\":2560,\"height\":1707},{\"@type\":\"BreadcrumbList\",\"@id\":\"https:\\\/\\\/kaunokolegija.lt\\\/itf\\\/studijos\\\/#breadcrumb\",\"itemListElement\":[{\"@type\":\"ListItem\",\"position\":1,\"name\":\"Home\",\"item\":\"https:\\\/\\\/kaunokolegija.lt\\\/itf\\\/\"},{\"@type\":\"ListItem\",\"position\":2,\"name\":\"Studijos\"}]},{\"@type\":\"WebSite\",\"@id\":\"https:\\\/\\\/kaunokolegija.lt\\\/itf\\\/#website\",\"url\":\"https:\\\/\\\/kaunokolegija.lt\\\/itf\\\/\",\"name\":\"Informatikos, in\u017einerijos ir technologij\u0173 fakultetas\",\"description\":\"Kauno kolegija\",\"publisher\":{\"@id\":\"https:\\\/\\\/kaunokolegija.lt\\\/itf\\\/#organization\"},\"potentialAction\":[{\"@type\":\"SearchAction\",\"target\":{\"@type\":\"EntryPoint\",\"urlTemplate\":\"https:\\\/\\\/kaunokolegija.lt\\\/itf\\\/?s={search_term_string}\"},\"query-input\":{\"@type\":\"PropertyValueSpecification\",\"valueRequired\":true,\"valueName\":\"search_term_string\"}}],\"inLanguage\":\"lt-LT\"},{\"@type\":\"Organization\",\"@id\":\"https:\\\/\\\/kaunokolegija.lt\\\/itf\\\/#organization\",\"name\":\"Kauno kolegija\",\"url\":\"https:\\\/\\\/kaunokolegija.lt\\\/itf\\\/\",\"logo\":{\"@type\":\"ImageObject\",\"inLanguage\":\"lt-LT\",\"@id\":\"https:\\\/\\\/kaunokolegija.lt\\\/itf\\\/#\\\/schema\\\/logo\\\/image\\\/\",\"url\":\"https:\\\/\\\/kaunokolegija.lt\\\/itf\\\/wp-content\\\/uploads\\\/sites\\\/16\\\/2026\\\/01\\\/cropped-KK_ITF_COLOR.png\",\"contentUrl\":\"https:\\\/\\\/kaunokolegija.lt\\\/itf\\\/wp-content\\\/uploads\\\/sites\\\/16\\\/2026\\\/01\\\/cropped-KK_ITF_COLOR.png\",\"width\":2084,\"height\":2084,\"caption\":\"Kauno kolegija\"},\"image\":{\"@id\":\"https:\\\/\\\/kaunokolegija.lt\\\/itf\\\/#\\\/schema\\\/logo\\\/image\\\/\"},\"sameAs\":[\"https:\\\/\\\/www.facebook.com\\\/Kauno.kolegija\\\/\"]}]}<\/script>\n<!-- \/ Yoast SEO plugin. -->","yoast_head_json":{"title":"Studijos - Informatikos, in\u017einerijos ir technologij\u0173 fakultetas","robots":{"index":"index","follow":"follow","max-snippet":"max-snippet:-1","max-image-preview":"max-image-preview:large","max-video-preview":"max-video-preview:-1"},"canonical":"https:\/\/kaunokolegija.lt\/itf\/studijos\/","og_locale":"lt_LT","og_type":"article","og_title":"Studijos - Informatikos, in\u017einerijos ir technologij\u0173 fakultetas","og_description":"Kauno kolegijos Informatikos, in\u017einerijos ir technologij\u0173 fakultetas (ITF) \u2013 tai auk\u0161tojo mokslo institucija, kuri nuo 2000 met\u0173 rengia auk\u0161tos kvalifikacijos specialistus, geban\u010dius prisitaikyti prie spar\u010diai besikei\u010dian\u010dios technologij\u0173 rinkos. \u0160iandien fakultetas si\u016blo \u012fvairiapusi\u0161kas&hellip;","og_url":"https:\/\/kaunokolegija.lt\/itf\/studijos\/","og_site_name":"Informatikos, in\u017einerijos ir technologij\u0173 fakultetas","article_publisher":"https:\/\/www.facebook.com\/Kauno.kolegija\/","article_modified_time":"2026-01-23T09:06:21+00:00","og_image":[{"width":2560,"height":1707,"url":"https:\/\/kaunokolegija.lt\/itf\/wp-content\/uploads\/sites\/16\/2025\/10\/Kauno_kolegija_studentai-scaled.webp","type":"image\/webp"}],"twitter_card":"summary_large_image","schema":{"@context":"https:\/\/schema.org","@graph":[{"@type":"WebPage","@id":"https:\/\/kaunokolegija.lt\/itf\/studijos\/","url":"https:\/\/kaunokolegija.lt\/itf\/studijos\/","name":"Studijos - Informatikos, in\u017einerijos ir technologij\u0173 fakultetas","isPartOf":{"@id":"https:\/\/kaunokolegija.lt\/itf\/#website"},"primaryImageOfPage":{"@id":"https:\/\/kaunokolegija.lt\/itf\/studijos\/#primaryimage"},"image":{"@id":"https:\/\/kaunokolegija.lt\/itf\/studijos\/#primaryimage"},"thumbnailUrl":"https:\/\/kaunokolegija.lt\/itf\/wp-content\/uploads\/sites\/16\/2025\/10\/Kauno_kolegija_studentai-scaled.webp","datePublished":"2025-09-25T17:44:01+00:00","dateModified":"2026-01-23T09:06:21+00:00","breadcrumb":{"@id":"https:\/\/kaunokolegija.lt\/itf\/studijos\/#breadcrumb"},"inLanguage":"lt-LT","potentialAction":[{"@type":"ReadAction","target":["https:\/\/kaunokolegija.lt\/itf\/studijos\/"]}]},{"@type":"ImageObject","inLanguage":"lt-LT","@id":"https:\/\/kaunokolegija.lt\/itf\/studijos\/#primaryimage","url":"https:\/\/kaunokolegija.lt\/itf\/wp-content\/uploads\/sites\/16\/2025\/10\/Kauno_kolegija_studentai-scaled.webp","contentUrl":"https:\/\/kaunokolegija.lt\/itf\/wp-content\/uploads\/sites\/16\/2025\/10\/Kauno_kolegija_studentai-scaled.webp","width":2560,"height":1707},{"@type":"BreadcrumbList","@id":"https:\/\/kaunokolegija.lt\/itf\/studijos\/#breadcrumb","itemListElement":[{"@type":"ListItem","position":1,"name":"Home","item":"https:\/\/kaunokolegija.lt\/itf\/"},{"@type":"ListItem","position":2,"name":"Studijos"}]},{"@type":"WebSite","@id":"https:\/\/kaunokolegija.lt\/itf\/#website","url":"https:\/\/kaunokolegija.lt\/itf\/","name":"Informatikos, in\u017einerijos ir technologij\u0173 fakultetas","description":"Kauno kolegija","publisher":{"@id":"https:\/\/kaunokolegija.lt\/itf\/#organization"},"potentialAction":[{"@type":"SearchAction","target":{"@type":"EntryPoint","urlTemplate":"https:\/\/kaunokolegija.lt\/itf\/?s={search_term_string}"},"query-input":{"@type":"PropertyValueSpecification","valueRequired":true,"valueName":"search_term_string"}}],"inLanguage":"lt-LT"},{"@type":"Organization","@id":"https:\/\/kaunokolegija.lt\/itf\/#organization","name":"Kauno kolegija","url":"https:\/\/kaunokolegija.lt\/itf\/","logo":{"@type":"ImageObject","inLanguage":"lt-LT","@id":"https:\/\/kaunokolegija.lt\/itf\/#\/schema\/logo\/image\/","url":"https:\/\/kaunokolegija.lt\/itf\/wp-content\/uploads\/sites\/16\/2026\/01\/cropped-KK_ITF_COLOR.png","contentUrl":"https:\/\/kaunokolegija.lt\/itf\/wp-content\/uploads\/sites\/16\/2026\/01\/cropped-KK_ITF_COLOR.png","width":2084,"height":2084,"caption":"Kauno kolegija"},"image":{"@id":"https:\/\/kaunokolegija.lt\/itf\/#\/schema\/logo\/image\/"},"sameAs":["https:\/\/www.facebook.com\/Kauno.kolegija\/"]}]}},"_links":{"self":[{"href":"https:\/\/kaunokolegija.lt\/itf\/wp-json\/wp\/v2\/pages\/276158","targetHints":{"allow":["GET"]}}],"collection":[{"href":"https:\/\/kaunokolegija.lt\/itf\/wp-json\/wp\/v2\/pages"}],"about":[{"href":"https:\/\/kaunokolegija.lt\/itf\/wp-json\/wp\/v2\/types\/page"}],"author":[{"embeddable":true,"href":"https:\/\/kaunokolegija.lt\/itf\/wp-json\/wp\/v2\/users\/1"}],"replies":[{"embeddable":true,"href":"https:\/\/kaunokolegija.lt\/itf\/wp-json\/wp\/v2\/comments?post=276158"}],"version-history":[{"count":11,"href":"https:\/\/kaunokolegija.lt\/itf\/wp-json\/wp\/v2\/pages\/276158\/revisions"}],"predecessor-version":[{"id":276631,"href":"https:\/\/kaunokolegija.lt\/itf\/wp-json\/wp\/v2\/pages\/276158\/revisions\/276631"}],"wp:featuredmedia":[{"embeddable":true,"href":"https:\/\/kaunokolegija.lt\/itf\/wp-json\/wp\/v2\/media\/276350"}],"wp:attachment":[{"href":"https:\/\/kaunokolegija.lt\/itf\/wp-json\/wp\/v2\/media?parent=276158"}],"curies":[{"name":"wp","href":"https:\/\/api.w.org\/{rel}","templated":true}]}}