{"id":276071,"date":"2025-09-25T16:29:03","date_gmt":"2025-09-25T16:29:03","guid":{"rendered":"https:\/\/royalpeacock.agency\/kk\/itf1\/?page_id=276071"},"modified":"2026-02-17T09:23:21","modified_gmt":"2026-02-17T07:23:21","slug":"mokslo-renginiai","status":"publish","type":"page","link":"https:\/\/kaunokolegija.lt\/itf\/mokslo-renginiai\/","title":{"rendered":"Mokslo renginiai"},"content":{"rendered":"\n<div class=\"wp-block-columns top-p is-layout-flex wp-container-core-columns-is-layout-28f84493 wp-block-columns-is-layout-flex\">\n<div class=\"wp-block-column has-global-padding is-layout-constrained wp-container-core-column-is-layout-d0f22c05 wp-block-column-is-layout-constrained\">\n<div class=\"wp-block-columns abcd has-background is-layout-flex wp-container-core-columns-is-layout-28f84493 wp-block-columns-is-layout-flex\" style=\"background-color:#f9f9f9\">\n<div class=\"wp-block-column is-layout-flow wp-block-column-is-layout-flow\" style=\"padding-top:0;padding-right:0;padding-bottom:0;padding-left:0\">\n<p class=\"is-style-justify has-contrast-alt-color has-text-color has-link-color has-m-font-size wp-elements-c86c52f63a1b667f9128889f3c0611da\">Kauno kolegijos Informatikos, in\u017einerijos ir technologij\u0173 fakultetas rengia tiek nacionalinio, tiek tarptautinio masto mokslinius ir praktinius renginius, suburian\u010dius studentus, d\u0117stytojus, verslo atstovus ir vie\u0161ojo sektoriaus partnerius.<\/p>\n<\/div>\n<\/div>\n<\/div>\n<\/div>\n\n\n\n<div class=\"wp-block-columns is-layout-flex wp-container-core-columns-is-layout-28f84493 wp-block-columns-is-layout-flex\">\n<div class=\"wp-block-column is-layout-flow wp-block-column-is-layout-flow\">\n<div class=\"wp-block-columns is-layout-flex wp-container-core-columns-is-layout-28f84493 wp-block-columns-is-layout-flex\">\n<div class=\"wp-block-column has-background is-layout-flow wp-block-column-is-layout-flow\" style=\"border-style:none;border-width:0px;border-radius:0px;background-color:#399e97;padding-top:1.2em;padding-bottom:1.2em\">\n<p class=\"has-base-color has-text-color has-link-color has-l-font-size wp-elements-385138b7d4408d370ded43fcb8ecb839\" style=\"padding-right:3.5rem;padding-left:3.5rem\"><strong>Pagrindiniai mokslo renginiai<\/strong><\/p>\n<\/div>\n<\/div>\n<\/div>\n<\/div>\n\n\n\n<div class=\"wp-block-columns has-background is-layout-flex wp-container-core-columns-is-layout-542316ff wp-block-columns-is-layout-flex\" id=\"top-p\" style=\"background-color:#ffffff00;margin-top:var(--wp--preset--spacing--m);margin-bottom:var(--wp--preset--spacing--m);padding-top:var(--wp--preset--spacing--xs);padding-right:var(--wp--preset--spacing--xs);padding-bottom:var(--wp--preset--spacing--xs);padding-left:var(--wp--preset--spacing--xs)\">\n<div class=\"wp-block-column has-global-padding is-content-justification-center is-layout-constrained wp-block-column-is-layout-constrained\">\n<div class=\"wp-block-columns abcd has-background is-layout-flex wp-container-core-columns-is-layout-28f84493 wp-block-columns-is-layout-flex\" style=\"background-color:#f9f9f9\">\n<div class=\"wp-block-column is-layout-flow wp-block-column-is-layout-flow\" style=\"padding-top:0;padding-right:0;padding-bottom:0;padding-left:0\">\n<p class=\"is-style-justify has-m-font-size\"><strong><a href=\"https:\/\/businesstechnologyconference.com\/\" target=\"_blank\" rel=\"noreferrer noopener\"><span style=\"text-decoration: underline;\">Tarptautin\u0117 mokslin\u0117 konferencija \u201eBusiness and Technology Conference\u201c<\/span><\/a><\/strong><\/p>\n\n\n\n<p class=\"is-style-justify\" style=\"margin-top:8px;margin-bottom:8px\">Tarptautin\u0117 konferencija, rengiama bendradarbiaujant su u\u017esienio partneriais, skirta aptarti inovacijas, skaitmenines technologijas, in\u017einerij\u0105, tvarum\u0105, verslo poky\u010dius ir kitus \u0161iuolaikinius i\u0161\u0161\u016bkius.<\/p>\n<\/div>\n<\/div>\n<\/div>\n\n\n\n<div class=\"wp-block-column has-global-padding is-content-justification-center is-layout-constrained wp-block-column-is-layout-constrained\">\n<div class=\"wp-block-columns abcd has-background is-layout-flex wp-container-core-columns-is-layout-28f84493 wp-block-columns-is-layout-flex\" style=\"background-color:#f9f9f9\">\n<div class=\"wp-block-column is-layout-flow wp-block-column-is-layout-flow\" style=\"padding-top:0;padding-right:0;padding-bottom:0;padding-left:0\">\n<p class=\"is-style-justify\"><strong><a href=\"https:\/\/itt.kaunokolegija.lt\/\" target=\"_blank\" rel=\"noreferrer noopener\"><span style=\"text-decoration: underline;\">Student\u0173 mokslin\u0117 konferencija \u201eInovacij\u0173 taikymas technologijose\u201d<\/span><\/a><\/strong><\/p>\n\n\n\n<p class=\"is-style-justify\" style=\"margin-top:8px;margin-bottom:8px\">Fakultete kasmet organizuojama konferencija skirta skatinti \u017eini\u0173 mainus, nauj\u0173 id\u0117j\u0173 k\u016brim\u0105 ir tarpdalykinius bendradarbiavimus. Jos pagrindinis tikslas \u2013 sudaryti erdv\u0119 studentams, d\u0117stytojams ir praktikams pasidalinti savo tyrimais, patirtimi bei inovatyviais sprendimais technologij\u0173 ir in\u017einerijos srityse.<\/p>\n<\/div>\n<\/div>\n<\/div>\n<\/div>\n","protected":false},"excerpt":{"rendered":"<p>Kauno kolegijos Informatikos, in\u017einerijos ir technologij\u0173 fakultetas rengia tiek nacionalinio, tiek tarptautinio masto mokslinius ir praktinius renginius, suburian\u010dius studentus, d\u0117stytojus, verslo atstovus ir vie\u0161ojo sektoriaus partnerius. Pagrindiniai mokslo renginiai Tarptautin\u0117 mokslin\u0117 konferencija&hellip;<\/p>\n","protected":false},"author":1,"featured_media":279243,"parent":0,"menu_order":0,"comment_status":"closed","ping_status":"closed","template":"","meta":{"footnotes":""},"class_list":["post-276071","page","type-page","status-publish","has-post-thumbnail","hentry"],"yoast_head":"<!-- This site is optimized with the Yoast SEO plugin v27.4 - https:\/\/yoast.com\/product\/yoast-seo-wordpress\/ -->\n<title>Mokslo renginiai - Informatikos, in\u017einerijos ir technologij\u0173 fakultetas<\/title>\n<meta name=\"robots\" content=\"index, follow, max-snippet:-1, max-image-preview:large, max-video-preview:-1\" \/>\n<link rel=\"canonical\" href=\"https:\/\/kaunokolegija.lt\/itf\/mokslo-renginiai\/\" \/>\n<meta property=\"og:locale\" content=\"lt_LT\" \/>\n<meta property=\"og:type\" content=\"article\" \/>\n<meta property=\"og:title\" content=\"Mokslo renginiai - Informatikos, in\u017einerijos ir technologij\u0173 fakultetas\" \/>\n<meta property=\"og:description\" content=\"Kauno kolegijos Informatikos, in\u017einerijos ir technologij\u0173 fakultetas rengia tiek nacionalinio, tiek tarptautinio masto mokslinius ir praktinius renginius, suburian\u010dius studentus, d\u0117stytojus, verslo atstovus ir vie\u0161ojo sektoriaus partnerius. Pagrindiniai mokslo renginiai Tarptautin\u0117 mokslin\u0117 konferencija&hellip;\" \/>\n<meta property=\"og:url\" content=\"https:\/\/kaunokolegija.lt\/itf\/mokslo-renginiai\/\" \/>\n<meta property=\"og:site_name\" content=\"Informatikos, in\u017einerijos ir technologij\u0173 fakultetas\" \/>\n<meta property=\"article:publisher\" content=\"https:\/\/www.facebook.com\/Kauno.kolegija\/\" \/>\n<meta property=\"article:modified_time\" content=\"2026-02-17T07:23:21+00:00\" \/>\n<meta property=\"og:image\" content=\"https:\/\/kaunokolegija.lt\/itf\/wp-content\/uploads\/sites\/16\/2026\/02\/Kauno_kolegija_I-4-scaled.webp\" \/>\n\t<meta property=\"og:image:width\" content=\"2560\" \/>\n\t<meta property=\"og:image:height\" content=\"1707\" \/>\n\t<meta property=\"og:image:type\" content=\"image\/webp\" \/>\n<meta name=\"twitter:card\" content=\"summary_large_image\" \/>\n<meta name=\"twitter:label1\" content=\"Est. reading time\" \/>\n\t<meta name=\"twitter:data1\" content=\"1 minut\u0117\" \/>\n<script type=\"application\/ld+json\" class=\"yoast-schema-graph\">{\"@context\":\"https:\\\/\\\/schema.org\",\"@graph\":[{\"@type\":\"WebPage\",\"@id\":\"https:\\\/\\\/kaunokolegija.lt\\\/itf\\\/mokslo-renginiai\\\/\",\"url\":\"https:\\\/\\\/kaunokolegija.lt\\\/itf\\\/mokslo-renginiai\\\/\",\"name\":\"Mokslo renginiai - Informatikos, in\u017einerijos ir technologij\u0173 fakultetas\",\"isPartOf\":{\"@id\":\"https:\\\/\\\/kaunokolegija.lt\\\/itf\\\/#website\"},\"primaryImageOfPage\":{\"@id\":\"https:\\\/\\\/kaunokolegija.lt\\\/itf\\\/mokslo-renginiai\\\/#primaryimage\"},\"image\":{\"@id\":\"https:\\\/\\\/kaunokolegija.lt\\\/itf\\\/mokslo-renginiai\\\/#primaryimage\"},\"thumbnailUrl\":\"https:\\\/\\\/kaunokolegija.lt\\\/itf\\\/wp-content\\\/uploads\\\/sites\\\/16\\\/2026\\\/02\\\/Kauno_kolegija_I-4-scaled.webp\",\"datePublished\":\"2025-09-25T16:29:03+00:00\",\"dateModified\":\"2026-02-17T07:23:21+00:00\",\"breadcrumb\":{\"@id\":\"https:\\\/\\\/kaunokolegija.lt\\\/itf\\\/mokslo-renginiai\\\/#breadcrumb\"},\"inLanguage\":\"lt-LT\",\"potentialAction\":[{\"@type\":\"ReadAction\",\"target\":[\"https:\\\/\\\/kaunokolegija.lt\\\/itf\\\/mokslo-renginiai\\\/\"]}]},{\"@type\":\"ImageObject\",\"inLanguage\":\"lt-LT\",\"@id\":\"https:\\\/\\\/kaunokolegija.lt\\\/itf\\\/mokslo-renginiai\\\/#primaryimage\",\"url\":\"https:\\\/\\\/kaunokolegija.lt\\\/itf\\\/wp-content\\\/uploads\\\/sites\\\/16\\\/2026\\\/02\\\/Kauno_kolegija_I-4-scaled.webp\",\"contentUrl\":\"https:\\\/\\\/kaunokolegija.lt\\\/itf\\\/wp-content\\\/uploads\\\/sites\\\/16\\\/2026\\\/02\\\/Kauno_kolegija_I-4-scaled.webp\",\"width\":2560,\"height\":1707},{\"@type\":\"BreadcrumbList\",\"@id\":\"https:\\\/\\\/kaunokolegija.lt\\\/itf\\\/mokslo-renginiai\\\/#breadcrumb\",\"itemListElement\":[{\"@type\":\"ListItem\",\"position\":1,\"name\":\"Home\",\"item\":\"https:\\\/\\\/kaunokolegija.lt\\\/itf\\\/\"},{\"@type\":\"ListItem\",\"position\":2,\"name\":\"Mokslo renginiai\"}]},{\"@type\":\"WebSite\",\"@id\":\"https:\\\/\\\/kaunokolegija.lt\\\/itf\\\/#website\",\"url\":\"https:\\\/\\\/kaunokolegija.lt\\\/itf\\\/\",\"name\":\"Informatikos, in\u017einerijos ir technologij\u0173 fakultetas\",\"description\":\"Kauno kolegija\",\"publisher\":{\"@id\":\"https:\\\/\\\/kaunokolegija.lt\\\/itf\\\/#organization\"},\"potentialAction\":[{\"@type\":\"SearchAction\",\"target\":{\"@type\":\"EntryPoint\",\"urlTemplate\":\"https:\\\/\\\/kaunokolegija.lt\\\/itf\\\/?s={search_term_string}\"},\"query-input\":{\"@type\":\"PropertyValueSpecification\",\"valueRequired\":true,\"valueName\":\"search_term_string\"}}],\"inLanguage\":\"lt-LT\"},{\"@type\":\"Organization\",\"@id\":\"https:\\\/\\\/kaunokolegija.lt\\\/itf\\\/#organization\",\"name\":\"Kauno kolegija\",\"url\":\"https:\\\/\\\/kaunokolegija.lt\\\/itf\\\/\",\"logo\":{\"@type\":\"ImageObject\",\"inLanguage\":\"lt-LT\",\"@id\":\"https:\\\/\\\/kaunokolegija.lt\\\/itf\\\/#\\\/schema\\\/logo\\\/image\\\/\",\"url\":\"https:\\\/\\\/kaunokolegija.lt\\\/itf\\\/wp-content\\\/uploads\\\/sites\\\/16\\\/2026\\\/01\\\/cropped-KK_ITF_COLOR.png\",\"contentUrl\":\"https:\\\/\\\/kaunokolegija.lt\\\/itf\\\/wp-content\\\/uploads\\\/sites\\\/16\\\/2026\\\/01\\\/cropped-KK_ITF_COLOR.png\",\"width\":2084,\"height\":2084,\"caption\":\"Kauno kolegija\"},\"image\":{\"@id\":\"https:\\\/\\\/kaunokolegija.lt\\\/itf\\\/#\\\/schema\\\/logo\\\/image\\\/\"},\"sameAs\":[\"https:\\\/\\\/www.facebook.com\\\/Kauno.kolegija\\\/\"]}]}<\/script>\n<!-- \/ Yoast SEO plugin. -->","yoast_head_json":{"title":"Mokslo renginiai - Informatikos, in\u017einerijos ir technologij\u0173 fakultetas","robots":{"index":"index","follow":"follow","max-snippet":"max-snippet:-1","max-image-preview":"max-image-preview:large","max-video-preview":"max-video-preview:-1"},"canonical":"https:\/\/kaunokolegija.lt\/itf\/mokslo-renginiai\/","og_locale":"lt_LT","og_type":"article","og_title":"Mokslo renginiai - Informatikos, in\u017einerijos ir technologij\u0173 fakultetas","og_description":"Kauno kolegijos Informatikos, in\u017einerijos ir technologij\u0173 fakultetas rengia tiek nacionalinio, tiek tarptautinio masto mokslinius ir praktinius renginius, suburian\u010dius studentus, d\u0117stytojus, verslo atstovus ir vie\u0161ojo sektoriaus partnerius. Pagrindiniai mokslo renginiai Tarptautin\u0117 mokslin\u0117 konferencija&hellip;","og_url":"https:\/\/kaunokolegija.lt\/itf\/mokslo-renginiai\/","og_site_name":"Informatikos, in\u017einerijos ir technologij\u0173 fakultetas","article_publisher":"https:\/\/www.facebook.com\/Kauno.kolegija\/","article_modified_time":"2026-02-17T07:23:21+00:00","og_image":[{"width":2560,"height":1707,"url":"https:\/\/kaunokolegija.lt\/itf\/wp-content\/uploads\/sites\/16\/2026\/02\/Kauno_kolegija_I-4-scaled.webp","type":"image\/webp"}],"twitter_card":"summary_large_image","twitter_misc":{"Est. reading time":"1 minut\u0117"},"schema":{"@context":"https:\/\/schema.org","@graph":[{"@type":"WebPage","@id":"https:\/\/kaunokolegija.lt\/itf\/mokslo-renginiai\/","url":"https:\/\/kaunokolegija.lt\/itf\/mokslo-renginiai\/","name":"Mokslo renginiai - Informatikos, in\u017einerijos ir technologij\u0173 fakultetas","isPartOf":{"@id":"https:\/\/kaunokolegija.lt\/itf\/#website"},"primaryImageOfPage":{"@id":"https:\/\/kaunokolegija.lt\/itf\/mokslo-renginiai\/#primaryimage"},"image":{"@id":"https:\/\/kaunokolegija.lt\/itf\/mokslo-renginiai\/#primaryimage"},"thumbnailUrl":"https:\/\/kaunokolegija.lt\/itf\/wp-content\/uploads\/sites\/16\/2026\/02\/Kauno_kolegija_I-4-scaled.webp","datePublished":"2025-09-25T16:29:03+00:00","dateModified":"2026-02-17T07:23:21+00:00","breadcrumb":{"@id":"https:\/\/kaunokolegija.lt\/itf\/mokslo-renginiai\/#breadcrumb"},"inLanguage":"lt-LT","potentialAction":[{"@type":"ReadAction","target":["https:\/\/kaunokolegija.lt\/itf\/mokslo-renginiai\/"]}]},{"@type":"ImageObject","inLanguage":"lt-LT","@id":"https:\/\/kaunokolegija.lt\/itf\/mokslo-renginiai\/#primaryimage","url":"https:\/\/kaunokolegija.lt\/itf\/wp-content\/uploads\/sites\/16\/2026\/02\/Kauno_kolegija_I-4-scaled.webp","contentUrl":"https:\/\/kaunokolegija.lt\/itf\/wp-content\/uploads\/sites\/16\/2026\/02\/Kauno_kolegija_I-4-scaled.webp","width":2560,"height":1707},{"@type":"BreadcrumbList","@id":"https:\/\/kaunokolegija.lt\/itf\/mokslo-renginiai\/#breadcrumb","itemListElement":[{"@type":"ListItem","position":1,"name":"Home","item":"https:\/\/kaunokolegija.lt\/itf\/"},{"@type":"ListItem","position":2,"name":"Mokslo renginiai"}]},{"@type":"WebSite","@id":"https:\/\/kaunokolegija.lt\/itf\/#website","url":"https:\/\/kaunokolegija.lt\/itf\/","name":"Informatikos, in\u017einerijos ir technologij\u0173 fakultetas","description":"Kauno kolegija","publisher":{"@id":"https:\/\/kaunokolegija.lt\/itf\/#organization"},"potentialAction":[{"@type":"SearchAction","target":{"@type":"EntryPoint","urlTemplate":"https:\/\/kaunokolegija.lt\/itf\/?s={search_term_string}"},"query-input":{"@type":"PropertyValueSpecification","valueRequired":true,"valueName":"search_term_string"}}],"inLanguage":"lt-LT"},{"@type":"Organization","@id":"https:\/\/kaunokolegija.lt\/itf\/#organization","name":"Kauno kolegija","url":"https:\/\/kaunokolegija.lt\/itf\/","logo":{"@type":"ImageObject","inLanguage":"lt-LT","@id":"https:\/\/kaunokolegija.lt\/itf\/#\/schema\/logo\/image\/","url":"https:\/\/kaunokolegija.lt\/itf\/wp-content\/uploads\/sites\/16\/2026\/01\/cropped-KK_ITF_COLOR.png","contentUrl":"https:\/\/kaunokolegija.lt\/itf\/wp-content\/uploads\/sites\/16\/2026\/01\/cropped-KK_ITF_COLOR.png","width":2084,"height":2084,"caption":"Kauno kolegija"},"image":{"@id":"https:\/\/kaunokolegija.lt\/itf\/#\/schema\/logo\/image\/"},"sameAs":["https:\/\/www.facebook.com\/Kauno.kolegija\/"]}]}},"_links":{"self":[{"href":"https:\/\/kaunokolegija.lt\/itf\/wp-json\/wp\/v2\/pages\/276071","targetHints":{"allow":["GET"]}}],"collection":[{"href":"https:\/\/kaunokolegija.lt\/itf\/wp-json\/wp\/v2\/pages"}],"about":[{"href":"https:\/\/kaunokolegija.lt\/itf\/wp-json\/wp\/v2\/types\/page"}],"author":[{"embeddable":true,"href":"https:\/\/kaunokolegija.lt\/itf\/wp-json\/wp\/v2\/users\/1"}],"replies":[{"embeddable":true,"href":"https:\/\/kaunokolegija.lt\/itf\/wp-json\/wp\/v2\/comments?post=276071"}],"version-history":[{"count":3,"href":"https:\/\/kaunokolegija.lt\/itf\/wp-json\/wp\/v2\/pages\/276071\/revisions"}],"predecessor-version":[{"id":279244,"href":"https:\/\/kaunokolegija.lt\/itf\/wp-json\/wp\/v2\/pages\/276071\/revisions\/279244"}],"wp:featuredmedia":[{"embeddable":true,"href":"https:\/\/kaunokolegija.lt\/itf\/wp-json\/wp\/v2\/media\/279243"}],"wp:attachment":[{"href":"https:\/\/kaunokolegija.lt\/itf\/wp-json\/wp\/v2\/media?parent=276071"}],"curies":[{"name":"wp","href":"https:\/\/api.w.org\/{rel}","templated":true}]}}