{"id":276069,"date":"2025-09-25T16:27:51","date_gmt":"2025-09-25T16:27:51","guid":{"rendered":"https:\/\/royalpeacock.agency\/kk\/itf1\/?page_id=276069"},"modified":"2026-03-23T10:31:15","modified_gmt":"2026-03-23T08:31:15","slug":"apie-mus","status":"publish","type":"page","link":"https:\/\/kaunokolegija.lt\/itf\/apie-mus\/","title":{"rendered":"Apie mus"},"content":{"rendered":"\n<div class=\"wp-block-columns top-p is-layout-flex wp-container-core-columns-is-layout-28f84493 wp-block-columns-is-layout-flex\">\n<div class=\"wp-block-column has-global-padding is-layout-constrained wp-container-core-column-is-layout-d0f22c05 wp-block-column-is-layout-constrained\">\n<div class=\"wp-block-columns abcd has-background is-layout-flex wp-container-core-columns-is-layout-28f84493 wp-block-columns-is-layout-flex\" style=\"background-color:#f9f9f9\">\n<div class=\"wp-block-column is-layout-flow wp-block-column-is-layout-flow\" style=\"padding-top:0;padding-right:0;padding-bottom:0;padding-left:0\">\n<p style=\"margin-top:8px;margin-bottom:8px\">Kauno kolegija \u012fsteigta 2000 metais.<\/p>\n\n\n\n<p>2013 m., po strukt\u016brini\u0173 poky\u010di\u0173, buvo sujungti du iki tol atskirai veik\u0119 fakultetai \u2013 nuo kolegijos \u012fk\u016brimo veik\u0119s Technologij\u0173 fakultetas ir 2003 m. \u012fkurtas Kra\u0161totvarkos fakultetas. Taip buvo suformuotas Technologij\u0173 ir kra\u0161totvarkos fakultetas.<\/p>\n\n\n\n<p style=\"margin-top:8px;margin-bottom:8px\">2017 m. \u0161is fakultetas buvo pervadintas \u012f Technologij\u0173 fakultet\u0105, o 2024 m. \u2013 \u012f Informatikos, in\u017einerijos ir technologij\u0173 fakultet\u0105.<\/p>\n<\/div>\n\n\n\n<div class=\"wp-block-column is-layout-flow wp-block-column-is-layout-flow\" style=\"flex-basis:40%\">\n<figure class=\"wp-block-image aligncenter size-full is-resized\" style=\"margin-top:0;margin-bottom:0\"><img loading=\"lazy\" decoding=\"async\" width=\"2560\" height=\"1707\" src=\"https:\/\/kaunokolegija.lt\/itf\/wp-content\/uploads\/sites\/16\/2026\/01\/Kauno_Kolegija_alumni-scaled.webp\" alt=\"\" class=\"wp-image-276610\" style=\"width:369px;height:auto\" srcset=\"https:\/\/kaunokolegija.lt\/itf\/wp-content\/uploads\/sites\/16\/2026\/01\/Kauno_Kolegija_alumni-scaled.webp 2560w, https:\/\/kaunokolegija.lt\/itf\/wp-content\/uploads\/sites\/16\/2026\/01\/Kauno_Kolegija_alumni-300x200.webp 300w, https:\/\/kaunokolegija.lt\/itf\/wp-content\/uploads\/sites\/16\/2026\/01\/Kauno_Kolegija_alumni-1024x683.webp 1024w, https:\/\/kaunokolegija.lt\/itf\/wp-content\/uploads\/sites\/16\/2026\/01\/Kauno_Kolegija_alumni-768x512.webp 768w, https:\/\/kaunokolegija.lt\/itf\/wp-content\/uploads\/sites\/16\/2026\/01\/Kauno_Kolegija_alumni-1536x1024.webp 1536w, https:\/\/kaunokolegija.lt\/itf\/wp-content\/uploads\/sites\/16\/2026\/01\/Kauno_Kolegija_alumni-2048x1365.webp 2048w, https:\/\/kaunokolegija.lt\/itf\/wp-content\/uploads\/sites\/16\/2026\/01\/Kauno_Kolegija_alumni-600x400.webp 600w\" sizes=\"auto, (max-width: 2560px) 100vw, 2560px\" \/><\/figure>\n<\/div>\n<\/div>\n<\/div>\n<\/div>\n\n\n\n<div class=\"wp-block-columns is-layout-flex wp-container-core-columns-is-layout-28f84493 wp-block-columns-is-layout-flex\">\n<div class=\"wp-block-column is-layout-flow wp-block-column-is-layout-flow\" style=\"flex-basis:100%\">\n<div class=\"wp-block-columns is-layout-flex wp-container-core-columns-is-layout-28f84493 wp-block-columns-is-layout-flex\">\n<div class=\"wp-block-column has-background is-layout-flow wp-block-column-is-layout-flow\" style=\"border-style:none;border-width:0px;border-radius:0px;background-color:#399e97;padding-top:1.2em;padding-bottom:1.2em;flex-basis:100%\">\n<p class=\"has-base-color has-text-color has-link-color has-l-font-size wp-elements-f0bc90259babe689f170266382919bb6\" style=\"padding-right:3.5rem;padding-left:3.5rem\"><strong><strong>Fakulteto i\u0161takos<\/strong><\/strong><\/p>\n<\/div>\n<\/div>\n<\/div>\n<\/div>\n\n\n\n<div class=\"wp-block-columns top-p is-layout-flex wp-container-core-columns-is-layout-9a5e5583 wp-block-columns-is-layout-flex\" style=\"margin-top:var(--wp--preset--spacing--s);margin-bottom:var(--wp--preset--spacing--s)\">\n<div class=\"wp-block-column has-global-padding is-layout-constrained wp-container-core-column-is-layout-d0f22c05 wp-block-column-is-layout-constrained\">\n<div class=\"wp-block-columns abcd has-background is-layout-flex wp-container-core-columns-is-layout-28f84493 wp-block-columns-is-layout-flex\" style=\"background-color:#f9f9f9\">\n<div class=\"wp-block-column is-layout-flow wp-block-column-is-layout-flow\" style=\"padding-top:0;padding-right:0;padding-bottom:0;padding-left:0\">\n<p style=\"margin-top:8px;margin-bottom:8px;padding-top:var(--wp--preset--spacing--s);padding-bottom:var(--wp--preset--spacing--s)\">Informatikos, in\u017einerijos ir technologij\u0173 fakulteto i\u0161takos siejamos su trij\u0173 auk\u0161tesni\u0173j\u0173 mokykl\u0173 \u2013 Kauno auk\u0161tesniosios technologijos mokyklos, Kauno auk\u0161tesniosios maisto pramon\u0117s mokyklos ir Kauno auk\u0161tesniosios kra\u0161totvarkos ir verslo mokyklos istorija.<\/p>\n\n\n\n<div class=\"wp-block-esab-accordion esab-kh1z6ymh\" data-mode=\"global\" data-close=\"true\"><div class=\"esab__container\">\n<div class=\"wp-block-esab-accordion-child\"><div class=\"esab__head\" role=\"button\" aria-expanded=\"false\"><div class=\"esab__heading_txt\"><p class=\"esab__heading_tag\"><strong>Kauno auk\u0161tesnioji technologijos mokykla<\/strong><\/p><\/div><div class=\"esab__icon\"><div class=\"esab__collapse\">  <\/div><div class=\"esab__expand\">  <\/div><\/div><\/div><div class=\"esab__body\">\n<p class=\"is-style-default has-contrast-alt-color has-text-color has-link-color wp-elements-f16f3c81e882b693e84c560841bdfe5d\">Kauno auk\u0161tesniosios technologijos mokyklos prad\u017eia siekia 1945 m., kai Kaune buvo \u012fkurtas celiulioz\u0117s-popieriaus pramon\u0117s technikumas. 1953 m. jis tapo Med\u017eio apdirbimo technikumu, o 1963 m. \u2013 Kauno technologijos technikumu, kuriame jau buvo mokoma 27 specialybi\u0173. 1969 m. pastatyti nauji r\u016bmai Pramon\u0117s prospekte.<\/p>\n\n\n\n<p class=\"has-contrast-alt-color has-text-color has-link-color wp-elements-57d0cad2a9ce50382719a0676d4af908\">1991 m. mokykla reorganizuota \u012f Kauno auk\u0161tesni\u0105j\u0105 technologijos mokykl\u0105, i\u0161pl\u0117tus specialybi\u0173 spektr\u0105 \u2013 prad\u0117ti rengti kompiuterini\u0173, verslo administravimo, turizmo, poligrafijos ir kit\u0173 sri\u010di\u0173 specialistai. Buvo modernizuota infrastrukt\u016bra, sukurti praktiniai centrai, pl\u0117toti tarptautiniai ry\u0161iai su u\u017esienio mokymo \u012fstaigomis.<\/p>\n\n\n\n<p class=\"has-contrast-alt-color has-text-color has-link-color wp-elements-bf5bbdd50bed84452fa563adc297b567\">1999 m. mokykla pripa\u017einta geriausia auk\u0161tesni\u0105ja mokykla Lietuvoje ir \u012fgijo kolegijos status\u0105. 2000 m. \u012fsteigus Kauno kolegij\u0105, ji buvo reorganizuota \u012f du fakultetus \u2013 Technologij\u0173 ir Verslo vadybos.<\/p>\n<\/div><\/div>\n\n\n\n<div class=\"wp-block-esab-accordion-child\"><div class=\"esab__head\" role=\"button\" aria-expanded=\"false\"><div class=\"esab__heading_txt\"><p class=\"esab__heading_tag\"><strong>Kauno auk\u0161tesnioji maisto pramon\u0117s mokykla<\/strong><\/p><\/div><div class=\"esab__icon\"><div class=\"esab__collapse\">  <\/div><div class=\"esab__expand\">  <\/div><\/div><\/div><div class=\"esab__body\">\n<p class=\"has-contrast-alt-color has-text-color has-link-color wp-elements-b07879e419e6a3317c5b9c4f9213da02\">Kauno auk\u0161tesniosios maisto pramon\u0117s mokyklos i\u0161takos siekia 1953 m., kai Savanori\u0173 pr. \u012fkurtas Kauno maisto pramon\u0117s technikumas. Pirmaisiais metais priimta 90 moksleivi\u0173, prad\u0117tos rengti duonos kepimo, konservavimo technologij\u0173 ir maisto pramon\u0117s mechaniko specialyb\u0117s. V\u0117liau atidarytos papildomos patalpos Laisv\u0117s al. 86, \u012fkurta technochemin\u0117s kontrol\u0117s laboratorija, prad\u0117tas pri\u0117mimas \u012f neakivaizdin\u012f skyri\u0173.<\/p>\n\n\n\n<p class=\"has-contrast-alt-color has-text-color has-link-color wp-elements-9c14ed69604ff7a95654040fa19f5d14\">1957 m. i\u0161leista pirmoji dieninio skyriaus laida \u2013 22 mechanikai ir 54 technologai. 1972 m. technikumas persik\u0117l\u0117 \u012f nauj\u0105 pastat\u0105 Pramon\u0117s pr. 22, kur reng\u0117 12 specialybi\u0173 specialistus ir tur\u0117jo 35 kabinetus bei laboratorijas.<br>1991 m. jis tapo Kauno auk\u0161tesni\u0105ja maisto pramon\u0117s mokykla, atnaujinus specialybi\u0173 profil\u012f ir prad\u0117jus rengti \u012fvairi\u0173 sri\u010di\u0173 maisto technologus, mechanikus bei automatikus. 2003 m., formuojant binarin\u0119 auk\u0161tojo mokslo sistem\u0105, mokykla prijungta prie Kauno kolegijos, o jos pagrindin\u0117 veikla integruota \u012f Technologij\u0173 fakultet\u0105.<\/p>\n<\/div><\/div>\n\n\n\n<div class=\"wp-block-esab-accordion-child\"><div class=\"esab__head\" role=\"button\" aria-expanded=\"false\"><div class=\"esab__heading_txt\"><p class=\"esab__heading_tag\"><strong>Kauno auk\u0161tesnioji kra\u0161totvarkos ir verslo mokykla<\/strong><\/p><\/div><div class=\"esab__icon\"><div class=\"esab__collapse\">  <\/div><div class=\"esab__expand\">  <\/div><\/div><\/div><div class=\"esab__body\">\n<p class=\"has-contrast-alt-color has-text-color has-link-color wp-elements-ef9f074a6a590043d03fb482762222f9\">1920 m. atnaujintame Fredos dvare \u012fkurta Sodininkyst\u0117s ir dar\u017eininkyst\u0117s mokykla, kuri 1923 m. atiteko Kauno universiteto Gamtos ir matematikos fakultetui, o 1924 m. \u2013 \u017dem\u0117s \u016bkio ministerijai. 1925 m. ji tapo Fredos auk\u0161tesni\u0105ja sodininkyst\u0117s ir dar\u017eininkyst\u0117s mokykla, o 1935 m. v\u0117l \u2013 Sodininkyst\u0117s ir dar\u017eininkyst\u0117s mokykla.<\/p>\n\n\n\n<p class=\"has-contrast-alt-color has-text-color has-link-color wp-elements-2a01d8df338291b22953e787f690e3cb\">Po Antrojo pasaulinio karo, 1945 m., vietoje jos \u012fkurtas Kauno Mi\u010diurino tarybinis \u016bkis-technikumas, o tais pa\u010diais metais \u012fsteigtas Kauno \u017eem\u0117s \u016bkio technikumas, kurio \u0161aknys siekia 1922 m. \u012fkurt\u0105 Dotnuvos mokykl\u0105. 1982 m. abu technikumai sujungti, o 1990 m. perkelti \u012f Mastai\u010dius ir pavadinti Kauno auk\u0161tesni\u0105ja \u017eem\u0117s \u016bkio mokykla.<\/p>\n\n\n\n<p class=\"has-contrast-alt-color has-text-color has-link-color wp-elements-8ebce33d71d4baad6cc4f229a8647fce\">1991 m. mokykla reorganizuota \u012f Kauno auk\u0161tesni\u0105j\u0105 kra\u0161totvarkos ir verslo mokykl\u0105, o 2002 m. tapo Kauno kolegijos Kra\u0161totvarkos fakultetu.<\/p>\n<\/div><\/div>\n<\/div><\/div>\n<\/div>\n<\/div>\n<\/div>\n<\/div>\n\n\n\n<div class=\"wp-block-columns is-layout-flex wp-container-core-columns-is-layout-28f84493 wp-block-columns-is-layout-flex\">\n<div class=\"wp-block-column is-layout-flow wp-block-column-is-layout-flow\" style=\"flex-basis:100%\">\n<div class=\"wp-block-columns is-layout-flex wp-container-core-columns-is-layout-28f84493 wp-block-columns-is-layout-flex\">\n<div class=\"wp-block-column has-background is-layout-flow wp-block-column-is-layout-flow\" style=\"border-style:none;border-width:0px;border-radius:0px;background-color:#399e97;padding-top:1.2em;padding-bottom:1.2em;flex-basis:100%\">\n<p class=\"has-base-color has-text-color has-link-color has-l-font-size wp-elements-bd7c96f6caef4f5345254130435cb6c8\" style=\"padding-right:3.5rem;padding-left:3.5rem\"><strong><strong>Katedros, centras<\/strong><\/strong><\/p>\n<\/div>\n<\/div>\n<\/div>\n<\/div>\n\n\n\n<div class=\"wp-block-columns top-p is-layout-flex wp-container-core-columns-is-layout-9a5e5583 wp-block-columns-is-layout-flex\" style=\"margin-top:var(--wp--preset--spacing--s);margin-bottom:var(--wp--preset--spacing--s)\">\n<div class=\"wp-block-column has-global-padding is-layout-constrained wp-container-core-column-is-layout-d0f22c05 wp-block-column-is-layout-constrained\">\n<div class=\"wp-block-columns abcd has-background is-layout-flex wp-container-core-columns-is-layout-28f84493 wp-block-columns-is-layout-flex\" style=\"background-color:#f9f9f9\">\n<div class=\"wp-block-column is-layout-flow wp-block-column-is-layout-flow\" style=\"padding-top:0;padding-right:0;padding-bottom:0;padding-left:0\">\n<div class=\"wp-block-esab-accordion esab-nc4uce7r\" data-mode=\"global\" data-close=\"true\"><div class=\"esab__container\">\n<div class=\"wp-block-esab-accordion-child\"><div class=\"esab__head\" role=\"button\" aria-expanded=\"false\"><div class=\"esab__heading_txt\"><p class=\"esab__heading_tag\"><strong><strong>Informatikos ir medij\u0173 technologij\u0173 katedra<\/strong><\/strong><\/p><\/div><div class=\"esab__icon\"><div class=\"esab__collapse\">  <\/div><div class=\"esab__expand\">  <\/div><\/div><\/div><div class=\"esab__body\">\n<p><em>Pramon\u0117s pr. 20, 3-59 kab., LT-50468 Kaunas<\/em><\/p>\n\n\n\n<p class=\"is-style-default has-contrast-alt-color has-text-color has-link-color wp-elements-9cfc93d8a9f1238dd79ec9d90e770c9d\"><strong>Informatikos ir medij\u0173 technologij\u0173 katedros ved\u0117jas<\/strong><\/p>\n\n\n\n<p class=\"is-style-default has-contrast-alt-color has-text-color has-link-color wp-elements-da59dfeb6ec5aeb7294e116929347525\">Paulius Baltru\u0161aitis<br>Tel. nr. + 370 37 28 08 75<br>El. pa\u0161tas <a href=\"mailto:paulius.baltrusaitis@go.kauko.lt\">paulius.baltrusaitis@go.kauko.lt<\/a><\/p>\n\n\n\n<p class=\"is-style-default has-contrast-alt-color has-text-color has-link-color wp-elements-24949d0c611c9d25d81aa3aca456b478\"><strong>Informatikos ir medij\u0173 technologij\u0173 katedros administrator\u0117<\/strong><\/p>\n\n\n\n<p>Gitana Ginevi\u010dien\u0117<br><\/p>\n\n\n\n<p><strong>Informatikos ir medij\u0173 technologij\u0173 katedros administrator\u0117<\/strong><\/p>\n\n\n\n<p>Evelina Jakavi\u010dien\u0117<br><br><\/p>\n<\/div><\/div>\n\n\n\n<div class=\"wp-block-esab-accordion-child\"><div class=\"esab__head\" role=\"button\" aria-expanded=\"false\"><div class=\"esab__heading_txt\"><p class=\"esab__heading_tag\"><strong><strong>In\u017einerini\u0173 studij\u0173 centras<\/strong><\/strong><\/p><\/div><div class=\"esab__icon\"><div class=\"esab__collapse\">  <\/div><div class=\"esab__expand\">  <\/div><\/div><\/div><div class=\"esab__body\">\n<p class=\"has-contrast-alt-color has-text-color has-link-color wp-elements-50b4aab9ae84272252a6def6129d0b05\"><em>Pramon\u0117s pr. 22, 3-35 kab., LT-50387 Kaunas<\/em><\/p>\n\n\n\n<p class=\"has-contrast-alt-color has-text-color has-link-color wp-elements-34903a44664f8af7a40c1909e921665b\"><strong>In\u017einerini\u0173 studij\u0173 centro vadovas<\/strong><\/p>\n\n\n\n<p>dr. Saulius Mickevi\u010dius <\/p>\n\n\n\n<p>Tel. nr.: +370 605 26384<\/p>\n\n\n\n<p>El. pa\u0161tas: saulius.mickevicius@go.kauko.lt  <\/p>\n\n\n\n<p class=\"has-contrast-alt-color has-text-color has-link-color wp-elements-0406f143967a9aac08e081f93dac8d42\"><strong>In\u017einerini\u0173 studij\u0173 centro administrator\u0117<\/strong><\/p>\n\n\n\n<p>Inga Motiej\u016bnien\u0117<\/p>\n<\/div><\/div>\n\n\n\n<div class=\"wp-block-esab-accordion-child\"><div class=\"esab__head\" role=\"button\" aria-expanded=\"false\"><div class=\"esab__heading_txt\"><p class=\"esab__heading_tag\"><strong><strong>Maisto ir agrotechnologij\u0173 katedra<\/strong><\/strong><\/p><\/div><div class=\"esab__icon\"><div class=\"esab__collapse\">  <\/div><div class=\"esab__expand\">  <\/div><\/div><\/div><div class=\"esab__body\">\n<p class=\"has-contrast-alt-color has-text-color has-link-color wp-elements-9183ff5677670beedf0b913abb5db21b\"><em>Pramon\u0117s pr. 22, 3-25 kab.<\/em><\/p>\n\n\n\n<p class=\"has-contrast-alt-color has-text-color has-link-color wp-elements-187ef8da48bb333dd8cb9f33a737d782\"><strong>Maisto ir agrotechnologij\u0173 katedros ved\u0117ja<\/strong><\/p>\n\n\n\n<p>dr. Ingrida Kraujutien\u0117<br>Tel. nr. + 370 37 35 23 12<br>El. pa\u0161tas <a href=\"mailto:ingrida.kraujutiene@go.kauko.lt\">ingrida.kraujutiene@go.kauko.lt<\/a><\/p>\n\n\n\n<p><strong>Maisto ir agrotechnologij\u0173 katedros administrator\u0117<\/strong><\/p>\n\n\n\n<p>Simona Jogminien\u0117<\/p>\n<\/div><\/div>\n<\/div><\/div>\n<\/div>\n<\/div>\n<\/div>\n<\/div>\n","protected":false},"excerpt":{"rendered":"<p>Kauno kolegija \u012fsteigta 2000 metais. 2013 m., po strukt\u016brini\u0173 poky\u010di\u0173, buvo sujungti du iki tol atskirai veik\u0119 fakultetai \u2013 nuo kolegijos \u012fk\u016brimo veik\u0119s Technologij\u0173 fakultetas ir 2003 m. \u012fkurtas Kra\u0161totvarkos fakultetas. Taip&hellip;<\/p>\n","protected":false},"author":1,"featured_media":276608,"parent":0,"menu_order":0,"comment_status":"closed","ping_status":"closed","template":"","meta":{"footnotes":""},"class_list":["post-276069","page","type-page","status-publish","has-post-thumbnail","hentry"],"yoast_head":"<!-- This site is optimized with the Yoast SEO plugin v27.4 - https:\/\/yoast.com\/product\/yoast-seo-wordpress\/ -->\n<title>Apie mus - Informatikos, in\u017einerijos ir technologij\u0173 fakultetas<\/title>\n<meta name=\"robots\" content=\"index, follow, max-snippet:-1, max-image-preview:large, max-video-preview:-1\" \/>\n<link rel=\"canonical\" href=\"https:\/\/kaunokolegija.lt\/itf\/apie-mus\/\" \/>\n<meta property=\"og:locale\" content=\"lt_LT\" \/>\n<meta property=\"og:type\" content=\"article\" \/>\n<meta property=\"og:title\" content=\"Apie mus - Informatikos, in\u017einerijos ir technologij\u0173 fakultetas\" \/>\n<meta property=\"og:description\" content=\"Kauno kolegija \u012fsteigta 2000 metais. 2013 m., po strukt\u016brini\u0173 poky\u010di\u0173, buvo sujungti du iki tol atskirai veik\u0119 fakultetai \u2013 nuo kolegijos \u012fk\u016brimo veik\u0119s Technologij\u0173 fakultetas ir 2003 m. \u012fkurtas Kra\u0161totvarkos fakultetas. Taip&hellip;\" \/>\n<meta property=\"og:url\" content=\"https:\/\/kaunokolegija.lt\/itf\/apie-mus\/\" \/>\n<meta property=\"og:site_name\" content=\"Informatikos, in\u017einerijos ir technologij\u0173 fakultetas\" \/>\n<meta property=\"article:publisher\" content=\"https:\/\/www.facebook.com\/Kauno.kolegija\/\" \/>\n<meta property=\"article:modified_time\" content=\"2026-03-23T08:31:15+00:00\" \/>\n<meta property=\"og:image\" content=\"https:\/\/kaunokolegija.lt\/itf\/wp-content\/uploads\/sites\/16\/2026\/01\/Kauno_kolegija_II-115-scaled.webp\" \/>\n\t<meta property=\"og:image:width\" content=\"2560\" \/>\n\t<meta property=\"og:image:height\" content=\"1707\" \/>\n\t<meta property=\"og:image:type\" content=\"image\/webp\" \/>\n<meta name=\"twitter:card\" content=\"summary_large_image\" \/>\n<meta name=\"twitter:label1\" content=\"Est. reading time\" \/>\n\t<meta name=\"twitter:data1\" content=\"4 minut\u0117s\" \/>\n<script type=\"application\/ld+json\" class=\"yoast-schema-graph\">{\"@context\":\"https:\\\/\\\/schema.org\",\"@graph\":[{\"@type\":\"WebPage\",\"@id\":\"https:\\\/\\\/kaunokolegija.lt\\\/itf\\\/apie-mus\\\/\",\"url\":\"https:\\\/\\\/kaunokolegija.lt\\\/itf\\\/apie-mus\\\/\",\"name\":\"Apie mus - Informatikos, in\u017einerijos ir technologij\u0173 fakultetas\",\"isPartOf\":{\"@id\":\"https:\\\/\\\/kaunokolegija.lt\\\/itf\\\/#website\"},\"primaryImageOfPage\":{\"@id\":\"https:\\\/\\\/kaunokolegija.lt\\\/itf\\\/apie-mus\\\/#primaryimage\"},\"image\":{\"@id\":\"https:\\\/\\\/kaunokolegija.lt\\\/itf\\\/apie-mus\\\/#primaryimage\"},\"thumbnailUrl\":\"https:\\\/\\\/kaunokolegija.lt\\\/itf\\\/wp-content\\\/uploads\\\/sites\\\/16\\\/2026\\\/01\\\/Kauno_kolegija_II-115-scaled.webp\",\"datePublished\":\"2025-09-25T16:27:51+00:00\",\"dateModified\":\"2026-03-23T08:31:15+00:00\",\"breadcrumb\":{\"@id\":\"https:\\\/\\\/kaunokolegija.lt\\\/itf\\\/apie-mus\\\/#breadcrumb\"},\"inLanguage\":\"lt-LT\",\"potentialAction\":[{\"@type\":\"ReadAction\",\"target\":[\"https:\\\/\\\/kaunokolegija.lt\\\/itf\\\/apie-mus\\\/\"]}]},{\"@type\":\"ImageObject\",\"inLanguage\":\"lt-LT\",\"@id\":\"https:\\\/\\\/kaunokolegija.lt\\\/itf\\\/apie-mus\\\/#primaryimage\",\"url\":\"https:\\\/\\\/kaunokolegija.lt\\\/itf\\\/wp-content\\\/uploads\\\/sites\\\/16\\\/2026\\\/01\\\/Kauno_kolegija_II-115-scaled.webp\",\"contentUrl\":\"https:\\\/\\\/kaunokolegija.lt\\\/itf\\\/wp-content\\\/uploads\\\/sites\\\/16\\\/2026\\\/01\\\/Kauno_kolegija_II-115-scaled.webp\",\"width\":2560,\"height\":1707},{\"@type\":\"BreadcrumbList\",\"@id\":\"https:\\\/\\\/kaunokolegija.lt\\\/itf\\\/apie-mus\\\/#breadcrumb\",\"itemListElement\":[{\"@type\":\"ListItem\",\"position\":1,\"name\":\"Home\",\"item\":\"https:\\\/\\\/kaunokolegija.lt\\\/itf\\\/\"},{\"@type\":\"ListItem\",\"position\":2,\"name\":\"Apie mus\"}]},{\"@type\":\"WebSite\",\"@id\":\"https:\\\/\\\/kaunokolegija.lt\\\/itf\\\/#website\",\"url\":\"https:\\\/\\\/kaunokolegija.lt\\\/itf\\\/\",\"name\":\"Informatikos, in\u017einerijos ir technologij\u0173 fakultetas\",\"description\":\"Kauno kolegija\",\"publisher\":{\"@id\":\"https:\\\/\\\/kaunokolegija.lt\\\/itf\\\/#organization\"},\"potentialAction\":[{\"@type\":\"SearchAction\",\"target\":{\"@type\":\"EntryPoint\",\"urlTemplate\":\"https:\\\/\\\/kaunokolegija.lt\\\/itf\\\/?s={search_term_string}\"},\"query-input\":{\"@type\":\"PropertyValueSpecification\",\"valueRequired\":true,\"valueName\":\"search_term_string\"}}],\"inLanguage\":\"lt-LT\"},{\"@type\":\"Organization\",\"@id\":\"https:\\\/\\\/kaunokolegija.lt\\\/itf\\\/#organization\",\"name\":\"Kauno kolegija\",\"url\":\"https:\\\/\\\/kaunokolegija.lt\\\/itf\\\/\",\"logo\":{\"@type\":\"ImageObject\",\"inLanguage\":\"lt-LT\",\"@id\":\"https:\\\/\\\/kaunokolegija.lt\\\/itf\\\/#\\\/schema\\\/logo\\\/image\\\/\",\"url\":\"https:\\\/\\\/kaunokolegija.lt\\\/itf\\\/wp-content\\\/uploads\\\/sites\\\/16\\\/2026\\\/01\\\/cropped-KK_ITF_COLOR.png\",\"contentUrl\":\"https:\\\/\\\/kaunokolegija.lt\\\/itf\\\/wp-content\\\/uploads\\\/sites\\\/16\\\/2026\\\/01\\\/cropped-KK_ITF_COLOR.png\",\"width\":2084,\"height\":2084,\"caption\":\"Kauno kolegija\"},\"image\":{\"@id\":\"https:\\\/\\\/kaunokolegija.lt\\\/itf\\\/#\\\/schema\\\/logo\\\/image\\\/\"},\"sameAs\":[\"https:\\\/\\\/www.facebook.com\\\/Kauno.kolegija\\\/\"]}]}<\/script>\n<!-- \/ Yoast SEO plugin. -->","yoast_head_json":{"title":"Apie mus - Informatikos, in\u017einerijos ir technologij\u0173 fakultetas","robots":{"index":"index","follow":"follow","max-snippet":"max-snippet:-1","max-image-preview":"max-image-preview:large","max-video-preview":"max-video-preview:-1"},"canonical":"https:\/\/kaunokolegija.lt\/itf\/apie-mus\/","og_locale":"lt_LT","og_type":"article","og_title":"Apie mus - Informatikos, in\u017einerijos ir technologij\u0173 fakultetas","og_description":"Kauno kolegija \u012fsteigta 2000 metais. 2013 m., po strukt\u016brini\u0173 poky\u010di\u0173, buvo sujungti du iki tol atskirai veik\u0119 fakultetai \u2013 nuo kolegijos \u012fk\u016brimo veik\u0119s Technologij\u0173 fakultetas ir 2003 m. \u012fkurtas Kra\u0161totvarkos fakultetas. Taip&hellip;","og_url":"https:\/\/kaunokolegija.lt\/itf\/apie-mus\/","og_site_name":"Informatikos, in\u017einerijos ir technologij\u0173 fakultetas","article_publisher":"https:\/\/www.facebook.com\/Kauno.kolegija\/","article_modified_time":"2026-03-23T08:31:15+00:00","og_image":[{"width":2560,"height":1707,"url":"https:\/\/kaunokolegija.lt\/itf\/wp-content\/uploads\/sites\/16\/2026\/01\/Kauno_kolegija_II-115-scaled.webp","type":"image\/webp"}],"twitter_card":"summary_large_image","twitter_misc":{"Est. reading time":"4 minut\u0117s"},"schema":{"@context":"https:\/\/schema.org","@graph":[{"@type":"WebPage","@id":"https:\/\/kaunokolegija.lt\/itf\/apie-mus\/","url":"https:\/\/kaunokolegija.lt\/itf\/apie-mus\/","name":"Apie mus - Informatikos, in\u017einerijos ir technologij\u0173 fakultetas","isPartOf":{"@id":"https:\/\/kaunokolegija.lt\/itf\/#website"},"primaryImageOfPage":{"@id":"https:\/\/kaunokolegija.lt\/itf\/apie-mus\/#primaryimage"},"image":{"@id":"https:\/\/kaunokolegija.lt\/itf\/apie-mus\/#primaryimage"},"thumbnailUrl":"https:\/\/kaunokolegija.lt\/itf\/wp-content\/uploads\/sites\/16\/2026\/01\/Kauno_kolegija_II-115-scaled.webp","datePublished":"2025-09-25T16:27:51+00:00","dateModified":"2026-03-23T08:31:15+00:00","breadcrumb":{"@id":"https:\/\/kaunokolegija.lt\/itf\/apie-mus\/#breadcrumb"},"inLanguage":"lt-LT","potentialAction":[{"@type":"ReadAction","target":["https:\/\/kaunokolegija.lt\/itf\/apie-mus\/"]}]},{"@type":"ImageObject","inLanguage":"lt-LT","@id":"https:\/\/kaunokolegija.lt\/itf\/apie-mus\/#primaryimage","url":"https:\/\/kaunokolegija.lt\/itf\/wp-content\/uploads\/sites\/16\/2026\/01\/Kauno_kolegija_II-115-scaled.webp","contentUrl":"https:\/\/kaunokolegija.lt\/itf\/wp-content\/uploads\/sites\/16\/2026\/01\/Kauno_kolegija_II-115-scaled.webp","width":2560,"height":1707},{"@type":"BreadcrumbList","@id":"https:\/\/kaunokolegija.lt\/itf\/apie-mus\/#breadcrumb","itemListElement":[{"@type":"ListItem","position":1,"name":"Home","item":"https:\/\/kaunokolegija.lt\/itf\/"},{"@type":"ListItem","position":2,"name":"Apie mus"}]},{"@type":"WebSite","@id":"https:\/\/kaunokolegija.lt\/itf\/#website","url":"https:\/\/kaunokolegija.lt\/itf\/","name":"Informatikos, in\u017einerijos ir technologij\u0173 fakultetas","description":"Kauno kolegija","publisher":{"@id":"https:\/\/kaunokolegija.lt\/itf\/#organization"},"potentialAction":[{"@type":"SearchAction","target":{"@type":"EntryPoint","urlTemplate":"https:\/\/kaunokolegija.lt\/itf\/?s={search_term_string}"},"query-input":{"@type":"PropertyValueSpecification","valueRequired":true,"valueName":"search_term_string"}}],"inLanguage":"lt-LT"},{"@type":"Organization","@id":"https:\/\/kaunokolegija.lt\/itf\/#organization","name":"Kauno kolegija","url":"https:\/\/kaunokolegija.lt\/itf\/","logo":{"@type":"ImageObject","inLanguage":"lt-LT","@id":"https:\/\/kaunokolegija.lt\/itf\/#\/schema\/logo\/image\/","url":"https:\/\/kaunokolegija.lt\/itf\/wp-content\/uploads\/sites\/16\/2026\/01\/cropped-KK_ITF_COLOR.png","contentUrl":"https:\/\/kaunokolegija.lt\/itf\/wp-content\/uploads\/sites\/16\/2026\/01\/cropped-KK_ITF_COLOR.png","width":2084,"height":2084,"caption":"Kauno kolegija"},"image":{"@id":"https:\/\/kaunokolegija.lt\/itf\/#\/schema\/logo\/image\/"},"sameAs":["https:\/\/www.facebook.com\/Kauno.kolegija\/"]}]}},"_links":{"self":[{"href":"https:\/\/kaunokolegija.lt\/itf\/wp-json\/wp\/v2\/pages\/276069","targetHints":{"allow":["GET"]}}],"collection":[{"href":"https:\/\/kaunokolegija.lt\/itf\/wp-json\/wp\/v2\/pages"}],"about":[{"href":"https:\/\/kaunokolegija.lt\/itf\/wp-json\/wp\/v2\/types\/page"}],"author":[{"embeddable":true,"href":"https:\/\/kaunokolegija.lt\/itf\/wp-json\/wp\/v2\/users\/1"}],"replies":[{"embeddable":true,"href":"https:\/\/kaunokolegija.lt\/itf\/wp-json\/wp\/v2\/comments?post=276069"}],"version-history":[{"count":17,"href":"https:\/\/kaunokolegija.lt\/itf\/wp-json\/wp\/v2\/pages\/276069\/revisions"}],"predecessor-version":[{"id":279377,"href":"https:\/\/kaunokolegija.lt\/itf\/wp-json\/wp\/v2\/pages\/276069\/revisions\/279377"}],"wp:featuredmedia":[{"embeddable":true,"href":"https:\/\/kaunokolegija.lt\/itf\/wp-json\/wp\/v2\/media\/276608"}],"wp:attachment":[{"href":"https:\/\/kaunokolegija.lt\/itf\/wp-json\/wp\/v2\/media?parent=276069"}],"curies":[{"name":"wp","href":"https:\/\/api.w.org\/{rel}","templated":true}]}}