{"id":279858,"date":"2026-02-27T14:09:03","date_gmt":"2026-02-27T12:09:03","guid":{"rendered":"https:\/\/kaunokolegija.lt\/english\/?page_id=279858"},"modified":"2026-03-03T13:33:26","modified_gmt":"2026-03-03T11:33:26","slug":"careers","status":"publish","type":"page","link":"https:\/\/kaunokolegija.lt\/english\/about-us\/careers\/","title":{"rendered":"Careers"},"content":{"rendered":"\n<div class=\"wp-block-columns is-layout-flex wp-container-core-columns-is-layout-28f84493 wp-block-columns-is-layout-flex\">\n<div class=\"wp-block-column is-layout-flow wp-block-column-is-layout-flow\">\n<div class=\"wp-block-columns is-layout-flex wp-container-core-columns-is-layout-28f84493 wp-block-columns-is-layout-flex\">\n<div class=\"wp-block-column has-background is-layout-flow wp-block-column-is-layout-flow\" style=\"border-style:none;border-width:0px;border-radius:0px;background-color:#399e97;padding-top:1.2em;padding-bottom:1.2em\">\n<p class=\"has-base-color has-text-color has-link-color has-l-font-size wp-elements-e27ade776f45a8f78cec4907511145f7\" style=\"padding-right:3.5rem;padding-left:3.5rem\"><strong><strong><strong><strong>Public competition for academic positions at Kauno kolegija Higher Education Institution<\/strong><\/strong><\/strong><\/strong><\/p>\n<\/div>\n<\/div>\n<\/div>\n<\/div>\n\n\n\n<div class=\"wp-block-columns top-p is-layout-flex wp-container-core-columns-is-layout-974ed87f wp-block-columns-is-layout-flex\" style=\"margin-bottom:var(--wp--preset--spacing--s)\">\n<div class=\"wp-block-column has-global-padding is-layout-constrained wp-container-core-column-is-layout-d0f22c05 wp-block-column-is-layout-constrained\">\n<div class=\"wp-block-columns abcd has-background is-layout-flex wp-container-core-columns-is-layout-28f84493 wp-block-columns-is-layout-flex\" style=\"background-color:#f9f9f9\">\n<div class=\"wp-block-column is-layout-flow wp-block-column-is-layout-flow\" style=\"padding-top:0;padding-right:0;padding-bottom:0;padding-left:0\">\n<p class=\"is-style-justify\">Kauno kolegija announces public competitions for academic positions (associate professor, assistant professor, senior lecturer, lecturer). The deadline for applicants to submit their documents is 31 March 2026.<\/p>\n\n\n\n<p class=\"is-style-justify\">&nbsp;Academic positions are open for a 5-year term of office by public competition. The job starts on 1 September 2026. The applicants who meet the qualification requirements set for the academic staff, approved by the Kauno kolegija Academic Council are kindly invited to apply <em>(<a href=\"https:\/\/kaunokolegija.lt\/english\/wp-content\/uploads\/sites\/13\/2026\/02\/1_the-Description-of-the-procedure-for-organising-competitions-for-academic-positions.pdf\" target=\"_blank\" rel=\"noreferrer noopener\">the Description of the procedure for organising competitions for academic positions, certifying and assessing the performance of the academic staff, and establishing qualification and certification requirements<\/a>).<\/em><\/p>\n\n\n\n<p><strong>THE LIST OF THE POSITIONS OFFERED FOR THE COMPETITION:<\/strong><\/p>\n\n\n\n<p><a href=\"https:\/\/kaunokolegija.lt\/english\/wp-content\/uploads\/sites\/13\/2026\/03\/3_EN_Faculty-of-Arts-and-Education.pdf\" target=\"_blank\" rel=\"noreferrer noopener\">Faculty of Arts and Education<\/a><\/p>\n\n\n\n<p><a href=\"https:\/\/kaunokolegija.lt\/english\/wp-content\/uploads\/sites\/13\/2026\/03\/4_EN_Faculty-of-Computing-Engineering-and-Technologies.pdf\" target=\"_blank\" rel=\"noreferrer noopener\">Faculty of Computing, Engineering and Technologies<\/a><\/p>\n\n\n\n<p><a href=\"https:\/\/kaunokolegija.lt\/english\/wp-content\/uploads\/sites\/13\/2026\/03\/5_EN_Faculty-of-Business.pdf\" target=\"_blank\" rel=\"noreferrer noopener\">Faculty of Business<\/a><\/p>\n\n\n\n<p><a href=\"https:\/\/kaunokolegija.lt\/english\/wp-content\/uploads\/sites\/13\/2026\/03\/6_EN_Alytus-Faculty.pdf\" target=\"_blank\" rel=\"noreferrer noopener\">Alytus Faculty<\/a><\/p>\n\n\n\n<p>The applicants must submit the following documents:&nbsp;<\/p>\n\n\n\n<ul class=\"wp-block-list\">\n<li>an application to be admitted to the competition according to the form provided (<a href=\"https:\/\/kaunokolegija.lt\/english\/wp-content\/uploads\/sites\/13\/2026\/02\/7-application-template.doc\" target=\"_blank\" rel=\"noreferrer noopener\">template<\/a>);<\/li>\n\n\n\n<li>a curriculum vitae (CV);<\/li>\n\n\n\n<li>proof(s) of education and copies thereof (where no data of education are available in the KK HR system)*;<\/li>\n\n\n\n<li>a summary of the academic performance according to the form provided (<a href=\"https:\/\/kaunokolegija.lt\/english\/wp-content\/uploads\/sites\/13\/2026\/02\/8-summary_-associate_professor.docx\" target=\"_blank\" rel=\"noreferrer noopener\">summary_ associate_professor<\/a>; <a href=\"https:\/\/kaunokolegija.lt\/english\/wp-content\/uploads\/sites\/13\/2026\/02\/9-summary_associate_professor_recognised-artist.docx\" target=\"_blank\" rel=\"noreferrer noopener\">summary_associate_professor_recognised artist<\/a>; <a href=\"https:\/\/kaunokolegija.lt\/english\/wp-content\/uploads\/sites\/13\/2026\/02\/10-summary_-assistant_professor.docx\" target=\"_blank\" rel=\"noreferrer noopener\">summary_ assistant_professor<\/a>; <a href=\"https:\/\/kaunokolegija.lt\/english\/wp-content\/uploads\/sites\/13\/2026\/02\/11-summary_-assistant_professor_recognised-artist.docx\" target=\"_blank\" rel=\"noreferrer noopener\">summary_ assistant_professor_recognised artist<\/a>; <a href=\"https:\/\/kaunokolegija.lt\/english\/wp-content\/uploads\/sites\/13\/2026\/02\/12-summary_senior_lecturer.docx\" target=\"_blank\" rel=\"noreferrer noopener\">summary_senior_lecturer<\/a>; <a href=\"https:\/\/kaunokolegija.lt\/english\/wp-content\/uploads\/sites\/13\/2026\/02\/13-summary_-senior_lecturer_recognised-artist.docx\" target=\"_blank\" rel=\"noreferrer noopener\">summary_ senior_lecturer_recognised artist<\/a>; <a href=\"https:\/\/kaunokolegija.lt\/english\/wp-content\/uploads\/sites\/13\/2026\/02\/14-summary_lecturer.docx\" target=\"_blank\" rel=\"noreferrer noopener\">summary_lecturer<\/a>);<\/li>\n\n\n\n<li>a list of scientific, contractual, and methodological papers published in the last 5 years (For external applicants, in the case of a printed book, copies of the title pages, introduction, and contents must be provided (the original may be submitted for a review at the sitting and returned to the applicant after it); in the case of an e-book, copies of the title pages, introduction, and contents, and the internet link; in the case of an article, a copy of it. To prove the results of methodological, scientific, and art activities of the KK academic staff, the list of publications and art production, certified by the signature of a representative of the Library and Scientific Communication Centre, must be submitted);&nbsp;<\/li>\n\n\n\n<li>an action plan for the 5-year term of office according to the form provided (<a href=\"https:\/\/kaunokolegija.lt\/english\/wp-content\/uploads\/sites\/13\/2026\/02\/15-action-plan-template.docx\" target=\"_blank\" rel=\"noreferrer noopener\">template<\/a>);<\/li>\n\n\n\n<li>a document certifying the level of competency in a foreign language (this is not required in case the degree is in a foreign language);<\/li>\n\n\n\n<li>a declaration of possessing the competencies required for the specific research profile (<a href=\"https:\/\/kaunokolegija.lt\/english\/wp-content\/uploads\/sites\/13\/2026\/02\/16-DECLARATION_ASSOCIATE-PROFESSOR.docx\" target=\"_blank\" rel=\"noreferrer noopener\">declaration_associate_professor<\/a>; <a href=\"https:\/\/kaunokolegija.lt\/english\/wp-content\/uploads\/sites\/13\/2026\/02\/17-DECLARATION_-ASSISTANT-PROFESSOR.docx\" target=\"_blank\" rel=\"noreferrer noopener\">declaration_assistant_professor<\/a>);<\/li>\n\n\n\n<li>other documents justifying scientific and academic activity or qualifications (at the applicant\u2019s choice).<\/li>\n<\/ul>\n\n\n\n<p class=\"is-style-justify\">Applicants\u2019 documents are accepted at the Human Resources Unit (Pramon\u0117s pr. 20, Kaunas, Room 1-026 and Room 1-063 on weekdays from 9:00 a.m. to 2:00 p.m. (lunch break 12.00 to 12.30)) or by sending them by registered mail or courier service to V\u0161\u012e Kauno kolegija, \u017dmogi\u0161k\u0173j\u0173 i\u0161tekli\u0173 skyrius, Pramon\u0117s pr. 20, LT-50468 Kaunas, indicating \u201cFor the competition for an academic position\u201d, or by sending them to the email address <a href=\"mailto:personalas@kaunokolegija.lt\">personalas@kaunokolegija.lt<\/a><\/p>\n\n\n\n<p>If you have any questions, please contact the following contacts:<\/p>\n\n\n\n<p>No. +370 689 58039, +370 689 58040<\/p>\n\n\n\n<p>Email <a href=\"mailto:personalas@kaunokolegija.lt\">personalas@kaunokolegija.lt<\/a><\/p>\n\n\n\n<p class=\"is-style-justify\"><strong>The competition board meetings for the positions of Senior lecturer and Lecturer are planned from 18\/05\/2026 to 29\/05\/2026, for the positions of Associate professor and Assistant professor are planned from 08\/06\/2026 to 26\/06\/2026.<\/strong><\/p>\n\n\n\n<p><strong>The documents must be submitted no later than 31\/03\/2026.<\/strong><\/p>\n\n\n\n<p class=\"is-style-justify\">Please note that the personal data submitted by applicants shall be processed for the purposes of organising and administrating the competition and shall be preserved for no longer than necessary to ensure proper organisation and administration of the competition.<\/p>\n\n\n\n<p><strong>The salary offered (per full-time position before taxes):<\/strong><\/p>\n\n\n\n<p>Associate professor &#8211; 3452,16 Eur \u2013 3955,60 Eur<\/p>\n\n\n\n<p>Assistant professor &#8211; 3056,60 Eur \u2013 3596,00 Eur<\/p>\n\n\n\n<p>Senior lecturer &#8211; 2822,86 Eur \u2013 3236,40 Eur<\/p>\n\n\n\n<p>Lecturer &#8211; 2714,98 Eur \u2013 3056,60 Eur<\/p>\n\n\n\n<p class=\"is-style-justify\">*The full-time equivalent for the position can be subject to adjustment when concluding the contract.<\/p>\n\n\n\n<p class=\"is-style-justify\" style=\"margin-bottom:var(--wp--preset--spacing--l)\">Documents confirming education or, for example, teaching or professional experience, and are issued by other institutions must be translated to Lithuanian. The translation must be signed by the translator and stamped by the translation agency.<\/p>\n<\/div>\n<\/div>\n<\/div>\n<\/div>\n","protected":false},"excerpt":{"rendered":"<p>Public competition for academic positions at Kauno kolegija Higher Education Institution Kauno kolegija announces public competitions for academic positions (associate professor, assistant professor, senior lecturer, lecturer). The deadline for applicants to submit&hellip;<\/p>\n","protected":false},"author":13,"featured_media":276513,"parent":276069,"menu_order":0,"comment_status":"closed","ping_status":"closed","template":"","meta":{"footnotes":""},"class_list":["post-279858","page","type-page","status-publish","has-post-thumbnail","hentry"],"yoast_head":"<!-- This site is optimized with the Yoast SEO plugin v27.4 - https:\/\/yoast.com\/product\/yoast-seo-wordpress\/ -->\n<title>Careers - Higher Education Institution<\/title>\n<meta name=\"robots\" content=\"index, follow, max-snippet:-1, max-image-preview:large, max-video-preview:-1\" \/>\n<link rel=\"canonical\" href=\"https:\/\/kaunokolegija.lt\/english\/about-us\/careers\/\" \/>\n<meta property=\"og:locale\" content=\"en_US\" \/>\n<meta property=\"og:type\" content=\"article\" \/>\n<meta property=\"og:title\" content=\"Careers - Higher Education Institution\" \/>\n<meta property=\"og:description\" content=\"Public competition for academic positions at Kauno kolegija Higher Education Institution Kauno kolegija announces public competitions for academic positions (associate professor, assistant professor, senior lecturer, lecturer). The deadline for applicants to submit&hellip;\" \/>\n<meta property=\"og:url\" content=\"https:\/\/kaunokolegija.lt\/english\/about-us\/careers\/\" \/>\n<meta property=\"og:site_name\" content=\"Higher Education Institution\" \/>\n<meta property=\"article:publisher\" content=\"https:\/\/www.facebook.com\/Kauno.kolegija\/\" \/>\n<meta property=\"article:modified_time\" content=\"2026-03-03T11:33:26+00:00\" \/>\n<meta property=\"og:image\" content=\"https:\/\/kaunokolegija.lt\/english\/wp-content\/uploads\/sites\/13\/2025\/12\/Kauno_kolegija_II-37-1-scaled.webp\" \/>\n\t<meta property=\"og:image:width\" content=\"2560\" \/>\n\t<meta property=\"og:image:height\" content=\"1707\" \/>\n\t<meta property=\"og:image:type\" content=\"image\/webp\" \/>\n<meta name=\"twitter:card\" content=\"summary_large_image\" \/>\n<meta name=\"twitter:label1\" content=\"Est. reading time\" \/>\n\t<meta name=\"twitter:data1\" content=\"3 minutes\" \/>\n<script type=\"application\/ld+json\" class=\"yoast-schema-graph\">{\"@context\":\"https:\\\/\\\/schema.org\",\"@graph\":[{\"@type\":\"WebPage\",\"@id\":\"https:\\\/\\\/kaunokolegija.lt\\\/english\\\/about-us\\\/careers\\\/\",\"url\":\"https:\\\/\\\/kaunokolegija.lt\\\/english\\\/about-us\\\/careers\\\/\",\"name\":\"Careers - Higher Education Institution\",\"isPartOf\":{\"@id\":\"https:\\\/\\\/kaunokolegija.lt\\\/english\\\/#website\"},\"primaryImageOfPage\":{\"@id\":\"https:\\\/\\\/kaunokolegija.lt\\\/english\\\/about-us\\\/careers\\\/#primaryimage\"},\"image\":{\"@id\":\"https:\\\/\\\/kaunokolegija.lt\\\/english\\\/about-us\\\/careers\\\/#primaryimage\"},\"thumbnailUrl\":\"https:\\\/\\\/kaunokolegija.lt\\\/english\\\/wp-content\\\/uploads\\\/sites\\\/13\\\/2025\\\/12\\\/Kauno_kolegija_II-37-1-scaled.webp\",\"datePublished\":\"2026-02-27T12:09:03+00:00\",\"dateModified\":\"2026-03-03T11:33:26+00:00\",\"breadcrumb\":{\"@id\":\"https:\\\/\\\/kaunokolegija.lt\\\/english\\\/about-us\\\/careers\\\/#breadcrumb\"},\"inLanguage\":\"en-US\",\"potentialAction\":[{\"@type\":\"ReadAction\",\"target\":[\"https:\\\/\\\/kaunokolegija.lt\\\/english\\\/about-us\\\/careers\\\/\"]}]},{\"@type\":\"ImageObject\",\"inLanguage\":\"en-US\",\"@id\":\"https:\\\/\\\/kaunokolegija.lt\\\/english\\\/about-us\\\/careers\\\/#primaryimage\",\"url\":\"https:\\\/\\\/kaunokolegija.lt\\\/english\\\/wp-content\\\/uploads\\\/sites\\\/13\\\/2025\\\/12\\\/Kauno_kolegija_II-37-1-scaled.webp\",\"contentUrl\":\"https:\\\/\\\/kaunokolegija.lt\\\/english\\\/wp-content\\\/uploads\\\/sites\\\/13\\\/2025\\\/12\\\/Kauno_kolegija_II-37-1-scaled.webp\",\"width\":2560,\"height\":1707},{\"@type\":\"BreadcrumbList\",\"@id\":\"https:\\\/\\\/kaunokolegija.lt\\\/english\\\/about-us\\\/careers\\\/#breadcrumb\",\"itemListElement\":[{\"@type\":\"ListItem\",\"position\":1,\"name\":\"Home\",\"item\":\"https:\\\/\\\/kaunokolegija.lt\\\/english\\\/\"},{\"@type\":\"ListItem\",\"position\":2,\"name\":\"About us\",\"item\":\"https:\\\/\\\/kaunokolegija.lt\\\/english\\\/about-us\\\/\"},{\"@type\":\"ListItem\",\"position\":3,\"name\":\"Careers\"}]},{\"@type\":\"WebSite\",\"@id\":\"https:\\\/\\\/kaunokolegija.lt\\\/english\\\/#website\",\"url\":\"https:\\\/\\\/kaunokolegija.lt\\\/english\\\/\",\"name\":\"Kauno kolegija\",\"description\":\"Kauno kolegija\",\"publisher\":{\"@id\":\"https:\\\/\\\/kaunokolegija.lt\\\/english\\\/#organization\"},\"potentialAction\":[{\"@type\":\"SearchAction\",\"target\":{\"@type\":\"EntryPoint\",\"urlTemplate\":\"https:\\\/\\\/kaunokolegija.lt\\\/english\\\/?s={search_term_string}\"},\"query-input\":{\"@type\":\"PropertyValueSpecification\",\"valueRequired\":true,\"valueName\":\"search_term_string\"}}],\"inLanguage\":\"en-US\"},{\"@type\":\"Organization\",\"@id\":\"https:\\\/\\\/kaunokolegija.lt\\\/english\\\/#organization\",\"name\":\"Kauno kolegija\",\"url\":\"https:\\\/\\\/kaunokolegija.lt\\\/english\\\/\",\"logo\":{\"@type\":\"ImageObject\",\"inLanguage\":\"en-US\",\"@id\":\"https:\\\/\\\/kaunokolegija.lt\\\/english\\\/#\\\/schema\\\/logo\\\/image\\\/\",\"url\":\"https:\\\/\\\/kaunokolegija.lt\\\/english\\\/wp-content\\\/uploads\\\/sites\\\/13\\\/2026\\\/01\\\/KK_en_logo-1-scaled.webp\",\"contentUrl\":\"https:\\\/\\\/kaunokolegija.lt\\\/english\\\/wp-content\\\/uploads\\\/sites\\\/13\\\/2026\\\/01\\\/KK_en_logo-1-scaled.webp\",\"width\":2560,\"height\":2560,\"caption\":\"Kauno kolegija\"},\"image\":{\"@id\":\"https:\\\/\\\/kaunokolegija.lt\\\/english\\\/#\\\/schema\\\/logo\\\/image\\\/\"},\"sameAs\":[\"https:\\\/\\\/www.facebook.com\\\/Kauno.kolegija\\\/\"]}]}<\/script>\n<!-- \/ Yoast SEO plugin. -->","yoast_head_json":{"title":"Careers - Higher Education Institution","robots":{"index":"index","follow":"follow","max-snippet":"max-snippet:-1","max-image-preview":"max-image-preview:large","max-video-preview":"max-video-preview:-1"},"canonical":"https:\/\/kaunokolegija.lt\/english\/about-us\/careers\/","og_locale":"en_US","og_type":"article","og_title":"Careers - Higher Education Institution","og_description":"Public competition for academic positions at Kauno kolegija Higher Education Institution Kauno kolegija announces public competitions for academic positions (associate professor, assistant professor, senior lecturer, lecturer). The deadline for applicants to submit&hellip;","og_url":"https:\/\/kaunokolegija.lt\/english\/about-us\/careers\/","og_site_name":"Higher Education Institution","article_publisher":"https:\/\/www.facebook.com\/Kauno.kolegija\/","article_modified_time":"2026-03-03T11:33:26+00:00","og_image":[{"width":2560,"height":1707,"url":"https:\/\/kaunokolegija.lt\/english\/wp-content\/uploads\/sites\/13\/2025\/12\/Kauno_kolegija_II-37-1-scaled.webp","type":"image\/webp"}],"twitter_card":"summary_large_image","twitter_misc":{"Est. reading time":"3 minutes"},"schema":{"@context":"https:\/\/schema.org","@graph":[{"@type":"WebPage","@id":"https:\/\/kaunokolegija.lt\/english\/about-us\/careers\/","url":"https:\/\/kaunokolegija.lt\/english\/about-us\/careers\/","name":"Careers - Higher Education Institution","isPartOf":{"@id":"https:\/\/kaunokolegija.lt\/english\/#website"},"primaryImageOfPage":{"@id":"https:\/\/kaunokolegija.lt\/english\/about-us\/careers\/#primaryimage"},"image":{"@id":"https:\/\/kaunokolegija.lt\/english\/about-us\/careers\/#primaryimage"},"thumbnailUrl":"https:\/\/kaunokolegija.lt\/english\/wp-content\/uploads\/sites\/13\/2025\/12\/Kauno_kolegija_II-37-1-scaled.webp","datePublished":"2026-02-27T12:09:03+00:00","dateModified":"2026-03-03T11:33:26+00:00","breadcrumb":{"@id":"https:\/\/kaunokolegija.lt\/english\/about-us\/careers\/#breadcrumb"},"inLanguage":"en-US","potentialAction":[{"@type":"ReadAction","target":["https:\/\/kaunokolegija.lt\/english\/about-us\/careers\/"]}]},{"@type":"ImageObject","inLanguage":"en-US","@id":"https:\/\/kaunokolegija.lt\/english\/about-us\/careers\/#primaryimage","url":"https:\/\/kaunokolegija.lt\/english\/wp-content\/uploads\/sites\/13\/2025\/12\/Kauno_kolegija_II-37-1-scaled.webp","contentUrl":"https:\/\/kaunokolegija.lt\/english\/wp-content\/uploads\/sites\/13\/2025\/12\/Kauno_kolegija_II-37-1-scaled.webp","width":2560,"height":1707},{"@type":"BreadcrumbList","@id":"https:\/\/kaunokolegija.lt\/english\/about-us\/careers\/#breadcrumb","itemListElement":[{"@type":"ListItem","position":1,"name":"Home","item":"https:\/\/kaunokolegija.lt\/english\/"},{"@type":"ListItem","position":2,"name":"About us","item":"https:\/\/kaunokolegija.lt\/english\/about-us\/"},{"@type":"ListItem","position":3,"name":"Careers"}]},{"@type":"WebSite","@id":"https:\/\/kaunokolegija.lt\/english\/#website","url":"https:\/\/kaunokolegija.lt\/english\/","name":"Kauno kolegija","description":"Kauno kolegija","publisher":{"@id":"https:\/\/kaunokolegija.lt\/english\/#organization"},"potentialAction":[{"@type":"SearchAction","target":{"@type":"EntryPoint","urlTemplate":"https:\/\/kaunokolegija.lt\/english\/?s={search_term_string}"},"query-input":{"@type":"PropertyValueSpecification","valueRequired":true,"valueName":"search_term_string"}}],"inLanguage":"en-US"},{"@type":"Organization","@id":"https:\/\/kaunokolegija.lt\/english\/#organization","name":"Kauno kolegija","url":"https:\/\/kaunokolegija.lt\/english\/","logo":{"@type":"ImageObject","inLanguage":"en-US","@id":"https:\/\/kaunokolegija.lt\/english\/#\/schema\/logo\/image\/","url":"https:\/\/kaunokolegija.lt\/english\/wp-content\/uploads\/sites\/13\/2026\/01\/KK_en_logo-1-scaled.webp","contentUrl":"https:\/\/kaunokolegija.lt\/english\/wp-content\/uploads\/sites\/13\/2026\/01\/KK_en_logo-1-scaled.webp","width":2560,"height":2560,"caption":"Kauno kolegija"},"image":{"@id":"https:\/\/kaunokolegija.lt\/english\/#\/schema\/logo\/image\/"},"sameAs":["https:\/\/www.facebook.com\/Kauno.kolegija\/"]}]}},"_links":{"self":[{"href":"https:\/\/kaunokolegija.lt\/english\/wp-json\/wp\/v2\/pages\/279858","targetHints":{"allow":["GET"]}}],"collection":[{"href":"https:\/\/kaunokolegija.lt\/english\/wp-json\/wp\/v2\/pages"}],"about":[{"href":"https:\/\/kaunokolegija.lt\/english\/wp-json\/wp\/v2\/types\/page"}],"author":[{"embeddable":true,"href":"https:\/\/kaunokolegija.lt\/english\/wp-json\/wp\/v2\/users\/13"}],"replies":[{"embeddable":true,"href":"https:\/\/kaunokolegija.lt\/english\/wp-json\/wp\/v2\/comments?post=279858"}],"version-history":[{"count":5,"href":"https:\/\/kaunokolegija.lt\/english\/wp-json\/wp\/v2\/pages\/279858\/revisions"}],"predecessor-version":[{"id":279921,"href":"https:\/\/kaunokolegija.lt\/english\/wp-json\/wp\/v2\/pages\/279858\/revisions\/279921"}],"up":[{"embeddable":true,"href":"https:\/\/kaunokolegija.lt\/english\/wp-json\/wp\/v2\/pages\/276069"}],"wp:featuredmedia":[{"embeddable":true,"href":"https:\/\/kaunokolegija.lt\/english\/wp-json\/wp\/v2\/media\/276513"}],"wp:attachment":[{"href":"https:\/\/kaunokolegija.lt\/english\/wp-json\/wp\/v2\/media?parent=279858"}],"curies":[{"name":"wp","href":"https:\/\/api.w.org\/{rel}","templated":true}]}}