{"id":276191,"date":"2025-09-25T17:58:44","date_gmt":"2025-09-25T17:58:44","guid":{"rendered":"https:\/\/royalpeacock.agency\/kk\/english-1\/?page_id=276191"},"modified":"2026-01-28T13:47:16","modified_gmt":"2026-01-28T13:47:16","slug":"research-and-art-publications","status":"publish","type":"page","link":"https:\/\/kaunokolegija.lt\/english\/research-and-art-publications\/","title":{"rendered":"Research and art publications"},"content":{"rendered":"\n<div class=\"wp-block-columns top-p is-layout-flex wp-container-core-columns-is-layout-28f84493 wp-block-columns-is-layout-flex\">\n<div class=\"wp-block-column has-global-padding is-layout-constrained wp-container-core-column-is-layout-d0f22c05 wp-block-column-is-layout-constrained\">\n<div class=\"wp-block-columns abcd has-background is-layout-flex wp-container-core-columns-is-layout-28f84493 wp-block-columns-is-layout-flex\" style=\"background-color:#f9f9f9\">\n<div class=\"wp-block-column is-layout-flow wp-block-column-is-layout-flow\" style=\"padding-top:0;padding-right:0;padding-bottom:0;padding-left:0\">\n<p class=\"is-style-justify\">Join our international forums, workshops, and conferences designed to bridge the gap between academic research and industry practice. Stay ahead of global trends and connect with experts across diverse fields, from AI and circular economy to creative arts and social sciences.<\/p>\n<\/div>\n<\/div>\n<\/div>\n<\/div>\n\n\n\n<div class=\"wp-block-columns is-layout-flex wp-container-core-columns-is-layout-28f84493 wp-block-columns-is-layout-flex\">\n<div class=\"wp-block-column is-layout-flow wp-block-column-is-layout-flow\">\n<div class=\"wp-block-columns is-layout-flex wp-container-core-columns-is-layout-28f84493 wp-block-columns-is-layout-flex\">\n<div class=\"wp-block-column has-background is-layout-flow wp-block-column-is-layout-flow\" style=\"border-style:none;border-width:0px;border-radius:0px;background-color:#399e97;padding-top:1.2em;padding-bottom:1.2em\">\n<p class=\"has-base-color has-text-color has-link-color has-l-font-size wp-elements-a8ec22689c2e35535ed732b04384e26b\" style=\"padding-right:3.5rem;padding-left:3.5rem\"><strong>Other scientific and artistic events of Kaunas kolegija academic departments 2025<\/strong><\/p>\n<\/div>\n<\/div>\n<\/div>\n<\/div>\n\n\n\n<div class=\"wp-block-columns top-p is-layout-flex wp-container-core-columns-is-layout-28f84493 wp-block-columns-is-layout-flex\">\n<div class=\"wp-block-column has-global-padding is-layout-constrained wp-container-core-column-is-layout-d0f22c05 wp-block-column-is-layout-constrained\">\n<div class=\"wp-block-columns abcd has-background is-layout-flex wp-container-core-columns-is-layout-28f84493 wp-block-columns-is-layout-flex\" style=\"background-color:#f9f9f9\">\n<div class=\"wp-block-column is-layout-flow wp-block-column-is-layout-flow\" style=\"padding-top:0;padding-right:0;padding-bottom:0;padding-left:0\">\n<figure class=\"wp-block-table has-xs-font-size\"><table class=\"has-fixed-layout\"><tbody><tr><td><strong>Date<\/strong><\/td><td><strong>Event<\/strong><\/td><td><strong>Organiser<\/strong><\/td><td><strong>Additional information<\/strong><\/td><\/tr><tr><td>26\/03\/2025<\/td><td>Public speaking conference \u201cFrom Fear of Public Speaking to Crisis Communication\u201c \/\/ \u201eNuo vie\u0161o kalb\u0117jimo baim\u0117s iki krizi\u0173 komunikacijos\u201c&nbsp;<\/td><td>Faculty of Alytus, Kaunas Kolegija<\/td><td>Student\u0173 st. 17, Alytus. More information&nbsp;<a href=\"https:\/\/alytauskolegija.lt\/viesojo-kalbejimo-konferencija-jaunimui-nuo-vieso-kalbejimo-baimes-iki-kriziu-komunikacijos\/\">here<\/a>.<\/td><\/tr><\/tbody><\/table><\/figure>\n<\/div>\n<\/div>\n<\/div>\n<\/div>\n\n\n\n<div class=\"wp-block-columns is-layout-flex wp-container-core-columns-is-layout-28f84493 wp-block-columns-is-layout-flex\">\n<div class=\"wp-block-column is-layout-flow wp-block-column-is-layout-flow\">\n<div class=\"wp-block-columns is-layout-flex wp-container-core-columns-is-layout-28f84493 wp-block-columns-is-layout-flex\">\n<div class=\"wp-block-column has-background is-layout-flow wp-block-column-is-layout-flow\" style=\"border-style:none;border-width:0px;border-radius:0px;background-color:#399e97;padding-top:1.2em;padding-bottom:1.2em\">\n<p class=\"has-base-color has-text-color has-link-color has-l-font-size wp-elements-e680b3286e869863432ec27aff8e114e\" style=\"padding-right:3.5rem;padding-left:3.5rem\"><strong><strong>Other scientific and artistic events of Kaunas kolegija academic departments 202<\/strong>4<\/strong><\/p>\n<\/div>\n<\/div>\n<\/div>\n<\/div>\n\n\n\n<div class=\"wp-block-columns top-p is-layout-flex wp-container-core-columns-is-layout-28f84493 wp-block-columns-is-layout-flex\">\n<div class=\"wp-block-column has-global-padding is-layout-constrained wp-container-core-column-is-layout-d0f22c05 wp-block-column-is-layout-constrained\">\n<div class=\"wp-block-columns abcd has-background is-layout-flex wp-container-core-columns-is-layout-28f84493 wp-block-columns-is-layout-flex\" style=\"background-color:#f9f9f9\">\n<div class=\"wp-block-column is-layout-flow wp-block-column-is-layout-flow\" style=\"padding-top:0;padding-right:0;padding-bottom:0;padding-left:0\">\n<figure class=\"wp-block-table has-xs-font-size\"><table class=\"has-fixed-layout\"><tbody><tr><td><strong>Date<\/strong><\/td><td><strong>Event<\/strong><\/td><td><strong>Organiser<\/strong><\/td><td><strong>Additional information<\/strong><\/td><\/tr><tr><td>08\/03\/2024<\/td><td>Fourth International Winemakers Forum \/\/ Ketvirtasis tarptautinis vyndari\u0173 forumas<\/td><td>Faculty of Informatics, Engineering and Technology, Kaunas Kolegija<\/td><td>Gallery of Event, Jak\u0161to st. 7, Kaunas. More information&nbsp;<a href=\"https:\/\/sc.bns.lt\/view\/item\/ketvirtasis-tarptautinis-vyndariu-forumas-478778\">here<\/a>.<\/td><\/tr><tr><td>30\u201328\/05\/2024<\/td><td>Early Childhood Education Forum \/\/ Ankstyvojo ugdymo forumas<\/td><td>Department of Pedagogy, Faculty of Art and Education, Kaunas Kolegija&nbsp;<\/td><td>Conference organised remotely. More information&nbsp;<a href=\"https:\/\/www.kaunokolegija.lt\/kk_renginiai\/ankstyvojo-ugdymo-forumas\/\">here<\/a>.<\/td><\/tr><tr><td>25\u201324\/09\/2024<\/td><td>International Tourism Day Forum 2024: \u201cTourism and Peace\u201d \/\/ Tarptautin\u0117s turizmo dienos forumas 2024: \u201eTurizmas ir taika\u201c<\/td><td>Department of Tourism and Leisure Management, Faculty of Business, Kaunas Kolegija<\/td><td>Pramon\u0117s pr. 22A, 4-407 a., Kaunas. More information&nbsp;<a href=\"https:\/\/www.kaunokolegija.lt\/pasaulines-turizmo-dienos-2024-forumas-turizmas-ir-taika\/\">here<\/a>.<\/td><\/tr><tr><td>18\/11\/2024<\/td><td>Forum of Pedagogical and Rehabilitation Specialists \u201cFrom the \u201cHook\u201d to the Achieved Common Goal\u201d \/\/ Pedagogikos ir reabilitacijos specialist\u0173 forumas \u201eNuo \u201ekabliuko\u201c iki pasiekto bendro tikslo\u201c<\/td><td>Department of Pedagogy, Faculty of Art and Education and Department of Rehabilitation, Faculty of Medicine, Kaunas Kolegija<\/td><td>Conference organised remotely. More information&nbsp;<a href=\"https:\/\/www.kaunokolegija.lt\/kk_renginiai\/forumas-nuo-kabliuko-iki-pasiekto-bendro-tikslo\/\">here<\/a>.<\/td><\/tr><tr><td>19\/11\/2024<\/td><td>Forum \u201cLanguage, Culture, Communication\u201d \/\/ Forumas \u201eKalba, kult\u016bra, komunikacija\u201c<\/td><td>Language Center and Academy of Arts, Faculty of Arts anf Education and Department of Communication, Faculty of Business, Kaunas Kolegija&nbsp;<\/td><td>Conference organised remotely. More information&nbsp;<a href=\"https:\/\/www.kaunokolegija.lt\/muf\/forumas-kalba-kultura-komunikacija\/\">here<\/a>.<\/td><\/tr><tr><td>20\/11\/2024<\/td><td>Creative Workshop \u201cImagine the Profession of a Social Worker\u201d \/\/ K\u016brybin\u0117s dirbtuv\u0117s \u201ePasimatuok socialinio darbuotojo profesij\u0105\u201c<\/td><td>Department of Social Work, Faculty of Arts and Education, Kaunas Kolegija<\/td><td>Student\u0173 st. 17, Alytus. More information&nbsp;<a href=\"https:\/\/www.kaunokolegija.lt\/muf\/kk_renginiai\/kurybines-dirbtuves-pasimatuok-socialinio-darbuotojo-profesija\/\">here<\/a>.<\/td><\/tr><tr><td>21\u201320\/11\/2024<\/td><td>Social Work Forum \u201cInternationality in the Field of Contemporary Social Work\u201d \/\/ Socialinio darbo forumas \u201eTarptauti\u0161kumas \u0161iuolaikinio socialinio darbo lauke\u201c<\/td><td>Department of Social Work, Faculty of Arts and Education, Kaunas Kolegija<\/td><td>Pramon\u0117s pr. 22, 1-57 a., Kaunas. More information&nbsp;<a href=\"https:\/\/www.kaunokolegija.lt\/muf\/kk_renginiai\/socialinio-darbo-forumas-tarptautiskumas-siuolaikinio-socialinio-darbo-lauke\/\">here<\/a>.<\/td><\/tr><tr><td>28\/11\/2024<\/td><td>International Business and Science Forum \u201cDevelopment of the Circular Economy in Lithuania and the EU\u201d \/\/ Tarptautinis verslo ir mokslo forumas \u201e\u017diedin\u0117s ekonomikos pl\u0117tra Lietuvoje ir ES\u201c<\/td><td>Faculty of Business, Kaunas Kolegija<\/td><td>Pramon\u0117s pr. 22, 1-57 a., Kaunas. More information&nbsp;<a href=\"https:\/\/www.kaunokolegija.lt\/tarptautinis-verslo-ir-mokslo-forumas-ziedines-ekonomikos-pletra-lietuvoje-ir-es\/\">here<\/a>.<\/td><\/tr><tr><td>11\/12\/2024<\/td><td>Forum \u201cArtificial Intelligence: Competitor, Colleague or Tool?\u201d \/\/ Forumas \u201eDirbtinis intelektas: konkurentas, kolega ar \u012frankis?\u201c<\/td><td>Faculty of Business, Kaunas Kolegija<\/td><td>Pramon\u0117s pr. 20, 1-57 a., Kaunas. More information&nbsp;<a href=\"https:\/\/www.kaunokolegija.lt\/vf\/forumas-dirbtinis-intelektas-versle-konkurentas-kolega-ar-irankis-ateities-verslo-scenariju-mozaika\/\">here<\/a>.<\/td><\/tr><\/tbody><\/table><\/figure>\n<\/div>\n<\/div>\n<\/div>\n<\/div>\n","protected":false},"excerpt":{"rendered":"<p>Join our international forums, workshops, and conferences designed to bridge the gap between academic research and industry practice. Stay ahead of global trends and connect with experts across diverse fields, from AI&hellip;<\/p>\n","protected":false},"author":1,"featured_media":276411,"parent":0,"menu_order":0,"comment_status":"closed","ping_status":"closed","template":"","meta":{"footnotes":""},"class_list":["post-276191","page","type-page","status-publish","has-post-thumbnail","hentry"],"yoast_head":"<!-- This site is optimized with the Yoast SEO plugin v27.4 - https:\/\/yoast.com\/product\/yoast-seo-wordpress\/ -->\n<title>Research and art publications - Higher Education Institution<\/title>\n<meta name=\"robots\" content=\"index, follow, max-snippet:-1, max-image-preview:large, max-video-preview:-1\" \/>\n<link rel=\"canonical\" href=\"https:\/\/kaunokolegija.lt\/english\/research-and-art-publications\/\" \/>\n<meta property=\"og:locale\" content=\"en_US\" \/>\n<meta property=\"og:type\" content=\"article\" \/>\n<meta property=\"og:title\" content=\"Research and art publications - Higher Education Institution\" \/>\n<meta property=\"og:description\" content=\"Join our international forums, workshops, and conferences designed to bridge the gap between academic research and industry practice. Stay ahead of global trends and connect with experts across diverse fields, from AI&hellip;\" \/>\n<meta property=\"og:url\" content=\"https:\/\/kaunokolegija.lt\/english\/research-and-art-publications\/\" \/>\n<meta property=\"og:site_name\" content=\"Higher Education Institution\" \/>\n<meta property=\"article:publisher\" content=\"https:\/\/www.facebook.com\/Kauno.kolegija\/\" \/>\n<meta property=\"article:modified_time\" content=\"2026-01-28T13:47:16+00:00\" \/>\n<meta property=\"og:image\" content=\"https:\/\/kaunokolegija.lt\/english\/wp-content\/uploads\/sites\/13\/2025\/12\/Kauno_kolegija_visuomenei2-scaled.webp\" \/>\n\t<meta property=\"og:image:width\" content=\"2560\" \/>\n\t<meta property=\"og:image:height\" content=\"1707\" \/>\n\t<meta property=\"og:image:type\" content=\"image\/webp\" \/>\n<meta name=\"twitter:card\" content=\"summary_large_image\" \/>\n<meta name=\"twitter:label1\" content=\"Est. reading time\" \/>\n\t<meta name=\"twitter:data1\" content=\"2 minutes\" \/>\n<script type=\"application\/ld+json\" class=\"yoast-schema-graph\">{\"@context\":\"https:\\\/\\\/schema.org\",\"@graph\":[{\"@type\":\"WebPage\",\"@id\":\"https:\\\/\\\/kaunokolegija.lt\\\/english\\\/research-and-art-publications\\\/\",\"url\":\"https:\\\/\\\/kaunokolegija.lt\\\/english\\\/research-and-art-publications\\\/\",\"name\":\"Research and art publications - Higher Education Institution\",\"isPartOf\":{\"@id\":\"https:\\\/\\\/kaunokolegija.lt\\\/english\\\/#website\"},\"primaryImageOfPage\":{\"@id\":\"https:\\\/\\\/kaunokolegija.lt\\\/english\\\/research-and-art-publications\\\/#primaryimage\"},\"image\":{\"@id\":\"https:\\\/\\\/kaunokolegija.lt\\\/english\\\/research-and-art-publications\\\/#primaryimage\"},\"thumbnailUrl\":\"https:\\\/\\\/kaunokolegija.lt\\\/english\\\/wp-content\\\/uploads\\\/sites\\\/13\\\/2025\\\/12\\\/Kauno_kolegija_visuomenei2-scaled.webp\",\"datePublished\":\"2025-09-25T17:58:44+00:00\",\"dateModified\":\"2026-01-28T13:47:16+00:00\",\"breadcrumb\":{\"@id\":\"https:\\\/\\\/kaunokolegija.lt\\\/english\\\/research-and-art-publications\\\/#breadcrumb\"},\"inLanguage\":\"en-US\",\"potentialAction\":[{\"@type\":\"ReadAction\",\"target\":[\"https:\\\/\\\/kaunokolegija.lt\\\/english\\\/research-and-art-publications\\\/\"]}]},{\"@type\":\"ImageObject\",\"inLanguage\":\"en-US\",\"@id\":\"https:\\\/\\\/kaunokolegija.lt\\\/english\\\/research-and-art-publications\\\/#primaryimage\",\"url\":\"https:\\\/\\\/kaunokolegija.lt\\\/english\\\/wp-content\\\/uploads\\\/sites\\\/13\\\/2025\\\/12\\\/Kauno_kolegija_visuomenei2-scaled.webp\",\"contentUrl\":\"https:\\\/\\\/kaunokolegija.lt\\\/english\\\/wp-content\\\/uploads\\\/sites\\\/13\\\/2025\\\/12\\\/Kauno_kolegija_visuomenei2-scaled.webp\",\"width\":2560,\"height\":1707,\"caption\":\"Happy diverse group of five students embracing and smiling at the camera.\"},{\"@type\":\"BreadcrumbList\",\"@id\":\"https:\\\/\\\/kaunokolegija.lt\\\/english\\\/research-and-art-publications\\\/#breadcrumb\",\"itemListElement\":[{\"@type\":\"ListItem\",\"position\":1,\"name\":\"Home\",\"item\":\"https:\\\/\\\/kaunokolegija.lt\\\/english\\\/\"},{\"@type\":\"ListItem\",\"position\":2,\"name\":\"Research and art publications\"}]},{\"@type\":\"WebSite\",\"@id\":\"https:\\\/\\\/kaunokolegija.lt\\\/english\\\/#website\",\"url\":\"https:\\\/\\\/kaunokolegija.lt\\\/english\\\/\",\"name\":\"Kauno kolegija\",\"description\":\"Kauno kolegija\",\"publisher\":{\"@id\":\"https:\\\/\\\/kaunokolegija.lt\\\/english\\\/#organization\"},\"potentialAction\":[{\"@type\":\"SearchAction\",\"target\":{\"@type\":\"EntryPoint\",\"urlTemplate\":\"https:\\\/\\\/kaunokolegija.lt\\\/english\\\/?s={search_term_string}\"},\"query-input\":{\"@type\":\"PropertyValueSpecification\",\"valueRequired\":true,\"valueName\":\"search_term_string\"}}],\"inLanguage\":\"en-US\"},{\"@type\":\"Organization\",\"@id\":\"https:\\\/\\\/kaunokolegija.lt\\\/english\\\/#organization\",\"name\":\"Kauno kolegija\",\"url\":\"https:\\\/\\\/kaunokolegija.lt\\\/english\\\/\",\"logo\":{\"@type\":\"ImageObject\",\"inLanguage\":\"en-US\",\"@id\":\"https:\\\/\\\/kaunokolegija.lt\\\/english\\\/#\\\/schema\\\/logo\\\/image\\\/\",\"url\":\"https:\\\/\\\/kaunokolegija.lt\\\/english\\\/wp-content\\\/uploads\\\/sites\\\/13\\\/2026\\\/01\\\/KK_en_logo-1-scaled.webp\",\"contentUrl\":\"https:\\\/\\\/kaunokolegija.lt\\\/english\\\/wp-content\\\/uploads\\\/sites\\\/13\\\/2026\\\/01\\\/KK_en_logo-1-scaled.webp\",\"width\":2560,\"height\":2560,\"caption\":\"Kauno kolegija\"},\"image\":{\"@id\":\"https:\\\/\\\/kaunokolegija.lt\\\/english\\\/#\\\/schema\\\/logo\\\/image\\\/\"},\"sameAs\":[\"https:\\\/\\\/www.facebook.com\\\/Kauno.kolegija\\\/\"]}]}<\/script>\n<!-- \/ Yoast SEO plugin. -->","yoast_head_json":{"title":"Research and art publications - Higher Education Institution","robots":{"index":"index","follow":"follow","max-snippet":"max-snippet:-1","max-image-preview":"max-image-preview:large","max-video-preview":"max-video-preview:-1"},"canonical":"https:\/\/kaunokolegija.lt\/english\/research-and-art-publications\/","og_locale":"en_US","og_type":"article","og_title":"Research and art publications - Higher Education Institution","og_description":"Join our international forums, workshops, and conferences designed to bridge the gap between academic research and industry practice. Stay ahead of global trends and connect with experts across diverse fields, from AI&hellip;","og_url":"https:\/\/kaunokolegija.lt\/english\/research-and-art-publications\/","og_site_name":"Higher Education Institution","article_publisher":"https:\/\/www.facebook.com\/Kauno.kolegija\/","article_modified_time":"2026-01-28T13:47:16+00:00","og_image":[{"width":2560,"height":1707,"url":"https:\/\/kaunokolegija.lt\/english\/wp-content\/uploads\/sites\/13\/2025\/12\/Kauno_kolegija_visuomenei2-scaled.webp","type":"image\/webp"}],"twitter_card":"summary_large_image","twitter_misc":{"Est. reading time":"2 minutes"},"schema":{"@context":"https:\/\/schema.org","@graph":[{"@type":"WebPage","@id":"https:\/\/kaunokolegija.lt\/english\/research-and-art-publications\/","url":"https:\/\/kaunokolegija.lt\/english\/research-and-art-publications\/","name":"Research and art publications - Higher Education Institution","isPartOf":{"@id":"https:\/\/kaunokolegija.lt\/english\/#website"},"primaryImageOfPage":{"@id":"https:\/\/kaunokolegija.lt\/english\/research-and-art-publications\/#primaryimage"},"image":{"@id":"https:\/\/kaunokolegija.lt\/english\/research-and-art-publications\/#primaryimage"},"thumbnailUrl":"https:\/\/kaunokolegija.lt\/english\/wp-content\/uploads\/sites\/13\/2025\/12\/Kauno_kolegija_visuomenei2-scaled.webp","datePublished":"2025-09-25T17:58:44+00:00","dateModified":"2026-01-28T13:47:16+00:00","breadcrumb":{"@id":"https:\/\/kaunokolegija.lt\/english\/research-and-art-publications\/#breadcrumb"},"inLanguage":"en-US","potentialAction":[{"@type":"ReadAction","target":["https:\/\/kaunokolegija.lt\/english\/research-and-art-publications\/"]}]},{"@type":"ImageObject","inLanguage":"en-US","@id":"https:\/\/kaunokolegija.lt\/english\/research-and-art-publications\/#primaryimage","url":"https:\/\/kaunokolegija.lt\/english\/wp-content\/uploads\/sites\/13\/2025\/12\/Kauno_kolegija_visuomenei2-scaled.webp","contentUrl":"https:\/\/kaunokolegija.lt\/english\/wp-content\/uploads\/sites\/13\/2025\/12\/Kauno_kolegija_visuomenei2-scaled.webp","width":2560,"height":1707,"caption":"Happy diverse group of five students embracing and smiling at the camera."},{"@type":"BreadcrumbList","@id":"https:\/\/kaunokolegija.lt\/english\/research-and-art-publications\/#breadcrumb","itemListElement":[{"@type":"ListItem","position":1,"name":"Home","item":"https:\/\/kaunokolegija.lt\/english\/"},{"@type":"ListItem","position":2,"name":"Research and art publications"}]},{"@type":"WebSite","@id":"https:\/\/kaunokolegija.lt\/english\/#website","url":"https:\/\/kaunokolegija.lt\/english\/","name":"Kauno kolegija","description":"Kauno kolegija","publisher":{"@id":"https:\/\/kaunokolegija.lt\/english\/#organization"},"potentialAction":[{"@type":"SearchAction","target":{"@type":"EntryPoint","urlTemplate":"https:\/\/kaunokolegija.lt\/english\/?s={search_term_string}"},"query-input":{"@type":"PropertyValueSpecification","valueRequired":true,"valueName":"search_term_string"}}],"inLanguage":"en-US"},{"@type":"Organization","@id":"https:\/\/kaunokolegija.lt\/english\/#organization","name":"Kauno kolegija","url":"https:\/\/kaunokolegija.lt\/english\/","logo":{"@type":"ImageObject","inLanguage":"en-US","@id":"https:\/\/kaunokolegija.lt\/english\/#\/schema\/logo\/image\/","url":"https:\/\/kaunokolegija.lt\/english\/wp-content\/uploads\/sites\/13\/2026\/01\/KK_en_logo-1-scaled.webp","contentUrl":"https:\/\/kaunokolegija.lt\/english\/wp-content\/uploads\/sites\/13\/2026\/01\/KK_en_logo-1-scaled.webp","width":2560,"height":2560,"caption":"Kauno kolegija"},"image":{"@id":"https:\/\/kaunokolegija.lt\/english\/#\/schema\/logo\/image\/"},"sameAs":["https:\/\/www.facebook.com\/Kauno.kolegija\/"]}]}},"_links":{"self":[{"href":"https:\/\/kaunokolegija.lt\/english\/wp-json\/wp\/v2\/pages\/276191","targetHints":{"allow":["GET"]}}],"collection":[{"href":"https:\/\/kaunokolegija.lt\/english\/wp-json\/wp\/v2\/pages"}],"about":[{"href":"https:\/\/kaunokolegija.lt\/english\/wp-json\/wp\/v2\/types\/page"}],"author":[{"embeddable":true,"href":"https:\/\/kaunokolegija.lt\/english\/wp-json\/wp\/v2\/users\/1"}],"replies":[{"embeddable":true,"href":"https:\/\/kaunokolegija.lt\/english\/wp-json\/wp\/v2\/comments?post=276191"}],"version-history":[{"count":4,"href":"https:\/\/kaunokolegija.lt\/english\/wp-json\/wp\/v2\/pages\/276191\/revisions"}],"predecessor-version":[{"id":276958,"href":"https:\/\/kaunokolegija.lt\/english\/wp-json\/wp\/v2\/pages\/276191\/revisions\/276958"}],"wp:featuredmedia":[{"embeddable":true,"href":"https:\/\/kaunokolegija.lt\/english\/wp-json\/wp\/v2\/media\/276411"}],"wp:attachment":[{"href":"https:\/\/kaunokolegija.lt\/english\/wp-json\/wp\/v2\/media?parent=276191"}],"curies":[{"name":"wp","href":"https:\/\/api.w.org\/{rel}","templated":true}]}}