{"id":276156,"date":"2025-09-25T17:43:38","date_gmt":"2025-09-25T17:43:38","guid":{"rendered":"https:\/\/royalpeacock.agency\/kk\/alf\/?page_id=276156"},"modified":"2026-01-28T13:52:51","modified_gmt":"2026-01-28T13:52:51","slug":"d-u-k","status":"publish","type":"page","link":"https:\/\/kaunokolegija.lt\/alytus\/d-u-k\/","title":{"rendered":"DUK"},"content":{"rendered":"\n<div class=\"wp-block-columns top-p is-layout-flex wp-container-core-columns-is-layout-44c38855 wp-block-columns-is-layout-flex\" style=\"padding-top:var(--wp--preset--spacing--s);padding-bottom:var(--wp--preset--spacing--s)\">\n<div class=\"wp-block-column has-global-padding is-layout-constrained wp-container-core-column-is-layout-d0f22c05 wp-block-column-is-layout-constrained\">\n<div class=\"wp-block-columns abcd has-background is-layout-flex wp-container-core-columns-is-layout-28f84493 wp-block-columns-is-layout-flex\" style=\"background-color:#f9f9f9\">\n<div class=\"wp-block-column is-layout-flow wp-block-column-is-layout-flow\" style=\"padding-top:0;padding-right:0;padding-bottom:0;padding-left:0\">\n<p class=\"is-style-justify has-contrast-alt-color has-text-color has-link-color has-m-font-size wp-elements-066ef3fcd6c15c534e06536e59b3a181\">\u0160ioje skiltyje rasite da\u017eniausiai u\u017eduodamus klausimus. Jei neradote atsakymo \u012f jus dominant\u012f klausim\u0105, susisiekite el. pa\u0161tu <strong><a href=\"mailto:alytus@kaunokolegija.lt\">alytus@kaunokolegija.lt<\/a><\/strong>.<\/p>\n\n\n\n<div class=\"wp-block-group alignfull is-layout-flow wp-container-core-group-is-layout-a0cbf75d wp-block-group-is-layout-flow\" style=\"margin-top:0;margin-bottom:0;padding-top:var(--wp--preset--spacing--l);padding-bottom:var(--wp--preset--spacing--l)\">\n<div class=\"wp-block-columns alignwide is-layout-flex wp-container-core-columns-is-layout-15c97201 wp-block-columns-is-layout-flex\">\n<div class=\"wp-block-column is-layout-flow wp-container-core-column-is-layout-168482ca wp-block-column-is-layout-flow\">\n<div class=\"wp-block-esab-accordion esab-nc4uce7r\" data-mode=\"global\" data-close=\"true\"><div class=\"esab__container\">\n<div class=\"wp-block-esab-accordion-child\"><div class=\"esab__head\" role=\"button\" aria-expanded=\"false\"><div class=\"esab__heading_txt\"><p class=\"esab__heading_tag\">Ar \u012fmanoma studijas susiderinti su darbu?<\/p><\/div><div class=\"esab__icon\"><div class=\"esab__collapse\"> <svg xmlns=\"http:\/\/www.w3.org\/2000\/svg\" width=\"24\" height=\"24\" fill=\"currentColor\" viewBox=\"0 0 16 16\"><path fill-rule=\"evenodd\" d=\"M1.646 4.646a.5.5 0 0 1 .708 0L8 10.293l5.646-5.647a.5.5 0 0 1 .708.708l-6 6a.5.5 0 0 1-.708 0l-6-6a.5.5 0 0 1 0-.708\"><\/path><\/svg> <\/div><div class=\"esab__expand\"> <svg xmlns=\"http:\/\/www.w3.org\/2000\/svg\" width=\"24\" height=\"24\" fill=\"currentColor\" viewBox=\"0 0 16 16\"><path fill-rule=\"evenodd\" d=\"M7.646 4.646a.5.5 0 0 1 .708 0l6 6a.5.5 0 0 1-.708.708L8 5.707l-5.646 5.647a.5.5 0 0 1-.708-.708z\"><\/path><\/svg> <\/div><\/div><\/div><div class=\"esab__body\">\n<p class=\"is-style-justify\">Taip, nema\u017eai studij\u0173 program\u0173 realizuojamos sesijiniu principu (i\u0161t\u0119stin\u0117s studijos, nuolatin\u0117s sesijin\u0117s studijos). Tai rei\u0161kia, kad per semestr\u0105 3\u20134 savaites paskaitos vyksta intensyviai (8\u201312 akademini\u0173 valand\u0173 per dien\u0105), kita u\u017esi\u0117mim\u0173 dalis vyksta vakarais nuo 16 val. ir \u0161e\u0161tadieniais nuo 9 val., tod\u0117l studijas galima derintis su darbu.&nbsp;<\/p>\n\n\n\n<p class=\"is-style-justify\">Nuolatini\u0173 studij\u0173 formoje paskaitos paprastai vyksta ne kasdien, toks grafikas taip pat leid\u017eia laisv\u0105 nuo studij\u0173 laik\u0105 skirti darbiniams \u012fsipareigojimams. Pasitikrinti, kokiu grafiku bus organizuojama j\u016bs\u0173 pasirinkta studij\u0173 programa, galite m\u016bs\u0173 svetain\u0117je pasirinkus Studentams -&gt; Tvarkara\u0161\u010diai&nbsp; -&gt; Mokslo met\u0173 studij\u0173 grafikai.<\/p>\n<\/div><\/div>\n\n\n\n<div class=\"wp-block-esab-accordion-child\"><div class=\"esab__head\" role=\"button\" aria-expanded=\"false\"><div class=\"esab__heading_txt\"><p class=\"esab__heading_tag\">Kokie privalomi mokykliniai \/ valstybiniai brandos egzaminai, norint \u012fstoti \u012f tam tikr\u0105 studij\u0173 program\u0105?<\/p><\/div><div class=\"esab__icon\"><div class=\"esab__collapse\"> <svg xmlns=\"http:\/\/www.w3.org\/2000\/svg\" width=\"24\" height=\"24\" fill=\"currentColor\" viewBox=\"0 0 16 16\"><path fill-rule=\"evenodd\" d=\"M1.646 4.646a.5.5 0 0 1 .708 0L8 10.293l5.646-5.647a.5.5 0 0 1 .708.708l-6 6a.5.5 0 0 1-.708 0l-6-6a.5.5 0 0 1 0-.708\"><\/path><\/svg> <\/div><div class=\"esab__expand\"> <svg xmlns=\"http:\/\/www.w3.org\/2000\/svg\" width=\"24\" height=\"24\" fill=\"currentColor\" viewBox=\"0 0 16 16\"><path fill-rule=\"evenodd\" d=\"M7.646 4.646a.5.5 0 0 1 .708 0l6 6a.5.5 0 0 1-.708.708L8 5.707l-5.646 5.647a.5.5 0 0 1-.708-.708z\"><\/path><\/svg> <\/div><\/div><\/div><div class=\"esab__body\">\n<p>Vis\u0105 informacij\u0105 apie pri\u0117mimo reikalavimus galima rasti <strong><a href=\"https:\/\/kaunokolegija.lt\/informacija-apie-priemima\/\" target=\"_blank\" rel=\"noreferrer noopener\">\u010dia<\/a><\/strong>.<\/p>\n<\/div><\/div>\n\n\n\n<div class=\"wp-block-esab-accordion-child\"><div class=\"esab__head\" role=\"button\" aria-expanded=\"false\"><div class=\"esab__heading_txt\"><p class=\"esab__heading_tag\">Kokios studij\u0173 programos vykdomos Alytuje? Nuolatin\u0117s ar i\u0161t\u0119stin\u0117s? Kokia kaina? Kiek met\u0173 trunka?<\/p><\/div><div class=\"esab__icon\"><div class=\"esab__collapse\"> <svg xmlns=\"http:\/\/www.w3.org\/2000\/svg\" width=\"24\" height=\"24\" fill=\"currentColor\" viewBox=\"0 0 16 16\"><path fill-rule=\"evenodd\" d=\"M1.646 4.646a.5.5 0 0 1 .708 0L8 10.293l5.646-5.647a.5.5 0 0 1 .708.708l-6 6a.5.5 0 0 1-.708 0l-6-6a.5.5 0 0 1 0-.708\"><\/path><\/svg> <\/div><div class=\"esab__expand\"> <svg xmlns=\"http:\/\/www.w3.org\/2000\/svg\" width=\"24\" height=\"24\" fill=\"currentColor\" viewBox=\"0 0 16 16\"><path fill-rule=\"evenodd\" d=\"M7.646 4.646a.5.5 0 0 1 .708 0l6 6a.5.5 0 0 1-.708.708L8 5.707l-5.646 5.647a.5.5 0 0 1-.708-.708z\"><\/path><\/svg> <\/div><\/div><\/div><div class=\"esab__body\">\n<p>Alytuje vykdomas studij\u0173 programas, j\u0173 metines kainas, trukm\u0119 bei kit\u0105 informacij\u0105 galite rasti <strong><a href=\"https:\/\/kaunokolegija.lt\/studiju-programos\/?study_field=&amp;s=&amp;place=Alytus\" data-type=\"link\" data-id=\"https:\/\/kaunokolegija.lt\/studiju-programos\/?study_field=&amp;s=&amp;place=Alytus\" target=\"_blank\" rel=\"noreferrer noopener\">\u010dia<\/a><\/strong>.<\/p>\n<\/div><\/div>\n\n\n\n<div class=\"wp-block-esab-accordion-child\"><div class=\"esab__head\" role=\"button\" aria-expanded=\"false\"><div class=\"esab__heading_txt\"><p class=\"esab__heading_tag\">Ar galima \u012fsiskaityti studij\u0173 dalykus, studijuotus kitoje auk\u0161tojoje mokykloje, profesin\u0117je mokykloje?<\/p><\/div><div class=\"esab__icon\"><div class=\"esab__collapse\"> <svg xmlns=\"http:\/\/www.w3.org\/2000\/svg\" width=\"24\" height=\"24\" fill=\"currentColor\" viewBox=\"0 0 16 16\"><path fill-rule=\"evenodd\" d=\"M1.646 4.646a.5.5 0 0 1 .708 0L8 10.293l5.646-5.647a.5.5 0 0 1 .708.708l-6 6a.5.5 0 0 1-.708 0l-6-6a.5.5 0 0 1 0-.708\"><\/path><\/svg> <\/div><div class=\"esab__expand\"> <svg xmlns=\"http:\/\/www.w3.org\/2000\/svg\" width=\"24\" height=\"24\" fill=\"currentColor\" viewBox=\"0 0 16 16\"><path fill-rule=\"evenodd\" d=\"M7.646 4.646a.5.5 0 0 1 .708 0l6 6a.5.5 0 0 1-.708.708L8 5.707l-5.646 5.647a.5.5 0 0 1-.708-.708z\"><\/path><\/svg> <\/div><\/div><\/div><div class=\"esab__body\">\n<p class=\"is-style-justify\">Studento, studijavusio kitoje auk\u0161tojoje mokykloje, pasiekti studij\u0173 rezultatai gali b\u016bti \u012fskaitomi be apribojim\u0173 (t. y. \u012fskaitomi visi studij\u0173 kreditai, i\u0161skyrus baigiam\u0105j\u012f darb\u0105 ir (ar) baigiam\u0105j\u012f egzamin\u0105). \u012eskaitym\u0173 tvark\u0105 Kauno kolegijoje nustato <em>Pasiekt\u0173 studij\u0173 rezultat\u0173 \u012fskaitymo Kauno kolegijoje tvarkos apra\u0161as<\/em>.<\/p>\n\n\n\n<p class=\"is-style-justify\">Studento, studijavusio arba studijuojan\u010dio kolegijoje, kitoje Lietuvos arba u\u017esienio auk\u0161tojoje mokykloje, pagal nesuderint\u0105 studij\u0173 turin\u012f, pasiekti studij\u0173 rezultatai kolegijoje \u012fskaitomi pagal \u0161i\u0105 tvark\u0105, palyginus abiej\u0173 studij\u0173 program\u0173 (studijuotos ir ketinamos studijuoti) studij\u0173 rezultatus ir apimt\u012f. Jums bus reikalingas diplomas ar pa\u017eyma (i\u0161 kuri\u0173 nor\u0117site \u012fsiskaityti dalykus) ir dalyk\u0173, kuriuos norite \u012fsiskaityti, apra\u0161ai. Juos i\u0161duos auk\u0161toji mokykla, kurioje studijavote.<\/p>\n<\/div><\/div>\n\n\n\n<div class=\"wp-block-esab-accordion-child\"><div class=\"esab__head\" role=\"button\" aria-expanded=\"false\"><div class=\"esab__heading_txt\"><p class=\"esab__heading_tag\">Kokios yra galimyb\u0117s gauti nemokam\u0105 studij\u0173 viet\u0105?<\/p><\/div><div class=\"esab__icon\"><div class=\"esab__collapse\"> <svg xmlns=\"http:\/\/www.w3.org\/2000\/svg\" width=\"24\" height=\"24\" fill=\"currentColor\" viewBox=\"0 0 16 16\"><path fill-rule=\"evenodd\" d=\"M1.646 4.646a.5.5 0 0 1 .708 0L8 10.293l5.646-5.647a.5.5 0 0 1 .708.708l-6 6a.5.5 0 0 1-.708 0l-6-6a.5.5 0 0 1 0-.708\"><\/path><\/svg> <\/div><div class=\"esab__expand\"> <svg xmlns=\"http:\/\/www.w3.org\/2000\/svg\" width=\"24\" height=\"24\" fill=\"currentColor\" viewBox=\"0 0 16 16\"><path fill-rule=\"evenodd\" d=\"M7.646 4.646a.5.5 0 0 1 .708 0l6 6a.5.5 0 0 1-.708.708L8 5.707l-5.646 5.647a.5.5 0 0 1-.708-.708z\"><\/path><\/svg> <\/div><\/div><\/div><div class=\"esab__body\">\n<p class=\"is-style-justify\">Norint gauti valstyb\u0117s finansuojam\u0105 studij\u0173 viet\u0105 (VF), b\u016btina atitikti minimalius reikalavimus, kurie priklauso nuo j\u016bs\u0173 brandos atestato gavimo met\u0173. Konkursinio balo sandara priklauso nuo pasirinktos studij\u0173 krypties ir programos \u2013 konkre\u010dios svertin\u0117s dalys (brandos egzamin\u0173, metini\u0173 pa\u017eymi\u0173, papildom\u0173 pasiekim\u0173 koeficientai) nurodytos Kauno kolegijos 2025 m. pri\u0117mimo taisykli\u0173 2 priede.<\/p>\n\n\n\n<p class=\"is-style-justify\">Valstyb\u0117s finansuojamos vietos paskirstomos konkurso b\u016bdu \u2013 stojantieji rikiuojami ma\u017e\u0117jan\u010dia tvarka pagal konkursin\u012f bal\u0105, o finansavim\u0105 gauna geriausi\u0173 rezultat\u0173 pasiek\u0119 asmenys tol, kol pasibaigia atitinkamai studij\u0173 kryp\u010diai skirtas valstyb\u0117s finansuojam\u0173 viet\u0173 skai\u010dius.<\/p>\n\n\n\n<p class=\"is-style-justify\">Valstyb\u0117s finansuojam\u0173 viet\u0173 skai\u010di\u0173 kiekvienai studij\u0173 kryp\u010di\u0173 grupei nustato \u0160vietimo, mokslo ir sporto ministerija, atsi\u017evelgdama \u012f valstyb\u0117s poreikius ir prioritetus.<\/p>\n<\/div><\/div>\n\n\n\n<div class=\"wp-block-esab-accordion-child\"><div class=\"esab__head\" role=\"button\" aria-expanded=\"false\"><div class=\"esab__heading_txt\"><p class=\"esab__heading_tag\">Kada ir kur reikia pildyti pra\u0161ym\u0105 norint stoti? Kada ir kaip \u017einosiu, ar \u012fstojau?<\/p><\/div><div class=\"esab__icon\"><div class=\"esab__collapse\"> <svg xmlns=\"http:\/\/www.w3.org\/2000\/svg\" width=\"24\" height=\"24\" fill=\"currentColor\" viewBox=\"0 0 16 16\"><path fill-rule=\"evenodd\" d=\"M1.646 4.646a.5.5 0 0 1 .708 0L8 10.293l5.646-5.647a.5.5 0 0 1 .708.708l-6 6a.5.5 0 0 1-.708 0l-6-6a.5.5 0 0 1 0-.708\"><\/path><\/svg> <\/div><div class=\"esab__expand\"> <svg xmlns=\"http:\/\/www.w3.org\/2000\/svg\" width=\"24\" height=\"24\" fill=\"currentColor\" viewBox=\"0 0 16 16\"><path fill-rule=\"evenodd\" d=\"M7.646 4.646a.5.5 0 0 1 .708 0l6 6a.5.5 0 0 1-.708.708L8 5.707l-5.646 5.647a.5.5 0 0 1-.708-.708z\"><\/path><\/svg> <\/div><\/div><\/div><div class=\"esab__body\">\n<p class=\"is-style-justify\">Pri\u0117mim\u0105 \u012f auk\u0161t\u0105sias mokyklas Lietuvoje koordinuoja Lietuvos auk\u0161t\u0173j\u0173 mokykl\u0173 asociacija bendrajam pri\u0117mimui organizuoti (<a href=\"https:\/\/lamabpo.lt\/\"><strong>LAMA BPO<\/strong><\/a>).<\/p>\n\n\n\n<p class=\"is-style-justify\">Informacij\u0105 apie stojimo etapus ir pra\u0161ym\u0173 studijuoti pildymo tikslias datas rasite adresu: <a href=\"http:\/\/www.lamabpo.lt\">www.lamabpo.lt<\/a>. \u0160i\u0105 informacij\u0105 rekomenduojame taip pat sekti Kauno kolegijos interneto svetain\u0117je bei socialiniuose tinkluose.<\/p>\n\n\n\n<p class=\"is-style-justify\">Jeigu <strong>reikia pagalbos pildant pra\u0161ym\u0105<\/strong> ar norite pasikonsultuoti d\u0117l stojimo, kvie\u010diame atvykti \u012f <strong>Kauno kolegijos Alytaus fakultet\u0105<\/strong> (Ligonin\u0117s g. 1C, Alytus, 105 kab.). Su savimi tur\u0117kite brandos atestat\u0105 ir asmens dokument\u0105.<\/p>\n\n\n\n<p class=\"is-style-justify\">Pasibaigus pra\u0161ym\u0173 teikimo ir konkursini\u0173 rezultat\u0173 skelbimo etapui, LAMA BPO sistemoje matysite ir elektroniniu pa\u0161tu gausite prane\u0161im\u0105 apie tai, ar buvote pakviestas studijuoti. Kartu bus pateikta informacija apie studij\u0173 sutar\u010di\u0173 pasira\u0161ymo terminus ir tvark\u0105.<\/p>\n<\/div><\/div>\n<\/div><\/div>\n<\/div>\n<\/div>\n<\/div>\n<\/div>\n<\/div>\n<\/div>\n<\/div>\n","protected":false},"excerpt":{"rendered":"<p>\u0160ioje skiltyje rasite da\u017eniausiai u\u017eduodamus klausimus. Jei neradote atsakymo \u012f jus dominant\u012f klausim\u0105, susisiekite el. pa\u0161tu alytus@kaunokolegija.lt.<\/p>\n","protected":false},"author":1,"featured_media":276446,"parent":0,"menu_order":0,"comment_status":"closed","ping_status":"closed","template":"","meta":{"footnotes":""},"class_list":["post-276156","page","type-page","status-publish","has-post-thumbnail","hentry"],"yoast_head":"<!-- This site is optimized with the Yoast SEO plugin v27.4 - https:\/\/yoast.com\/product\/yoast-seo-wordpress\/ -->\n<title>DUK - Alytaus fakultetas<\/title>\n<meta name=\"robots\" content=\"index, follow, max-snippet:-1, max-image-preview:large, max-video-preview:-1\" \/>\n<link rel=\"canonical\" href=\"https:\/\/kaunokolegija.lt\/alytus\/d-u-k\/\" \/>\n<meta property=\"og:locale\" content=\"lt_LT\" \/>\n<meta property=\"og:type\" content=\"article\" \/>\n<meta property=\"og:title\" content=\"DUK - Alytaus fakultetas\" \/>\n<meta property=\"og:description\" content=\"\u0160ioje skiltyje rasite da\u017eniausiai u\u017eduodamus klausimus. Jei neradote atsakymo \u012f jus dominant\u012f klausim\u0105, susisiekite el. pa\u0161tu alytus@kaunokolegija.lt.\" \/>\n<meta property=\"og:url\" content=\"https:\/\/kaunokolegija.lt\/alytus\/d-u-k\/\" \/>\n<meta property=\"og:site_name\" content=\"Alytaus fakultetas\" \/>\n<meta property=\"article:publisher\" content=\"https:\/\/www.facebook.com\/Kauno.kolegija\/\" \/>\n<meta property=\"article:modified_time\" content=\"2026-01-28T13:52:51+00:00\" \/>\n<meta property=\"og:image\" content=\"https:\/\/kaunokolegija.lt\/alytus\/wp-content\/uploads\/sites\/17\/2025\/11\/IMG_8503-scaled-e1764068798923.webp\" \/>\n\t<meta property=\"og:image:width\" content=\"2560\" \/>\n\t<meta property=\"og:image:height\" content=\"1024\" \/>\n\t<meta property=\"og:image:type\" content=\"image\/webp\" \/>\n<meta name=\"twitter:card\" content=\"summary_large_image\" \/>\n<meta name=\"twitter:label1\" content=\"Est. reading time\" \/>\n\t<meta name=\"twitter:data1\" content=\"3 minut\u0117s\" \/>\n<script type=\"application\/ld+json\" class=\"yoast-schema-graph\">{\"@context\":\"https:\\\/\\\/schema.org\",\"@graph\":[{\"@type\":\"WebPage\",\"@id\":\"https:\\\/\\\/kaunokolegija.lt\\\/alytus\\\/d-u-k\\\/\",\"url\":\"https:\\\/\\\/kaunokolegija.lt\\\/alytus\\\/d-u-k\\\/\",\"name\":\"DUK - Alytaus fakultetas\",\"isPartOf\":{\"@id\":\"https:\\\/\\\/kaunokolegija.lt\\\/alytus\\\/#website\"},\"primaryImageOfPage\":{\"@id\":\"https:\\\/\\\/kaunokolegija.lt\\\/alytus\\\/d-u-k\\\/#primaryimage\"},\"image\":{\"@id\":\"https:\\\/\\\/kaunokolegija.lt\\\/alytus\\\/d-u-k\\\/#primaryimage\"},\"thumbnailUrl\":\"https:\\\/\\\/kaunokolegija.lt\\\/alytus\\\/wp-content\\\/uploads\\\/sites\\\/17\\\/2025\\\/11\\\/IMG_8503-scaled-e1764068798923.webp\",\"datePublished\":\"2025-09-25T17:43:38+00:00\",\"dateModified\":\"2026-01-28T13:52:51+00:00\",\"breadcrumb\":{\"@id\":\"https:\\\/\\\/kaunokolegija.lt\\\/alytus\\\/d-u-k\\\/#breadcrumb\"},\"inLanguage\":\"lt-LT\",\"potentialAction\":[{\"@type\":\"ReadAction\",\"target\":[\"https:\\\/\\\/kaunokolegija.lt\\\/alytus\\\/d-u-k\\\/\"]}]},{\"@type\":\"ImageObject\",\"inLanguage\":\"lt-LT\",\"@id\":\"https:\\\/\\\/kaunokolegija.lt\\\/alytus\\\/d-u-k\\\/#primaryimage\",\"url\":\"https:\\\/\\\/kaunokolegija.lt\\\/alytus\\\/wp-content\\\/uploads\\\/sites\\\/17\\\/2025\\\/11\\\/IMG_8503-scaled-e1764068798923.webp\",\"contentUrl\":\"https:\\\/\\\/kaunokolegija.lt\\\/alytus\\\/wp-content\\\/uploads\\\/sites\\\/17\\\/2025\\\/11\\\/IMG_8503-scaled-e1764068798923.webp\",\"width\":2560,\"height\":1024},{\"@type\":\"BreadcrumbList\",\"@id\":\"https:\\\/\\\/kaunokolegija.lt\\\/alytus\\\/d-u-k\\\/#breadcrumb\",\"itemListElement\":[{\"@type\":\"ListItem\",\"position\":1,\"name\":\"Home\",\"item\":\"https:\\\/\\\/kaunokolegija.lt\\\/alytus\\\/\"},{\"@type\":\"ListItem\",\"position\":2,\"name\":\"DUK\"}]},{\"@type\":\"WebSite\",\"@id\":\"https:\\\/\\\/kaunokolegija.lt\\\/alytus\\\/#website\",\"url\":\"https:\\\/\\\/kaunokolegija.lt\\\/alytus\\\/\",\"name\":\"Alytaus fakultetas\",\"description\":\"Kauno kolegija\",\"publisher\":{\"@id\":\"https:\\\/\\\/kaunokolegija.lt\\\/alytus\\\/#organization\"},\"potentialAction\":[{\"@type\":\"SearchAction\",\"target\":{\"@type\":\"EntryPoint\",\"urlTemplate\":\"https:\\\/\\\/kaunokolegija.lt\\\/alytus\\\/?s={search_term_string}\"},\"query-input\":{\"@type\":\"PropertyValueSpecification\",\"valueRequired\":true,\"valueName\":\"search_term_string\"}}],\"inLanguage\":\"lt-LT\"},{\"@type\":\"Organization\",\"@id\":\"https:\\\/\\\/kaunokolegija.lt\\\/alytus\\\/#organization\",\"name\":\"Kauno kolegija\",\"url\":\"https:\\\/\\\/kaunokolegija.lt\\\/alytus\\\/\",\"logo\":{\"@type\":\"ImageObject\",\"inLanguage\":\"lt-LT\",\"@id\":\"https:\\\/\\\/kaunokolegija.lt\\\/alytus\\\/#\\\/schema\\\/logo\\\/image\\\/\",\"url\":\"https:\\\/\\\/kaunokolegija.lt\\\/alytus\\\/wp-content\\\/uploads\\\/sites\\\/17\\\/2026\\\/01\\\/cropped-KK_ALYTUS_COLOR.png\",\"contentUrl\":\"https:\\\/\\\/kaunokolegija.lt\\\/alytus\\\/wp-content\\\/uploads\\\/sites\\\/17\\\/2026\\\/01\\\/cropped-KK_ALYTUS_COLOR.png\",\"width\":2084,\"height\":2084,\"caption\":\"Kauno kolegija\"},\"image\":{\"@id\":\"https:\\\/\\\/kaunokolegija.lt\\\/alytus\\\/#\\\/schema\\\/logo\\\/image\\\/\"},\"sameAs\":[\"https:\\\/\\\/www.facebook.com\\\/Kauno.kolegija\\\/\"]}]}<\/script>\n<!-- \/ Yoast SEO plugin. -->","yoast_head_json":{"title":"DUK - Alytaus fakultetas","robots":{"index":"index","follow":"follow","max-snippet":"max-snippet:-1","max-image-preview":"max-image-preview:large","max-video-preview":"max-video-preview:-1"},"canonical":"https:\/\/kaunokolegija.lt\/alytus\/d-u-k\/","og_locale":"lt_LT","og_type":"article","og_title":"DUK - Alytaus fakultetas","og_description":"\u0160ioje skiltyje rasite da\u017eniausiai u\u017eduodamus klausimus. Jei neradote atsakymo \u012f jus dominant\u012f klausim\u0105, susisiekite el. pa\u0161tu alytus@kaunokolegija.lt.","og_url":"https:\/\/kaunokolegija.lt\/alytus\/d-u-k\/","og_site_name":"Alytaus fakultetas","article_publisher":"https:\/\/www.facebook.com\/Kauno.kolegija\/","article_modified_time":"2026-01-28T13:52:51+00:00","og_image":[{"width":2560,"height":1024,"url":"https:\/\/kaunokolegija.lt\/alytus\/wp-content\/uploads\/sites\/17\/2025\/11\/IMG_8503-scaled-e1764068798923.webp","type":"image\/webp"}],"twitter_card":"summary_large_image","twitter_misc":{"Est. reading time":"3 minut\u0117s"},"schema":{"@context":"https:\/\/schema.org","@graph":[{"@type":"WebPage","@id":"https:\/\/kaunokolegija.lt\/alytus\/d-u-k\/","url":"https:\/\/kaunokolegija.lt\/alytus\/d-u-k\/","name":"DUK - Alytaus fakultetas","isPartOf":{"@id":"https:\/\/kaunokolegija.lt\/alytus\/#website"},"primaryImageOfPage":{"@id":"https:\/\/kaunokolegija.lt\/alytus\/d-u-k\/#primaryimage"},"image":{"@id":"https:\/\/kaunokolegija.lt\/alytus\/d-u-k\/#primaryimage"},"thumbnailUrl":"https:\/\/kaunokolegija.lt\/alytus\/wp-content\/uploads\/sites\/17\/2025\/11\/IMG_8503-scaled-e1764068798923.webp","datePublished":"2025-09-25T17:43:38+00:00","dateModified":"2026-01-28T13:52:51+00:00","breadcrumb":{"@id":"https:\/\/kaunokolegija.lt\/alytus\/d-u-k\/#breadcrumb"},"inLanguage":"lt-LT","potentialAction":[{"@type":"ReadAction","target":["https:\/\/kaunokolegija.lt\/alytus\/d-u-k\/"]}]},{"@type":"ImageObject","inLanguage":"lt-LT","@id":"https:\/\/kaunokolegija.lt\/alytus\/d-u-k\/#primaryimage","url":"https:\/\/kaunokolegija.lt\/alytus\/wp-content\/uploads\/sites\/17\/2025\/11\/IMG_8503-scaled-e1764068798923.webp","contentUrl":"https:\/\/kaunokolegija.lt\/alytus\/wp-content\/uploads\/sites\/17\/2025\/11\/IMG_8503-scaled-e1764068798923.webp","width":2560,"height":1024},{"@type":"BreadcrumbList","@id":"https:\/\/kaunokolegija.lt\/alytus\/d-u-k\/#breadcrumb","itemListElement":[{"@type":"ListItem","position":1,"name":"Home","item":"https:\/\/kaunokolegija.lt\/alytus\/"},{"@type":"ListItem","position":2,"name":"DUK"}]},{"@type":"WebSite","@id":"https:\/\/kaunokolegija.lt\/alytus\/#website","url":"https:\/\/kaunokolegija.lt\/alytus\/","name":"Alytaus fakultetas","description":"Kauno kolegija","publisher":{"@id":"https:\/\/kaunokolegija.lt\/alytus\/#organization"},"potentialAction":[{"@type":"SearchAction","target":{"@type":"EntryPoint","urlTemplate":"https:\/\/kaunokolegija.lt\/alytus\/?s={search_term_string}"},"query-input":{"@type":"PropertyValueSpecification","valueRequired":true,"valueName":"search_term_string"}}],"inLanguage":"lt-LT"},{"@type":"Organization","@id":"https:\/\/kaunokolegija.lt\/alytus\/#organization","name":"Kauno kolegija","url":"https:\/\/kaunokolegija.lt\/alytus\/","logo":{"@type":"ImageObject","inLanguage":"lt-LT","@id":"https:\/\/kaunokolegija.lt\/alytus\/#\/schema\/logo\/image\/","url":"https:\/\/kaunokolegija.lt\/alytus\/wp-content\/uploads\/sites\/17\/2026\/01\/cropped-KK_ALYTUS_COLOR.png","contentUrl":"https:\/\/kaunokolegija.lt\/alytus\/wp-content\/uploads\/sites\/17\/2026\/01\/cropped-KK_ALYTUS_COLOR.png","width":2084,"height":2084,"caption":"Kauno kolegija"},"image":{"@id":"https:\/\/kaunokolegija.lt\/alytus\/#\/schema\/logo\/image\/"},"sameAs":["https:\/\/www.facebook.com\/Kauno.kolegija\/"]}]}},"_links":{"self":[{"href":"https:\/\/kaunokolegija.lt\/alytus\/wp-json\/wp\/v2\/pages\/276156","targetHints":{"allow":["GET"]}}],"collection":[{"href":"https:\/\/kaunokolegija.lt\/alytus\/wp-json\/wp\/v2\/pages"}],"about":[{"href":"https:\/\/kaunokolegija.lt\/alytus\/wp-json\/wp\/v2\/types\/page"}],"author":[{"embeddable":true,"href":"https:\/\/kaunokolegija.lt\/alytus\/wp-json\/wp\/v2\/users\/1"}],"replies":[{"embeddable":true,"href":"https:\/\/kaunokolegija.lt\/alytus\/wp-json\/wp\/v2\/comments?post=276156"}],"version-history":[{"count":14,"href":"https:\/\/kaunokolegija.lt\/alytus\/wp-json\/wp\/v2\/pages\/276156\/revisions"}],"predecessor-version":[{"id":276701,"href":"https:\/\/kaunokolegija.lt\/alytus\/wp-json\/wp\/v2\/pages\/276156\/revisions\/276701"}],"wp:featuredmedia":[{"embeddable":true,"href":"https:\/\/kaunokolegija.lt\/alytus\/wp-json\/wp\/v2\/media\/276446"}],"wp:attachment":[{"href":"https:\/\/kaunokolegija.lt\/alytus\/wp-json\/wp\/v2\/media?parent=276156"}],"curies":[{"name":"wp","href":"https:\/\/api.w.org\/{rel}","templated":true}]}}