{"id":276101,"date":"2025-09-25T16:52:56","date_gmt":"2025-09-25T16:52:56","guid":{"rendered":"https:\/\/royalpeacock.agency\/kk\/alf\/?page_id=276101"},"modified":"2026-01-23T07:44:27","modified_gmt":"2026-01-23T07:44:27","slug":"mokslas","status":"publish","type":"page","link":"https:\/\/kaunokolegija.lt\/alytus\/mokslas\/","title":{"rendered":"Mokslas"},"content":{"rendered":"\n<div class=\"wp-block-columns top-p is-layout-flex wp-container-core-columns-is-layout-e8d40639 wp-block-columns-is-layout-flex\" style=\"padding-top:var(--wp--preset--spacing--s);padding-bottom:var(--wp--preset--spacing--s)\">\n<div class=\"wp-block-column has-global-padding is-layout-constrained wp-container-core-column-is-layout-d0f22c05 wp-block-column-is-layout-constrained\">\n<div class=\"wp-block-columns abcd has-background is-layout-flex wp-container-core-columns-is-layout-28f84493 wp-block-columns-is-layout-flex\" style=\"background-color:#f9f9f9\">\n<div class=\"wp-block-column is-layout-flow wp-block-column-is-layout-flow\" style=\"padding-top:0;padding-right:0;padding-bottom:0;padding-left:0\">\n<p class=\"is-style-justify\">Taikomoji mokslo veikla Kauno kolegijos Alytaus fakultete orientuota \u012f novatori\u0161k\u0173 sprendim\u0173 k\u016brim\u0105 ir j\u0173 efektyv\u0173 pritaikym\u0105 praktikoje. Fakultetas, bendradarbiaudamas su regiono verslo, vie\u0161ojo sektoriaus ir bendruomen\u0117s partneriais, aktyviai sprend\u017eia visuomenei ir aplinkai aktualias problemas, taip skatindamas tvari\u0105 regiono pl\u0117tr\u0105 ir konkurencingum\u0105.<\/p>\n\n\n\n<p class=\"is-style-justify\" style=\"margin-top:8px;margin-bottom:8px\">Mokslo taikomieji tyrimai tampa reik\u0161mingu post\u016bmiu regiono pa\u017eangai \u2013 jie padeda diegti naujausias technologijas, kurti \u017einiomis gr\u012fstus sprendimus bei stiprinti socialin\u0119, ekonomin\u0119 ir aplinkos darn\u0105. Per \u0161ias veiklas fakultetas siekia tvariai prisid\u0117ti prie visuomen\u0117s gerov\u0117s, skatinti inovacij\u0173 kult\u016br\u0105 ir \u012ftvirtinti savo, kaip pripa\u017eintos auk\u0161tosios mokyklos, pozicij\u0105 nacionaliniame ir tarptautiniame kontekste.<\/p>\n\n\n\n<p><strong>Mes si\u016blome:<\/strong><\/p>\n\n\n\n<ul class=\"wp-block-list\">\n<li>Atlikti taikomuosius mokslinius tyrimus, galimybi\u0173 studijas, analizes ir kt. veiklas jums aktualioje srityje;<\/li>\n\n\n\n<li>Bendrus verslo ir mokslo projektus, kuriant inovacijas, pritaikant ir komercializuojant inovatyvius produktus ir paslaugas;<\/li>\n\n\n\n<li>Pagalb\u0105 kuriant ir vystant versl\u0105 \u2013 verslo ir rinkodaros modeli\u0173, plan\u0173, projekt\u0173 strategij\u0173 rengim\u0105, \u012fmoni\u0173 steigim\u0105;<\/li>\n\n\n\n<li>Mokymus, seminarus ir konferencijas skirtingomis tematikomis (nuo medicinos, technologij\u0173 iki verslo ir \u0161vietimo).<\/li>\n\n\n\n<li>\u012egyvendinti kitas, su taikomaisiais moksliniais tyrimais, eksperimentine pl\u0117tra, susijusias veiklas.<\/li>\n<\/ul>\n\n\n\n<p class=\"is-style-justify\"><strong>D\u0117l bendradarbiavimo kreiptis: <\/strong>prodekan\u0117 Ingrida Brazionien\u0117<\/p>\n\n\n\n<p>El. p.: <a href=\"mailto:ingrida.brazioniene@kaunokolegija.lt\">ingrida.brazioniene@kaunokolegija.lt<\/a><\/p>\n\n\n\n<p>Tel. nr. <a href=\"tel:37069122294\"><span style=\"text-decoration: underline;\">+370 691 22 294<\/span><\/a><\/p>\n\n\n\n<figure data-wp-context=\"{&quot;imageId&quot;:&quot;69e7e8860f770&quot;}\" data-wp-interactive=\"core\/image\" data-wp-key=\"69e7e8860f770\" class=\"wp-block-image aligncenter size-large is-resized wp-lightbox-container\"><img loading=\"lazy\" decoding=\"async\" width=\"1024\" height=\"576\" data-wp-class--hide=\"state.isContentHidden\" data-wp-class--show=\"state.isContentVisible\" data-wp-init=\"callbacks.setButtonStyles\" data-wp-on--click=\"actions.showLightbox\" data-wp-on--load=\"callbacks.setButtonStyles\" data-wp-on-window--resize=\"callbacks.setButtonStyles\" src=\"https:\/\/kaunokolegija.lt\/alytus\/wp-content\/uploads\/sites\/17\/2025\/11\/image-1-1024x576.jpeg\" alt=\"\" class=\"wp-image-276450\" style=\"width:1040px;height:auto\" srcset=\"https:\/\/kaunokolegija.lt\/alytus\/wp-content\/uploads\/sites\/17\/2025\/11\/image-1-1024x576.jpeg 1024w, https:\/\/kaunokolegija.lt\/alytus\/wp-content\/uploads\/sites\/17\/2025\/11\/image-1-300x169.jpeg 300w, https:\/\/kaunokolegija.lt\/alytus\/wp-content\/uploads\/sites\/17\/2025\/11\/image-1-768x432.jpeg 768w, https:\/\/kaunokolegija.lt\/alytus\/wp-content\/uploads\/sites\/17\/2025\/11\/image-1-1536x864.jpeg 1536w, https:\/\/kaunokolegija.lt\/alytus\/wp-content\/uploads\/sites\/17\/2025\/11\/image-1.jpeg 1600w\" sizes=\"auto, (max-width: 1024px) 100vw, 1024px\" \/><button\n\t\t\tclass=\"lightbox-trigger\"\n\t\t\ttype=\"button\"\n\t\t\taria-haspopup=\"dialog\"\n\t\t\taria-label=\"Padidinti\"\n\t\t\tdata-wp-init=\"callbacks.initTriggerButton\"\n\t\t\tdata-wp-on--click=\"actions.showLightbox\"\n\t\t\tdata-wp-style--right=\"state.imageButtonRight\"\n\t\t\tdata-wp-style--top=\"state.imageButtonTop\"\n\t\t>\n\t\t\t<svg xmlns=\"http:\/\/www.w3.org\/2000\/svg\" width=\"12\" height=\"12\" fill=\"none\" viewBox=\"0 0 12 12\">\n\t\t\t\t<path fill=\"#fff\" d=\"M2 0a2 2 0 0 0-2 2v2h1.5V2a.5.5 0 0 1 .5-.5h2V0H2Zm2 10.5H2a.5.5 0 0 1-.5-.5V8H0v2a2 2 0 0 0 2 2h2v-1.5ZM8 12v-1.5h2a.5.5 0 0 0 .5-.5V8H12v2a2 2 0 0 1-2 2H8Zm2-12a2 2 0 0 1 2 2v2h-1.5V2a.5.5 0 0 0-.5-.5H8V0h2Z\" \/>\n\t\t\t<\/svg>\n\t\t<\/button><\/figure>\n<\/div>\n<\/div>\n<\/div>\n<\/div>\n","protected":false},"excerpt":{"rendered":"<p>Taikomoji mokslo veikla Kauno kolegijos Alytaus fakultete orientuota \u012f novatori\u0161k\u0173 sprendim\u0173 k\u016brim\u0105 ir j\u0173 efektyv\u0173 pritaikym\u0105 praktikoje. Fakultetas, bendradarbiaudamas su regiono verslo, vie\u0161ojo sektoriaus ir bendruomen\u0117s partneriais, aktyviai sprend\u017eia visuomenei ir aplinkai&hellip;<\/p>\n","protected":false},"author":1,"featured_media":276457,"parent":0,"menu_order":0,"comment_status":"closed","ping_status":"closed","template":"","meta":{"footnotes":""},"class_list":["post-276101","page","type-page","status-publish","has-post-thumbnail","hentry"],"yoast_head":"<!-- This site is optimized with the Yoast SEO plugin v27.4 - https:\/\/yoast.com\/product\/yoast-seo-wordpress\/ -->\n<title>Mokslas - Alytaus fakultetas<\/title>\n<meta name=\"robots\" content=\"index, follow, max-snippet:-1, max-image-preview:large, max-video-preview:-1\" \/>\n<link rel=\"canonical\" href=\"https:\/\/kaunokolegija.lt\/alytus\/mokslas\/\" \/>\n<meta property=\"og:locale\" content=\"lt_LT\" \/>\n<meta property=\"og:type\" content=\"article\" \/>\n<meta property=\"og:title\" content=\"Mokslas - Alytaus fakultetas\" \/>\n<meta property=\"og:description\" content=\"Taikomoji mokslo veikla Kauno kolegijos Alytaus fakultete orientuota \u012f novatori\u0161k\u0173 sprendim\u0173 k\u016brim\u0105 ir j\u0173 efektyv\u0173 pritaikym\u0105 praktikoje. Fakultetas, bendradarbiaudamas su regiono verslo, vie\u0161ojo sektoriaus ir bendruomen\u0117s partneriais, aktyviai sprend\u017eia visuomenei ir aplinkai&hellip;\" \/>\n<meta property=\"og:url\" content=\"https:\/\/kaunokolegija.lt\/alytus\/mokslas\/\" \/>\n<meta property=\"og:site_name\" content=\"Alytaus fakultetas\" \/>\n<meta property=\"article:publisher\" content=\"https:\/\/www.facebook.com\/Kauno.kolegija\/\" \/>\n<meta property=\"article:modified_time\" content=\"2026-01-23T07:44:27+00:00\" \/>\n<meta property=\"og:image\" content=\"https:\/\/kaunokolegija.lt\/alytus\/wp-content\/uploads\/sites\/17\/2025\/11\/DSC06065-3-scaled.webp\" \/>\n\t<meta property=\"og:image:width\" content=\"2560\" \/>\n\t<meta property=\"og:image:height\" content=\"1707\" \/>\n\t<meta property=\"og:image:type\" content=\"image\/webp\" \/>\n<meta name=\"twitter:card\" content=\"summary_large_image\" \/>\n<meta name=\"twitter:label1\" content=\"Est. reading time\" \/>\n\t<meta name=\"twitter:data1\" content=\"1 minut\u0117\" \/>\n<script type=\"application\/ld+json\" class=\"yoast-schema-graph\">{\"@context\":\"https:\\\/\\\/schema.org\",\"@graph\":[{\"@type\":\"WebPage\",\"@id\":\"https:\\\/\\\/kaunokolegija.lt\\\/alytus\\\/mokslas\\\/\",\"url\":\"https:\\\/\\\/kaunokolegija.lt\\\/alytus\\\/mokslas\\\/\",\"name\":\"Mokslas - Alytaus fakultetas\",\"isPartOf\":{\"@id\":\"https:\\\/\\\/kaunokolegija.lt\\\/alytus\\\/#website\"},\"primaryImageOfPage\":{\"@id\":\"https:\\\/\\\/kaunokolegija.lt\\\/alytus\\\/mokslas\\\/#primaryimage\"},\"image\":{\"@id\":\"https:\\\/\\\/kaunokolegija.lt\\\/alytus\\\/mokslas\\\/#primaryimage\"},\"thumbnailUrl\":\"https:\\\/\\\/kaunokolegija.lt\\\/alytus\\\/wp-content\\\/uploads\\\/sites\\\/17\\\/2025\\\/11\\\/DSC06065-3-scaled.webp\",\"datePublished\":\"2025-09-25T16:52:56+00:00\",\"dateModified\":\"2026-01-23T07:44:27+00:00\",\"breadcrumb\":{\"@id\":\"https:\\\/\\\/kaunokolegija.lt\\\/alytus\\\/mokslas\\\/#breadcrumb\"},\"inLanguage\":\"lt-LT\",\"potentialAction\":[{\"@type\":\"ReadAction\",\"target\":[\"https:\\\/\\\/kaunokolegija.lt\\\/alytus\\\/mokslas\\\/\"]}]},{\"@type\":\"ImageObject\",\"inLanguage\":\"lt-LT\",\"@id\":\"https:\\\/\\\/kaunokolegija.lt\\\/alytus\\\/mokslas\\\/#primaryimage\",\"url\":\"https:\\\/\\\/kaunokolegija.lt\\\/alytus\\\/wp-content\\\/uploads\\\/sites\\\/17\\\/2025\\\/11\\\/DSC06065-3-scaled.webp\",\"contentUrl\":\"https:\\\/\\\/kaunokolegija.lt\\\/alytus\\\/wp-content\\\/uploads\\\/sites\\\/17\\\/2025\\\/11\\\/DSC06065-3-scaled.webp\",\"width\":2560,\"height\":1707},{\"@type\":\"BreadcrumbList\",\"@id\":\"https:\\\/\\\/kaunokolegija.lt\\\/alytus\\\/mokslas\\\/#breadcrumb\",\"itemListElement\":[{\"@type\":\"ListItem\",\"position\":1,\"name\":\"Home\",\"item\":\"https:\\\/\\\/kaunokolegija.lt\\\/alytus\\\/\"},{\"@type\":\"ListItem\",\"position\":2,\"name\":\"Mokslas\"}]},{\"@type\":\"WebSite\",\"@id\":\"https:\\\/\\\/kaunokolegija.lt\\\/alytus\\\/#website\",\"url\":\"https:\\\/\\\/kaunokolegija.lt\\\/alytus\\\/\",\"name\":\"Alytaus fakultetas\",\"description\":\"Kauno kolegija\",\"publisher\":{\"@id\":\"https:\\\/\\\/kaunokolegija.lt\\\/alytus\\\/#organization\"},\"potentialAction\":[{\"@type\":\"SearchAction\",\"target\":{\"@type\":\"EntryPoint\",\"urlTemplate\":\"https:\\\/\\\/kaunokolegija.lt\\\/alytus\\\/?s={search_term_string}\"},\"query-input\":{\"@type\":\"PropertyValueSpecification\",\"valueRequired\":true,\"valueName\":\"search_term_string\"}}],\"inLanguage\":\"lt-LT\"},{\"@type\":\"Organization\",\"@id\":\"https:\\\/\\\/kaunokolegija.lt\\\/alytus\\\/#organization\",\"name\":\"Kauno kolegija\",\"url\":\"https:\\\/\\\/kaunokolegija.lt\\\/alytus\\\/\",\"logo\":{\"@type\":\"ImageObject\",\"inLanguage\":\"lt-LT\",\"@id\":\"https:\\\/\\\/kaunokolegija.lt\\\/alytus\\\/#\\\/schema\\\/logo\\\/image\\\/\",\"url\":\"https:\\\/\\\/kaunokolegija.lt\\\/alytus\\\/wp-content\\\/uploads\\\/sites\\\/17\\\/2026\\\/01\\\/cropped-KK_ALYTUS_COLOR.png\",\"contentUrl\":\"https:\\\/\\\/kaunokolegija.lt\\\/alytus\\\/wp-content\\\/uploads\\\/sites\\\/17\\\/2026\\\/01\\\/cropped-KK_ALYTUS_COLOR.png\",\"width\":2084,\"height\":2084,\"caption\":\"Kauno kolegija\"},\"image\":{\"@id\":\"https:\\\/\\\/kaunokolegija.lt\\\/alytus\\\/#\\\/schema\\\/logo\\\/image\\\/\"},\"sameAs\":[\"https:\\\/\\\/www.facebook.com\\\/Kauno.kolegija\\\/\"]}]}<\/script>\n<!-- \/ Yoast SEO plugin. -->","yoast_head_json":{"title":"Mokslas - Alytaus fakultetas","robots":{"index":"index","follow":"follow","max-snippet":"max-snippet:-1","max-image-preview":"max-image-preview:large","max-video-preview":"max-video-preview:-1"},"canonical":"https:\/\/kaunokolegija.lt\/alytus\/mokslas\/","og_locale":"lt_LT","og_type":"article","og_title":"Mokslas - Alytaus fakultetas","og_description":"Taikomoji mokslo veikla Kauno kolegijos Alytaus fakultete orientuota \u012f novatori\u0161k\u0173 sprendim\u0173 k\u016brim\u0105 ir j\u0173 efektyv\u0173 pritaikym\u0105 praktikoje. Fakultetas, bendradarbiaudamas su regiono verslo, vie\u0161ojo sektoriaus ir bendruomen\u0117s partneriais, aktyviai sprend\u017eia visuomenei ir aplinkai&hellip;","og_url":"https:\/\/kaunokolegija.lt\/alytus\/mokslas\/","og_site_name":"Alytaus fakultetas","article_publisher":"https:\/\/www.facebook.com\/Kauno.kolegija\/","article_modified_time":"2026-01-23T07:44:27+00:00","og_image":[{"width":2560,"height":1707,"url":"https:\/\/kaunokolegija.lt\/alytus\/wp-content\/uploads\/sites\/17\/2025\/11\/DSC06065-3-scaled.webp","type":"image\/webp"}],"twitter_card":"summary_large_image","twitter_misc":{"Est. reading time":"1 minut\u0117"},"schema":{"@context":"https:\/\/schema.org","@graph":[{"@type":"WebPage","@id":"https:\/\/kaunokolegija.lt\/alytus\/mokslas\/","url":"https:\/\/kaunokolegija.lt\/alytus\/mokslas\/","name":"Mokslas - Alytaus fakultetas","isPartOf":{"@id":"https:\/\/kaunokolegija.lt\/alytus\/#website"},"primaryImageOfPage":{"@id":"https:\/\/kaunokolegija.lt\/alytus\/mokslas\/#primaryimage"},"image":{"@id":"https:\/\/kaunokolegija.lt\/alytus\/mokslas\/#primaryimage"},"thumbnailUrl":"https:\/\/kaunokolegija.lt\/alytus\/wp-content\/uploads\/sites\/17\/2025\/11\/DSC06065-3-scaled.webp","datePublished":"2025-09-25T16:52:56+00:00","dateModified":"2026-01-23T07:44:27+00:00","breadcrumb":{"@id":"https:\/\/kaunokolegija.lt\/alytus\/mokslas\/#breadcrumb"},"inLanguage":"lt-LT","potentialAction":[{"@type":"ReadAction","target":["https:\/\/kaunokolegija.lt\/alytus\/mokslas\/"]}]},{"@type":"ImageObject","inLanguage":"lt-LT","@id":"https:\/\/kaunokolegija.lt\/alytus\/mokslas\/#primaryimage","url":"https:\/\/kaunokolegija.lt\/alytus\/wp-content\/uploads\/sites\/17\/2025\/11\/DSC06065-3-scaled.webp","contentUrl":"https:\/\/kaunokolegija.lt\/alytus\/wp-content\/uploads\/sites\/17\/2025\/11\/DSC06065-3-scaled.webp","width":2560,"height":1707},{"@type":"BreadcrumbList","@id":"https:\/\/kaunokolegija.lt\/alytus\/mokslas\/#breadcrumb","itemListElement":[{"@type":"ListItem","position":1,"name":"Home","item":"https:\/\/kaunokolegija.lt\/alytus\/"},{"@type":"ListItem","position":2,"name":"Mokslas"}]},{"@type":"WebSite","@id":"https:\/\/kaunokolegija.lt\/alytus\/#website","url":"https:\/\/kaunokolegija.lt\/alytus\/","name":"Alytaus fakultetas","description":"Kauno kolegija","publisher":{"@id":"https:\/\/kaunokolegija.lt\/alytus\/#organization"},"potentialAction":[{"@type":"SearchAction","target":{"@type":"EntryPoint","urlTemplate":"https:\/\/kaunokolegija.lt\/alytus\/?s={search_term_string}"},"query-input":{"@type":"PropertyValueSpecification","valueRequired":true,"valueName":"search_term_string"}}],"inLanguage":"lt-LT"},{"@type":"Organization","@id":"https:\/\/kaunokolegija.lt\/alytus\/#organization","name":"Kauno kolegija","url":"https:\/\/kaunokolegija.lt\/alytus\/","logo":{"@type":"ImageObject","inLanguage":"lt-LT","@id":"https:\/\/kaunokolegija.lt\/alytus\/#\/schema\/logo\/image\/","url":"https:\/\/kaunokolegija.lt\/alytus\/wp-content\/uploads\/sites\/17\/2026\/01\/cropped-KK_ALYTUS_COLOR.png","contentUrl":"https:\/\/kaunokolegija.lt\/alytus\/wp-content\/uploads\/sites\/17\/2026\/01\/cropped-KK_ALYTUS_COLOR.png","width":2084,"height":2084,"caption":"Kauno kolegija"},"image":{"@id":"https:\/\/kaunokolegija.lt\/alytus\/#\/schema\/logo\/image\/"},"sameAs":["https:\/\/www.facebook.com\/Kauno.kolegija\/"]}]}},"_links":{"self":[{"href":"https:\/\/kaunokolegija.lt\/alytus\/wp-json\/wp\/v2\/pages\/276101","targetHints":{"allow":["GET"]}}],"collection":[{"href":"https:\/\/kaunokolegija.lt\/alytus\/wp-json\/wp\/v2\/pages"}],"about":[{"href":"https:\/\/kaunokolegija.lt\/alytus\/wp-json\/wp\/v2\/types\/page"}],"author":[{"embeddable":true,"href":"https:\/\/kaunokolegija.lt\/alytus\/wp-json\/wp\/v2\/users\/1"}],"replies":[{"embeddable":true,"href":"https:\/\/kaunokolegija.lt\/alytus\/wp-json\/wp\/v2\/comments?post=276101"}],"version-history":[{"count":11,"href":"https:\/\/kaunokolegija.lt\/alytus\/wp-json\/wp\/v2\/pages\/276101\/revisions"}],"predecessor-version":[{"id":276649,"href":"https:\/\/kaunokolegija.lt\/alytus\/wp-json\/wp\/v2\/pages\/276101\/revisions\/276649"}],"wp:featuredmedia":[{"embeddable":true,"href":"https:\/\/kaunokolegija.lt\/alytus\/wp-json\/wp\/v2\/media\/276457"}],"wp:attachment":[{"href":"https:\/\/kaunokolegija.lt\/alytus\/wp-json\/wp\/v2\/media?parent=276101"}],"curies":[{"name":"wp","href":"https:\/\/api.w.org\/{rel}","templated":true}]}}