{"id":276069,"date":"2026-04-26T04:27:00","date_gmt":"2026-04-26T02:27:00","guid":{"rendered":"https:\/\/royalpeacock.agency\/kk\/alf\/?page_id=276069"},"modified":"2026-05-13T14:16:44","modified_gmt":"2026-05-13T12:16:44","slug":"apie-mus","status":"publish","type":"page","link":"https:\/\/kaunokolegija.lt\/alytus\/apie-mus\/","title":{"rendered":"Apie mus"},"content":{"rendered":"\n<div class=\"wp-block-columns top-p is-layout-flex wp-container-core-columns-is-layout-9a5e5583 wp-block-columns-is-layout-flex\" style=\"margin-top:var(--wp--preset--spacing--s);margin-bottom:var(--wp--preset--spacing--s)\">\n<div class=\"wp-block-column has-global-padding is-layout-constrained wp-container-core-column-is-layout-d0f22c05 wp-block-column-is-layout-constrained\">\n<div class=\"wp-block-columns abcd has-background is-layout-flex wp-container-core-columns-is-layout-28f84493 wp-block-columns-is-layout-flex\" style=\"background-color:#f9f9f9\">\n<div class=\"wp-block-column is-layout-flow wp-block-column-is-layout-flow\" style=\"padding-top:0;padding-right:0;padding-bottom:0;padding-left:0\">\n<p class=\"is-style-justify\">Kauno kolegijos Alytaus fakultetas \u2013 regionui reik\u0161mingas auk\u0161tosios mokyklos padalinys, u\u017etikrinantis auk\u0161tos kokyb\u0117s, \u012f praktik\u0105 orientuotas studijas Alytuje.&nbsp;<\/p>\n\n\n\n<p class=\"is-style-justify\">Alytaus fakultete vykdomos paklausios profesinio bakalauro studij\u0173 programos apima sveikatos, socialinius, verslo ir vie\u0161osios vadybos, ugdymo, in\u017einerijos, informatikos ir technologij\u0173 mokslus.<\/p>\n\n\n\n<p class=\"is-style-justify\"><strong>Pri\u0117mimas 2026 m.<\/strong> bus vykdomas \u012f 12 studij\u0173 program\u0173. \u0160iemet stojantiesiems si\u016blome tris <strong>naujas studij\u0173 programas<\/strong> \u2013 <strong><a href=\"https:\/\/kaunokolegija.lt\/studiju-programos\/zaliosios-energetikos-inzinerija\/\" id=\"https:\/\/kaunokolegija.lt\/studiju-programos\/zaliosios-energetikos-inzinerija\/\" target=\"_blank\" rel=\"noreferrer noopener\">\u017daliosios energetikos in\u017einerija<\/a><\/strong>, <strong><a href=\"https:\/\/kaunokolegija.lt\/studiju-programos\/baldu-inzinerija\/\" target=\"_blank\" rel=\"noreferrer noopener\">Bald\u0173 in\u017einerija<\/a><\/strong> bei <strong><a href=\"https:\/\/kaunokolegija.lt\/studiju-programos\/gastronomija-ir-antrepreneryste\/\" id=\"https:\/\/kaunokolegija.lt\/studiju-programos\/gastronomija-ir-antrepreneryste\/\" target=\"_blank\" rel=\"noreferrer noopener\">Gastronomija <\/a><a href=\"https:\/\/kaunokolegija.lt\/studiju-programos\/gastronomija-ir-antrepreneryste\/\" id=\"https:\/\/kaunokolegija.lt\/studiju-programos\/gastronomija-ir-antrepreneryste\/\">ir antrepreneryst\u0117<\/a><\/strong>.<\/p>\n\n\n\n<figure class=\"wp-block-image size-large\"><img loading=\"lazy\" decoding=\"async\" width=\"1024\" height=\"576\" src=\"https:\/\/kaunokolegija.lt\/alytus\/wp-content\/uploads\/sites\/17\/2026\/05\/Naujos-studijos-2026.Alytus.Kauno-kolegija1-1024x576.jpg\" alt=\"\" class=\"wp-image-280014\" srcset=\"https:\/\/kaunokolegija.lt\/alytus\/wp-content\/uploads\/sites\/17\/2026\/05\/Naujos-studijos-2026.Alytus.Kauno-kolegija1-1024x576.jpg 1024w, https:\/\/kaunokolegija.lt\/alytus\/wp-content\/uploads\/sites\/17\/2026\/05\/Naujos-studijos-2026.Alytus.Kauno-kolegija1-300x169.jpg 300w, https:\/\/kaunokolegija.lt\/alytus\/wp-content\/uploads\/sites\/17\/2026\/05\/Naujos-studijos-2026.Alytus.Kauno-kolegija1-768x432.jpg 768w, https:\/\/kaunokolegija.lt\/alytus\/wp-content\/uploads\/sites\/17\/2026\/05\/Naujos-studijos-2026.Alytus.Kauno-kolegija1-1536x864.jpg 1536w, https:\/\/kaunokolegija.lt\/alytus\/wp-content\/uploads\/sites\/17\/2026\/05\/Naujos-studijos-2026.Alytus.Kauno-kolegija1.jpg 1920w\" sizes=\"auto, (max-width: 1024px) 100vw, 1024px\" \/><\/figure>\n\n\n\n<p><strong>\u0160iemet stojantiesiems si\u016blome studij\u0173 programas:<\/strong><\/p>\n\n\n\n<ul class=\"wp-block-list\">\n<li><a href=\"https:\/\/kaunokolegija.lt\/studiju-programos\/kibernetines-sistemos-ir-sauga\/\" target=\"_blank\" rel=\"noreferrer noopener\">Kibernetin\u0117s sistemos ir sauga <\/a><\/li>\n\n\n\n<li><a href=\"https:\/\/kaunokolegija.lt\/studiju-programos\/baldu-inzinerija\/\" target=\"_blank\" rel=\"noreferrer noopener\">Bald\u0173 in\u017einerija <\/a><a href=\"https:\/\/kaunokolegija.lt\/studiju-programos\/baldu-inzinerija\/\">(<strong>nauja<\/strong>)<\/a><\/li>\n\n\n\n<li><a href=\"https:\/\/kaunokolegija.lt\/studiju-programos\/statiniu-inzinerines-sistemos\/\" target=\"_blank\" rel=\"noreferrer noopener\">Statini\u0173 in\u017einerin\u0117s sistemos <\/a><\/li>\n\n\n\n<li><a href=\"https:\/\/kaunokolegija.lt\/studiju-programos\/zaliosios-energetikos-inzinerija\/\" target=\"_blank\" rel=\"noreferrer noopener\">\u017daliosios energetikos in\u017einerija (<strong>nauja<\/strong>)<\/a><\/li>\n\n\n\n<li><a href=\"https:\/\/kaunokolegija.lt\/studiju-programos\/socialinis-darbas\/\" target=\"_blank\" rel=\"noreferrer noopener\">Socialinis darbas<\/a><\/li>\n\n\n\n<li><a href=\"https:\/\/kaunokolegija.lt\/studiju-programos\/bendrosios-praktikos-slauga\/\">Bendrosios<\/a><a href=\"https:\/\/kaunokolegija.lt\/studiju-programos\/bendrosios-praktikos-slauga\/\" target=\"_blank\" rel=\"noreferrer noopener\"> <\/a><a href=\"https:\/\/kaunokolegija.lt\/studiju-programos\/bendrosios-praktikos-slauga\/\">praktikos slauga<\/a><\/li>\n\n\n\n<li><a href=\"https:\/\/kaunokolegija.lt\/studiju-programos\/dietetika\/\" target=\"_blank\" rel=\"noreferrer noopener\">Dietetika<\/a><\/li>\n\n\n\n<li><a href=\"https:\/\/kaunokolegija.lt\/studiju-programos\/kineziterapija\/\" target=\"_blank\" rel=\"noreferrer noopener\">Kineziterapija<\/a><\/li>\n\n\n\n<li><a href=\"https:\/\/kaunokolegija.lt\/studiju-programos\/gastronomija-ir-antrepreneryste\/\" target=\"_blank\" rel=\"noreferrer noopener\">Gastronomija ir antrepreneryst\u0117 (<strong>nauja<\/strong>)<\/a><\/li>\n\n\n\n<li><a href=\"https:\/\/kaunokolegija.lt\/studiju-programos\/ikimokyklinis-ir-priesmokyklinis-ugdymas\/\" target=\"_blank\" rel=\"noreferrer noopener\">Ikimokyklinis ir prie\u0161mokyklinis ugdymas<\/a><\/li>\n\n\n\n<li><a href=\"https:\/\/kaunokolegija.lt\/studiju-programos\/apskaita\/\" target=\"_blank\" rel=\"noreferrer noopener\">Apskaita<\/a><\/li>\n\n\n\n<li><a href=\"https:\/\/kaunokolegija.lt\/studiju-programos\/organizaciju-vadyba\/\" target=\"_blank\" rel=\"noreferrer noopener\">Organizacij\u0173 vadyba<\/a><\/li>\n<\/ul>\n\n\n\n<p>2026 m. ruden\u012f Kauno kolegijos Alytaus fakultete startuosiantis <strong>Maisto ir sveikos gyvensenos ekscelencijos centras<\/strong> (angl. \u201e<em>Foodtech &amp; Health Innovation Hub<\/em>\u201c) dar labiau sustiprins praktini\u0173 mokym\u0173 ir inovacij\u0173 galimybes. Maisto ir sveikos gyvensenos ekscelencijos centro tikslas \u2013 pl\u0117toti taikomuosius mokslinius tyrimus, inovacijas ir kompetencij\u0173 ugdym\u0105 maisto, mitybos ir sveikos gyvensenos srityse, stiprinant bendradarbiavim\u0105 su verslu ir vie\u0161uoju sektoriumi.<\/p>\n\n\n\n<p>Studijos Alytuje grind\u017eiamos \u0161iuolaiki\u0161kais mokymo metodais, inovatyviomis technologijomis ir d\u0117stytoj\u0173 praktine patirtimi, o studij\u0173 aplink\u0105 papildo aktyvi ir k\u016brybinga student\u0173 bendruomen\u0117.<\/p>\n\n\n\n<p class=\"is-style-justify\">Baigus studijas Kauno kolegijos Alytaus fakultete suteikiamas <strong>profesinio bakalauro kvalifikacinis laipsnis<\/strong>. Studij\u0173 kokyb\u0119 u\u017etikrina Studij\u0173 kokyb\u0117s vertinimo centro teigiamai \u012fvertinta auk\u0161tosios mokyklos veikla.<\/p>\n\n\n\n<figure data-wp-context=\"{&quot;imageId&quot;:&quot;6a0582badd3d2&quot;}\" data-wp-interactive=\"core\/image\" data-wp-key=\"6a0582badd3d2\" class=\"wp-block-image aligncenter size-full is-resized wp-lightbox-container\"><img loading=\"lazy\" decoding=\"async\" width=\"1414\" height=\"2000\" data-wp-class--hide=\"state.isContentHidden\" data-wp-class--show=\"state.isContentVisible\" data-wp-init=\"callbacks.setButtonStyles\" data-wp-on--click=\"actions.showLightbox\" data-wp-on--load=\"callbacks.setButtonStyles\" data-wp-on-window--resize=\"callbacks.setButtonStyles\" src=\"https:\/\/kaunokolegija.lt\/alytus\/wp-content\/uploads\/sites\/17\/2026\/05\/atrask-studijas-ALYTUJEKauno-kolegija.visos_.jpg\" alt=\"\" class=\"wp-image-280015\" style=\"width:860px;height:auto\" srcset=\"https:\/\/kaunokolegija.lt\/alytus\/wp-content\/uploads\/sites\/17\/2026\/05\/atrask-studijas-ALYTUJEKauno-kolegija.visos_.jpg 1414w, https:\/\/kaunokolegija.lt\/alytus\/wp-content\/uploads\/sites\/17\/2026\/05\/atrask-studijas-ALYTUJEKauno-kolegija.visos_-212x300.jpg 212w, https:\/\/kaunokolegija.lt\/alytus\/wp-content\/uploads\/sites\/17\/2026\/05\/atrask-studijas-ALYTUJEKauno-kolegija.visos_-724x1024.jpg 724w, https:\/\/kaunokolegija.lt\/alytus\/wp-content\/uploads\/sites\/17\/2026\/05\/atrask-studijas-ALYTUJEKauno-kolegija.visos_-768x1086.jpg 768w, https:\/\/kaunokolegija.lt\/alytus\/wp-content\/uploads\/sites\/17\/2026\/05\/atrask-studijas-ALYTUJEKauno-kolegija.visos_-1086x1536.jpg 1086w\" sizes=\"auto, (max-width: 1414px) 100vw, 1414px\" \/><button\n\t\t\tclass=\"lightbox-trigger\"\n\t\t\ttype=\"button\"\n\t\t\taria-haspopup=\"dialog\"\n\t\t\taria-label=\"Padidinti\"\n\t\t\tdata-wp-init=\"callbacks.initTriggerButton\"\n\t\t\tdata-wp-on--click=\"actions.showLightbox\"\n\t\t\tdata-wp-style--right=\"state.imageButtonRight\"\n\t\t\tdata-wp-style--top=\"state.imageButtonTop\"\n\t\t>\n\t\t\t<svg xmlns=\"http:\/\/www.w3.org\/2000\/svg\" width=\"12\" height=\"12\" fill=\"none\" viewBox=\"0 0 12 12\">\n\t\t\t\t<path fill=\"#fff\" d=\"M2 0a2 2 0 0 0-2 2v2h1.5V2a.5.5 0 0 1 .5-.5h2V0H2Zm2 10.5H2a.5.5 0 0 1-.5-.5V8H0v2a2 2 0 0 0 2 2h2v-1.5ZM8 12v-1.5h2a.5.5 0 0 0 .5-.5V8H12v2a2 2 0 0 1-2 2H8Zm2-12a2 2 0 0 1 2 2v2h-1.5V2a.5.5 0 0 0-.5-.5H8V0h2Z\" \/>\n\t\t\t<\/svg>\n\t\t<\/button><\/figure>\n<\/div>\n<\/div>\n<\/div>\n<\/div>\n\n\n\n<figure class=\"wp-block-gallery has-nested-images columns-default is-cropped wp-block-gallery-1 is-layout-flex wp-block-gallery-is-layout-flex\">\n<figure class=\"wp-block-image size-large\"><a href=\"https:\/\/kaunokolegija.lt\/alytus\/wp-content\/uploads\/sites\/17\/2026\/05\/Reitingai.Kauno-kolegija.jpg\"><img loading=\"lazy\" decoding=\"async\" width=\"1024\" height=\"576\" data-id=\"280017\" src=\"https:\/\/kaunokolegija.lt\/alytus\/wp-content\/uploads\/sites\/17\/2026\/05\/Reitingai.Kauno-kolegija-1024x576.jpg\" alt=\"\" class=\"wp-image-280017\" srcset=\"https:\/\/kaunokolegija.lt\/alytus\/wp-content\/uploads\/sites\/17\/2026\/05\/Reitingai.Kauno-kolegija-1024x576.jpg 1024w, https:\/\/kaunokolegija.lt\/alytus\/wp-content\/uploads\/sites\/17\/2026\/05\/Reitingai.Kauno-kolegija-300x169.jpg 300w, https:\/\/kaunokolegija.lt\/alytus\/wp-content\/uploads\/sites\/17\/2026\/05\/Reitingai.Kauno-kolegija-768x432.jpg 768w, https:\/\/kaunokolegija.lt\/alytus\/wp-content\/uploads\/sites\/17\/2026\/05\/Reitingai.Kauno-kolegija-1536x864.jpg 1536w, https:\/\/kaunokolegija.lt\/alytus\/wp-content\/uploads\/sites\/17\/2026\/05\/Reitingai.Kauno-kolegija.jpg 1920w\" sizes=\"auto, (max-width: 1024px) 100vw, 1024px\" \/><\/a><\/figure>\n\n\n\n<figure class=\"wp-block-image size-large\"><a href=\"https:\/\/kaunokolegija.lt\/alytus\/wp-content\/uploads\/sites\/17\/2026\/05\/Atrask-STUDIJas-ALYTUJE-kauno-kolegijoje-2026.jpg\"><img loading=\"lazy\" decoding=\"async\" width=\"1024\" height=\"576\" data-id=\"280010\" src=\"https:\/\/kaunokolegija.lt\/alytus\/wp-content\/uploads\/sites\/17\/2026\/05\/Atrask-STUDIJas-ALYTUJE-kauno-kolegijoje-2026-1024x576.jpg\" alt=\"\" class=\"wp-image-280010\" srcset=\"https:\/\/kaunokolegija.lt\/alytus\/wp-content\/uploads\/sites\/17\/2026\/05\/Atrask-STUDIJas-ALYTUJE-kauno-kolegijoje-2026-1024x576.jpg 1024w, https:\/\/kaunokolegija.lt\/alytus\/wp-content\/uploads\/sites\/17\/2026\/05\/Atrask-STUDIJas-ALYTUJE-kauno-kolegijoje-2026-300x169.jpg 300w, https:\/\/kaunokolegija.lt\/alytus\/wp-content\/uploads\/sites\/17\/2026\/05\/Atrask-STUDIJas-ALYTUJE-kauno-kolegijoje-2026-768x432.jpg 768w, https:\/\/kaunokolegija.lt\/alytus\/wp-content\/uploads\/sites\/17\/2026\/05\/Atrask-STUDIJas-ALYTUJE-kauno-kolegijoje-2026-1536x864.jpg 1536w, https:\/\/kaunokolegija.lt\/alytus\/wp-content\/uploads\/sites\/17\/2026\/05\/Atrask-STUDIJas-ALYTUJE-kauno-kolegijoje-2026.jpg 1920w\" sizes=\"auto, (max-width: 1024px) 100vw, 1024px\" \/><\/a><\/figure>\n\n\n\n<figure class=\"wp-block-image size-large\"><a href=\"https:\/\/kaunokolegija.lt\/alytus\/wp-content\/uploads\/sites\/17\/2026\/05\/Atrask-STUDIJas-ALYTUJE-kauno-kolegijoje-2.jpg\"><img loading=\"lazy\" decoding=\"async\" width=\"1024\" height=\"576\" data-id=\"280011\" src=\"https:\/\/kaunokolegija.lt\/alytus\/wp-content\/uploads\/sites\/17\/2026\/05\/Atrask-STUDIJas-ALYTUJE-kauno-kolegijoje-2-1024x576.jpg\" alt=\"\" class=\"wp-image-280011\" srcset=\"https:\/\/kaunokolegija.lt\/alytus\/wp-content\/uploads\/sites\/17\/2026\/05\/Atrask-STUDIJas-ALYTUJE-kauno-kolegijoje-2-1024x576.jpg 1024w, https:\/\/kaunokolegija.lt\/alytus\/wp-content\/uploads\/sites\/17\/2026\/05\/Atrask-STUDIJas-ALYTUJE-kauno-kolegijoje-2-300x169.jpg 300w, https:\/\/kaunokolegija.lt\/alytus\/wp-content\/uploads\/sites\/17\/2026\/05\/Atrask-STUDIJas-ALYTUJE-kauno-kolegijoje-2-768x432.jpg 768w, https:\/\/kaunokolegija.lt\/alytus\/wp-content\/uploads\/sites\/17\/2026\/05\/Atrask-STUDIJas-ALYTUJE-kauno-kolegijoje-2-1536x864.jpg 1536w, https:\/\/kaunokolegija.lt\/alytus\/wp-content\/uploads\/sites\/17\/2026\/05\/Atrask-STUDIJas-ALYTUJE-kauno-kolegijoje-2.jpg 1920w\" sizes=\"auto, (max-width: 1024px) 100vw, 1024px\" \/><\/a><\/figure>\n<\/figure>\n\n\n\n<p><\/p>\n","protected":false},"excerpt":{"rendered":"<p>Kauno kolegijos Alytaus fakultetas \u2013 regionui reik\u0161mingas auk\u0161tosios mokyklos padalinys, u\u017etikrinantis auk\u0161tos kokyb\u0117s, \u012f praktik\u0105 orientuotas studijas Alytuje.&nbsp; Alytaus fakultete vykdomos paklausios profesinio bakalauro studij\u0173 programos apima sveikatos, socialinius, verslo ir vie\u0161osios&hellip;<\/p>\n","protected":false},"author":1,"featured_media":279876,"parent":0,"menu_order":0,"comment_status":"closed","ping_status":"closed","template":"","meta":{"footnotes":""},"class_list":["post-276069","page","type-page","status-publish","has-post-thumbnail","hentry"],"yoast_head":"<!-- This site is optimized with the Yoast SEO plugin v27.6 - https:\/\/yoast.com\/product\/yoast-seo-wordpress\/ -->\n<title>Studijos Alytuje \u2013 Kauno kolegijos Alytaus fakultetas<\/title>\n<meta name=\"description\" content=\"Kauno kolegijos Alytaus fakultetas si\u016blo profesinio bakalauro studijas Alytuje sveikatos, socialini\u0173, verslo, ugdymo, in\u017einerijos, informatikos ir technologij\u0173 srityse.\" \/>\n<meta name=\"robots\" content=\"index, follow, max-snippet:-1, max-image-preview:large, max-video-preview:-1\" \/>\n<link rel=\"canonical\" href=\"https:\/\/kaunokolegija.lt\/alytus\/apie-mus\/\" \/>\n<meta property=\"og:locale\" content=\"lt_LT\" \/>\n<meta property=\"og:type\" content=\"article\" \/>\n<meta property=\"og:title\" content=\"Studijos Alytuje \u2013 Kauno kolegijos Alytaus fakultetas\" \/>\n<meta property=\"og:description\" content=\"Kauno kolegijos Alytaus fakultetas si\u016blo profesinio bakalauro studijas Alytuje sveikatos, socialini\u0173, verslo, ugdymo, in\u017einerijos, informatikos ir technologij\u0173 srityse.\" \/>\n<meta property=\"og:url\" content=\"https:\/\/kaunokolegija.lt\/alytus\/apie-mus\/\" \/>\n<meta property=\"og:site_name\" content=\"Alytaus fakultetas\" \/>\n<meta property=\"article:publisher\" content=\"https:\/\/www.facebook.com\/Kauno.kolegija\/\" \/>\n<meta property=\"article:modified_time\" content=\"2026-05-13T12:16:44+00:00\" \/>\n<meta property=\"og:image\" content=\"https:\/\/kaunokolegija.lt\/alytus\/wp-content\/uploads\/sites\/17\/2026\/04\/ATRASK-SAVO-STUDIJAS-Alytuje-Kauno-kolegijos-Alytaus-fakultetas.2026.jpg\" \/>\n\t<meta property=\"og:image:width\" content=\"1640\" \/>\n\t<meta property=\"og:image:height\" content=\"924\" \/>\n\t<meta property=\"og:image:type\" content=\"image\/jpeg\" \/>\n<meta name=\"twitter:card\" content=\"summary_large_image\" \/>\n<meta name=\"twitter:label1\" content=\"Est. reading time\" \/>\n\t<meta name=\"twitter:data1\" content=\"3 minut\u0117s\" \/>\n<script type=\"application\/ld+json\" class=\"yoast-schema-graph\">{\"@context\":\"https:\\\/\\\/schema.org\",\"@graph\":[{\"@type\":\"WebPage\",\"@id\":\"https:\\\/\\\/kaunokolegija.lt\\\/alytus\\\/apie-mus\\\/\",\"url\":\"https:\\\/\\\/kaunokolegija.lt\\\/alytus\\\/apie-mus\\\/\",\"name\":\"Studijos Alytuje \u2013 Kauno kolegijos Alytaus fakultetas\",\"isPartOf\":{\"@id\":\"https:\\\/\\\/kaunokolegija.lt\\\/alytus\\\/#website\"},\"primaryImageOfPage\":{\"@id\":\"https:\\\/\\\/kaunokolegija.lt\\\/alytus\\\/apie-mus\\\/#primaryimage\"},\"image\":{\"@id\":\"https:\\\/\\\/kaunokolegija.lt\\\/alytus\\\/apie-mus\\\/#primaryimage\"},\"thumbnailUrl\":\"https:\\\/\\\/kaunokolegija.lt\\\/alytus\\\/wp-content\\\/uploads\\\/sites\\\/17\\\/2026\\\/04\\\/ATRASK-SAVO-STUDIJAS-Alytuje-Kauno-kolegijos-Alytaus-fakultetas.2026.jpg\",\"datePublished\":\"2026-04-26T02:27:00+00:00\",\"dateModified\":\"2026-05-13T12:16:44+00:00\",\"description\":\"Kauno kolegijos Alytaus fakultetas si\u016blo profesinio bakalauro studijas Alytuje sveikatos, socialini\u0173, verslo, ugdymo, in\u017einerijos, informatikos ir technologij\u0173 srityse.\",\"breadcrumb\":{\"@id\":\"https:\\\/\\\/kaunokolegija.lt\\\/alytus\\\/apie-mus\\\/#breadcrumb\"},\"inLanguage\":\"lt-LT\",\"potentialAction\":[{\"@type\":\"ReadAction\",\"target\":[\"https:\\\/\\\/kaunokolegija.lt\\\/alytus\\\/apie-mus\\\/\"]}]},{\"@type\":\"ImageObject\",\"inLanguage\":\"lt-LT\",\"@id\":\"https:\\\/\\\/kaunokolegija.lt\\\/alytus\\\/apie-mus\\\/#primaryimage\",\"url\":\"https:\\\/\\\/kaunokolegija.lt\\\/alytus\\\/wp-content\\\/uploads\\\/sites\\\/17\\\/2026\\\/04\\\/ATRASK-SAVO-STUDIJAS-Alytuje-Kauno-kolegijos-Alytaus-fakultetas.2026.jpg\",\"contentUrl\":\"https:\\\/\\\/kaunokolegija.lt\\\/alytus\\\/wp-content\\\/uploads\\\/sites\\\/17\\\/2026\\\/04\\\/ATRASK-SAVO-STUDIJAS-Alytuje-Kauno-kolegijos-Alytaus-fakultetas.2026.jpg\",\"width\":1640,\"height\":924},{\"@type\":\"BreadcrumbList\",\"@id\":\"https:\\\/\\\/kaunokolegija.lt\\\/alytus\\\/apie-mus\\\/#breadcrumb\",\"itemListElement\":[{\"@type\":\"ListItem\",\"position\":1,\"name\":\"Home\",\"item\":\"https:\\\/\\\/kaunokolegija.lt\\\/alytus\\\/\"},{\"@type\":\"ListItem\",\"position\":2,\"name\":\"Apie mus\"}]},{\"@type\":\"WebSite\",\"@id\":\"https:\\\/\\\/kaunokolegija.lt\\\/alytus\\\/#website\",\"url\":\"https:\\\/\\\/kaunokolegija.lt\\\/alytus\\\/\",\"name\":\"Alytaus fakultetas\",\"description\":\"Kauno kolegija\",\"publisher\":{\"@id\":\"https:\\\/\\\/kaunokolegija.lt\\\/alytus\\\/#organization\"},\"potentialAction\":[{\"@type\":\"SearchAction\",\"target\":{\"@type\":\"EntryPoint\",\"urlTemplate\":\"https:\\\/\\\/kaunokolegija.lt\\\/alytus\\\/?s={search_term_string}\"},\"query-input\":{\"@type\":\"PropertyValueSpecification\",\"valueRequired\":true,\"valueName\":\"search_term_string\"}}],\"inLanguage\":\"lt-LT\"},{\"@type\":\"Organization\",\"@id\":\"https:\\\/\\\/kaunokolegija.lt\\\/alytus\\\/#organization\",\"name\":\"Kauno kolegija\",\"url\":\"https:\\\/\\\/kaunokolegija.lt\\\/alytus\\\/\",\"logo\":{\"@type\":\"ImageObject\",\"inLanguage\":\"lt-LT\",\"@id\":\"https:\\\/\\\/kaunokolegija.lt\\\/alytus\\\/#\\\/schema\\\/logo\\\/image\\\/\",\"url\":\"https:\\\/\\\/kaunokolegija.lt\\\/alytus\\\/wp-content\\\/uploads\\\/sites\\\/17\\\/2026\\\/01\\\/cropped-KK_ALYTUS_COLOR.png\",\"contentUrl\":\"https:\\\/\\\/kaunokolegija.lt\\\/alytus\\\/wp-content\\\/uploads\\\/sites\\\/17\\\/2026\\\/01\\\/cropped-KK_ALYTUS_COLOR.png\",\"width\":2084,\"height\":2084,\"caption\":\"Kauno kolegija\"},\"image\":{\"@id\":\"https:\\\/\\\/kaunokolegija.lt\\\/alytus\\\/#\\\/schema\\\/logo\\\/image\\\/\"},\"sameAs\":[\"https:\\\/\\\/www.facebook.com\\\/Kauno.kolegija\\\/\"]}]}<\/script>\n<!-- \/ Yoast SEO plugin. -->","yoast_head_json":{"title":"Studijos Alytuje \u2013 Kauno kolegijos Alytaus fakultetas","description":"Kauno kolegijos Alytaus fakultetas si\u016blo profesinio bakalauro studijas Alytuje sveikatos, socialini\u0173, verslo, ugdymo, in\u017einerijos, informatikos ir technologij\u0173 srityse.","robots":{"index":"index","follow":"follow","max-snippet":"max-snippet:-1","max-image-preview":"max-image-preview:large","max-video-preview":"max-video-preview:-1"},"canonical":"https:\/\/kaunokolegija.lt\/alytus\/apie-mus\/","og_locale":"lt_LT","og_type":"article","og_title":"Studijos Alytuje \u2013 Kauno kolegijos Alytaus fakultetas","og_description":"Kauno kolegijos Alytaus fakultetas si\u016blo profesinio bakalauro studijas Alytuje sveikatos, socialini\u0173, verslo, ugdymo, in\u017einerijos, informatikos ir technologij\u0173 srityse.","og_url":"https:\/\/kaunokolegija.lt\/alytus\/apie-mus\/","og_site_name":"Alytaus fakultetas","article_publisher":"https:\/\/www.facebook.com\/Kauno.kolegija\/","article_modified_time":"2026-05-13T12:16:44+00:00","og_image":[{"width":1640,"height":924,"url":"https:\/\/kaunokolegija.lt\/alytus\/wp-content\/uploads\/sites\/17\/2026\/04\/ATRASK-SAVO-STUDIJAS-Alytuje-Kauno-kolegijos-Alytaus-fakultetas.2026.jpg","type":"image\/jpeg"}],"twitter_card":"summary_large_image","twitter_misc":{"Est. reading time":"3 minut\u0117s"},"schema":{"@context":"https:\/\/schema.org","@graph":[{"@type":"WebPage","@id":"https:\/\/kaunokolegija.lt\/alytus\/apie-mus\/","url":"https:\/\/kaunokolegija.lt\/alytus\/apie-mus\/","name":"Studijos Alytuje \u2013 Kauno kolegijos Alytaus fakultetas","isPartOf":{"@id":"https:\/\/kaunokolegija.lt\/alytus\/#website"},"primaryImageOfPage":{"@id":"https:\/\/kaunokolegija.lt\/alytus\/apie-mus\/#primaryimage"},"image":{"@id":"https:\/\/kaunokolegija.lt\/alytus\/apie-mus\/#primaryimage"},"thumbnailUrl":"https:\/\/kaunokolegija.lt\/alytus\/wp-content\/uploads\/sites\/17\/2026\/04\/ATRASK-SAVO-STUDIJAS-Alytuje-Kauno-kolegijos-Alytaus-fakultetas.2026.jpg","datePublished":"2026-04-26T02:27:00+00:00","dateModified":"2026-05-13T12:16:44+00:00","description":"Kauno kolegijos Alytaus fakultetas si\u016blo profesinio bakalauro studijas Alytuje sveikatos, socialini\u0173, verslo, ugdymo, in\u017einerijos, informatikos ir technologij\u0173 srityse.","breadcrumb":{"@id":"https:\/\/kaunokolegija.lt\/alytus\/apie-mus\/#breadcrumb"},"inLanguage":"lt-LT","potentialAction":[{"@type":"ReadAction","target":["https:\/\/kaunokolegija.lt\/alytus\/apie-mus\/"]}]},{"@type":"ImageObject","inLanguage":"lt-LT","@id":"https:\/\/kaunokolegija.lt\/alytus\/apie-mus\/#primaryimage","url":"https:\/\/kaunokolegija.lt\/alytus\/wp-content\/uploads\/sites\/17\/2026\/04\/ATRASK-SAVO-STUDIJAS-Alytuje-Kauno-kolegijos-Alytaus-fakultetas.2026.jpg","contentUrl":"https:\/\/kaunokolegija.lt\/alytus\/wp-content\/uploads\/sites\/17\/2026\/04\/ATRASK-SAVO-STUDIJAS-Alytuje-Kauno-kolegijos-Alytaus-fakultetas.2026.jpg","width":1640,"height":924},{"@type":"BreadcrumbList","@id":"https:\/\/kaunokolegija.lt\/alytus\/apie-mus\/#breadcrumb","itemListElement":[{"@type":"ListItem","position":1,"name":"Home","item":"https:\/\/kaunokolegija.lt\/alytus\/"},{"@type":"ListItem","position":2,"name":"Apie mus"}]},{"@type":"WebSite","@id":"https:\/\/kaunokolegija.lt\/alytus\/#website","url":"https:\/\/kaunokolegija.lt\/alytus\/","name":"Alytaus fakultetas","description":"Kauno kolegija","publisher":{"@id":"https:\/\/kaunokolegija.lt\/alytus\/#organization"},"potentialAction":[{"@type":"SearchAction","target":{"@type":"EntryPoint","urlTemplate":"https:\/\/kaunokolegija.lt\/alytus\/?s={search_term_string}"},"query-input":{"@type":"PropertyValueSpecification","valueRequired":true,"valueName":"search_term_string"}}],"inLanguage":"lt-LT"},{"@type":"Organization","@id":"https:\/\/kaunokolegija.lt\/alytus\/#organization","name":"Kauno kolegija","url":"https:\/\/kaunokolegija.lt\/alytus\/","logo":{"@type":"ImageObject","inLanguage":"lt-LT","@id":"https:\/\/kaunokolegija.lt\/alytus\/#\/schema\/logo\/image\/","url":"https:\/\/kaunokolegija.lt\/alytus\/wp-content\/uploads\/sites\/17\/2026\/01\/cropped-KK_ALYTUS_COLOR.png","contentUrl":"https:\/\/kaunokolegija.lt\/alytus\/wp-content\/uploads\/sites\/17\/2026\/01\/cropped-KK_ALYTUS_COLOR.png","width":2084,"height":2084,"caption":"Kauno kolegija"},"image":{"@id":"https:\/\/kaunokolegija.lt\/alytus\/#\/schema\/logo\/image\/"},"sameAs":["https:\/\/www.facebook.com\/Kauno.kolegija\/"]}]}},"_links":{"self":[{"href":"https:\/\/kaunokolegija.lt\/alytus\/wp-json\/wp\/v2\/pages\/276069","targetHints":{"allow":["GET"]}}],"collection":[{"href":"https:\/\/kaunokolegija.lt\/alytus\/wp-json\/wp\/v2\/pages"}],"about":[{"href":"https:\/\/kaunokolegija.lt\/alytus\/wp-json\/wp\/v2\/types\/page"}],"author":[{"embeddable":true,"href":"https:\/\/kaunokolegija.lt\/alytus\/wp-json\/wp\/v2\/users\/1"}],"replies":[{"embeddable":true,"href":"https:\/\/kaunokolegija.lt\/alytus\/wp-json\/wp\/v2\/comments?post=276069"}],"version-history":[{"count":19,"href":"https:\/\/kaunokolegija.lt\/alytus\/wp-json\/wp\/v2\/pages\/276069\/revisions"}],"predecessor-version":[{"id":280077,"href":"https:\/\/kaunokolegija.lt\/alytus\/wp-json\/wp\/v2\/pages\/276069\/revisions\/280077"}],"wp:featuredmedia":[{"embeddable":true,"href":"https:\/\/kaunokolegija.lt\/alytus\/wp-json\/wp\/v2\/media\/279876"}],"wp:attachment":[{"href":"https:\/\/kaunokolegija.lt\/alytus\/wp-json\/wp\/v2\/media?parent=276069"}],"curies":[{"name":"wp","href":"https:\/\/api.w.org\/{rel}","templated":true}]}}